{"id":105,"date":"2019-09-06T10:59:10","date_gmt":"2019-09-06T10:59:10","guid":{"rendered":"http:\/\/www.aesthetik-team-oldenburg.de\/?page_id=105"},"modified":"2025-02-21T09:11:31","modified_gmt":"2025-02-21T09:11:31","slug":"dr-med-mike-ruttermann","status":"publish","type":"page","link":"https:\/\/www.aesthetik-team-oldenburg.de\/index.php\/dr-med-mike-ruttermann\/","title":{"rendered":"Dr. med. Mike R\u00fcttermann"},"content":{"rendered":"<div class=\"wpb-content-wrapper\"><p>[vc_row section_type=&#8220;fullwidth&#8220; header_feature=&#8220;yes&#8220; footer_feature=&#8220;yes&#8220; equal_column_height=&#8220;middle-content&#8220;][vc_column width=&#8220;1\/2&#8243; tablet_width=&#8220;1&#8243; tablet_sm_width=&#8220;1&#8243; css=&#8220;.vc_custom_1547021358536{background-position: center !important;background-repeat: no-repeat !important;background-size: cover !important;}&#8220;]<div class=\"grve-element grve-image grve-align-center\" style=\"margin-bottom: 0px;\"><img loading=\"lazy\" decoding=\"async\" width=\"1200\" height=\"1684\" src=\"https:\/\/www.aesthetik-team-oldenburg.de\/wp-content\/uploads\/2025\/02\/HPCDr24-093.jpg\" class=\"grve-full-image attachment-full size-full\" alt=\"Dr. med. Mike R\u00fcttermann, Facharzt f\u00fcr Plastische und \u00c4sthetische Chirurgie, Handchirurg (Zusatzbezeichnung)\" srcset=\"https:\/\/www.aesthetik-team-oldenburg.de\/wp-content\/uploads\/2025\/02\/HPCDr24-093.jpg 1200w, https:\/\/www.aesthetik-team-oldenburg.de\/wp-content\/uploads\/2025\/02\/HPCDr24-093-214x300.jpg 214w, https:\/\/www.aesthetik-team-oldenburg.de\/wp-content\/uploads\/2025\/02\/HPCDr24-093-730x1024.jpg 730w, https:\/\/www.aesthetik-team-oldenburg.de\/wp-content\/uploads\/2025\/02\/HPCDr24-093-768x1078.jpg 768w, https:\/\/www.aesthetik-team-oldenburg.de\/wp-content\/uploads\/2025\/02\/HPCDr24-093-1095x1536.jpg 1095w\" sizes=\"auto, (max-width: 1200px) 100vw, 1200px\" \/><\/div>[\/vc_column][vc_column width=&#8220;1\/2&#8243; tablet_width=&#8220;1&#8243; tablet_sm_width=&#8220;1&#8243; css=&#8220;.vc_custom_1453801883257{padding-right: 5% !important;padding-left: 5% !important;}&#8220;][vc_empty_space]<div class=\"grve-element grve-slogan grve-align-left\" style=\"\"><h2 class=\"grve-slogan-title grve-align-left grve-h2\"><span>Dr. med. Mike R\u00fcttermann<\/span><\/h2><\/div>[vc_column_text css=&#8220;.vc_custom_1740129057842{margin-top: 30px !important;}&#8220;]Dr. med. Mike R\u00fcttermann ist als Plastischer Chirurg in der Universit\u00e4tsklinik Groningen t\u00e4tig. Auf \u00e4sthetischem Gebiet ist er spezialisiert auf die funktionelle und \u00e4sthetische Nasenchirurgie und plastische Gesichtschirurgie. Einer seiner klinischen Schwerpunkte ist die Chirurgie von Lippen-Kiefer-Gaumenspalten.<\/p>\n<p>Dr. R\u00fcttermann ist Mitglied in f\u00fchrenden nationalen und internationalen Fachgesellschaften und Reviewer f\u00fcr medizinische Fachzeitschriften. Er ist Editorial Board Mitglied und Mitherausgeber des &#8222;Journal of Handsurgery \u2013 European Volume&#8220;.<strong> In 2022 wurde er mit dem Focus-Empfehlungssiegel f\u00fcr Plastische und \u00c4sthetische Chirurgie ausgezeichnet.<\/strong><\/p>\n<p><strong>Mitgliedschaften:<\/strong><\/p>\n<ul>\n<li>Deutsche Gesellschaft der Plastischen, Rekonstruktiven und \u00c4sthetischen Chirurgen (DGPR\u00c4C)<\/li>\n<li>Deutsche Gesellschaft f\u00fcr Handchirurgie (DGH)<\/li>\n<li>Assoziiertes Mitglied in der \u201eDeutschen Gesellschaft f\u00fcr Chirurgie\u201c (DGCH)<\/li>\n<li>Niederl\u00e4ndische Vereinigung der Plastischen Chirurgen (NVPC)<\/li>\n<li>Niederl\u00e4ndische Vereinigung f\u00fcr Chirurgie von Lippen-Kiefer-Gaumenspalten und craniofacialen Abweichungen (NVSCA)<\/li>\n<li>Niederl\u00e4ndische Vereinigung f\u00fcr Handchirurgie (NVvH)<\/li>\n<li>International Confederation for Plastic, Reconstructive and Aesthetic Surgery (IPRAS)<\/li>\n<li>und weitere<\/li>\n<\/ul>\n<p>[\/vc_column_text][vc_row_inner][vc_column_inner width=&#8220;1\/3&#8243;]<div class=\"grve-element grve-image grve-align-center\" style=\"\"><a href=\"https:\/\/www.dgpraec.de\" target=\"_blank\" class=\" \"><img loading=\"lazy\" decoding=\"async\" width=\"150\" height=\"150\" src=\"https:\/\/www.aesthetik-team-oldenburg.de\/wp-content\/uploads\/2019\/09\/dgpraec.jpg\" class=\"attachment-medium size-medium\" alt=\"\" \/><\/a><\/div>[\/vc_column_inner][vc_column_inner width=&#8220;1\/3&#8243;]<div class=\"grve-element grve-image grve-align-center\" style=\"\"><a href=\"https:\/\/www.dg-h.de\" target=\"_blank\" class=\" \"><img loading=\"lazy\" decoding=\"async\" width=\"250\" height=\"132\" src=\"https:\/\/www.aesthetik-team-oldenburg.de\/wp-content\/uploads\/2019\/09\/DGH.png\" class=\"attachment-medium size-medium\" alt=\"\" \/><\/a><\/div>[\/vc_column_inner][vc_column_inner width=&#8220;1\/3&#8243;]<div class=\"grve-element grve-image grve-align-center\" style=\"\"><a href=\"https:\/\/www.dgch.de\/index.php?id=3\" target=\"_blank\" class=\" \"><img loading=\"lazy\" decoding=\"async\" width=\"120\" height=\"120\" src=\"https:\/\/www.aesthetik-team-oldenburg.de\/wp-content\/uploads\/2019\/09\/dgch_logo_120.png\" class=\"attachment-medium size-medium\" alt=\"\" \/><\/a><\/div>[\/vc_column_inner][\/vc_row_inner][\/vc_column][\/vc_row]<\/p>\n<\/div>","protected":false},"excerpt":{"rendered":"<p>[vc_row section_type=&#8220;fullwidth&#8220; header_feature=&#8220;yes&#8220; footer_feature=&#8220;yes&#8220; equal_column_height=&#8220;middle-content&#8220;][vc_column width=&#8220;1\/2&#8243; tablet_width=&#8220;1&#8243; tablet_sm_width=&#8220;1&#8243; css=&#8220;.vc_custom_1547021358536{background-position: center !important;background-repeat: no-repeat !important;background-size: cover !important;}&#8220;][\/vc_column][vc_column width=&#8220;1\/2&#8243; tablet_width=&#8220;1&#8243; tablet_sm_width=&#8220;1&#8243; css=&#8220;.vc_custom_1453801883257{padding-right: 5% !important;padding-left: 5% !important;}&#8220;][vc_empty_space][vc_column_text css=&#8220;.vc_custom_1740129057842{margin-top: 30px !important;}&#8220;]Dr. med. Mike R\u00fcttermann ist als Plastischer Chirurg in der Universit\u00e4tsklinik Groningen t\u00e4tig. Auf \u00e4sthetischem Gebiet ist er spezialisiert auf die funktionelle und \u00e4sthetische Nasenchirurgie und plastische Gesichtschirurgie. Einer seiner [&hellip;]<\/p>\n","protected":false},"author":1,"featured_media":0,"parent":0,"menu_order":0,"comment_status":"closed","ping_status":"closed","template":"","meta":{"footnotes":""},"class_list":["post-105","page","type-page","status-publish","hentry"],"yoast_head":"<!-- This site is optimized with the Yoast SEO plugin v27.4 - https:\/\/yoast.com\/product\/yoast-seo-wordpress\/ -->\n<title>Dr. med. Mike R\u00fcttermann - AESTHETIK TEAM OLDENBURG<\/title>\n<meta name=\"description\" content=\"Funktionelle und \u00e4sthetische Nasenchirurgie. Plastische Gesichtschirurgie. Chirurgie von Lippen-Kiefer-Gaumenspalten. Facharzt.\" \/>\n<meta name=\"robots\" content=\"index, follow, max-snippet:-1, max-image-preview:large, max-video-preview:-1\" \/>\n<link rel=\"canonical\" href=\"https:\/\/www.aesthetik-team-oldenburg.de\/index.php\/dr-med-mike-ruttermann\/\" \/>\n<meta property=\"og:locale\" content=\"de_DE\" \/>\n<meta property=\"og:type\" content=\"article\" \/>\n<meta property=\"og:title\" content=\"Dr. med. Mike R\u00fcttermann - AESTHETIK TEAM OLDENBURG\" \/>\n<meta property=\"og:description\" content=\"Funktionelle und \u00e4sthetische Nasenchirurgie. Plastische Gesichtschirurgie. Chirurgie von Lippen-Kiefer-Gaumenspalten. Facharzt.\" \/>\n<meta property=\"og:url\" content=\"https:\/\/www.aesthetik-team-oldenburg.de\/index.php\/dr-med-mike-ruttermann\/\" \/>\n<meta property=\"og:site_name\" content=\"AESTHETIK TEAM OLDENBURG\" \/>\n<meta property=\"article:modified_time\" content=\"2025-02-21T09:11:31+00:00\" \/>\n<meta name=\"twitter:card\" content=\"summary_large_image\" \/>\n<meta name=\"twitter:label1\" content=\"Gesch\u00e4tzte Lesezeit\" \/>\n\t<meta name=\"twitter:data1\" content=\"2\u00a0Minuten\" \/>\n<script type=\"application\/ld+json\" class=\"yoast-schema-graph\">{\"@context\":\"https:\\\/\\\/schema.org\",\"@graph\":[{\"@type\":\"WebPage\",\"@id\":\"https:\\\/\\\/www.aesthetik-team-oldenburg.de\\\/index.php\\\/dr-med-mike-ruttermann\\\/\",\"url\":\"https:\\\/\\\/www.aesthetik-team-oldenburg.de\\\/index.php\\\/dr-med-mike-ruttermann\\\/\",\"name\":\"Dr. med. Mike R\u00fcttermann - AESTHETIK TEAM OLDENBURG\",\"isPartOf\":{\"@id\":\"https:\\\/\\\/www.aesthetik-team-oldenburg.de\\\/#website\"},\"datePublished\":\"2019-09-06T10:59:10+00:00\",\"dateModified\":\"2025-02-21T09:11:31+00:00\",\"description\":\"Funktionelle und \u00e4sthetische Nasenchirurgie. Plastische Gesichtschirurgie. Chirurgie von Lippen-Kiefer-Gaumenspalten. Facharzt.\",\"breadcrumb\":{\"@id\":\"https:\\\/\\\/www.aesthetik-team-oldenburg.de\\\/index.php\\\/dr-med-mike-ruttermann\\\/#breadcrumb\"},\"inLanguage\":\"de\",\"potentialAction\":[{\"@type\":\"ReadAction\",\"target\":[\"https:\\\/\\\/www.aesthetik-team-oldenburg.de\\\/index.php\\\/dr-med-mike-ruttermann\\\/\"]}]},{\"@type\":\"BreadcrumbList\",\"@id\":\"https:\\\/\\\/www.aesthetik-team-oldenburg.de\\\/index.php\\\/dr-med-mike-ruttermann\\\/#breadcrumb\",\"itemListElement\":[{\"@type\":\"ListItem\",\"position\":1,\"name\":\"Home\",\"item\":\"https:\\\/\\\/www.aesthetik-team-oldenburg.de\\\/\"},{\"@type\":\"ListItem\",\"position\":2,\"name\":\"Dr. med. Mike R\u00fcttermann\"}]},{\"@type\":\"WebSite\",\"@id\":\"https:\\\/\\\/www.aesthetik-team-oldenburg.de\\\/#website\",\"url\":\"https:\\\/\\\/www.aesthetik-team-oldenburg.de\\\/\",\"name\":\"AESTHETIK TEAM OLDENBURG\",\"description\":\"\u00c4STHETISCHE CHIRURIGE\",\"potentialAction\":[{\"@type\":\"SearchAction\",\"target\":{\"@type\":\"EntryPoint\",\"urlTemplate\":\"https:\\\/\\\/www.aesthetik-team-oldenburg.de\\\/?s={search_term_string}\"},\"query-input\":{\"@type\":\"PropertyValueSpecification\",\"valueRequired\":true,\"valueName\":\"search_term_string\"}}],\"inLanguage\":\"de\"}]}<\/script>\n<!-- \/ Yoast SEO plugin. -->","yoast_head_json":{"title":"Dr. med. Mike R\u00fcttermann - AESTHETIK TEAM OLDENBURG","description":"Funktionelle und \u00e4sthetische Nasenchirurgie. Plastische Gesichtschirurgie. Chirurgie von Lippen-Kiefer-Gaumenspalten. Facharzt.","robots":{"index":"index","follow":"follow","max-snippet":"max-snippet:-1","max-image-preview":"max-image-preview:large","max-video-preview":"max-video-preview:-1"},"canonical":"https:\/\/www.aesthetik-team-oldenburg.de\/index.php\/dr-med-mike-ruttermann\/","og_locale":"de_DE","og_type":"article","og_title":"Dr. med. Mike R\u00fcttermann - AESTHETIK TEAM OLDENBURG","og_description":"Funktionelle und \u00e4sthetische Nasenchirurgie. Plastische Gesichtschirurgie. Chirurgie von Lippen-Kiefer-Gaumenspalten. Facharzt.","og_url":"https:\/\/www.aesthetik-team-oldenburg.de\/index.php\/dr-med-mike-ruttermann\/","og_site_name":"AESTHETIK TEAM OLDENBURG","article_modified_time":"2025-02-21T09:11:31+00:00","twitter_card":"summary_large_image","twitter_misc":{"Gesch\u00e4tzte Lesezeit":"2\u00a0Minuten"},"schema":{"@context":"https:\/\/schema.org","@graph":[{"@type":"WebPage","@id":"https:\/\/www.aesthetik-team-oldenburg.de\/index.php\/dr-med-mike-ruttermann\/","url":"https:\/\/www.aesthetik-team-oldenburg.de\/index.php\/dr-med-mike-ruttermann\/","name":"Dr. med. Mike R\u00fcttermann - AESTHETIK TEAM OLDENBURG","isPartOf":{"@id":"https:\/\/www.aesthetik-team-oldenburg.de\/#website"},"datePublished":"2019-09-06T10:59:10+00:00","dateModified":"2025-02-21T09:11:31+00:00","description":"Funktionelle und \u00e4sthetische Nasenchirurgie. Plastische Gesichtschirurgie. Chirurgie von Lippen-Kiefer-Gaumenspalten. Facharzt.","breadcrumb":{"@id":"https:\/\/www.aesthetik-team-oldenburg.de\/index.php\/dr-med-mike-ruttermann\/#breadcrumb"},"inLanguage":"de","potentialAction":[{"@type":"ReadAction","target":["https:\/\/www.aesthetik-team-oldenburg.de\/index.php\/dr-med-mike-ruttermann\/"]}]},{"@type":"BreadcrumbList","@id":"https:\/\/www.aesthetik-team-oldenburg.de\/index.php\/dr-med-mike-ruttermann\/#breadcrumb","itemListElement":[{"@type":"ListItem","position":1,"name":"Home","item":"https:\/\/www.aesthetik-team-oldenburg.de\/"},{"@type":"ListItem","position":2,"name":"Dr. med. Mike R\u00fcttermann"}]},{"@type":"WebSite","@id":"https:\/\/www.aesthetik-team-oldenburg.de\/#website","url":"https:\/\/www.aesthetik-team-oldenburg.de\/","name":"AESTHETIK TEAM OLDENBURG","description":"\u00c4STHETISCHE CHIRURIGE","potentialAction":[{"@type":"SearchAction","target":{"@type":"EntryPoint","urlTemplate":"https:\/\/www.aesthetik-team-oldenburg.de\/?s={search_term_string}"},"query-input":{"@type":"PropertyValueSpecification","valueRequired":true,"valueName":"search_term_string"}}],"inLanguage":"de"}]}},"_links":{"self":[{"href":"https:\/\/www.aesthetik-team-oldenburg.de\/index.php\/wp-json\/wp\/v2\/pages\/105","targetHints":{"allow":["GET"]}}],"collection":[{"href":"https:\/\/www.aesthetik-team-oldenburg.de\/index.php\/wp-json\/wp\/v2\/pages"}],"about":[{"href":"https:\/\/www.aesthetik-team-oldenburg.de\/index.php\/wp-json\/wp\/v2\/types\/page"}],"author":[{"embeddable":true,"href":"https:\/\/www.aesthetik-team-oldenburg.de\/index.php\/wp-json\/wp\/v2\/users\/1"}],"replies":[{"embeddable":true,"href":"https:\/\/www.aesthetik-team-oldenburg.de\/index.php\/wp-json\/wp\/v2\/comments?post=105"}],"version-history":[{"count":6,"href":"https:\/\/www.aesthetik-team-oldenburg.de\/index.php\/wp-json\/wp\/v2\/pages\/105\/revisions"}],"predecessor-version":[{"id":730,"href":"https:\/\/www.aesthetik-team-oldenburg.de\/index.php\/wp-json\/wp\/v2\/pages\/105\/revisions\/730"}],"wp:attachment":[{"href":"https:\/\/www.aesthetik-team-oldenburg.de\/index.php\/wp-json\/wp\/v2\/media?parent=105"}],"curies":[{"name":"wp","href":"https:\/\/api.w.org\/{rel}","templated":true}]}}