{"id":108,"date":"2019-09-06T11:01:15","date_gmt":"2019-09-06T11:01:15","guid":{"rendered":"http:\/\/www.aesthetik-team-oldenburg.de\/?page_id=108"},"modified":"2025-07-14T15:05:30","modified_gmt":"2025-07-14T15:05:30","slug":"dr-med-andreas-settje","status":"publish","type":"page","link":"https:\/\/www.aesthetik-team-oldenburg.de\/index.php\/dr-med-andreas-settje\/","title":{"rendered":"Dr. med. Andreas Settje"},"content":{"rendered":"<div class=\"wpb-content-wrapper\"><p>[vc_row section_type=&#8220;fullwidth&#8220; header_feature=&#8220;yes&#8220; footer_feature=&#8220;yes&#8220; equal_column_height=&#8220;middle-content&#8220; mobile_visibility=&#8220;hide&#8220;][vc_column width=&#8220;1\/2&#8243; tablet_width=&#8220;1&#8243; tablet_sm_width=&#8220;1&#8243; css=&#8220;.vc_custom_1453801883257{padding-right: 5% !important;padding-left: 5% !important;}&#8220;][vc_empty_space height=&#8220;10&#8243;]<div class=\"grve-element grve-slogan grve-align-left\" style=\"\"><h2 class=\"grve-slogan-title grve-align-left grve-h2\"><span>Dr. med. Andreas Settje<\/span><\/h2><\/div>[vc_column_text css=&#8220;&#8220;]Dr. med. Andreas Settje ist Allgemeinchirurg und Facharzt f\u00fcr Plastische und \u00c4sthetische Chirurgie sowie Handchirurgie. Er ist ein gefragter Spezialist f\u00fcr \u00c4sthetische Chirurgie, Mikrochirurgie, sowie Hand- und Verbrennungschirurgie. <strong>2018 wurde Dr. Settje mit dem FOCUS Empfehlungssiegel f\u00fcr Plastische und \u00c4sthetische Chirurgie ausgezeichnet.<\/strong><\/p>\n<p><strong>Mitgliedschaften:<\/strong><\/p>\n<ul>\n<li>Mitglied in der Deutschen Gesellschaft f\u00fcr Plastische und \u00c4sthetische Chirurgie (DGPR\u00c4C)<\/li>\n<li>Mitglied in der Deutschen Gesellschaft f\u00fcr Handchirurgie (DGH)<\/li>\n<li>Mitglieder in der Gesellschaft f\u00fcr Fu\u00dfchirurgie<\/li>\n<\/ul>\n<p><strong>Info:<\/strong> Von 1999 bis 2008 war Dr. Settje als Entwicklungshelfer in Nepal t\u00e4tig und baute dort ein kleines Hospital f\u00fcr Plastische und Wiederherstellende Chirurgie zu einer gro\u00dfen Spezialklinik mit drei OPs und 50 Betten auf, in der heutzutage fast 2000 Operationen pro Jahr durchgef\u00fchrt und eine Vielzahl einheimischer Schwestern und \u00c4rzte ausgebildet werden. Sein aktuelles Engagement ist aufrufbar unter <a href=\"http:\/\/www.manmayamed.de\" target=\"_blank\" rel=\"noopener noreferrer\">www.manmayamed.de<\/a>[\/vc_column_text][vc_row_inner][vc_column_inner width=&#8220;1\/3&#8243;]<div class=\"grve-element grve-image grve-align-center\" style=\"\"><a href=\"https:\/\/www.dgpraec.de\" target=\"_blank\" class=\" \"><img loading=\"lazy\" decoding=\"async\" width=\"150\" height=\"150\" src=\"https:\/\/www.aesthetik-team-oldenburg.de\/wp-content\/uploads\/2019\/09\/dgpraec.jpg\" class=\"attachment-medium size-medium\" alt=\"\" \/><\/a><\/div>[\/vc_column_inner][vc_column_inner width=&#8220;1\/3&#8243;]<div class=\"grve-element grve-image grve-align-center\" style=\"\"><a href=\"https:\/\/www.dg-h.de\" target=\"_blank\" class=\" \"><img loading=\"lazy\" decoding=\"async\" width=\"250\" height=\"132\" src=\"https:\/\/www.aesthetik-team-oldenburg.de\/wp-content\/uploads\/2019\/09\/DGH.png\" class=\"attachment-medium size-medium\" alt=\"\" \/><\/a><\/div>[\/vc_column_inner][vc_column_inner width=&#8220;1\/3&#8243;][\/vc_column_inner][\/vc_row_inner][vc_empty_space height=&#8220;10&#8243;][\/vc_column][vc_column width=&#8220;1\/2&#8243; tablet_width=&#8220;1&#8243; tablet_sm_width=&#8220;1&#8243; css=&#8220;.vc_custom_1547021358536{background-position: center !important;background-repeat: no-repeat !important;background-size: cover !important;}&#8220;]<div class=\"grve-element grve-image grve-align-center\" style=\"margin-bottom: 0px;\"><img loading=\"lazy\" decoding=\"async\" width=\"803\" height=\"803\" src=\"https:\/\/www.aesthetik-team-oldenburg.de\/wp-content\/uploads\/2025\/02\/Quadrat-1.jpg\" class=\"grve-full-image attachment-full size-full\" alt=\"Dr. Andreas Settje, Facharzt f\u00fcr Plastische und \u00c4sthetische Chirurgie, Handchirurg (Zusatzbezeichnung)\" srcset=\"https:\/\/www.aesthetik-team-oldenburg.de\/wp-content\/uploads\/2025\/02\/Quadrat-1.jpg 803w, https:\/\/www.aesthetik-team-oldenburg.de\/wp-content\/uploads\/2025\/02\/Quadrat-1-300x300.jpg 300w, https:\/\/www.aesthetik-team-oldenburg.de\/wp-content\/uploads\/2025\/02\/Quadrat-1-150x150.jpg 150w, https:\/\/www.aesthetik-team-oldenburg.de\/wp-content\/uploads\/2025\/02\/Quadrat-1-768x768.jpg 768w, https:\/\/www.aesthetik-team-oldenburg.de\/wp-content\/uploads\/2025\/02\/Quadrat-1-600x600.jpg 600w\" sizes=\"auto, (max-width: 803px) 100vw, 803px\" \/><\/div>[\/vc_column][\/vc_row][vc_row section_type=&#8220;fullwidth&#8220; header_feature=&#8220;yes&#8220; footer_feature=&#8220;yes&#8220; equal_column_height=&#8220;middle-content&#8220; desktop_visibility=&#8220;hide&#8220;][vc_column width=&#8220;1\/2&#8243; tablet_width=&#8220;1&#8243; tablet_sm_width=&#8220;1&#8243; css=&#8220;.vc_custom_1547021358536{background-position: center !important;background-repeat: no-repeat !important;background-size: cover !important;}&#8220;]<div class=\"grve-element grve-image grve-align-center\" style=\"margin-bottom: 0px;\"><img loading=\"lazy\" decoding=\"async\" width=\"803\" height=\"803\" src=\"https:\/\/www.aesthetik-team-oldenburg.de\/wp-content\/uploads\/2025\/02\/Quadrat-1.jpg\" class=\"grve-full-image attachment-full size-full\" alt=\"Dr. Andreas Settje, Facharzt f\u00fcr Plastische und \u00c4sthetische Chirurgie, Handchirurg (Zusatzbezeichnung)\" srcset=\"https:\/\/www.aesthetik-team-oldenburg.de\/wp-content\/uploads\/2025\/02\/Quadrat-1.jpg 803w, https:\/\/www.aesthetik-team-oldenburg.de\/wp-content\/uploads\/2025\/02\/Quadrat-1-300x300.jpg 300w, https:\/\/www.aesthetik-team-oldenburg.de\/wp-content\/uploads\/2025\/02\/Quadrat-1-150x150.jpg 150w, https:\/\/www.aesthetik-team-oldenburg.de\/wp-content\/uploads\/2025\/02\/Quadrat-1-768x768.jpg 768w, https:\/\/www.aesthetik-team-oldenburg.de\/wp-content\/uploads\/2025\/02\/Quadrat-1-600x600.jpg 600w\" sizes=\"auto, (max-width: 803px) 100vw, 803px\" \/><\/div>[\/vc_column][vc_column width=&#8220;1\/2&#8243; tablet_width=&#8220;1&#8243; tablet_sm_width=&#8220;1&#8243; css=&#8220;.vc_custom_1453801883257{padding-right: 5% !important;padding-left: 5% !important;}&#8220;][vc_empty_space height=&#8220;30&#8243;]<div class=\"grve-element grve-slogan grve-align-left\" style=\"\"><h2 class=\"grve-slogan-title grve-align-left grve-h2\"><span>Dr. med. Andreas Settje<\/span><\/h2><\/div>[vc_column_text]Dr. med. Andreas Settje ist Allgemeinchirurg und Facharzt f\u00fcr Plastische und \u00c4sthetische Chirurgie sowie Handchirurgie. Er ist ein gefragter Spezialist f\u00fcr \u00c4sthetische Chirurgie, insbesondere f\u00fcr Nasenkorrekturen (Rhinoplastik), Mikrochirurgie, sowie Hand- und Verbrennungschirurgie. <strong>2018 wurde Dr. Settje mit dem FOCUS Empfehlungssiegel f\u00fcr Plastische und \u00c4sthetische Chirurgie ausgezeichnet.<\/strong><\/p>\n<p><strong>Mitgliedschaften:<\/strong><\/p>\n<ul>\n<li>Mitglied in der Deutschen Gesellschaft f\u00fcr Plastische und \u00c4sthetische Chirurgie (DGPR\u00c4C)<\/li>\n<li>Mitglied in der Deutschen Gesellschaft f\u00fcr Handchirurgie (DGH)<\/li>\n<li>Mitglieder in der Gesellschaft f\u00fcr Fu\u00dfchirurgie<\/li>\n<\/ul>\n<p><strong>Info:<\/strong> Von 1999 bis 2008 war Dr. Settje als Entwicklungshelfer in Nepal t\u00e4tig und baute dort ein kleines Hospital f\u00fcr Plastische und Wiederherstellende Chirurgie zu einer gro\u00dfen Spezialklinik mit drei OPs und 50 Betten auf, in der heutzutage fast 2000 Operationen pro Jahr durchgef\u00fchrt und eine Vielzahl einheimischer Schwestern und \u00c4rzte ausgebildet werden. Sein aktuelles Engagement ist aufrufbar unter <a href=\"http:\/\/www.manmayamed.de\" target=\"_blank\" rel=\"noopener noreferrer\">www.manmayamed.de<\/a>[\/vc_column_text][vc_row_inner][vc_column_inner width=&#8220;1\/3&#8243;]<div class=\"grve-element grve-image grve-align-center\" style=\"\"><a href=\"https:\/\/www.dgpraec.de\" target=\"_blank\" class=\" \"><img loading=\"lazy\" decoding=\"async\" width=\"150\" height=\"150\" src=\"https:\/\/www.aesthetik-team-oldenburg.de\/wp-content\/uploads\/2019\/09\/dgpraec.jpg\" class=\"attachment-medium size-medium\" alt=\"\" \/><\/a><\/div>[\/vc_column_inner][vc_column_inner width=&#8220;1\/3&#8243;]<div class=\"grve-element grve-image grve-align-center\" style=\"\"><a href=\"https:\/\/www.dg-h.de\" target=\"_blank\" class=\" \"><img loading=\"lazy\" decoding=\"async\" width=\"250\" height=\"132\" src=\"https:\/\/www.aesthetik-team-oldenburg.de\/wp-content\/uploads\/2019\/09\/DGH.png\" class=\"attachment-medium size-medium\" alt=\"\" \/><\/a><\/div>[\/vc_column_inner][vc_column_inner width=&#8220;1\/3&#8243;][\/vc_column_inner][\/vc_row_inner][vc_empty_space height=&#8220;10&#8243;][\/vc_column][\/vc_row]<\/p>\n<\/div>","protected":false},"excerpt":{"rendered":"<p>[vc_row section_type=&#8220;fullwidth&#8220; header_feature=&#8220;yes&#8220; footer_feature=&#8220;yes&#8220; equal_column_height=&#8220;middle-content&#8220; mobile_visibility=&#8220;hide&#8220;][vc_column width=&#8220;1\/2&#8243; tablet_width=&#8220;1&#8243; tablet_sm_width=&#8220;1&#8243; css=&#8220;.vc_custom_1453801883257{padding-right: 5% !important;padding-left: 5% !important;}&#8220;][vc_empty_space height=&#8220;10&#8243;][vc_column_text css=&#8220;&#8220;]Dr. med. Andreas Settje ist Allgemeinchirurg und Facharzt f\u00fcr Plastische und \u00c4sthetische Chirurgie sowie Handchirurgie. Er ist ein gefragter Spezialist f\u00fcr \u00c4sthetische Chirurgie, Mikrochirurgie, sowie Hand- und Verbrennungschirurgie. 2018 wurde Dr. Settje mit dem FOCUS Empfehlungssiegel f\u00fcr Plastische und \u00c4sthetische [&hellip;]<\/p>\n","protected":false},"author":1,"featured_media":0,"parent":0,"menu_order":0,"comment_status":"closed","ping_status":"closed","template":"","meta":{"footnotes":""},"class_list":["post-108","page","type-page","status-publish","hentry"],"yoast_head":"<!-- This site is optimized with the Yoast SEO plugin v27.4 - https:\/\/yoast.com\/product\/yoast-seo-wordpress\/ -->\n<title>Dr. med. Andreas Settje - AESTHETIK TEAM OLDENBURG<\/title>\n<meta name=\"description\" content=\"Chirurg. Facharzt f\u00fcr Plastische und \u00c4sthetische Chirurgie sowie Handchirurgie in Oldenburg. Nasenkorrekturen. Mikrochirurgie.\" \/>\n<meta name=\"robots\" content=\"index, follow, max-snippet:-1, max-image-preview:large, max-video-preview:-1\" \/>\n<link rel=\"canonical\" href=\"https:\/\/www.aesthetik-team-oldenburg.de\/index.php\/dr-med-andreas-settje\/\" \/>\n<meta property=\"og:locale\" content=\"de_DE\" \/>\n<meta property=\"og:type\" content=\"article\" \/>\n<meta property=\"og:title\" content=\"Dr. med. Andreas Settje - AESTHETIK TEAM OLDENBURG\" \/>\n<meta property=\"og:description\" content=\"Chirurg. Facharzt f\u00fcr Plastische und \u00c4sthetische Chirurgie sowie Handchirurgie in Oldenburg. Nasenkorrekturen. Mikrochirurgie.\" \/>\n<meta property=\"og:url\" content=\"https:\/\/www.aesthetik-team-oldenburg.de\/index.php\/dr-med-andreas-settje\/\" \/>\n<meta property=\"og:site_name\" content=\"AESTHETIK TEAM OLDENBURG\" \/>\n<meta property=\"article:modified_time\" content=\"2025-07-14T15:05:30+00:00\" \/>\n<meta name=\"twitter:card\" content=\"summary_large_image\" \/>\n<meta name=\"twitter:label1\" content=\"Gesch\u00e4tzte Lesezeit\" \/>\n\t<meta name=\"twitter:data1\" content=\"3\u00a0Minuten\" \/>\n<script type=\"application\/ld+json\" class=\"yoast-schema-graph\">{\"@context\":\"https:\\\/\\\/schema.org\",\"@graph\":[{\"@type\":\"WebPage\",\"@id\":\"https:\\\/\\\/www.aesthetik-team-oldenburg.de\\\/index.php\\\/dr-med-andreas-settje\\\/\",\"url\":\"https:\\\/\\\/www.aesthetik-team-oldenburg.de\\\/index.php\\\/dr-med-andreas-settje\\\/\",\"name\":\"Dr. med. Andreas Settje - AESTHETIK TEAM OLDENBURG\",\"isPartOf\":{\"@id\":\"https:\\\/\\\/www.aesthetik-team-oldenburg.de\\\/#website\"},\"datePublished\":\"2019-09-06T11:01:15+00:00\",\"dateModified\":\"2025-07-14T15:05:30+00:00\",\"description\":\"Chirurg. Facharzt f\u00fcr Plastische und \u00c4sthetische Chirurgie sowie Handchirurgie in Oldenburg. Nasenkorrekturen. Mikrochirurgie.\",\"breadcrumb\":{\"@id\":\"https:\\\/\\\/www.aesthetik-team-oldenburg.de\\\/index.php\\\/dr-med-andreas-settje\\\/#breadcrumb\"},\"inLanguage\":\"de\",\"potentialAction\":[{\"@type\":\"ReadAction\",\"target\":[\"https:\\\/\\\/www.aesthetik-team-oldenburg.de\\\/index.php\\\/dr-med-andreas-settje\\\/\"]}]},{\"@type\":\"BreadcrumbList\",\"@id\":\"https:\\\/\\\/www.aesthetik-team-oldenburg.de\\\/index.php\\\/dr-med-andreas-settje\\\/#breadcrumb\",\"itemListElement\":[{\"@type\":\"ListItem\",\"position\":1,\"name\":\"Home\",\"item\":\"https:\\\/\\\/www.aesthetik-team-oldenburg.de\\\/\"},{\"@type\":\"ListItem\",\"position\":2,\"name\":\"Dr. med. Andreas Settje\"}]},{\"@type\":\"WebSite\",\"@id\":\"https:\\\/\\\/www.aesthetik-team-oldenburg.de\\\/#website\",\"url\":\"https:\\\/\\\/www.aesthetik-team-oldenburg.de\\\/\",\"name\":\"AESTHETIK TEAM OLDENBURG\",\"description\":\"\u00c4STHETISCHE CHIRURIGE\",\"potentialAction\":[{\"@type\":\"SearchAction\",\"target\":{\"@type\":\"EntryPoint\",\"urlTemplate\":\"https:\\\/\\\/www.aesthetik-team-oldenburg.de\\\/?s={search_term_string}\"},\"query-input\":{\"@type\":\"PropertyValueSpecification\",\"valueRequired\":true,\"valueName\":\"search_term_string\"}}],\"inLanguage\":\"de\"}]}<\/script>\n<!-- \/ Yoast SEO plugin. -->","yoast_head_json":{"title":"Dr. med. Andreas Settje - AESTHETIK TEAM OLDENBURG","description":"Chirurg. Facharzt f\u00fcr Plastische und \u00c4sthetische Chirurgie sowie Handchirurgie in Oldenburg. Nasenkorrekturen. Mikrochirurgie.","robots":{"index":"index","follow":"follow","max-snippet":"max-snippet:-1","max-image-preview":"max-image-preview:large","max-video-preview":"max-video-preview:-1"},"canonical":"https:\/\/www.aesthetik-team-oldenburg.de\/index.php\/dr-med-andreas-settje\/","og_locale":"de_DE","og_type":"article","og_title":"Dr. med. Andreas Settje - AESTHETIK TEAM OLDENBURG","og_description":"Chirurg. Facharzt f\u00fcr Plastische und \u00c4sthetische Chirurgie sowie Handchirurgie in Oldenburg. Nasenkorrekturen. Mikrochirurgie.","og_url":"https:\/\/www.aesthetik-team-oldenburg.de\/index.php\/dr-med-andreas-settje\/","og_site_name":"AESTHETIK TEAM OLDENBURG","article_modified_time":"2025-07-14T15:05:30+00:00","twitter_card":"summary_large_image","twitter_misc":{"Gesch\u00e4tzte Lesezeit":"3\u00a0Minuten"},"schema":{"@context":"https:\/\/schema.org","@graph":[{"@type":"WebPage","@id":"https:\/\/www.aesthetik-team-oldenburg.de\/index.php\/dr-med-andreas-settje\/","url":"https:\/\/www.aesthetik-team-oldenburg.de\/index.php\/dr-med-andreas-settje\/","name":"Dr. med. Andreas Settje - AESTHETIK TEAM OLDENBURG","isPartOf":{"@id":"https:\/\/www.aesthetik-team-oldenburg.de\/#website"},"datePublished":"2019-09-06T11:01:15+00:00","dateModified":"2025-07-14T15:05:30+00:00","description":"Chirurg. Facharzt f\u00fcr Plastische und \u00c4sthetische Chirurgie sowie Handchirurgie in Oldenburg. Nasenkorrekturen. Mikrochirurgie.","breadcrumb":{"@id":"https:\/\/www.aesthetik-team-oldenburg.de\/index.php\/dr-med-andreas-settje\/#breadcrumb"},"inLanguage":"de","potentialAction":[{"@type":"ReadAction","target":["https:\/\/www.aesthetik-team-oldenburg.de\/index.php\/dr-med-andreas-settje\/"]}]},{"@type":"BreadcrumbList","@id":"https:\/\/www.aesthetik-team-oldenburg.de\/index.php\/dr-med-andreas-settje\/#breadcrumb","itemListElement":[{"@type":"ListItem","position":1,"name":"Home","item":"https:\/\/www.aesthetik-team-oldenburg.de\/"},{"@type":"ListItem","position":2,"name":"Dr. med. Andreas Settje"}]},{"@type":"WebSite","@id":"https:\/\/www.aesthetik-team-oldenburg.de\/#website","url":"https:\/\/www.aesthetik-team-oldenburg.de\/","name":"AESTHETIK TEAM OLDENBURG","description":"\u00c4STHETISCHE CHIRURIGE","potentialAction":[{"@type":"SearchAction","target":{"@type":"EntryPoint","urlTemplate":"https:\/\/www.aesthetik-team-oldenburg.de\/?s={search_term_string}"},"query-input":{"@type":"PropertyValueSpecification","valueRequired":true,"valueName":"search_term_string"}}],"inLanguage":"de"}]}},"_links":{"self":[{"href":"https:\/\/www.aesthetik-team-oldenburg.de\/index.php\/wp-json\/wp\/v2\/pages\/108","targetHints":{"allow":["GET"]}}],"collection":[{"href":"https:\/\/www.aesthetik-team-oldenburg.de\/index.php\/wp-json\/wp\/v2\/pages"}],"about":[{"href":"https:\/\/www.aesthetik-team-oldenburg.de\/index.php\/wp-json\/wp\/v2\/types\/page"}],"author":[{"embeddable":true,"href":"https:\/\/www.aesthetik-team-oldenburg.de\/index.php\/wp-json\/wp\/v2\/users\/1"}],"replies":[{"embeddable":true,"href":"https:\/\/www.aesthetik-team-oldenburg.de\/index.php\/wp-json\/wp\/v2\/comments?post=108"}],"version-history":[{"count":7,"href":"https:\/\/www.aesthetik-team-oldenburg.de\/index.php\/wp-json\/wp\/v2\/pages\/108\/revisions"}],"predecessor-version":[{"id":766,"href":"https:\/\/www.aesthetik-team-oldenburg.de\/index.php\/wp-json\/wp\/v2\/pages\/108\/revisions\/766"}],"wp:attachment":[{"href":"https:\/\/www.aesthetik-team-oldenburg.de\/index.php\/wp-json\/wp\/v2\/media?parent=108"}],"curies":[{"name":"wp","href":"https:\/\/api.w.org\/{rel}","templated":true}]}}