{"id":120,"date":"2019-09-06T11:26:06","date_gmt":"2019-09-06T11:26:06","guid":{"rendered":"http:\/\/www.aesthetik-team-oldenburg.de\/?page_id=120"},"modified":"2022-10-24T23:02:12","modified_gmt":"2022-10-24T23:02:12","slug":"brustvergroesserung","status":"publish","type":"page","link":"https:\/\/www.aesthetik-team-oldenburg.de\/index.php\/brustvergroesserung\/","title":{"rendered":"Brustvergr\u00f6\u00dferung"},"content":{"rendered":"<div class=\"wpb-content-wrapper\"><p>[vc_row padding_top=&#8220;0&#8243; padding_bottom=&#8220;0&#8243; margin_bottom=&#8220;50&#8243;][vc_column][vc_column_text]<\/p>\n<h1>Brustvergr\u00f6\u00dferung<\/h1>\n<p><strong>F\u00fcr eine sch\u00f6ne Brust, die perfekt zu Ihrem K\u00f6rper passt, ist eine perfekte Planung in Bezug auf Gr\u00f6\u00dfe, Form und Material wichtig \u2026<\/strong><\/p>\n<p>\u2026 deshalb er\u00f6rtern wir in einem ausf\u00fchrlichen Beratungsgespr\u00e4ch alle Aspekte einer Brustvergr\u00f6\u00dferung unter Ber\u00fccksichtigung Ihrer individuellen W\u00fcnsche. Ob Ihre Brustvergr\u00f6\u00dferung mit einem klassischen Silikongel-Implantat, einem Lite-Implantat oder Eigenfett durchgef\u00fchrt werden sollte, h\u00e4ngt von unterschiedlichsten Faktoren ab, die, abh\u00e4ngig vom Ausgangsbefund, sorgf\u00e4ltig abgewogen werden m\u00fcssen.<\/p>\n<h2>Behandlungsablauf Brustvergr\u00f6\u00dferung<\/h2>\n<p>[\/vc_column_text][vc_tta_accordion active_section=&#8220;0&#8243; collapsible_all=&#8220;true&#8220;][vc_tta_section title=&#8220;BRUSTVERGR\u00d6SSERUNG MIT SILIKONGEL-IMPLANTATEN&#8220; tab_id=&#8220;1547105421144-82be43e9-809c&#8220;][vc_column_text]<strong>Wie wird eine Brustvergr\u00f6\u00dferung mit Implantaten geplant und durchgef\u00fchrt?<\/strong><\/p>\n<p>Abh\u00e4ngig von der Haut- und Dr\u00fcsenbeschaffenheit sowie Ihren individuellen W\u00fcnschen wird entschieden, welche Implantatgr\u00f6\u00dfe und -form bei der Brustvergr\u00f6\u00dferung zum Einsatz kommt.<\/p>\n<p>Bei der Beratung wird durch die Einlage von Probeimplantaten in einen speziellen BH vor dem Spiegel die Brustvergr\u00f6\u00dferung simuliert. Genauso individuell wird auch der Zugangsweg festgelegt, der entweder in der Unterbrustfalte, am Warzenhofrand oder in der Achselfalte liegt.<\/p>\n<p>In der Regel wird das Implantat unter den Brustmuskel gelegt mit den Vorteilen einer stabilen Weichteilabdeckung und einer dauerhaften Fixierung des Implantats auf der Brustwand.[\/vc_column_text][\/vc_tta_section][vc_tta_section title=&#8220;WIE SICHER SIND IMPLANTATE?&#8220; tab_id=&#8220;1666652458296-9ce4fe8a-5217&#8243;][vc_column_text]<\/p>\n<div class=\"grve-section grve-fullwidth-background grve-bg-none grve-column-has-gap grve-column-gap-20\">\n<div class=\"grve-container\">\n<div class=\"grve-row grve-bookmark\">\n<div class=\"wpb_column grve-column grve-column-1-2\">\n<div class=\"grve-column-wrapper vc_custom_1547109790821\">\n<div class=\"grve-element grve-box-icon grve-align-left grve-small grve-animated-item grve-fadeInRight grve-animated\" data-delay=\"600\">\n<div class=\"grve-box-content\">\n<p class=\"\">Hochwertige Brustimplantate sind heute sicher und dauerhaft. Innerhalb der letzten zwanzig Jahre hat es in der Implantat-Technologie entscheidende Entwicklungen gegeben. So besteht heute das F\u00fcllmaterial aus einem auslaufsicheren, kohesiven Silikongel. Die H\u00fclle besteht aus mehreren Lagen und ist in der Regel texturiert (aufgeraut). Diese Verbesserungen haben dazu gef\u00fchrt, dass wir heute von den f\u00fchrenden Herstellern eine gro\u00dfe Auswahl an verschiedenen Implantatformen (rund und tropfenf\u00f6rmig) erhalten. Hier erhalten Sie Informationen zur internationalen Datenlage &amp; Diskussion der Deutsche Gesellschaft der Plastischen, Rekonstruktiven und \u00c4sthetischen Chirurgen (Stand M\u00e4rz 2019): <a href=\"https:\/\/www.dgpraec.de\/wp-content\/uploads\/2019\/04\/2019-03-28-Statement_ALCL.pdf\" target=\"_blank\" rel=\"noopener noreferrer\">https:\/\/www.dgpraec.de\/wp-content\/uploads\/2019\/04\/2019-03-28-Statement_ALCL.pdf<\/a><\/p>\n<\/div>\n<\/div>\n<\/div>\n<\/div>\n<\/div>\n<\/div>\n<\/div>\n<p>[\/vc_column_text][\/vc_tta_section][vc_tta_section title=&#8220;Welche An\u00e4sthesieform?&#8220; tab_id=&#8220;1547105421145-5a687b25-5657&#8243;][vc_column_text]Der ca. einst\u00fcndige Eingriff erfolgt in Vollnarkose. Zu Ihrer Sicherheit vorzugsweise mit einer \u00dcbernachtung in unserer Praxisklinik.[\/vc_column_text][\/vc_tta_section][vc_tta_section title=&#8220;Wie ist der Verlauf nach der Brustvergr\u00f6\u00dferung?&#8220; tab_id=&#8220;1547105598276-9847ec06-92cd&#8220;][vc_column_text]Nach dem Aufenthalt erhalten Sie die mobile Telefonnummer des Operateurs, der somit rund um die Uhr erreichbar ist. Es werden selbstaufl\u00f6sende Hautf\u00e4den verwendet. Duschen ist ab dem zweiten Tag erlaubt. F\u00fcr sechs Wochen sollten Sie auf anstrengende Sportarten verzichten. In dieser Zeit tragen Sie einen speziellen St\u00fctz-BH. Die erste Kontrolle erfolgt nach einer Woche, die Abschlusskontrolle nach sechs bis zehn Wochen.<\/p>\n<p>Aktuelle Informationen des DGPRAEC zur Sicherheit von Brustimplantaten erhalten Sie hier: <a href=\"http:\/\/www.dgpraec.de\/patienten\/sonderthemen\/implantatsicherheit\" target=\"_blank\" rel=\"noopener noreferrer\">www.dgpraec.de\/patienten\/sonderthemen\/implantatsicherheit<\/a>[\/vc_column_text][\/vc_tta_section][vc_tta_section title=&#8220;BRUSTVERGR\u00d6SSERUNG MIT EIGENFETT&#8220; tab_id=&#8220;1547105644714-97892a83-5cd7&#8243;][vc_column_text]Eine kleine Brustvergr\u00f6\u00dferung mit Eigenfett kann bei entsprechendem Befund in einer Behandlung ambulant erzielt werden, jedoch sind f\u00fcr eine befriedigende Brustvergr\u00f6\u00dferung in der Regel mehrere Eingriffe erforderlich.<\/p>\n<p>Onkologische Bedenken aufgrund eventueller Verkalkungen des eingebrachten Fettes bestehen nach heutigen Forschungsergebnissen nicht.<\/p>\n<p>Mehr Informationen zur Behandlung mit Eigenfett finden Sie <a href=\"http:\/\/www.aesthetik-team-oldenburg.de\/index.php\/eigenfettinjektion-lipofilling\/\" target=\"_blank\" rel=\"noopener noreferrer\">hier.<\/a>[\/vc_column_text][\/vc_tta_section][\/vc_tta_accordion][\/vc_column][\/vc_row][vc_row section_type=&#8220;fullwidth&#8220; bg_type=&#8220;image&#8220; bg_image=&#8220;122&#8243; bg_image_type=&#8220;parallax&#8220; color_overlay=&#8220;primary-1&#8243; opacity_overlay=&#8220;30&#8243; margin_bottom=&#8220;90&#8243;][vc_column][vc_empty_space height=&#8220;210&#8243;][\/vc_column][\/vc_row][vc_row column_gap=&#8220;20&#8243;][vc_column width=&#8220;1\/2&#8243; css=&#8220;.vc_custom_1547109790821{padding: 0px !important;background-color: #ffffff !important;border: 0px solid #444446 !important;}&#8220;]<div class=\"grve-element grve-box-icon grve-align-left grve-small grve-animated-item grve-fadeInRight\" style=\"\" data-delay=\"600\">  <div class=\"grve-wrapper-icon grve-no-shape grve-text-grey\"><i class=\"fas fa-info grve-text-primary-1\"><\/i><\/div>  <div class=\"grve-box-content\">      <h3 class=\"grve-box-title grve-h3\">BRUSTASYMMETRIEN KORRIGIEREN<\/h3>    <p class=\"\">Die h\u00e4ufigsten Fehlformen von Br\u00fcsten sind die tubul\u00e4re Brust (lat. tubulus, kleiner Schlauch), das Fehlen der unteren Gewebeanteile oder eine Seitenverschiedenheit. Selten ist ein v\u00f6lliges einseitiges Fehlen (Poland-Syndrom). Brustasymmetrien k\u00f6nnen sehr gut korrigiert werden, ebenso wie Schlupfwarzen oder Holwarzen. In der modernen Plastischen Chirurgie steht f\u00fcr die Korrektur von Brustasymmetrien eine ganze Palette an individuellen operativen M\u00f6glichkeiten zur Wahl. <\/p>  <\/div><\/div>[\/vc_column][vc_column width=&#8220;1\/2&#8243;]<div class=\"grve-element grve-box-icon grve-align-left grve-small grve-animated-item grve-fadeInRight\" style=\"\" data-delay=\"600\">  <div class=\"grve-wrapper-icon grve-no-shape grve-text-grey\"><i class=\"fa fa-info grve-text-primary-1\"><\/i><\/div>  <div class=\"grve-box-content\">      <h3 class=\"grve-box-title grve-h3\">NEU! B-LITE-BRUSTIMPLANTATE<\/h3>    <p class=\"\">Neuartige, B-Lite-Brustimplantate erlauben Brustvergr\u00f6\u00dferungen mit gleichem Volumen aber bis zu 30 Prozent weniger Gewicht als mit herk\u00f6mmlichen Implantaten. Die leichten Brustimplantate sind rund und in Tropfenform erh\u00e4ltlich. Sie sind formstabil, CE-zertifiziert und werden in Deutschland produziert. Wir sind Exklusiv-Partner f\u00fcr diese innovativen Produkte. Ihr geringes Gewicht erhalten B-Lite-Implantate nach Herstellerangaben durch ein koh\u00e4sives, medizinisches Silikongel, das durch hochreine, hohle, mikroskopisch kleine Borosilikat-K\u00fcgelchen verst\u00e4rkt wird, die sich in zahlreichen klinischen Anwendungen bew\u00e4hrt haben und unter anderem bei der Nasa Verwendung finden. Die H\u00fcllen der B-Lite-Implantate entsprechen den sicheren Kriterien bekannter Markenimplantate. Die OP-Techniken ver\u00e4ndern sich durch ihren Einsatz nicht!<\/p>  <\/div><\/div>[\/vc_column][\/vc_row][vc_row][vc_column][vc_raw_html css=&#8220;.vc_custom_1567775840880{margin-top: -60px !important;}&#8220;]JTVCQ09VTlRFUl9QUk8lMjBpZCUzRDIzMSU1RA==[\/vc_raw_html][\/vc_column][\/vc_row]<\/p>\n<\/div>","protected":false},"excerpt":{"rendered":"<p>[vc_row padding_top=&#8220;0&#8243; padding_bottom=&#8220;0&#8243; margin_bottom=&#8220;50&#8243;][vc_column][vc_column_text] Brustvergr\u00f6\u00dferung F\u00fcr eine sch\u00f6ne Brust, die perfekt zu Ihrem K\u00f6rper passt, ist eine perfekte Planung in Bezug auf Gr\u00f6\u00dfe, Form und Material wichtig \u2026 \u2026 deshalb er\u00f6rtern wir in einem ausf\u00fchrlichen Beratungsgespr\u00e4ch alle Aspekte einer Brustvergr\u00f6\u00dferung unter Ber\u00fccksichtigung Ihrer individuellen W\u00fcnsche. Ob Ihre Brustvergr\u00f6\u00dferung mit einem klassischen Silikongel-Implantat, einem Lite-Implantat oder [&hellip;]<\/p>\n","protected":false},"author":1,"featured_media":0,"parent":0,"menu_order":0,"comment_status":"closed","ping_status":"closed","template":"","meta":{"footnotes":""},"class_list":["post-120","page","type-page","status-publish","hentry"],"yoast_head":"<!-- This site is optimized with the Yoast SEO plugin v27.2 - https:\/\/yoast.com\/product\/yoast-seo-wordpress\/ -->\n<title>Brustvergr\u00f6\u00dferung in Oldenburg - AESTHETIK TEAM OLDENBURG<\/title>\n<meta name=\"description\" content=\"Brustvergr\u00f6\u00dferung mit Silikongel-Implantaten, Lite-Implantaten oder Eigenfett in Oldenburg. Informationen zum Behandlungsablauf bei Brustvergr\u00f6\u00dferungen.\" \/>\n<meta name=\"robots\" content=\"index, follow, max-snippet:-1, max-image-preview:large, max-video-preview:-1\" \/>\n<link rel=\"canonical\" href=\"https:\/\/www.aesthetik-team-oldenburg.de\/index.php\/brustvergroesserung\/\" \/>\n<meta property=\"og:locale\" content=\"de_DE\" \/>\n<meta property=\"og:type\" content=\"article\" \/>\n<meta property=\"og:title\" content=\"Brustvergr\u00f6\u00dferung in Oldenburg - AESTHETIK TEAM OLDENBURG\" \/>\n<meta property=\"og:description\" content=\"Brustvergr\u00f6\u00dferung mit Silikongel-Implantaten, Lite-Implantaten oder Eigenfett in Oldenburg. Informationen zum Behandlungsablauf bei Brustvergr\u00f6\u00dferungen.\" \/>\n<meta property=\"og:url\" content=\"https:\/\/www.aesthetik-team-oldenburg.de\/index.php\/brustvergroesserung\/\" \/>\n<meta property=\"og:site_name\" content=\"AESTHETIK TEAM OLDENBURG\" \/>\n<meta property=\"article:modified_time\" content=\"2022-10-24T23:02:12+00:00\" \/>\n<meta name=\"twitter:card\" content=\"summary_large_image\" \/>\n<meta name=\"twitter:label1\" content=\"Gesch\u00e4tzte Lesezeit\" \/>\n\t<meta name=\"twitter:data1\" content=\"3\u00a0Minuten\" \/>\n<script type=\"application\/ld+json\" class=\"yoast-schema-graph\">{\"@context\":\"https:\/\/schema.org\",\"@graph\":[{\"@type\":\"WebPage\",\"@id\":\"https:\/\/www.aesthetik-team-oldenburg.de\/index.php\/brustvergroesserung\/\",\"url\":\"https:\/\/www.aesthetik-team-oldenburg.de\/index.php\/brustvergroesserung\/\",\"name\":\"Brustvergr\u00f6\u00dferung in Oldenburg - AESTHETIK TEAM OLDENBURG\",\"isPartOf\":{\"@id\":\"https:\/\/www.aesthetik-team-oldenburg.de\/#website\"},\"datePublished\":\"2019-09-06T11:26:06+00:00\",\"dateModified\":\"2022-10-24T23:02:12+00:00\",\"description\":\"Brustvergr\u00f6\u00dferung mit Silikongel-Implantaten, Lite-Implantaten oder Eigenfett in Oldenburg. Informationen zum Behandlungsablauf bei Brustvergr\u00f6\u00dferungen.\",\"breadcrumb\":{\"@id\":\"https:\/\/www.aesthetik-team-oldenburg.de\/index.php\/brustvergroesserung\/#breadcrumb\"},\"inLanguage\":\"de\",\"potentialAction\":[{\"@type\":\"ReadAction\",\"target\":[\"https:\/\/www.aesthetik-team-oldenburg.de\/index.php\/brustvergroesserung\/\"]}]},{\"@type\":\"BreadcrumbList\",\"@id\":\"https:\/\/www.aesthetik-team-oldenburg.de\/index.php\/brustvergroesserung\/#breadcrumb\",\"itemListElement\":[{\"@type\":\"ListItem\",\"position\":1,\"name\":\"Home\",\"item\":\"https:\/\/www.aesthetik-team-oldenburg.de\/\"},{\"@type\":\"ListItem\",\"position\":2,\"name\":\"Brustvergr\u00f6\u00dferung\"}]},{\"@type\":\"WebSite\",\"@id\":\"https:\/\/www.aesthetik-team-oldenburg.de\/#website\",\"url\":\"https:\/\/www.aesthetik-team-oldenburg.de\/\",\"name\":\"AESTHETIK TEAM OLDENBURG\",\"description\":\"\u00c4STHETISCHE CHIRURIGE\",\"potentialAction\":[{\"@type\":\"SearchAction\",\"target\":{\"@type\":\"EntryPoint\",\"urlTemplate\":\"https:\/\/www.aesthetik-team-oldenburg.de\/?s={search_term_string}\"},\"query-input\":{\"@type\":\"PropertyValueSpecification\",\"valueRequired\":true,\"valueName\":\"search_term_string\"}}],\"inLanguage\":\"de\"}]}<\/script>\n<!-- \/ Yoast SEO plugin. -->","yoast_head_json":{"title":"Brustvergr\u00f6\u00dferung in Oldenburg - AESTHETIK TEAM OLDENBURG","description":"Brustvergr\u00f6\u00dferung mit Silikongel-Implantaten, Lite-Implantaten oder Eigenfett in Oldenburg. Informationen zum Behandlungsablauf bei Brustvergr\u00f6\u00dferungen.","robots":{"index":"index","follow":"follow","max-snippet":"max-snippet:-1","max-image-preview":"max-image-preview:large","max-video-preview":"max-video-preview:-1"},"canonical":"https:\/\/www.aesthetik-team-oldenburg.de\/index.php\/brustvergroesserung\/","og_locale":"de_DE","og_type":"article","og_title":"Brustvergr\u00f6\u00dferung in Oldenburg - AESTHETIK TEAM OLDENBURG","og_description":"Brustvergr\u00f6\u00dferung mit Silikongel-Implantaten, Lite-Implantaten oder Eigenfett in Oldenburg. Informationen zum Behandlungsablauf bei Brustvergr\u00f6\u00dferungen.","og_url":"https:\/\/www.aesthetik-team-oldenburg.de\/index.php\/brustvergroesserung\/","og_site_name":"AESTHETIK TEAM OLDENBURG","article_modified_time":"2022-10-24T23:02:12+00:00","twitter_card":"summary_large_image","twitter_misc":{"Gesch\u00e4tzte Lesezeit":"3\u00a0Minuten"},"schema":{"@context":"https:\/\/schema.org","@graph":[{"@type":"WebPage","@id":"https:\/\/www.aesthetik-team-oldenburg.de\/index.php\/brustvergroesserung\/","url":"https:\/\/www.aesthetik-team-oldenburg.de\/index.php\/brustvergroesserung\/","name":"Brustvergr\u00f6\u00dferung in Oldenburg - AESTHETIK TEAM OLDENBURG","isPartOf":{"@id":"https:\/\/www.aesthetik-team-oldenburg.de\/#website"},"datePublished":"2019-09-06T11:26:06+00:00","dateModified":"2022-10-24T23:02:12+00:00","description":"Brustvergr\u00f6\u00dferung mit Silikongel-Implantaten, Lite-Implantaten oder Eigenfett in Oldenburg. Informationen zum Behandlungsablauf bei Brustvergr\u00f6\u00dferungen.","breadcrumb":{"@id":"https:\/\/www.aesthetik-team-oldenburg.de\/index.php\/brustvergroesserung\/#breadcrumb"},"inLanguage":"de","potentialAction":[{"@type":"ReadAction","target":["https:\/\/www.aesthetik-team-oldenburg.de\/index.php\/brustvergroesserung\/"]}]},{"@type":"BreadcrumbList","@id":"https:\/\/www.aesthetik-team-oldenburg.de\/index.php\/brustvergroesserung\/#breadcrumb","itemListElement":[{"@type":"ListItem","position":1,"name":"Home","item":"https:\/\/www.aesthetik-team-oldenburg.de\/"},{"@type":"ListItem","position":2,"name":"Brustvergr\u00f6\u00dferung"}]},{"@type":"WebSite","@id":"https:\/\/www.aesthetik-team-oldenburg.de\/#website","url":"https:\/\/www.aesthetik-team-oldenburg.de\/","name":"AESTHETIK TEAM OLDENBURG","description":"\u00c4STHETISCHE CHIRURIGE","potentialAction":[{"@type":"SearchAction","target":{"@type":"EntryPoint","urlTemplate":"https:\/\/www.aesthetik-team-oldenburg.de\/?s={search_term_string}"},"query-input":{"@type":"PropertyValueSpecification","valueRequired":true,"valueName":"search_term_string"}}],"inLanguage":"de"}]}},"_links":{"self":[{"href":"https:\/\/www.aesthetik-team-oldenburg.de\/index.php\/wp-json\/wp\/v2\/pages\/120","targetHints":{"allow":["GET"]}}],"collection":[{"href":"https:\/\/www.aesthetik-team-oldenburg.de\/index.php\/wp-json\/wp\/v2\/pages"}],"about":[{"href":"https:\/\/www.aesthetik-team-oldenburg.de\/index.php\/wp-json\/wp\/v2\/types\/page"}],"author":[{"embeddable":true,"href":"https:\/\/www.aesthetik-team-oldenburg.de\/index.php\/wp-json\/wp\/v2\/users\/1"}],"replies":[{"embeddable":true,"href":"https:\/\/www.aesthetik-team-oldenburg.de\/index.php\/wp-json\/wp\/v2\/comments?post=120"}],"version-history":[{"count":11,"href":"https:\/\/www.aesthetik-team-oldenburg.de\/index.php\/wp-json\/wp\/v2\/pages\/120\/revisions"}],"predecessor-version":[{"id":575,"href":"https:\/\/www.aesthetik-team-oldenburg.de\/index.php\/wp-json\/wp\/v2\/pages\/120\/revisions\/575"}],"wp:attachment":[{"href":"https:\/\/www.aesthetik-team-oldenburg.de\/index.php\/wp-json\/wp\/v2\/media?parent=120"}],"curies":[{"name":"wp","href":"https:\/\/api.w.org\/{rel}","templated":true}]}}