{"id":124,"date":"2019-09-06T11:32:43","date_gmt":"2019-09-06T11:32:43","guid":{"rendered":"http:\/\/www.aesthetik-team-oldenburg.de\/?page_id=124"},"modified":"2020-09-24T09:36:56","modified_gmt":"2020-09-24T09:36:56","slug":"brustverkleinerung","status":"publish","type":"page","link":"https:\/\/www.aesthetik-team-oldenburg.de\/index.php\/brustverkleinerung\/","title":{"rendered":"Brustverkleinerung"},"content":{"rendered":"<div class=\"wpb-content-wrapper\"><p>[vc_row padding_top=&#8220;0&#8243; padding_bottom=&#8220;0&#8243; margin_bottom=&#8220;0&#8243;][vc_column width=&#8220;1\/2&#8243;][vc_column_text]<\/p>\n<h1>Brustverkleinerung (Mamma-Reduktion)<\/h1>\n<h2>Wenn \u00fcbergro\u00dfe, schwere Br\u00fcste Probleme machen<\/h2>\n<p>\u2026 kann eine Brustverkleinerung geeignet sein, damit Patientinnen sich wieder in ihrem K\u00f6rper wohlf\u00fchlen. Die OP ist sinnvoll zum Beispiel nach starker Gewichtsabnahme und\/oder Schwangerschaft, oder wenn eine sehr gro\u00dfe Brust zu gesundheitlichen Beschwerden oder seelischen Belastungen f\u00fchrt.<\/p>\n<h3>BEHANDLUNGSABLAUF BRUSTVERKLEINERUNG<\/h3>\n<p>[\/vc_column_text][vc_tta_accordion active_section=&#8220;0&#8243; collapsible_all=&#8220;true&#8220; css=&#8220;.vc_custom_1567667433189{margin-bottom: 0px !important;}&#8220;][vc_tta_section title=&#8220;Erfolgt die Brustverkleinerung ambulant oder mit \u00dcbernachtung?&#8220; tab_id=&#8220;1547112968073-ff0c90dc-dc23&#8243;][vc_column_text]Beides ist abh\u00e4ngig vom Befund und der h\u00e4uslichen Betreuung m\u00f6glich. Die beste M\u00f6glichkeit f\u00fcr Sie pers\u00f6nlich wird individuell mit dem operierenden Arzt besprochen.[\/vc_column_text][\/vc_tta_section][vc_tta_section title=&#8220;Was passiert bei einer Brustverkleinerung?&#8220; tab_id=&#8220;1547112968074-4fb05bb8-32a1&#8243;][vc_column_text]Jede Brustverkleinerung wird abh\u00e4ngig vom Befund individuell an die k\u00f6rperlichen Voraussetzungen und W\u00fcnsche der Patientin angepasst. Es sind verschiedene OP-Techniken m\u00f6glich. Der Chirurg entfernt \u00fcbersch\u00fcssiges Gewebe und Haut bis das gew\u00fcnschte Brustvolumen erzielt ist. Ggf. wird eine Brustwarzenkorrektur im selben Eingriff durchgef\u00fchrt. Die Brustverkleinerung kann mit einer Bruststraffung kombiniert werden, sodass der Warzenhof wieder nach oben gebracht wird.[\/vc_column_text][\/vc_tta_section][vc_tta_section title=&#8220;Welche An\u00e4sthesieform?&#8220; tab_id=&#8220;1547113041895-55870789-c9b2&#8243;][vc_column_text]Vollnarkose ist bei einer Brustverkleinerung der Regelfall.[\/vc_column_text][\/vc_tta_section][vc_tta_section title=&#8220;Wie ist der Verlauf nach der Brustverkleinerung?&#8220; tab_id=&#8220;1547113091283-618271b0-52af&#8220;][vc_column_text]Sie erhalten nach einer Brustverkleinerung eine Saugdrainage f\u00fcr 24 Stunden.\u00a0Zun\u00e4chst wird ein Kompressionsverband getragen, nach zwei bis drei Tagen ein Sport-BH.\u00a0Es sind nur geringe Schmerzen zu erwarten, evtl. Schwellungen und Bluterg\u00fcsse.\u00a0Eine R\u00fcckkehr zur Normalit\u00e4t ist nach zwei bis drei Wochen m\u00f6glich.[\/vc_column_text][\/vc_tta_section][vc_tta_section title=&#8220;Welche Risiken und Komplikationen gibt es?&#8220; tab_id=&#8220;1547113132691-ebaf94d1-15f8&#8243;][vc_column_text]Alle folgend genannten Risiken sind bei einer Brustverkleinerung sehr selten:<\/p>\n<p>Bluterguss- oder Sekretbildung in der Wundh\u00f6hle, Minderung des Gef\u00fchls an der Brustwarze, Wundheilungsst\u00f6rung, Infektion, wulstige Narbenbildung, Asymmetrien, Beeintr\u00e4chtigung der Stillf\u00e4higkeit, Thrombosen, Embolien.[\/vc_column_text][\/vc_tta_section][\/vc_tta_accordion][\/vc_column][vc_column width=&#8220;1\/2&#8243;][vc_raw_html]JTVCQ09VTlRFUl9QUk8lMjBpZCUzRDEyNiU1RA==[\/vc_raw_html][\/vc_column][\/vc_row]<\/p>\n<\/div>","protected":false},"excerpt":{"rendered":"<p>[vc_row padding_top=&#8220;0&#8243; padding_bottom=&#8220;0&#8243; margin_bottom=&#8220;0&#8243;][vc_column width=&#8220;1\/2&#8243;][vc_column_text] Brustverkleinerung (Mamma-Reduktion) Wenn \u00fcbergro\u00dfe, schwere Br\u00fcste Probleme machen \u2026 kann eine Brustverkleinerung geeignet sein, damit Patientinnen sich wieder in ihrem K\u00f6rper wohlf\u00fchlen. Die OP ist sinnvoll zum Beispiel nach starker Gewichtsabnahme und\/oder Schwangerschaft, oder wenn eine sehr gro\u00dfe Brust zu gesundheitlichen Beschwerden oder seelischen Belastungen f\u00fchrt. BEHANDLUNGSABLAUF BRUSTVERKLEINERUNG [\/vc_column_text][vc_tta_accordion active_section=&#8220;0&#8243; [&hellip;]<\/p>\n","protected":false},"author":1,"featured_media":0,"parent":0,"menu_order":0,"comment_status":"closed","ping_status":"closed","template":"","meta":{"footnotes":""},"class_list":["post-124","page","type-page","status-publish","hentry"],"yoast_head":"<!-- This site is optimized with the Yoast SEO plugin v27.2 - https:\/\/yoast.com\/product\/yoast-seo-wordpress\/ -->\n<title>Brustverkleinerung in Oldenburg - AESTHETIK TEAM OLDENBURG<\/title>\n<meta name=\"description\" content=\"Brustverkleinerung von erfahrenen Fach\u00e4rzten in Oldenburg. Bei schweren Br\u00fcsten, nach Schwangerschaft oder Gewichtsabnahme. Korrekturen von Asymmetrien.\" \/>\n<meta name=\"robots\" content=\"index, follow, max-snippet:-1, max-image-preview:large, max-video-preview:-1\" \/>\n<link rel=\"canonical\" href=\"https:\/\/www.aesthetik-team-oldenburg.de\/index.php\/brustverkleinerung\/\" \/>\n<meta property=\"og:locale\" content=\"de_DE\" \/>\n<meta property=\"og:type\" content=\"article\" \/>\n<meta property=\"og:title\" content=\"Brustverkleinerung in Oldenburg - AESTHETIK TEAM OLDENBURG\" \/>\n<meta property=\"og:description\" content=\"Brustverkleinerung von erfahrenen Fach\u00e4rzten in Oldenburg. Bei schweren Br\u00fcsten, nach Schwangerschaft oder Gewichtsabnahme. Korrekturen von Asymmetrien.\" \/>\n<meta property=\"og:url\" content=\"https:\/\/www.aesthetik-team-oldenburg.de\/index.php\/brustverkleinerung\/\" \/>\n<meta property=\"og:site_name\" content=\"AESTHETIK TEAM OLDENBURG\" \/>\n<meta property=\"article:modified_time\" content=\"2020-09-24T09:36:56+00:00\" \/>\n<meta name=\"twitter:card\" content=\"summary_large_image\" \/>\n<meta name=\"twitter:label1\" content=\"Gesch\u00e4tzte Lesezeit\" \/>\n\t<meta name=\"twitter:data1\" content=\"2\u00a0Minuten\" \/>\n<script type=\"application\/ld+json\" class=\"yoast-schema-graph\">{\"@context\":\"https:\/\/schema.org\",\"@graph\":[{\"@type\":\"WebPage\",\"@id\":\"https:\/\/www.aesthetik-team-oldenburg.de\/index.php\/brustverkleinerung\/\",\"url\":\"https:\/\/www.aesthetik-team-oldenburg.de\/index.php\/brustverkleinerung\/\",\"name\":\"Brustverkleinerung in Oldenburg - AESTHETIK TEAM OLDENBURG\",\"isPartOf\":{\"@id\":\"https:\/\/www.aesthetik-team-oldenburg.de\/#website\"},\"datePublished\":\"2019-09-06T11:32:43+00:00\",\"dateModified\":\"2020-09-24T09:36:56+00:00\",\"description\":\"Brustverkleinerung von erfahrenen Fach\u00e4rzten in Oldenburg. Bei schweren Br\u00fcsten, nach Schwangerschaft oder Gewichtsabnahme. Korrekturen von Asymmetrien.\",\"breadcrumb\":{\"@id\":\"https:\/\/www.aesthetik-team-oldenburg.de\/index.php\/brustverkleinerung\/#breadcrumb\"},\"inLanguage\":\"de\",\"potentialAction\":[{\"@type\":\"ReadAction\",\"target\":[\"https:\/\/www.aesthetik-team-oldenburg.de\/index.php\/brustverkleinerung\/\"]}]},{\"@type\":\"BreadcrumbList\",\"@id\":\"https:\/\/www.aesthetik-team-oldenburg.de\/index.php\/brustverkleinerung\/#breadcrumb\",\"itemListElement\":[{\"@type\":\"ListItem\",\"position\":1,\"name\":\"Home\",\"item\":\"https:\/\/www.aesthetik-team-oldenburg.de\/\"},{\"@type\":\"ListItem\",\"position\":2,\"name\":\"Brustverkleinerung\"}]},{\"@type\":\"WebSite\",\"@id\":\"https:\/\/www.aesthetik-team-oldenburg.de\/#website\",\"url\":\"https:\/\/www.aesthetik-team-oldenburg.de\/\",\"name\":\"AESTHETIK TEAM OLDENBURG\",\"description\":\"\u00c4STHETISCHE CHIRURIGE\",\"potentialAction\":[{\"@type\":\"SearchAction\",\"target\":{\"@type\":\"EntryPoint\",\"urlTemplate\":\"https:\/\/www.aesthetik-team-oldenburg.de\/?s={search_term_string}\"},\"query-input\":{\"@type\":\"PropertyValueSpecification\",\"valueRequired\":true,\"valueName\":\"search_term_string\"}}],\"inLanguage\":\"de\"}]}<\/script>\n<!-- \/ Yoast SEO plugin. -->","yoast_head_json":{"title":"Brustverkleinerung in Oldenburg - AESTHETIK TEAM OLDENBURG","description":"Brustverkleinerung von erfahrenen Fach\u00e4rzten in Oldenburg. Bei schweren Br\u00fcsten, nach Schwangerschaft oder Gewichtsabnahme. Korrekturen von Asymmetrien.","robots":{"index":"index","follow":"follow","max-snippet":"max-snippet:-1","max-image-preview":"max-image-preview:large","max-video-preview":"max-video-preview:-1"},"canonical":"https:\/\/www.aesthetik-team-oldenburg.de\/index.php\/brustverkleinerung\/","og_locale":"de_DE","og_type":"article","og_title":"Brustverkleinerung in Oldenburg - AESTHETIK TEAM OLDENBURG","og_description":"Brustverkleinerung von erfahrenen Fach\u00e4rzten in Oldenburg. Bei schweren Br\u00fcsten, nach Schwangerschaft oder Gewichtsabnahme. Korrekturen von Asymmetrien.","og_url":"https:\/\/www.aesthetik-team-oldenburg.de\/index.php\/brustverkleinerung\/","og_site_name":"AESTHETIK TEAM OLDENBURG","article_modified_time":"2020-09-24T09:36:56+00:00","twitter_card":"summary_large_image","twitter_misc":{"Gesch\u00e4tzte Lesezeit":"2\u00a0Minuten"},"schema":{"@context":"https:\/\/schema.org","@graph":[{"@type":"WebPage","@id":"https:\/\/www.aesthetik-team-oldenburg.de\/index.php\/brustverkleinerung\/","url":"https:\/\/www.aesthetik-team-oldenburg.de\/index.php\/brustverkleinerung\/","name":"Brustverkleinerung in Oldenburg - AESTHETIK TEAM OLDENBURG","isPartOf":{"@id":"https:\/\/www.aesthetik-team-oldenburg.de\/#website"},"datePublished":"2019-09-06T11:32:43+00:00","dateModified":"2020-09-24T09:36:56+00:00","description":"Brustverkleinerung von erfahrenen Fach\u00e4rzten in Oldenburg. Bei schweren Br\u00fcsten, nach Schwangerschaft oder Gewichtsabnahme. Korrekturen von Asymmetrien.","breadcrumb":{"@id":"https:\/\/www.aesthetik-team-oldenburg.de\/index.php\/brustverkleinerung\/#breadcrumb"},"inLanguage":"de","potentialAction":[{"@type":"ReadAction","target":["https:\/\/www.aesthetik-team-oldenburg.de\/index.php\/brustverkleinerung\/"]}]},{"@type":"BreadcrumbList","@id":"https:\/\/www.aesthetik-team-oldenburg.de\/index.php\/brustverkleinerung\/#breadcrumb","itemListElement":[{"@type":"ListItem","position":1,"name":"Home","item":"https:\/\/www.aesthetik-team-oldenburg.de\/"},{"@type":"ListItem","position":2,"name":"Brustverkleinerung"}]},{"@type":"WebSite","@id":"https:\/\/www.aesthetik-team-oldenburg.de\/#website","url":"https:\/\/www.aesthetik-team-oldenburg.de\/","name":"AESTHETIK TEAM OLDENBURG","description":"\u00c4STHETISCHE CHIRURIGE","potentialAction":[{"@type":"SearchAction","target":{"@type":"EntryPoint","urlTemplate":"https:\/\/www.aesthetik-team-oldenburg.de\/?s={search_term_string}"},"query-input":{"@type":"PropertyValueSpecification","valueRequired":true,"valueName":"search_term_string"}}],"inLanguage":"de"}]}},"_links":{"self":[{"href":"https:\/\/www.aesthetik-team-oldenburg.de\/index.php\/wp-json\/wp\/v2\/pages\/124","targetHints":{"allow":["GET"]}}],"collection":[{"href":"https:\/\/www.aesthetik-team-oldenburg.de\/index.php\/wp-json\/wp\/v2\/pages"}],"about":[{"href":"https:\/\/www.aesthetik-team-oldenburg.de\/index.php\/wp-json\/wp\/v2\/types\/page"}],"author":[{"embeddable":true,"href":"https:\/\/www.aesthetik-team-oldenburg.de\/index.php\/wp-json\/wp\/v2\/users\/1"}],"replies":[{"embeddable":true,"href":"https:\/\/www.aesthetik-team-oldenburg.de\/index.php\/wp-json\/wp\/v2\/comments?post=124"}],"version-history":[{"count":11,"href":"https:\/\/www.aesthetik-team-oldenburg.de\/index.php\/wp-json\/wp\/v2\/pages\/124\/revisions"}],"predecessor-version":[{"id":461,"href":"https:\/\/www.aesthetik-team-oldenburg.de\/index.php\/wp-json\/wp\/v2\/pages\/124\/revisions\/461"}],"wp:attachment":[{"href":"https:\/\/www.aesthetik-team-oldenburg.de\/index.php\/wp-json\/wp\/v2\/media?parent=124"}],"curies":[{"name":"wp","href":"https:\/\/api.w.org\/{rel}","templated":true}]}}