{"id":128,"date":"2019-09-06T11:36:23","date_gmt":"2019-09-06T11:36:23","guid":{"rendered":"http:\/\/www.aesthetik-team-oldenburg.de\/?page_id=128"},"modified":"2019-11-02T06:50:45","modified_gmt":"2019-11-02T06:50:45","slug":"gynakomastie","status":"publish","type":"page","link":"https:\/\/www.aesthetik-team-oldenburg.de\/index.php\/gynakomastie\/","title":{"rendered":"Gyn\u00e4komastie"},"content":{"rendered":"<div class=\"wpb-content-wrapper\"><p>[vc_row padding_top=&#8220;0&#8243; padding_bottom=&#8220;0&#8243;][vc_column][vc_column_text]<\/p>\n<h1>Gyn\u00e4komastie<\/h1>\n<h2>\u2026 wenn die m\u00e4nnliche Brust eher weich und weiblich aussieht, weil die Brustdr\u00fcsen vergr\u00f6\u00dfert sind,<\/h2>\n<p>bezeichnet man dies als Gyn\u00e4komastie. Man unterscheidet eine echte Gyn\u00e4komastie mit Dr\u00fcsenbildung (ca. zehn Prozent) von einer Gyn\u00e4komastie durch lokale Fettbildung (ca. 90 Prozent). Bei einer Gyn\u00e4komastie durch lokale Fettbildung kann eine Korrektur mittels Fettabsaugung durchgef\u00fchrt werden (mehr Informationen finden Sie <a href=\"http:\/\/www.aesthetik-team-oldenburg.de\/index.php\/fettabsaugung-liposuktion\/\">hier<\/a>). Diese OP ist wenig eingreifend und mit wenig Narbenbildung verbunden.[\/vc_column_text][vc_tta_accordion active_section=&#8220;0&#8243; collapsible_all=&#8220;true&#8220;][vc_tta_section title=&#8220;WOHER KOMMT DIE GYN\u00c4KOMASTIE? WAS KANN MANN DAGEGEN TUN?&#8220; tab_id=&#8220;1547737492780-0637d8dd-e5bd&#8220;][vc_column_text]Die echte Gyn\u00e4komastie entsteht meist aus unbekannter Ursache oder durch Medikamente, bzw. Nebenwirkungen von Anabolika. Je nach Gr\u00f6\u00dfe der Br\u00fcste sind hier zur Korrektur verschiedene Techniken mit verschiedenen Narbenverl\u00e4ufen m\u00f6glich, die individuell dem Patienten angepasst werden. In der Regel f\u00fchren wir diese Operation station\u00e4r unter Vollnarkose mit einer \u00dcbernachtung durch.[\/vc_column_text][\/vc_tta_section][vc_tta_section title=&#8220;AMBULANT ODER STATION\u00c4R? WELCHE AN\u00c4STHESIEFORM IST IDEAL?&#8220; tab_id=&#8220;1547737492781-26731e1d-237d&#8220;][vc_column_text]Bei der Reduktion der Brust durch Fettabsaugung ist eine ambulante Behandlung mit Narkose ideal.<\/p>\n<p>Bei chirurgischer Entfernung der Brustdr\u00fcse bei der echten Gyn\u00e4komastie ist eine station\u00e4re Behandlung unter Vollnarkose mit einer \u00dcbernachtung in einer unserer Partnerkliniken zu empfehlen.[\/vc_column_text][\/vc_tta_section][vc_tta_section title=&#8220;WIE IST DER VERLAUF NACH EINER GYN\u00c4KOMASTIE-OP?&#8220; tab_id=&#8220;1547737582096-38a57852-9445&#8243;][vc_column_text]Nach der OP ist das Tragen von Kompressionsw\u00e4sche, die unmittelbar nach der OP angelegt wird, \u00a0f\u00fcr vier bis sechs Wochen zu empfehlen. W\u00e4hrend dieser Zeit sollten Sie k\u00f6rperlich nicht schwer arbeiten. Leichten Alltagst\u00e4tigkeiten k\u00f6nnen Sie bereits nach wenigen Tagen wieder nachgehen.[\/vc_column_text][\/vc_tta_section][vc_tta_section title=&#8220;RISIKEN UND KOMPLIKATIONEN EINER GYN\u00c4KOMASTIE-OP?&#8220; tab_id=&#8220;1547737616726-29a0a6a3-4e1e&#8220;][vc_column_text]<\/p>\n<ul>\n<li>Bluterguss- oder Sekretbildung in der Wundh\u00f6hle (sehr selten)<\/li>\n<li>vorr\u00fcbergehende Minderung des Hautgef\u00fchls<\/li>\n<li>Wundheilungsst\u00f6rung, Infektion (sehr selten)<\/li>\n<li>Wulstige st\u00f6rende Narbenbildung (sehr selten)<\/li>\n<li>Thrombosen, Embolien (extrem selten)<\/li>\n<li>Asymmetrie<\/li>\n<\/ul>\n<p>[\/vc_column_text][\/vc_tta_section][\/vc_tta_accordion][vc_raw_html]JTVCQ09VTlRFUl9QUk8lMjBpZCUzRDIzOCU1RA==[\/vc_raw_html][\/vc_column][\/vc_row]<\/p>\n<\/div>","protected":false},"excerpt":{"rendered":"<p>[vc_row padding_top=&#8220;0&#8243; padding_bottom=&#8220;0&#8243;][vc_column][vc_column_text] Gyn\u00e4komastie \u2026 wenn die m\u00e4nnliche Brust eher weich und weiblich aussieht, weil die Brustdr\u00fcsen vergr\u00f6\u00dfert sind, bezeichnet man dies als Gyn\u00e4komastie. Man unterscheidet eine echte Gyn\u00e4komastie mit Dr\u00fcsenbildung (ca. zehn Prozent) von einer Gyn\u00e4komastie durch lokale Fettbildung (ca. 90 Prozent). Bei einer Gyn\u00e4komastie durch lokale Fettbildung kann eine Korrektur mittels Fettabsaugung durchgef\u00fchrt [&hellip;]<\/p>\n","protected":false},"author":1,"featured_media":0,"parent":0,"menu_order":0,"comment_status":"closed","ping_status":"closed","template":"","meta":{"footnotes":""},"class_list":["post-128","page","type-page","status-publish","hentry"],"yoast_head":"<!-- This site is optimized with the Yoast SEO plugin v27.4 - https:\/\/yoast.com\/product\/yoast-seo-wordpress\/ -->\n<title>Gyn\u00e4komastie OPs Oldenburg - AESTHETIK TEAM OLDENBURG<\/title>\n<meta name=\"description\" content=\"Gyn\u00e4komastie. M\u00e4nnerbrust durch lokale Fettbildung. Korrektur mittels Fettabsaugung. Wenig Narbenbildung. Ambulante OPs in Vollnarkose in Oldenburg.\" \/>\n<meta name=\"robots\" content=\"index, follow, max-snippet:-1, max-image-preview:large, max-video-preview:-1\" \/>\n<link rel=\"canonical\" href=\"https:\/\/www.aesthetik-team-oldenburg.de\/index.php\/gynakomastie\/\" \/>\n<meta property=\"og:locale\" content=\"de_DE\" \/>\n<meta property=\"og:type\" content=\"article\" \/>\n<meta property=\"og:title\" content=\"Gyn\u00e4komastie OPs Oldenburg - AESTHETIK TEAM OLDENBURG\" \/>\n<meta property=\"og:description\" content=\"Gyn\u00e4komastie. M\u00e4nnerbrust durch lokale Fettbildung. Korrektur mittels Fettabsaugung. Wenig Narbenbildung. Ambulante OPs in Vollnarkose in Oldenburg.\" \/>\n<meta property=\"og:url\" content=\"https:\/\/www.aesthetik-team-oldenburg.de\/index.php\/gynakomastie\/\" \/>\n<meta property=\"og:site_name\" content=\"AESTHETIK TEAM OLDENBURG\" \/>\n<meta property=\"article:modified_time\" content=\"2019-11-02T06:50:45+00:00\" \/>\n<meta name=\"twitter:card\" content=\"summary_large_image\" \/>\n<meta name=\"twitter:label1\" content=\"Gesch\u00e4tzte Lesezeit\" \/>\n\t<meta name=\"twitter:data1\" content=\"2\u00a0Minuten\" \/>\n<script type=\"application\/ld+json\" class=\"yoast-schema-graph\">{\"@context\":\"https:\\\/\\\/schema.org\",\"@graph\":[{\"@type\":\"WebPage\",\"@id\":\"https:\\\/\\\/www.aesthetik-team-oldenburg.de\\\/index.php\\\/gynakomastie\\\/\",\"url\":\"https:\\\/\\\/www.aesthetik-team-oldenburg.de\\\/index.php\\\/gynakomastie\\\/\",\"name\":\"Gyn\u00e4komastie OPs Oldenburg - AESTHETIK TEAM OLDENBURG\",\"isPartOf\":{\"@id\":\"https:\\\/\\\/www.aesthetik-team-oldenburg.de\\\/#website\"},\"datePublished\":\"2019-09-06T11:36:23+00:00\",\"dateModified\":\"2019-11-02T06:50:45+00:00\",\"description\":\"Gyn\u00e4komastie. M\u00e4nnerbrust durch lokale Fettbildung. Korrektur mittels Fettabsaugung. Wenig Narbenbildung. Ambulante OPs in Vollnarkose in Oldenburg.\",\"breadcrumb\":{\"@id\":\"https:\\\/\\\/www.aesthetik-team-oldenburg.de\\\/index.php\\\/gynakomastie\\\/#breadcrumb\"},\"inLanguage\":\"de\",\"potentialAction\":[{\"@type\":\"ReadAction\",\"target\":[\"https:\\\/\\\/www.aesthetik-team-oldenburg.de\\\/index.php\\\/gynakomastie\\\/\"]}]},{\"@type\":\"BreadcrumbList\",\"@id\":\"https:\\\/\\\/www.aesthetik-team-oldenburg.de\\\/index.php\\\/gynakomastie\\\/#breadcrumb\",\"itemListElement\":[{\"@type\":\"ListItem\",\"position\":1,\"name\":\"Home\",\"item\":\"https:\\\/\\\/www.aesthetik-team-oldenburg.de\\\/\"},{\"@type\":\"ListItem\",\"position\":2,\"name\":\"Gyn\u00e4komastie\"}]},{\"@type\":\"WebSite\",\"@id\":\"https:\\\/\\\/www.aesthetik-team-oldenburg.de\\\/#website\",\"url\":\"https:\\\/\\\/www.aesthetik-team-oldenburg.de\\\/\",\"name\":\"AESTHETIK TEAM OLDENBURG\",\"description\":\"\u00c4STHETISCHE CHIRURIGE\",\"potentialAction\":[{\"@type\":\"SearchAction\",\"target\":{\"@type\":\"EntryPoint\",\"urlTemplate\":\"https:\\\/\\\/www.aesthetik-team-oldenburg.de\\\/?s={search_term_string}\"},\"query-input\":{\"@type\":\"PropertyValueSpecification\",\"valueRequired\":true,\"valueName\":\"search_term_string\"}}],\"inLanguage\":\"de\"}]}<\/script>\n<!-- \/ Yoast SEO plugin. -->","yoast_head_json":{"title":"Gyn\u00e4komastie OPs Oldenburg - AESTHETIK TEAM OLDENBURG","description":"Gyn\u00e4komastie. M\u00e4nnerbrust durch lokale Fettbildung. Korrektur mittels Fettabsaugung. Wenig Narbenbildung. Ambulante OPs in Vollnarkose in Oldenburg.","robots":{"index":"index","follow":"follow","max-snippet":"max-snippet:-1","max-image-preview":"max-image-preview:large","max-video-preview":"max-video-preview:-1"},"canonical":"https:\/\/www.aesthetik-team-oldenburg.de\/index.php\/gynakomastie\/","og_locale":"de_DE","og_type":"article","og_title":"Gyn\u00e4komastie OPs Oldenburg - AESTHETIK TEAM OLDENBURG","og_description":"Gyn\u00e4komastie. M\u00e4nnerbrust durch lokale Fettbildung. Korrektur mittels Fettabsaugung. Wenig Narbenbildung. Ambulante OPs in Vollnarkose in Oldenburg.","og_url":"https:\/\/www.aesthetik-team-oldenburg.de\/index.php\/gynakomastie\/","og_site_name":"AESTHETIK TEAM OLDENBURG","article_modified_time":"2019-11-02T06:50:45+00:00","twitter_card":"summary_large_image","twitter_misc":{"Gesch\u00e4tzte Lesezeit":"2\u00a0Minuten"},"schema":{"@context":"https:\/\/schema.org","@graph":[{"@type":"WebPage","@id":"https:\/\/www.aesthetik-team-oldenburg.de\/index.php\/gynakomastie\/","url":"https:\/\/www.aesthetik-team-oldenburg.de\/index.php\/gynakomastie\/","name":"Gyn\u00e4komastie OPs Oldenburg - AESTHETIK TEAM OLDENBURG","isPartOf":{"@id":"https:\/\/www.aesthetik-team-oldenburg.de\/#website"},"datePublished":"2019-09-06T11:36:23+00:00","dateModified":"2019-11-02T06:50:45+00:00","description":"Gyn\u00e4komastie. M\u00e4nnerbrust durch lokale Fettbildung. Korrektur mittels Fettabsaugung. Wenig Narbenbildung. Ambulante OPs in Vollnarkose in Oldenburg.","breadcrumb":{"@id":"https:\/\/www.aesthetik-team-oldenburg.de\/index.php\/gynakomastie\/#breadcrumb"},"inLanguage":"de","potentialAction":[{"@type":"ReadAction","target":["https:\/\/www.aesthetik-team-oldenburg.de\/index.php\/gynakomastie\/"]}]},{"@type":"BreadcrumbList","@id":"https:\/\/www.aesthetik-team-oldenburg.de\/index.php\/gynakomastie\/#breadcrumb","itemListElement":[{"@type":"ListItem","position":1,"name":"Home","item":"https:\/\/www.aesthetik-team-oldenburg.de\/"},{"@type":"ListItem","position":2,"name":"Gyn\u00e4komastie"}]},{"@type":"WebSite","@id":"https:\/\/www.aesthetik-team-oldenburg.de\/#website","url":"https:\/\/www.aesthetik-team-oldenburg.de\/","name":"AESTHETIK TEAM OLDENBURG","description":"\u00c4STHETISCHE CHIRURIGE","potentialAction":[{"@type":"SearchAction","target":{"@type":"EntryPoint","urlTemplate":"https:\/\/www.aesthetik-team-oldenburg.de\/?s={search_term_string}"},"query-input":{"@type":"PropertyValueSpecification","valueRequired":true,"valueName":"search_term_string"}}],"inLanguage":"de"}]}},"_links":{"self":[{"href":"https:\/\/www.aesthetik-team-oldenburg.de\/index.php\/wp-json\/wp\/v2\/pages\/128","targetHints":{"allow":["GET"]}}],"collection":[{"href":"https:\/\/www.aesthetik-team-oldenburg.de\/index.php\/wp-json\/wp\/v2\/pages"}],"about":[{"href":"https:\/\/www.aesthetik-team-oldenburg.de\/index.php\/wp-json\/wp\/v2\/types\/page"}],"author":[{"embeddable":true,"href":"https:\/\/www.aesthetik-team-oldenburg.de\/index.php\/wp-json\/wp\/v2\/users\/1"}],"replies":[{"embeddable":true,"href":"https:\/\/www.aesthetik-team-oldenburg.de\/index.php\/wp-json\/wp\/v2\/comments?post=128"}],"version-history":[{"count":10,"href":"https:\/\/www.aesthetik-team-oldenburg.de\/index.php\/wp-json\/wp\/v2\/pages\/128\/revisions"}],"predecessor-version":[{"id":318,"href":"https:\/\/www.aesthetik-team-oldenburg.de\/index.php\/wp-json\/wp\/v2\/pages\/128\/revisions\/318"}],"wp:attachment":[{"href":"https:\/\/www.aesthetik-team-oldenburg.de\/index.php\/wp-json\/wp\/v2\/media?parent=128"}],"curies":[{"name":"wp","href":"https:\/\/api.w.org\/{rel}","templated":true}]}}