{"id":131,"date":"2019-09-06T11:38:49","date_gmt":"2019-09-06T11:38:49","guid":{"rendered":"http:\/\/www.aesthetik-team-oldenburg.de\/?page_id=131"},"modified":"2020-01-15T11:05:25","modified_gmt":"2020-01-15T11:05:25","slug":"eigenfettinjektion-lipofilling","status":"publish","type":"page","link":"https:\/\/www.aesthetik-team-oldenburg.de\/index.php\/eigenfettinjektion-lipofilling\/","title":{"rendered":"Eigenfettinjektion (Lipofilling)"},"content":{"rendered":"<div class=\"wpb-content-wrapper\"><p>[vc_row padding_top=&#8220;0&#8243; padding_bottom=&#8220;0&#8243;][vc_column][vc_column_text]<\/p>\n<h1>Eigenfettinjektion (Lipofilling)<\/h1>\n<p><strong>Bei tiefen Falten, hageren Gesichtspartien, Volumenmangel der Brust oder Verlust von Unterhautfettgewebe \u2026 \u00a0<\/strong><\/p>\n<p>\u2026 kann ein Eigenfett-Transfer zur nat\u00fcrlichen Faltengl\u00e4ttung und zum Volumenaufbau genutzt werden. Auch bei relativ kleinen Br\u00fcsten kann \u2013 abh\u00e4ngig vom individuellen Befund &#8211; ein Lipofilling sinnvoll sein.<\/p>\n<p>Bei entsprechender Indikation l\u00e4sst sich auch ein f\u00fclliges, h\u00e4ngendes oder plattes Ges\u00e4\u00df durch eine geschickte Fett-Umverteilung proportional nat\u00fcrlicher und harmonischer gestalten.<\/p>\n<h2>Behandlungsablauf Eigenfettinjektion<\/h2>\n<p>[\/vc_column_text][vc_tta_accordion active_section=&#8220;0&#8243; collapsible_all=&#8220;true&#8220;][vc_tta_section title=&#8220;Was passiert bei der Eigenfettinjektion?&#8220; tab_id=&#8220;1547738095526-2a008f95-68d9&#8243;][vc_column_text]Von Bauch oder Oberschenkel wird Fettgewebe abgesaugt, von fl\u00fcssigen Teilen befreit und in kleinen Portionen in die vorgesehen Areale injiziert.[\/vc_column_text][\/vc_tta_section][vc_tta_section title=&#8220;Welche An\u00e4sthesieform wird beim Lipofilling genutzt?&#8220; tab_id=&#8220;1547738095527-aa5c26b3-d544&#8243;][vc_column_text]Vollnarkose \/ D\u00e4mmerschlafnarkose[\/vc_column_text][\/vc_tta_section][vc_tta_section title=&#8220;Wie ist der Verlauf nach dem Lipofilling?&#8220; tab_id=&#8220;1547738160093-9fe5a7c8-e02c&#8220;][vc_column_text]Nach dem Lipofilling ist f\u00fcr ca. eine Woche mit Blutergussverf\u00e4rbung und Schwellung zu rechnen (Faltenbehandlung). Bei gr\u00f6\u00dferen Fettmengen, wie z.B. zur <a href=\"http:\/\/www.aesthetik-team-oldenburg.de\/index.php\/brustvergroserung\/\">Brustvergr\u00f6\u00dferung<\/a>, gibt es auch etwas l\u00e4nger andauernde Bluterg\u00fcsse.[\/vc_column_text][\/vc_tta_section][vc_tta_section title=&#8220;Welche Risiken und Komplikationen birgt eine Eigenfettinjektion?&#8220; tab_id=&#8220;1547738188361-caec3911-3a30&#8243;][vc_column_text]Eine Eigenfettinjektion ist relativ risikoarm. Das injizierte Fettgewebe kann jedoch mehr oder weniger stark resorbiert werden, sodass der Effekt nach einigen Wochen oder Monaten deutlich gemindert ist. Man ging bislang von einer Resorption von ca. 30 bis 50 Prozent aus. Danach war &#8211; abh\u00e4ngig vom angestrebten Resultat &#8211; ein erneutes Lipofilling sinnvoll. Modernste Verfahren, wie sie in unserem Team genutzt werden, erm\u00f6glichen es, dass das Eigenfett nachhaltiger vom K\u00f6rper eingearbeitet werden kann.[\/vc_column_text][\/vc_tta_section][\/vc_tta_accordion][\/vc_column][\/vc_row]<\/p>\n<\/div>","protected":false},"excerpt":{"rendered":"<p>[vc_row padding_top=&#8220;0&#8243; padding_bottom=&#8220;0&#8243;][vc_column][vc_column_text] Eigenfettinjektion (Lipofilling) Bei tiefen Falten, hageren Gesichtspartien, Volumenmangel der Brust oder Verlust von Unterhautfettgewebe \u2026 \u00a0 \u2026 kann ein Eigenfett-Transfer zur nat\u00fcrlichen Faltengl\u00e4ttung und zum Volumenaufbau genutzt werden. Auch bei relativ kleinen Br\u00fcsten kann \u2013 abh\u00e4ngig vom individuellen Befund &#8211; ein Lipofilling sinnvoll sein. Bei entsprechender Indikation l\u00e4sst sich auch ein f\u00fclliges, [&hellip;]<\/p>\n","protected":false},"author":1,"featured_media":0,"parent":0,"menu_order":0,"comment_status":"closed","ping_status":"closed","template":"","meta":{"footnotes":""},"class_list":["post-131","page","type-page","status-publish","hentry"],"yoast_head":"<!-- This site is optimized with the Yoast SEO plugin v27.4 - https:\/\/yoast.com\/product\/yoast-seo-wordpress\/ -->\n<title>Eigenfettinjektion (Lipofilling) - AESTHETIK TEAM OLDENBURG<\/title>\n<meta name=\"description\" content=\"Eigenfettinjektion. Lipofilling bei tiefen Falten, hageren Gesichtspartien, Volumenmangel oder Verlust von Unterhautfettgewebe.\" \/>\n<meta name=\"robots\" content=\"index, follow, max-snippet:-1, max-image-preview:large, max-video-preview:-1\" \/>\n<link rel=\"canonical\" href=\"https:\/\/www.aesthetik-team-oldenburg.de\/index.php\/eigenfettinjektion-lipofilling\/\" \/>\n<meta property=\"og:locale\" content=\"de_DE\" \/>\n<meta property=\"og:type\" content=\"article\" \/>\n<meta property=\"og:title\" content=\"Eigenfettinjektion (Lipofilling) - AESTHETIK TEAM OLDENBURG\" \/>\n<meta property=\"og:description\" content=\"Eigenfettinjektion. Lipofilling bei tiefen Falten, hageren Gesichtspartien, Volumenmangel oder Verlust von Unterhautfettgewebe.\" \/>\n<meta property=\"og:url\" content=\"https:\/\/www.aesthetik-team-oldenburg.de\/index.php\/eigenfettinjektion-lipofilling\/\" \/>\n<meta property=\"og:site_name\" content=\"AESTHETIK TEAM OLDENBURG\" \/>\n<meta property=\"article:modified_time\" content=\"2020-01-15T11:05:25+00:00\" \/>\n<meta name=\"twitter:card\" content=\"summary_large_image\" \/>\n<meta name=\"twitter:label1\" content=\"Gesch\u00e4tzte Lesezeit\" \/>\n\t<meta name=\"twitter:data1\" content=\"2\u00a0Minuten\" \/>\n<script type=\"application\/ld+json\" class=\"yoast-schema-graph\">{\"@context\":\"https:\\\/\\\/schema.org\",\"@graph\":[{\"@type\":\"WebPage\",\"@id\":\"https:\\\/\\\/www.aesthetik-team-oldenburg.de\\\/index.php\\\/eigenfettinjektion-lipofilling\\\/\",\"url\":\"https:\\\/\\\/www.aesthetik-team-oldenburg.de\\\/index.php\\\/eigenfettinjektion-lipofilling\\\/\",\"name\":\"Eigenfettinjektion (Lipofilling) - AESTHETIK TEAM OLDENBURG\",\"isPartOf\":{\"@id\":\"https:\\\/\\\/www.aesthetik-team-oldenburg.de\\\/#website\"},\"datePublished\":\"2019-09-06T11:38:49+00:00\",\"dateModified\":\"2020-01-15T11:05:25+00:00\",\"description\":\"Eigenfettinjektion. Lipofilling bei tiefen Falten, hageren Gesichtspartien, Volumenmangel oder Verlust von Unterhautfettgewebe.\",\"breadcrumb\":{\"@id\":\"https:\\\/\\\/www.aesthetik-team-oldenburg.de\\\/index.php\\\/eigenfettinjektion-lipofilling\\\/#breadcrumb\"},\"inLanguage\":\"de\",\"potentialAction\":[{\"@type\":\"ReadAction\",\"target\":[\"https:\\\/\\\/www.aesthetik-team-oldenburg.de\\\/index.php\\\/eigenfettinjektion-lipofilling\\\/\"]}]},{\"@type\":\"BreadcrumbList\",\"@id\":\"https:\\\/\\\/www.aesthetik-team-oldenburg.de\\\/index.php\\\/eigenfettinjektion-lipofilling\\\/#breadcrumb\",\"itemListElement\":[{\"@type\":\"ListItem\",\"position\":1,\"name\":\"Home\",\"item\":\"https:\\\/\\\/www.aesthetik-team-oldenburg.de\\\/\"},{\"@type\":\"ListItem\",\"position\":2,\"name\":\"Eigenfettinjektion (Lipofilling)\"}]},{\"@type\":\"WebSite\",\"@id\":\"https:\\\/\\\/www.aesthetik-team-oldenburg.de\\\/#website\",\"url\":\"https:\\\/\\\/www.aesthetik-team-oldenburg.de\\\/\",\"name\":\"AESTHETIK TEAM OLDENBURG\",\"description\":\"\u00c4STHETISCHE CHIRURIGE\",\"potentialAction\":[{\"@type\":\"SearchAction\",\"target\":{\"@type\":\"EntryPoint\",\"urlTemplate\":\"https:\\\/\\\/www.aesthetik-team-oldenburg.de\\\/?s={search_term_string}\"},\"query-input\":{\"@type\":\"PropertyValueSpecification\",\"valueRequired\":true,\"valueName\":\"search_term_string\"}}],\"inLanguage\":\"de\"}]}<\/script>\n<!-- \/ Yoast SEO plugin. -->","yoast_head_json":{"title":"Eigenfettinjektion (Lipofilling) - AESTHETIK TEAM OLDENBURG","description":"Eigenfettinjektion. Lipofilling bei tiefen Falten, hageren Gesichtspartien, Volumenmangel oder Verlust von Unterhautfettgewebe.","robots":{"index":"index","follow":"follow","max-snippet":"max-snippet:-1","max-image-preview":"max-image-preview:large","max-video-preview":"max-video-preview:-1"},"canonical":"https:\/\/www.aesthetik-team-oldenburg.de\/index.php\/eigenfettinjektion-lipofilling\/","og_locale":"de_DE","og_type":"article","og_title":"Eigenfettinjektion (Lipofilling) - AESTHETIK TEAM OLDENBURG","og_description":"Eigenfettinjektion. Lipofilling bei tiefen Falten, hageren Gesichtspartien, Volumenmangel oder Verlust von Unterhautfettgewebe.","og_url":"https:\/\/www.aesthetik-team-oldenburg.de\/index.php\/eigenfettinjektion-lipofilling\/","og_site_name":"AESTHETIK TEAM OLDENBURG","article_modified_time":"2020-01-15T11:05:25+00:00","twitter_card":"summary_large_image","twitter_misc":{"Gesch\u00e4tzte Lesezeit":"2\u00a0Minuten"},"schema":{"@context":"https:\/\/schema.org","@graph":[{"@type":"WebPage","@id":"https:\/\/www.aesthetik-team-oldenburg.de\/index.php\/eigenfettinjektion-lipofilling\/","url":"https:\/\/www.aesthetik-team-oldenburg.de\/index.php\/eigenfettinjektion-lipofilling\/","name":"Eigenfettinjektion (Lipofilling) - AESTHETIK TEAM OLDENBURG","isPartOf":{"@id":"https:\/\/www.aesthetik-team-oldenburg.de\/#website"},"datePublished":"2019-09-06T11:38:49+00:00","dateModified":"2020-01-15T11:05:25+00:00","description":"Eigenfettinjektion. Lipofilling bei tiefen Falten, hageren Gesichtspartien, Volumenmangel oder Verlust von Unterhautfettgewebe.","breadcrumb":{"@id":"https:\/\/www.aesthetik-team-oldenburg.de\/index.php\/eigenfettinjektion-lipofilling\/#breadcrumb"},"inLanguage":"de","potentialAction":[{"@type":"ReadAction","target":["https:\/\/www.aesthetik-team-oldenburg.de\/index.php\/eigenfettinjektion-lipofilling\/"]}]},{"@type":"BreadcrumbList","@id":"https:\/\/www.aesthetik-team-oldenburg.de\/index.php\/eigenfettinjektion-lipofilling\/#breadcrumb","itemListElement":[{"@type":"ListItem","position":1,"name":"Home","item":"https:\/\/www.aesthetik-team-oldenburg.de\/"},{"@type":"ListItem","position":2,"name":"Eigenfettinjektion (Lipofilling)"}]},{"@type":"WebSite","@id":"https:\/\/www.aesthetik-team-oldenburg.de\/#website","url":"https:\/\/www.aesthetik-team-oldenburg.de\/","name":"AESTHETIK TEAM OLDENBURG","description":"\u00c4STHETISCHE CHIRURIGE","potentialAction":[{"@type":"SearchAction","target":{"@type":"EntryPoint","urlTemplate":"https:\/\/www.aesthetik-team-oldenburg.de\/?s={search_term_string}"},"query-input":{"@type":"PropertyValueSpecification","valueRequired":true,"valueName":"search_term_string"}}],"inLanguage":"de"}]}},"_links":{"self":[{"href":"https:\/\/www.aesthetik-team-oldenburg.de\/index.php\/wp-json\/wp\/v2\/pages\/131","targetHints":{"allow":["GET"]}}],"collection":[{"href":"https:\/\/www.aesthetik-team-oldenburg.de\/index.php\/wp-json\/wp\/v2\/pages"}],"about":[{"href":"https:\/\/www.aesthetik-team-oldenburg.de\/index.php\/wp-json\/wp\/v2\/types\/page"}],"author":[{"embeddable":true,"href":"https:\/\/www.aesthetik-team-oldenburg.de\/index.php\/wp-json\/wp\/v2\/users\/1"}],"replies":[{"embeddable":true,"href":"https:\/\/www.aesthetik-team-oldenburg.de\/index.php\/wp-json\/wp\/v2\/comments?post=131"}],"version-history":[{"count":5,"href":"https:\/\/www.aesthetik-team-oldenburg.de\/index.php\/wp-json\/wp\/v2\/pages\/131\/revisions"}],"predecessor-version":[{"id":363,"href":"https:\/\/www.aesthetik-team-oldenburg.de\/index.php\/wp-json\/wp\/v2\/pages\/131\/revisions\/363"}],"wp:attachment":[{"href":"https:\/\/www.aesthetik-team-oldenburg.de\/index.php\/wp-json\/wp\/v2\/media?parent=131"}],"curies":[{"name":"wp","href":"https:\/\/api.w.org\/{rel}","templated":true}]}}