{"id":141,"date":"2019-09-06T11:53:45","date_gmt":"2019-09-06T11:53:45","guid":{"rendered":"http:\/\/www.aesthetik-team-oldenburg.de\/?page_id=141"},"modified":"2022-10-24T22:54:13","modified_gmt":"2022-10-24T22:54:13","slug":"fettabsaugung-gesicht","status":"publish","type":"page","link":"https:\/\/www.aesthetik-team-oldenburg.de\/index.php\/fettabsaugung-gesicht\/","title":{"rendered":"Fettabsaugung Gesicht"},"content":{"rendered":"<div class=\"wpb-content-wrapper\"><p>[vc_row padding_top=&#8220;0&#8243; padding_bottom=&#8220;0&#8243;][vc_column][vc_column_text]<\/p>\n<h1 style=\"font-weight: 400;\">FETTABSAUGUNG \/DOPPELKINN ABSAUGEN<\/h1>\n<p style=\"font-weight: 400;\">Ungeliebte Formen am Kinn lassen sich mittels einer chirurgischen Kinnkorrektur beheben. Bei entsprechender Indikation k\u00f6nnen auch st\u00f6rende P\u00f6lsterchen am Hals oder ein kleines Doppelkinn mit einer wasserstrahl-assistierten Liposuktion (WAL)\u00a0 \u00e4sthetisch korrigiert werden.\u00a0Lesen Sie <a href=\"http:\/\/www.aesthetik-team-oldenburg.de\/index.php\/fettabsaugung-liposuktion\/\">hier<\/a> mehr \u00fcber das risikoarme Verfahren, das zum Absaugen eines Doppelkinns in unserer Praxis verwendet wird.<\/p>\n<p>[\/vc_column_text][\/vc_column][\/vc_row]<\/p>\n<\/div>","protected":false},"excerpt":{"rendered":"<p>[vc_row padding_top=&#8220;0&#8243; padding_bottom=&#8220;0&#8243;][vc_column][vc_column_text] FETTABSAUGUNG \/DOPPELKINN ABSAUGEN Ungeliebte Formen am Kinn lassen sich mittels einer chirurgischen Kinnkorrektur beheben. Bei entsprechender Indikation k\u00f6nnen auch st\u00f6rende P\u00f6lsterchen am Hals oder ein kleines Doppelkinn mit einer wasserstrahl-assistierten Liposuktion (WAL)\u00a0 \u00e4sthetisch korrigiert werden.\u00a0Lesen Sie hier mehr \u00fcber das risikoarme Verfahren, das zum Absaugen eines Doppelkinns in unserer Praxis verwendet wird. [&hellip;]<\/p>\n","protected":false},"author":1,"featured_media":0,"parent":0,"menu_order":0,"comment_status":"closed","ping_status":"closed","template":"","meta":{"footnotes":""},"class_list":["post-141","page","type-page","status-publish","hentry"],"yoast_head":"<!-- This site is optimized with the Yoast SEO plugin v27.4 - https:\/\/yoast.com\/product\/yoast-seo-wordpress\/ -->\n<title>Fettabsaugung Gesicht - AESTHETIK TEAM OLDENBURG<\/title>\n<meta name=\"description\" content=\"Fettabsaugung bei kleinen Fettp\u00f6lsterchen am Hals oder kleinem Doppelkinn. Schonend. Wasserstrahl-assistierten Liposuktion (WAL).\" \/>\n<meta name=\"robots\" content=\"index, follow, max-snippet:-1, max-image-preview:large, max-video-preview:-1\" \/>\n<link rel=\"canonical\" href=\"https:\/\/www.aesthetik-team-oldenburg.de\/index.php\/fettabsaugung-gesicht\/\" \/>\n<meta property=\"og:locale\" content=\"de_DE\" \/>\n<meta property=\"og:type\" content=\"article\" \/>\n<meta property=\"og:title\" content=\"Fettabsaugung Gesicht - AESTHETIK TEAM OLDENBURG\" \/>\n<meta property=\"og:description\" content=\"Fettabsaugung bei kleinen Fettp\u00f6lsterchen am Hals oder kleinem Doppelkinn. Schonend. Wasserstrahl-assistierten Liposuktion (WAL).\" \/>\n<meta property=\"og:url\" content=\"https:\/\/www.aesthetik-team-oldenburg.de\/index.php\/fettabsaugung-gesicht\/\" \/>\n<meta property=\"og:site_name\" content=\"AESTHETIK TEAM OLDENBURG\" \/>\n<meta property=\"article:modified_time\" content=\"2022-10-24T22:54:13+00:00\" \/>\n<meta name=\"twitter:card\" content=\"summary_large_image\" \/>\n<script type=\"application\/ld+json\" class=\"yoast-schema-graph\">{\"@context\":\"https:\\\/\\\/schema.org\",\"@graph\":[{\"@type\":\"WebPage\",\"@id\":\"https:\\\/\\\/www.aesthetik-team-oldenburg.de\\\/index.php\\\/fettabsaugung-gesicht\\\/\",\"url\":\"https:\\\/\\\/www.aesthetik-team-oldenburg.de\\\/index.php\\\/fettabsaugung-gesicht\\\/\",\"name\":\"Fettabsaugung Gesicht - AESTHETIK TEAM OLDENBURG\",\"isPartOf\":{\"@id\":\"https:\\\/\\\/www.aesthetik-team-oldenburg.de\\\/#website\"},\"datePublished\":\"2019-09-06T11:53:45+00:00\",\"dateModified\":\"2022-10-24T22:54:13+00:00\",\"description\":\"Fettabsaugung bei kleinen Fettp\u00f6lsterchen am Hals oder kleinem Doppelkinn. Schonend. Wasserstrahl-assistierten Liposuktion (WAL).\",\"breadcrumb\":{\"@id\":\"https:\\\/\\\/www.aesthetik-team-oldenburg.de\\\/index.php\\\/fettabsaugung-gesicht\\\/#breadcrumb\"},\"inLanguage\":\"de\",\"potentialAction\":[{\"@type\":\"ReadAction\",\"target\":[\"https:\\\/\\\/www.aesthetik-team-oldenburg.de\\\/index.php\\\/fettabsaugung-gesicht\\\/\"]}]},{\"@type\":\"BreadcrumbList\",\"@id\":\"https:\\\/\\\/www.aesthetik-team-oldenburg.de\\\/index.php\\\/fettabsaugung-gesicht\\\/#breadcrumb\",\"itemListElement\":[{\"@type\":\"ListItem\",\"position\":1,\"name\":\"Home\",\"item\":\"https:\\\/\\\/www.aesthetik-team-oldenburg.de\\\/\"},{\"@type\":\"ListItem\",\"position\":2,\"name\":\"Fettabsaugung Gesicht\"}]},{\"@type\":\"WebSite\",\"@id\":\"https:\\\/\\\/www.aesthetik-team-oldenburg.de\\\/#website\",\"url\":\"https:\\\/\\\/www.aesthetik-team-oldenburg.de\\\/\",\"name\":\"AESTHETIK TEAM OLDENBURG\",\"description\":\"\u00c4STHETISCHE CHIRURIGE\",\"potentialAction\":[{\"@type\":\"SearchAction\",\"target\":{\"@type\":\"EntryPoint\",\"urlTemplate\":\"https:\\\/\\\/www.aesthetik-team-oldenburg.de\\\/?s={search_term_string}\"},\"query-input\":{\"@type\":\"PropertyValueSpecification\",\"valueRequired\":true,\"valueName\":\"search_term_string\"}}],\"inLanguage\":\"de\"}]}<\/script>\n<!-- \/ Yoast SEO plugin. -->","yoast_head_json":{"title":"Fettabsaugung Gesicht - AESTHETIK TEAM OLDENBURG","description":"Fettabsaugung bei kleinen Fettp\u00f6lsterchen am Hals oder kleinem Doppelkinn. Schonend. Wasserstrahl-assistierten Liposuktion (WAL).","robots":{"index":"index","follow":"follow","max-snippet":"max-snippet:-1","max-image-preview":"max-image-preview:large","max-video-preview":"max-video-preview:-1"},"canonical":"https:\/\/www.aesthetik-team-oldenburg.de\/index.php\/fettabsaugung-gesicht\/","og_locale":"de_DE","og_type":"article","og_title":"Fettabsaugung Gesicht - AESTHETIK TEAM OLDENBURG","og_description":"Fettabsaugung bei kleinen Fettp\u00f6lsterchen am Hals oder kleinem Doppelkinn. Schonend. Wasserstrahl-assistierten Liposuktion (WAL).","og_url":"https:\/\/www.aesthetik-team-oldenburg.de\/index.php\/fettabsaugung-gesicht\/","og_site_name":"AESTHETIK TEAM OLDENBURG","article_modified_time":"2022-10-24T22:54:13+00:00","twitter_card":"summary_large_image","schema":{"@context":"https:\/\/schema.org","@graph":[{"@type":"WebPage","@id":"https:\/\/www.aesthetik-team-oldenburg.de\/index.php\/fettabsaugung-gesicht\/","url":"https:\/\/www.aesthetik-team-oldenburg.de\/index.php\/fettabsaugung-gesicht\/","name":"Fettabsaugung Gesicht - AESTHETIK TEAM OLDENBURG","isPartOf":{"@id":"https:\/\/www.aesthetik-team-oldenburg.de\/#website"},"datePublished":"2019-09-06T11:53:45+00:00","dateModified":"2022-10-24T22:54:13+00:00","description":"Fettabsaugung bei kleinen Fettp\u00f6lsterchen am Hals oder kleinem Doppelkinn. Schonend. Wasserstrahl-assistierten Liposuktion (WAL).","breadcrumb":{"@id":"https:\/\/www.aesthetik-team-oldenburg.de\/index.php\/fettabsaugung-gesicht\/#breadcrumb"},"inLanguage":"de","potentialAction":[{"@type":"ReadAction","target":["https:\/\/www.aesthetik-team-oldenburg.de\/index.php\/fettabsaugung-gesicht\/"]}]},{"@type":"BreadcrumbList","@id":"https:\/\/www.aesthetik-team-oldenburg.de\/index.php\/fettabsaugung-gesicht\/#breadcrumb","itemListElement":[{"@type":"ListItem","position":1,"name":"Home","item":"https:\/\/www.aesthetik-team-oldenburg.de\/"},{"@type":"ListItem","position":2,"name":"Fettabsaugung Gesicht"}]},{"@type":"WebSite","@id":"https:\/\/www.aesthetik-team-oldenburg.de\/#website","url":"https:\/\/www.aesthetik-team-oldenburg.de\/","name":"AESTHETIK TEAM OLDENBURG","description":"\u00c4STHETISCHE CHIRURIGE","potentialAction":[{"@type":"SearchAction","target":{"@type":"EntryPoint","urlTemplate":"https:\/\/www.aesthetik-team-oldenburg.de\/?s={search_term_string}"},"query-input":{"@type":"PropertyValueSpecification","valueRequired":true,"valueName":"search_term_string"}}],"inLanguage":"de"}]}},"_links":{"self":[{"href":"https:\/\/www.aesthetik-team-oldenburg.de\/index.php\/wp-json\/wp\/v2\/pages\/141","targetHints":{"allow":["GET"]}}],"collection":[{"href":"https:\/\/www.aesthetik-team-oldenburg.de\/index.php\/wp-json\/wp\/v2\/pages"}],"about":[{"href":"https:\/\/www.aesthetik-team-oldenburg.de\/index.php\/wp-json\/wp\/v2\/types\/page"}],"author":[{"embeddable":true,"href":"https:\/\/www.aesthetik-team-oldenburg.de\/index.php\/wp-json\/wp\/v2\/users\/1"}],"replies":[{"embeddable":true,"href":"https:\/\/www.aesthetik-team-oldenburg.de\/index.php\/wp-json\/wp\/v2\/comments?post=141"}],"version-history":[{"count":3,"href":"https:\/\/www.aesthetik-team-oldenburg.de\/index.php\/wp-json\/wp\/v2\/pages\/141\/revisions"}],"predecessor-version":[{"id":572,"href":"https:\/\/www.aesthetik-team-oldenburg.de\/index.php\/wp-json\/wp\/v2\/pages\/141\/revisions\/572"}],"wp:attachment":[{"href":"https:\/\/www.aesthetik-team-oldenburg.de\/index.php\/wp-json\/wp\/v2\/media?parent=141"}],"curies":[{"name":"wp","href":"https:\/\/api.w.org\/{rel}","templated":true}]}}