{"id":145,"date":"2019-09-06T11:55:50","date_gmt":"2019-09-06T11:55:50","guid":{"rendered":"http:\/\/www.aesthetik-team-oldenburg.de\/?page_id=145"},"modified":"2023-11-08T13:29:50","modified_gmt":"2023-11-08T13:29:50","slug":"lidstraffung","status":"publish","type":"page","link":"https:\/\/www.aesthetik-team-oldenburg.de\/index.php\/lidstraffung\/","title":{"rendered":"Lidstraffung"},"content":{"rendered":"<div class=\"wpb-content-wrapper\"><p>[vc_row bg_type=&#8220;image&#8220; padding_top=&#8220;0&#8243; padding_bottom=&#8220;0&#8243;][vc_column][vc_column_text]<\/p>\n<h1>Lidstraffung<\/h1>\n<p><strong>Bei Gewebe\u00fcberschuss an den Oberlidern, bei Problemen beim Auftragen von Make Up in der Augenregion \u2026<\/strong><\/p>\n<p>\u2026\u00a0und \/oder bei Erschlaffung der Haut und Muskulatur mit Bildung von h\u00e4ngenden Augenlidern oder Tr\u00e4nens\u00e4cken an den Unterlidern sehen Patienten oft m\u00fcde, traurig und abgespannt aus, ohne dass dies ihrer tats\u00e4chlichen Befindlichkeit entspricht.<\/p>\n<p style=\"font-weight: 400;\">Eine fach\u00e4rztlich fachgerecht durchgef\u00fchrte Lidstraffung ist ein risikoarmer Eingriff, der Ihnen einen nat\u00fcrlich erfrischten, offenen Blick zur\u00fcckgeben kann. Ihr individueller Ausgangsbefund entscheidet \u00fcber die bestm\u00f6gliche OP-Methode f\u00fcr Ihre Augenlidkorrektur. Die Kombination einer Korrektur bei h\u00e4ngenden Augenlidern, Tr\u00e4nens\u00e4cken oder Augenschatten mit einem Hals- und\/oder Wangenlifting ist m\u00f6glich.<\/p>\n<h2>Behandlungsablauf Lidstraffung<\/h2>\n<p>[\/vc_column_text][vc_tta_accordion active_section=&#8220;0&#8243; collapsible_all=&#8220;true&#8220;][vc_tta_section title=&#8220;Was passiert bei der Lidstraffung?&#8220; tab_id=&#8220;1547738737227-23955baf-4dc1&#8243;][vc_column_text]In der Regel erfolgt die Operation in unserer Praxis in Oldenburg ambulant. Bei kombinierter Ober- und Unterlidoperation kann eine \u00dcbernachtung gew\u00e4hlt werden.<\/p>\n<p>Am Oberlid werden bei der Lidstraffungs-OP \u00fcbersch\u00fcssige Haut, Muskeln und Fettpolster entfernt. Am Unterlid erfolgt eine Straffung der Fettpolster und der Lidmuskulatur.[\/vc_column_text][\/vc_tta_section][vc_tta_section title=&#8220;Wie ist der Verlauf nach der Lidstraffung?&#8220; tab_id=&#8220;1547738737227-ed9dbf0f-a9bb&#8220;][vc_column_text]Es kommt zu Schwellungen in unterschiedlicher Auspr\u00e4gung. Selten zu einer Blutergussbildung. K\u00fchlung und eine Ruhephase f\u00fcr ein bis zwei Tage sind unbedingt angezeigt.<\/p>\n<p>Nach einer Oberlidkorrektur sind Sie nach ca. einer Woche wieder &#8222;pr\u00e4sentabel&#8220;, bei einer Unterlidstraffung dauert es &#8211; je nach Ausma\u00df der Straffung (Midface-lift) &#8211; etwas l\u00e4nger, bis Sie wieder &#8222;gesellschaftsf\u00e4hig&#8220; aussehen.<\/p>\n<p>Die winzigen verbleibenden Narben verlaufen aufgrund spezieller Nahttechniken in der oberen Lidf\u00e4ltelung, im Innenbereich des Unterlides oder im Wimpernrand, sodass sie f\u00fcr den Laien sp\u00e4ter unsichtbar sind. Der Lidschluss bleibt vollst\u00e4ndig erhalten![\/vc_column_text][\/vc_tta_section][vc_tta_section title=&#8220;Risiken und Komplikationen?&#8220; tab_id=&#8220;1547738816175-111663c8-5f8c&#8220;][vc_column_text]Eine Oberlidstraffung ist risikoarm. Alle folgend genannten St\u00f6rungen sind selten!<\/p>\n<p>Augenreizungen, Abstehen des Unterlides durch Schwellung, Tr\u00e4nentr\u00e4ufeln. Absinken des Unterlides durch Narbenzug.[\/vc_column_text][\/vc_tta_section][\/vc_tta_accordion][vc_empty_space][\/vc_column][\/vc_row][vc_row section_type=&#8220;fullwidth&#8220; bg_type=&#8220;image&#8220; bg_image=&#8220;139&#8243; bg_image_type=&#8220;parallax&#8220;][vc_column][vc_empty_space height=&#8220;300px&#8220;][\/vc_column][\/vc_row][vc_row][vc_column width=&#8220;1\/2&#8243;][vc_empty_space]<h2 class=\"grve-element grve-title grve-align-left grve-animated-item grve-fadeInRight grve-h2\" style=\"\" data-delay=\"600\"><span>Wichtige Patienteninformation: Lidstraffung ist mehr als Hautstraffung!<span class=\"grve-title-line grve-bg-primary-1\" style=\"width: 200px;height: 2px;\"><\/span><\/span><\/h2>[vc_column_text animation=&#8220;fadeInRight&#8220; animation_delay=&#8220;600&#8243; css=&#8220;.vc_custom_1551342243950{margin-bottom: -50px !important;}&#8220;]Lidstraffungen geh\u00f6ren bei Frauen und M\u00e4nnern gleicherma\u00dfen zu den beliebtesten Eingriffen in der \u00c4sthetischen Chirurgie. Vielfach wird eine Lidstraffungs-OP inzwischen jedoch als so simpel dargestellt, dass Patienten annehmen, jeder Mediziner k\u00f6nne diese nach ein paar Fortbildungsstunden mit einem \u00fcberzeugenden Ergebnis durchf\u00fchren. Dem ist nicht so, denn f\u00fcr ein sicheres, sowie \u00e4sthetisch und funktional nachhaltig \u00fcberzeugendes Ergebnis ist medizinisch mehr notwendig als eine Hautstraffung in der Augenumgebung.<\/p>\n<p>Grund f\u00fcr eine Erschlaffung der Oberlider (Schlupflider) und Tr\u00e4nens\u00e4cke im Unterlidbereich ist eine Vorw\u00f6lbung des Fettgewebes durch den Spannungsverlust des Augenringmuskels. Bei der fach\u00e4rztlich durchgef\u00fchrten Oberlidstraffung wird entsprechend nicht nur \u00fcbersch\u00fcssige Lidhaut entfernt, sondern auch der Muskel gestrafft und sich vorw\u00f6lbendes Fettgewebe entfernt. Es wird also das Augenger\u00fcst, der gesamte Unterbau unter der Haut, mit korrigiert. Erfolgt dieses nicht, und man strafft bei der Operation nur die Haut, dehnt sich diese innerhalb kurzer Zeit wieder aus. Die Augenumgebung verzieht sich ggf. unnat\u00fcrlich und es kommt zu einer erneuten Erschlaffung.[\/vc_column_text][vc_raw_html]JTVCQ09VTlRFUl9QUk8lMjBpZCUzRDI1MSU1RA==[\/vc_raw_html][vc_empty_space][\/vc_column][vc_column width=&#8220;1\/2&#8243;][vc_empty_space]<div class=\"grve-element grve-box-icon grve-align-left grve-small\" style=\"\">  <div class=\"grve-wrapper-icon grve-no-shape grve-text-grey\"><i class=\"smp-icon-info grve-text-primary-1\"><\/i><\/div>  <div class=\"grve-box-content\">      <h3 class=\"grve-box-title grve-h3\">Augenschatten effektiv behandeln<\/h3>    <p class=\"\">Mit speziellen Pr\u00e4paraten auf Basis von Hyalurons\u00e4ure kann der Facharzt auch starke Augenringe behandeln! Mittels einer Injektion von Hyalurons\u00e4ure wird die Tr\u00e4nenrinne angehoben, dunkle Schatten und Augenr\u00e4nder lassen sich effektiv verringern. Zus\u00e4tzlich k\u00f6nnen Falten und Tr\u00e4nens\u00e4cke reduziert werden. Das Resultat ist ein frischer, erholter Blick.<\/p>  <\/div><\/div>[\/vc_column][\/vc_row]<\/p>\n<\/div>","protected":false},"excerpt":{"rendered":"<p>[vc_row bg_type=&#8220;image&#8220; padding_top=&#8220;0&#8243; padding_bottom=&#8220;0&#8243;][vc_column][vc_column_text] Lidstraffung Bei Gewebe\u00fcberschuss an den Oberlidern, bei Problemen beim Auftragen von Make Up in der Augenregion \u2026 \u2026\u00a0und \/oder bei Erschlaffung der Haut und Muskulatur mit Bildung von h\u00e4ngenden Augenlidern oder Tr\u00e4nens\u00e4cken an den Unterlidern sehen Patienten oft m\u00fcde, traurig und abgespannt aus, ohne dass dies ihrer tats\u00e4chlichen Befindlichkeit entspricht. Eine [&hellip;]<\/p>\n","protected":false},"author":1,"featured_media":0,"parent":0,"menu_order":0,"comment_status":"closed","ping_status":"closed","template":"","meta":{"footnotes":""},"class_list":["post-145","page","type-page","status-publish","hentry"],"yoast_head":"<!-- This site is optimized with the Yoast SEO plugin v27.2 - https:\/\/yoast.com\/product\/yoast-seo-wordpress\/ -->\n<title>Lidstraffung - AESTHETIK TEAM OLDENBURG<\/title>\n<meta name=\"description\" content=\"Lidstraffung vom Facharzt in Oldenburg. Risikoarmer, ambulanter Eingriff f\u00fcr einen nat\u00fcrlich erfrischten Blick. Nachhaltig.\" \/>\n<meta name=\"robots\" content=\"index, follow, max-snippet:-1, max-image-preview:large, max-video-preview:-1\" \/>\n<link rel=\"canonical\" href=\"https:\/\/www.aesthetik-team-oldenburg.de\/index.php\/lidstraffung\/\" \/>\n<meta property=\"og:locale\" content=\"de_DE\" \/>\n<meta property=\"og:type\" content=\"article\" \/>\n<meta property=\"og:title\" content=\"Lidstraffung - AESTHETIK TEAM OLDENBURG\" \/>\n<meta property=\"og:description\" content=\"Lidstraffung vom Facharzt in Oldenburg. Risikoarmer, ambulanter Eingriff f\u00fcr einen nat\u00fcrlich erfrischten Blick. Nachhaltig.\" \/>\n<meta property=\"og:url\" content=\"https:\/\/www.aesthetik-team-oldenburg.de\/index.php\/lidstraffung\/\" \/>\n<meta property=\"og:site_name\" content=\"AESTHETIK TEAM OLDENBURG\" \/>\n<meta property=\"article:modified_time\" content=\"2023-11-08T13:29:50+00:00\" \/>\n<meta name=\"twitter:card\" content=\"summary_large_image\" \/>\n<meta name=\"twitter:label1\" content=\"Gesch\u00e4tzte Lesezeit\" \/>\n\t<meta name=\"twitter:data1\" content=\"3\u00a0Minuten\" \/>\n<script type=\"application\/ld+json\" class=\"yoast-schema-graph\">{\"@context\":\"https:\/\/schema.org\",\"@graph\":[{\"@type\":\"WebPage\",\"@id\":\"https:\/\/www.aesthetik-team-oldenburg.de\/index.php\/lidstraffung\/\",\"url\":\"https:\/\/www.aesthetik-team-oldenburg.de\/index.php\/lidstraffung\/\",\"name\":\"Lidstraffung - AESTHETIK TEAM OLDENBURG\",\"isPartOf\":{\"@id\":\"https:\/\/www.aesthetik-team-oldenburg.de\/#website\"},\"datePublished\":\"2019-09-06T11:55:50+00:00\",\"dateModified\":\"2023-11-08T13:29:50+00:00\",\"description\":\"Lidstraffung vom Facharzt in Oldenburg. Risikoarmer, ambulanter Eingriff f\u00fcr einen nat\u00fcrlich erfrischten Blick. Nachhaltig.\",\"breadcrumb\":{\"@id\":\"https:\/\/www.aesthetik-team-oldenburg.de\/index.php\/lidstraffung\/#breadcrumb\"},\"inLanguage\":\"de\",\"potentialAction\":[{\"@type\":\"ReadAction\",\"target\":[\"https:\/\/www.aesthetik-team-oldenburg.de\/index.php\/lidstraffung\/\"]}]},{\"@type\":\"BreadcrumbList\",\"@id\":\"https:\/\/www.aesthetik-team-oldenburg.de\/index.php\/lidstraffung\/#breadcrumb\",\"itemListElement\":[{\"@type\":\"ListItem\",\"position\":1,\"name\":\"Home\",\"item\":\"https:\/\/www.aesthetik-team-oldenburg.de\/\"},{\"@type\":\"ListItem\",\"position\":2,\"name\":\"Lidstraffung\"}]},{\"@type\":\"WebSite\",\"@id\":\"https:\/\/www.aesthetik-team-oldenburg.de\/#website\",\"url\":\"https:\/\/www.aesthetik-team-oldenburg.de\/\",\"name\":\"AESTHETIK TEAM OLDENBURG\",\"description\":\"\u00c4STHETISCHE CHIRURIGE\",\"potentialAction\":[{\"@type\":\"SearchAction\",\"target\":{\"@type\":\"EntryPoint\",\"urlTemplate\":\"https:\/\/www.aesthetik-team-oldenburg.de\/?s={search_term_string}\"},\"query-input\":{\"@type\":\"PropertyValueSpecification\",\"valueRequired\":true,\"valueName\":\"search_term_string\"}}],\"inLanguage\":\"de\"}]}<\/script>\n<!-- \/ Yoast SEO plugin. -->","yoast_head_json":{"title":"Lidstraffung - AESTHETIK TEAM OLDENBURG","description":"Lidstraffung vom Facharzt in Oldenburg. Risikoarmer, ambulanter Eingriff f\u00fcr einen nat\u00fcrlich erfrischten Blick. Nachhaltig.","robots":{"index":"index","follow":"follow","max-snippet":"max-snippet:-1","max-image-preview":"max-image-preview:large","max-video-preview":"max-video-preview:-1"},"canonical":"https:\/\/www.aesthetik-team-oldenburg.de\/index.php\/lidstraffung\/","og_locale":"de_DE","og_type":"article","og_title":"Lidstraffung - AESTHETIK TEAM OLDENBURG","og_description":"Lidstraffung vom Facharzt in Oldenburg. Risikoarmer, ambulanter Eingriff f\u00fcr einen nat\u00fcrlich erfrischten Blick. Nachhaltig.","og_url":"https:\/\/www.aesthetik-team-oldenburg.de\/index.php\/lidstraffung\/","og_site_name":"AESTHETIK TEAM OLDENBURG","article_modified_time":"2023-11-08T13:29:50+00:00","twitter_card":"summary_large_image","twitter_misc":{"Gesch\u00e4tzte Lesezeit":"3\u00a0Minuten"},"schema":{"@context":"https:\/\/schema.org","@graph":[{"@type":"WebPage","@id":"https:\/\/www.aesthetik-team-oldenburg.de\/index.php\/lidstraffung\/","url":"https:\/\/www.aesthetik-team-oldenburg.de\/index.php\/lidstraffung\/","name":"Lidstraffung - AESTHETIK TEAM OLDENBURG","isPartOf":{"@id":"https:\/\/www.aesthetik-team-oldenburg.de\/#website"},"datePublished":"2019-09-06T11:55:50+00:00","dateModified":"2023-11-08T13:29:50+00:00","description":"Lidstraffung vom Facharzt in Oldenburg. Risikoarmer, ambulanter Eingriff f\u00fcr einen nat\u00fcrlich erfrischten Blick. Nachhaltig.","breadcrumb":{"@id":"https:\/\/www.aesthetik-team-oldenburg.de\/index.php\/lidstraffung\/#breadcrumb"},"inLanguage":"de","potentialAction":[{"@type":"ReadAction","target":["https:\/\/www.aesthetik-team-oldenburg.de\/index.php\/lidstraffung\/"]}]},{"@type":"BreadcrumbList","@id":"https:\/\/www.aesthetik-team-oldenburg.de\/index.php\/lidstraffung\/#breadcrumb","itemListElement":[{"@type":"ListItem","position":1,"name":"Home","item":"https:\/\/www.aesthetik-team-oldenburg.de\/"},{"@type":"ListItem","position":2,"name":"Lidstraffung"}]},{"@type":"WebSite","@id":"https:\/\/www.aesthetik-team-oldenburg.de\/#website","url":"https:\/\/www.aesthetik-team-oldenburg.de\/","name":"AESTHETIK TEAM OLDENBURG","description":"\u00c4STHETISCHE CHIRURIGE","potentialAction":[{"@type":"SearchAction","target":{"@type":"EntryPoint","urlTemplate":"https:\/\/www.aesthetik-team-oldenburg.de\/?s={search_term_string}"},"query-input":{"@type":"PropertyValueSpecification","valueRequired":true,"valueName":"search_term_string"}}],"inLanguage":"de"}]}},"_links":{"self":[{"href":"https:\/\/www.aesthetik-team-oldenburg.de\/index.php\/wp-json\/wp\/v2\/pages\/145","targetHints":{"allow":["GET"]}}],"collection":[{"href":"https:\/\/www.aesthetik-team-oldenburg.de\/index.php\/wp-json\/wp\/v2\/pages"}],"about":[{"href":"https:\/\/www.aesthetik-team-oldenburg.de\/index.php\/wp-json\/wp\/v2\/types\/page"}],"author":[{"embeddable":true,"href":"https:\/\/www.aesthetik-team-oldenburg.de\/index.php\/wp-json\/wp\/v2\/users\/1"}],"replies":[{"embeddable":true,"href":"https:\/\/www.aesthetik-team-oldenburg.de\/index.php\/wp-json\/wp\/v2\/comments?post=145"}],"version-history":[{"count":11,"href":"https:\/\/www.aesthetik-team-oldenburg.de\/index.php\/wp-json\/wp\/v2\/pages\/145\/revisions"}],"predecessor-version":[{"id":628,"href":"https:\/\/www.aesthetik-team-oldenburg.de\/index.php\/wp-json\/wp\/v2\/pages\/145\/revisions\/628"}],"wp:attachment":[{"href":"https:\/\/www.aesthetik-team-oldenburg.de\/index.php\/wp-json\/wp\/v2\/media?parent=145"}],"curies":[{"name":"wp","href":"https:\/\/api.w.org\/{rel}","templated":true}]}}