{"id":148,"date":"2019-09-06T11:57:22","date_gmt":"2019-09-06T11:57:22","guid":{"rendered":"http:\/\/www.aesthetik-team-oldenburg.de\/?page_id=148"},"modified":"2024-05-22T07:27:42","modified_gmt":"2024-05-22T07:27:42","slug":"nasenkorrektur-rhinoplastik","status":"publish","type":"page","link":"https:\/\/www.aesthetik-team-oldenburg.de\/index.php\/nasenkorrektur-rhinoplastik\/","title":{"rendered":"Nasenkorrektur (Rhinoplastik)"},"content":{"rendered":"<div class=\"wpb-content-wrapper\"><p>[vc_row padding_top=&#8220;0&#8243; padding_bottom=&#8220;0&#8243;][vc_column][vc_column_text]<\/p>\n<h1>Nasenkorrektur (Rhinoplastik)<strong>\u00a0<\/strong><\/h1>\n<p><strong>Wenn Ihnen Ihre eigene Nase nicht gef\u00e4llt, wenn Sie die Korrektur eines Nasenh\u00f6ckers oder einer knolligen Nasenspitze w\u00fcnschen, \u2026<\/strong><\/p>\n<p>\u2026 kann Ihre Nase im Rahmen einer Plastischen \u00c4sthetischen OP eine harmonischere Form erhalten.<\/p>\n<p>Eine Nasenkorrektur wird regelhaft in Vollnarkose durchgef\u00fchrt. Bei gesicherter h\u00e4uslicher Betreuung in den ersten 24 Stunden nach der OP ist \u2013 je nach individuellem Ausgangsbefund \u2013 eine ambulante Operation m\u00f6glich.<\/p>\n<h2>Behandlungsablauf Nasenkorrektur<\/h2>\n<p>[\/vc_column_text][vc_tta_accordion active_section=&#8220;0&#8243; collapsible_all=&#8220;true&#8220;][vc_tta_section title=&#8220;Was passiert bei einer Nasenkorrektur?&#8220; tab_id=&#8220;1547738959841-27a75bcc-c110&#8243;][vc_column_text]Das kn\u00f6cherne und knorpelige St\u00fctzger\u00fcst der Nase wird neu geformt. \u00dcbersch\u00fcssige Knorpel- oder Knochenanteile werden entfernt. Selten ist eine Knorpelverpflanzung mit Entnahme, z.B. vom Ohr, erforderlich, um die neue Form der Nase langfristig zu stabilisieren.[\/vc_column_text][\/vc_tta_section][vc_tta_section title=&#8220;Wie ist der Verlauf nach der Rhinoplastik?&#8220; tab_id=&#8220;1547738959841-c2a82f7d-8aec&#8220;][vc_column_text]St\u00e4rkere Schmerzen nach einer Nasenkorrektur treten sehr selten auf.<\/p>\n<p>Es wird f\u00fcr 24 Stunden eine Nasentamponade gelegt. Hierdurch kommt es zu einer Behinderung der Nasenatmung. Eine Nasenschiene muss nach der Operation zum Schutz f\u00fcr sieben bis zehn Tage getragen werden.<\/p>\n<p>In den ersten Tagen nach der Nasenkorrektur sollte mit erh\u00f6htem Oberk\u00f6rper geschlafen und der Gesichtsbereich regelm\u00e4\u00dfig gek\u00fchlt werden. Die Nase darf einige Tage lang nicht geschn\u00e4uzt werden. Der Mund sollte beim Niesen weit ge\u00f6ffnet werden.<\/p>\n<p>Schwellungen und Bluterg\u00fcsse sind nach zwei Wochen normalerweise nicht mehr zu sehen.<\/p>\n<p>K\u00f6rperliche Anstrengungen m\u00fcssen vier Wochen, \u201egef\u00e4hrliche\u201c Sportarten mindestens sechs Wochen vermieden werden. Sonnenbaden und Solarium sind drei Monate lang zu vermeiden. Nach drei bis vier Monaten sollte die Nase ihre endg\u00fcltige Form haben \u2013 manchmal kann dies aber auch bis zu einem Jahr dauern.<strong>\u00a0<\/strong><\/p>\n<p><strong>Wichtig f\u00fcr Brillentr\u00e4ger: Eine Brille darf erst wieder sechs Monate nach der Rhinoplastik getragen werden! <\/strong>[\/vc_column_text][\/vc_tta_section][vc_tta_section title=&#8220;Risiken und Komplikationen?&#8220; tab_id=&#8220;1547739025389-2e92d364-c171&#8243;][vc_column_text]Regelm\u00e4\u00dfig kommt es zu einer mehr oder weniger stark ausgepr\u00e4gten Schwellung und Blutergussverf\u00e4rbung im Gesichtsbereich.<\/p>\n<p>Grobporige Haut kann die Ausbildung einer feinen Nasenspitze verhindern. Sehr d\u00fcnne Haut l\u00e4sst Knorpel- und Knochenger\u00fcst deutlicher hervortreten.<\/p>\n<p>Ernsthafte Komplikationen, wie starke Nachblutung, eitrige Wundinfektion oder Verletzung des Tr\u00e4nenkanals, sind sehr selten.<\/p>\n<p>Sehr selten kann es nach gro\u00dfen Korrekturen durch Narben und Durchblutungsst\u00f6rungen zu Knorpelsch\u00e4den kommen, die Form und Funktion der Nase beeintr\u00e4chtigen und weitere Operationen zur Folge haben.[\/vc_column_text][\/vc_tta_section][\/vc_tta_accordion]<div class=\"grve-element grve-box-icon grve-align-left grve-small grve-animated-item grve-fadeInRight\" style=\"\" data-delay=\"600\">  <div class=\"grve-wrapper-icon grve-no-shape grve-text-grey\"><i class=\"smp-icon-info grve-text-primary-1\"><\/i><\/div>  <div class=\"grve-box-content\">      <h2 class=\"grve-box-title grve-h2\">Kleine Nasenkorrekturen mit Hyaluron! Ambulanter Eingriff dauert f\u00fcnf Minuten!<\/h2>    <p class=\"\">Kleine Korrekturen von Nasenfehlbildungen, beispielsweise bei Rund-, Lang-, Sattel-, H\u00f6cker- oder Stupsnase, waren bislang ausschlie\u00dflich mittels einer plastischen Operation m\u00f6glich. Inzwischen lassen sich exzellente Korrekturergebnisse oft durch eine Unterspritzung mit stabiler Hyalurons\u00e4ure erreichen.\n\n\nDie ambulante Eingriffsdauer betr\u00e4gt ca. f\u00fcnf Minuten. Zur Bet\u00e4ubung reicht eine Salbenan\u00e4sthesie aus. Die erste Unterspritzung sollte nach zirka zwei Monaten aufgefrischt werden. Danach verl\u00e4ngern sich die Behandlungsintervalle deutlich! Etwa ein Drittel der Unterspritzung bleibt l\u00e4ngerfristig, sodass als Folgebehandlung ca. eine Auffrischung pro Jahr ausreicht.\n\n\nM\u00f6gliche Nebenwirkungen sind nur von kurzer Dauer und k\u00f6nnen mit Make Up leicht kaschiert werden. Allerdings muss direkt nach der Behandlung f\u00fcr ca. zwei Tage auf das Tragen einer Brille verzichtet werden, da die Hyalurons\u00e4ure unmittelbar nach der Unterspritzung noch formbar ist.<\/p>  <\/div><\/div>[\/vc_column][\/vc_row]<\/p>\n<\/div>","protected":false},"excerpt":{"rendered":"<p>[vc_row padding_top=&#8220;0&#8243; padding_bottom=&#8220;0&#8243;][vc_column][vc_column_text] Nasenkorrektur (Rhinoplastik)\u00a0 Wenn Ihnen Ihre eigene Nase nicht gef\u00e4llt, wenn Sie die Korrektur eines Nasenh\u00f6ckers oder einer knolligen Nasenspitze w\u00fcnschen, \u2026 \u2026 kann Ihre Nase im Rahmen einer Plastischen \u00c4sthetischen OP eine harmonischere Form erhalten. Eine Nasenkorrektur wird regelhaft in Vollnarkose durchgef\u00fchrt. Bei gesicherter h\u00e4uslicher Betreuung in den ersten 24 Stunden nach [&hellip;]<\/p>\n","protected":false},"author":1,"featured_media":0,"parent":0,"menu_order":0,"comment_status":"closed","ping_status":"closed","template":"","meta":{"footnotes":""},"class_list":["post-148","page","type-page","status-publish","hentry"],"yoast_head":"<!-- This site is optimized with the Yoast SEO plugin v27.4 - https:\/\/yoast.com\/product\/yoast-seo-wordpress\/ -->\n<title>Nasenkorrektur (Rhinoplastik) - AESTHETIK TEAM OLDENBURG<\/title>\n<meta name=\"description\" content=\"Ambulante Nasenkorrektur mit Hyalurons\u00e4ure. Rhinoplastik bei Nasenh\u00f6cker und knolliger Nasenspitze. OP von erfahrenem Facharzt.\" \/>\n<meta name=\"robots\" content=\"index, follow, max-snippet:-1, max-image-preview:large, max-video-preview:-1\" \/>\n<link rel=\"canonical\" href=\"https:\/\/www.aesthetik-team-oldenburg.de\/index.php\/nasenkorrektur-rhinoplastik\/\" \/>\n<meta property=\"og:locale\" content=\"de_DE\" \/>\n<meta property=\"og:type\" content=\"article\" \/>\n<meta property=\"og:title\" content=\"Nasenkorrektur (Rhinoplastik) - AESTHETIK TEAM OLDENBURG\" \/>\n<meta property=\"og:description\" content=\"Ambulante Nasenkorrektur mit Hyalurons\u00e4ure. Rhinoplastik bei Nasenh\u00f6cker und knolliger Nasenspitze. OP von erfahrenem Facharzt.\" \/>\n<meta property=\"og:url\" content=\"https:\/\/www.aesthetik-team-oldenburg.de\/index.php\/nasenkorrektur-rhinoplastik\/\" \/>\n<meta property=\"og:site_name\" content=\"AESTHETIK TEAM OLDENBURG\" \/>\n<meta property=\"article:modified_time\" content=\"2024-05-22T07:27:42+00:00\" \/>\n<meta name=\"twitter:card\" content=\"summary_large_image\" \/>\n<meta name=\"twitter:label1\" content=\"Gesch\u00e4tzte Lesezeit\" \/>\n\t<meta name=\"twitter:data1\" content=\"3\u00a0Minuten\" \/>\n<script type=\"application\/ld+json\" class=\"yoast-schema-graph\">{\"@context\":\"https:\\\/\\\/schema.org\",\"@graph\":[{\"@type\":\"WebPage\",\"@id\":\"https:\\\/\\\/www.aesthetik-team-oldenburg.de\\\/index.php\\\/nasenkorrektur-rhinoplastik\\\/\",\"url\":\"https:\\\/\\\/www.aesthetik-team-oldenburg.de\\\/index.php\\\/nasenkorrektur-rhinoplastik\\\/\",\"name\":\"Nasenkorrektur (Rhinoplastik) - AESTHETIK TEAM OLDENBURG\",\"isPartOf\":{\"@id\":\"https:\\\/\\\/www.aesthetik-team-oldenburg.de\\\/#website\"},\"datePublished\":\"2019-09-06T11:57:22+00:00\",\"dateModified\":\"2024-05-22T07:27:42+00:00\",\"description\":\"Ambulante Nasenkorrektur mit Hyalurons\u00e4ure. Rhinoplastik bei Nasenh\u00f6cker und knolliger Nasenspitze. OP von erfahrenem Facharzt.\",\"breadcrumb\":{\"@id\":\"https:\\\/\\\/www.aesthetik-team-oldenburg.de\\\/index.php\\\/nasenkorrektur-rhinoplastik\\\/#breadcrumb\"},\"inLanguage\":\"de\",\"potentialAction\":[{\"@type\":\"ReadAction\",\"target\":[\"https:\\\/\\\/www.aesthetik-team-oldenburg.de\\\/index.php\\\/nasenkorrektur-rhinoplastik\\\/\"]}]},{\"@type\":\"BreadcrumbList\",\"@id\":\"https:\\\/\\\/www.aesthetik-team-oldenburg.de\\\/index.php\\\/nasenkorrektur-rhinoplastik\\\/#breadcrumb\",\"itemListElement\":[{\"@type\":\"ListItem\",\"position\":1,\"name\":\"Home\",\"item\":\"https:\\\/\\\/www.aesthetik-team-oldenburg.de\\\/\"},{\"@type\":\"ListItem\",\"position\":2,\"name\":\"Nasenkorrektur (Rhinoplastik)\"}]},{\"@type\":\"WebSite\",\"@id\":\"https:\\\/\\\/www.aesthetik-team-oldenburg.de\\\/#website\",\"url\":\"https:\\\/\\\/www.aesthetik-team-oldenburg.de\\\/\",\"name\":\"AESTHETIK TEAM OLDENBURG\",\"description\":\"\u00c4STHETISCHE CHIRURIGE\",\"potentialAction\":[{\"@type\":\"SearchAction\",\"target\":{\"@type\":\"EntryPoint\",\"urlTemplate\":\"https:\\\/\\\/www.aesthetik-team-oldenburg.de\\\/?s={search_term_string}\"},\"query-input\":{\"@type\":\"PropertyValueSpecification\",\"valueRequired\":true,\"valueName\":\"search_term_string\"}}],\"inLanguage\":\"de\"}]}<\/script>\n<!-- \/ Yoast SEO plugin. -->","yoast_head_json":{"title":"Nasenkorrektur (Rhinoplastik) - AESTHETIK TEAM OLDENBURG","description":"Ambulante Nasenkorrektur mit Hyalurons\u00e4ure. Rhinoplastik bei Nasenh\u00f6cker und knolliger Nasenspitze. OP von erfahrenem Facharzt.","robots":{"index":"index","follow":"follow","max-snippet":"max-snippet:-1","max-image-preview":"max-image-preview:large","max-video-preview":"max-video-preview:-1"},"canonical":"https:\/\/www.aesthetik-team-oldenburg.de\/index.php\/nasenkorrektur-rhinoplastik\/","og_locale":"de_DE","og_type":"article","og_title":"Nasenkorrektur (Rhinoplastik) - AESTHETIK TEAM OLDENBURG","og_description":"Ambulante Nasenkorrektur mit Hyalurons\u00e4ure. Rhinoplastik bei Nasenh\u00f6cker und knolliger Nasenspitze. OP von erfahrenem Facharzt.","og_url":"https:\/\/www.aesthetik-team-oldenburg.de\/index.php\/nasenkorrektur-rhinoplastik\/","og_site_name":"AESTHETIK TEAM OLDENBURG","article_modified_time":"2024-05-22T07:27:42+00:00","twitter_card":"summary_large_image","twitter_misc":{"Gesch\u00e4tzte Lesezeit":"3\u00a0Minuten"},"schema":{"@context":"https:\/\/schema.org","@graph":[{"@type":"WebPage","@id":"https:\/\/www.aesthetik-team-oldenburg.de\/index.php\/nasenkorrektur-rhinoplastik\/","url":"https:\/\/www.aesthetik-team-oldenburg.de\/index.php\/nasenkorrektur-rhinoplastik\/","name":"Nasenkorrektur (Rhinoplastik) - AESTHETIK TEAM OLDENBURG","isPartOf":{"@id":"https:\/\/www.aesthetik-team-oldenburg.de\/#website"},"datePublished":"2019-09-06T11:57:22+00:00","dateModified":"2024-05-22T07:27:42+00:00","description":"Ambulante Nasenkorrektur mit Hyalurons\u00e4ure. Rhinoplastik bei Nasenh\u00f6cker und knolliger Nasenspitze. OP von erfahrenem Facharzt.","breadcrumb":{"@id":"https:\/\/www.aesthetik-team-oldenburg.de\/index.php\/nasenkorrektur-rhinoplastik\/#breadcrumb"},"inLanguage":"de","potentialAction":[{"@type":"ReadAction","target":["https:\/\/www.aesthetik-team-oldenburg.de\/index.php\/nasenkorrektur-rhinoplastik\/"]}]},{"@type":"BreadcrumbList","@id":"https:\/\/www.aesthetik-team-oldenburg.de\/index.php\/nasenkorrektur-rhinoplastik\/#breadcrumb","itemListElement":[{"@type":"ListItem","position":1,"name":"Home","item":"https:\/\/www.aesthetik-team-oldenburg.de\/"},{"@type":"ListItem","position":2,"name":"Nasenkorrektur (Rhinoplastik)"}]},{"@type":"WebSite","@id":"https:\/\/www.aesthetik-team-oldenburg.de\/#website","url":"https:\/\/www.aesthetik-team-oldenburg.de\/","name":"AESTHETIK TEAM OLDENBURG","description":"\u00c4STHETISCHE CHIRURIGE","potentialAction":[{"@type":"SearchAction","target":{"@type":"EntryPoint","urlTemplate":"https:\/\/www.aesthetik-team-oldenburg.de\/?s={search_term_string}"},"query-input":{"@type":"PropertyValueSpecification","valueRequired":true,"valueName":"search_term_string"}}],"inLanguage":"de"}]}},"_links":{"self":[{"href":"https:\/\/www.aesthetik-team-oldenburg.de\/index.php\/wp-json\/wp\/v2\/pages\/148","targetHints":{"allow":["GET"]}}],"collection":[{"href":"https:\/\/www.aesthetik-team-oldenburg.de\/index.php\/wp-json\/wp\/v2\/pages"}],"about":[{"href":"https:\/\/www.aesthetik-team-oldenburg.de\/index.php\/wp-json\/wp\/v2\/types\/page"}],"author":[{"embeddable":true,"href":"https:\/\/www.aesthetik-team-oldenburg.de\/index.php\/wp-json\/wp\/v2\/users\/1"}],"replies":[{"embeddable":true,"href":"https:\/\/www.aesthetik-team-oldenburg.de\/index.php\/wp-json\/wp\/v2\/comments?post=148"}],"version-history":[{"count":5,"href":"https:\/\/www.aesthetik-team-oldenburg.de\/index.php\/wp-json\/wp\/v2\/pages\/148\/revisions"}],"predecessor-version":[{"id":678,"href":"https:\/\/www.aesthetik-team-oldenburg.de\/index.php\/wp-json\/wp\/v2\/pages\/148\/revisions\/678"}],"wp:attachment":[{"href":"https:\/\/www.aesthetik-team-oldenburg.de\/index.php\/wp-json\/wp\/v2\/media?parent=148"}],"curies":[{"name":"wp","href":"https:\/\/api.w.org\/{rel}","templated":true}]}}