{"id":152,"date":"2019-09-06T11:59:08","date_gmt":"2019-09-06T11:59:08","guid":{"rendered":"http:\/\/www.aesthetik-team-oldenburg.de\/?page_id=152"},"modified":"2019-11-02T06:54:39","modified_gmt":"2019-11-02T06:54:39","slug":"bauchstraffung","status":"publish","type":"page","link":"https:\/\/www.aesthetik-team-oldenburg.de\/index.php\/bauchstraffung\/","title":{"rendered":"Bauchstraffung\u00a0"},"content":{"rendered":"<div class=\"wpb-content-wrapper\"><p>[vc_row padding_top=&#8220;0&#8243; padding_bottom=&#8220;0&#8243;][vc_column][vc_column_text]<\/p>\n<h1>Bauchstraffung<\/h1>\n<p>Nach starker Gewichtsabnahme, bei Erschlaffung der Bauchhaut, oder wenn Narben zu Asymmetrien der Bauchdecke f\u00fchren\u00a0kann eine Bauchstraffung sinnvoll sein. Wenn die Haut sich nach einer starken Gewichtsabnahme nicht entsprechend zur\u00fcckbildet, f\u00fchrt eine Rollenbildung oft zu chronischen Hautentz\u00fcndungen (Dermatitis), die auf eine Behandlung mit Salben nicht mehr ansprechen.<\/p>\n<p>Auch bei Bauchhauterschlaffung, meist nach Schwangerschaft, die durch Di\u00e4t und Gymnastik nicht verschwindet, kann eine Baustraffung eine attraktive Mitte und neues Selbstvertrauen zur\u00fcckgeben. Oft liegt gleichzeitig ein Bauchmuskelbruch (Rektusdiastase) vor, der Beschwerden verursacht.<\/p>\n<p>Ebenso sinnvoll kann eine Bauchdeckenstraffung sein, wenn Narben von Operationen zu einer Asymmetrie der Bauchdecke f\u00fchren. Hier kann eine Bauchdeckenstraffung Abhilfe schaffen.<\/p>\n<h2>Behandlungsablauf Bauchstraffung<\/h2>\n<p>[\/vc_column_text][vc_tta_accordion active_section=&#8220;0&#8243; collapsible_all=&#8220;true&#8220;][vc_tta_section title=&#8220;Erfolgt die Bauchstraffung ambulant oder station\u00e4r?&#8220; tab_id=&#8220;1546851425189-6f61cdaa-804c&#8220;][vc_column_text]Eine Mini-Bauchstraffung kann ggf. ambulant mit einer \u00dcbernachtung in unserer Praxis durchgef\u00fchrt werden. Eine gro\u00dfe Bauchstraffung f\u00fchren wir in einer unserer Partnerkliniken durch.[\/vc_column_text][\/vc_tta_section][vc_tta_section title=&#8220;Was passiert bei einer Bauchstraffung?&#8220; tab_id=&#8220;1547638851678-1667590f-2f52&#8243;][vc_column_text]Die \u00fcbersch\u00fcssige Haut wird exakt vermessen und vor der Operation markiert.\u00a0Die gesamt Bauchhaut wird gel\u00f6st, der Nabel wird wie eine Insel ausgeschnitten.<\/p>\n<p>Die \u00fcbersch\u00fcssige Haut wird entfernt, der Nabel wird wieder an seiner korrekten Position eingesetzt.<\/p>\n<p>H\u00e4ufig erfolgt gleichzeitig eine Fettabsaugung, ggf. auch zus\u00e4tzlich im Bereich der Flanken und H\u00fcften.[\/vc_column_text][\/vc_tta_section][vc_tta_section title=&#8220;Welche An\u00e4sthesieform?&#8220; tab_id=&#8220;1547638905140-c63e7ac9-03d4&#8243;][vc_column_text]Eine Bauchstraffung erfolgt immer in Vollnarkose.[\/vc_column_text][\/vc_tta_section][vc_tta_section title=&#8220;Wie ist der Verlauf nach der Bauchstraffung?&#8220; tab_id=&#8220;1547638959854-9cb9f8d6-6680&#8243;][vc_column_text]Nach der Bauchstraffung muss eine straffe Kompressionsbandage getragen werden. Der Bauch sollte in entspannter\u00a0Position\u00a0(gro\u00dfes Kissen unter den Knien) gelagert werden. Schmerzen nach der Operation sind mit Schmerzmitteln sehr gut ertr\u00e4glich. Eine fr\u00fche Mobilisierung in leicht geb\u00fcckter Haltung ist sinnvoll.<\/p>\n<p>Zwei\u00a0Wochen lang sollte nach einer Bauchstraffung unbedingt Schonung eingehalten werden. Arbeit und Sport sind in R\u00fccksprache mit dem behandelnden Arzt nach drei bis vier Wochen wieder erlaubt.[\/vc_column_text][\/vc_tta_section][vc_tta_section title=&#8220;Risiken und Komplikationen?&#8220; tab_id=&#8220;1547638997554-225b42fa-44f1&#8243;][vc_column_text]<\/p>\n<ul>\n<li>Bluterguss- oder Sekretbildung in der Wundh\u00f6hle (sehr selten)<\/li>\n<li>Minderung des Hautgef\u00fchls<\/li>\n<li>Wundheilungsst\u00f6rung, Infektion (sehr selten)<\/li>\n<li>Wulstige, st\u00f6rende Narbenbildung (sehr selten)<\/li>\n<li>Thrombosen, Embolien (extrem selten<\/li>\n<\/ul>\n<p>[\/vc_column_text][\/vc_tta_section][\/vc_tta_accordion][\/vc_column][\/vc_row]<\/p>\n<\/div>","protected":false},"excerpt":{"rendered":"<p>[vc_row padding_top=&#8220;0&#8243; padding_bottom=&#8220;0&#8243;][vc_column][vc_column_text] Bauchstraffung Nach starker Gewichtsabnahme, bei Erschlaffung der Bauchhaut, oder wenn Narben zu Asymmetrien der Bauchdecke f\u00fchren\u00a0kann eine Bauchstraffung sinnvoll sein. Wenn die Haut sich nach einer starken Gewichtsabnahme nicht entsprechend zur\u00fcckbildet, f\u00fchrt eine Rollenbildung oft zu chronischen Hautentz\u00fcndungen (Dermatitis), die auf eine Behandlung mit Salben nicht mehr ansprechen. Auch bei Bauchhauterschlaffung, meist [&hellip;]<\/p>\n","protected":false},"author":1,"featured_media":0,"parent":0,"menu_order":0,"comment_status":"closed","ping_status":"closed","template":"","meta":{"footnotes":""},"class_list":["post-152","page","type-page","status-publish","hentry"],"yoast_head":"<!-- This site is optimized with the Yoast SEO plugin v27.4 - https:\/\/yoast.com\/product\/yoast-seo-wordpress\/ -->\n<title>Bauchstraffung\u00a0 - AESTHETIK TEAM OLDENBURG<\/title>\n<meta name=\"description\" content=\"Bauchstraffung nach Schwangerschaft und starker Gewichtsabnahme. Ambulant. F\u00fcr eine attraktive Mitte und neues Selbstvertrauen.\" \/>\n<meta name=\"robots\" content=\"index, follow, max-snippet:-1, max-image-preview:large, max-video-preview:-1\" \/>\n<link rel=\"canonical\" href=\"https:\/\/www.aesthetik-team-oldenburg.de\/index.php\/bauchstraffung\/\" \/>\n<meta property=\"og:locale\" content=\"de_DE\" \/>\n<meta property=\"og:type\" content=\"article\" \/>\n<meta property=\"og:title\" content=\"Bauchstraffung\u00a0 - AESTHETIK TEAM OLDENBURG\" \/>\n<meta property=\"og:description\" content=\"Bauchstraffung nach Schwangerschaft und starker Gewichtsabnahme. Ambulant. F\u00fcr eine attraktive Mitte und neues Selbstvertrauen.\" \/>\n<meta property=\"og:url\" content=\"https:\/\/www.aesthetik-team-oldenburg.de\/index.php\/bauchstraffung\/\" \/>\n<meta property=\"og:site_name\" content=\"AESTHETIK TEAM OLDENBURG\" \/>\n<meta property=\"article:modified_time\" content=\"2019-11-02T06:54:39+00:00\" \/>\n<meta name=\"twitter:card\" content=\"summary_large_image\" \/>\n<meta name=\"twitter:label1\" content=\"Gesch\u00e4tzte Lesezeit\" \/>\n\t<meta name=\"twitter:data1\" content=\"2\u00a0Minuten\" \/>\n<script type=\"application\/ld+json\" class=\"yoast-schema-graph\">{\"@context\":\"https:\\\/\\\/schema.org\",\"@graph\":[{\"@type\":\"WebPage\",\"@id\":\"https:\\\/\\\/www.aesthetik-team-oldenburg.de\\\/index.php\\\/bauchstraffung\\\/\",\"url\":\"https:\\\/\\\/www.aesthetik-team-oldenburg.de\\\/index.php\\\/bauchstraffung\\\/\",\"name\":\"Bauchstraffung\u00a0 - AESTHETIK TEAM OLDENBURG\",\"isPartOf\":{\"@id\":\"https:\\\/\\\/www.aesthetik-team-oldenburg.de\\\/#website\"},\"datePublished\":\"2019-09-06T11:59:08+00:00\",\"dateModified\":\"2019-11-02T06:54:39+00:00\",\"description\":\"Bauchstraffung nach Schwangerschaft und starker Gewichtsabnahme. Ambulant. F\u00fcr eine attraktive Mitte und neues Selbstvertrauen.\",\"breadcrumb\":{\"@id\":\"https:\\\/\\\/www.aesthetik-team-oldenburg.de\\\/index.php\\\/bauchstraffung\\\/#breadcrumb\"},\"inLanguage\":\"de\",\"potentialAction\":[{\"@type\":\"ReadAction\",\"target\":[\"https:\\\/\\\/www.aesthetik-team-oldenburg.de\\\/index.php\\\/bauchstraffung\\\/\"]}]},{\"@type\":\"BreadcrumbList\",\"@id\":\"https:\\\/\\\/www.aesthetik-team-oldenburg.de\\\/index.php\\\/bauchstraffung\\\/#breadcrumb\",\"itemListElement\":[{\"@type\":\"ListItem\",\"position\":1,\"name\":\"Home\",\"item\":\"https:\\\/\\\/www.aesthetik-team-oldenburg.de\\\/\"},{\"@type\":\"ListItem\",\"position\":2,\"name\":\"Bauchstraffung\u00a0\"}]},{\"@type\":\"WebSite\",\"@id\":\"https:\\\/\\\/www.aesthetik-team-oldenburg.de\\\/#website\",\"url\":\"https:\\\/\\\/www.aesthetik-team-oldenburg.de\\\/\",\"name\":\"AESTHETIK TEAM OLDENBURG\",\"description\":\"\u00c4STHETISCHE CHIRURIGE\",\"potentialAction\":[{\"@type\":\"SearchAction\",\"target\":{\"@type\":\"EntryPoint\",\"urlTemplate\":\"https:\\\/\\\/www.aesthetik-team-oldenburg.de\\\/?s={search_term_string}\"},\"query-input\":{\"@type\":\"PropertyValueSpecification\",\"valueRequired\":true,\"valueName\":\"search_term_string\"}}],\"inLanguage\":\"de\"}]}<\/script>\n<!-- \/ Yoast SEO plugin. -->","yoast_head_json":{"title":"Bauchstraffung\u00a0 - AESTHETIK TEAM OLDENBURG","description":"Bauchstraffung nach Schwangerschaft und starker Gewichtsabnahme. Ambulant. F\u00fcr eine attraktive Mitte und neues Selbstvertrauen.","robots":{"index":"index","follow":"follow","max-snippet":"max-snippet:-1","max-image-preview":"max-image-preview:large","max-video-preview":"max-video-preview:-1"},"canonical":"https:\/\/www.aesthetik-team-oldenburg.de\/index.php\/bauchstraffung\/","og_locale":"de_DE","og_type":"article","og_title":"Bauchstraffung\u00a0 - AESTHETIK TEAM OLDENBURG","og_description":"Bauchstraffung nach Schwangerschaft und starker Gewichtsabnahme. Ambulant. F\u00fcr eine attraktive Mitte und neues Selbstvertrauen.","og_url":"https:\/\/www.aesthetik-team-oldenburg.de\/index.php\/bauchstraffung\/","og_site_name":"AESTHETIK TEAM OLDENBURG","article_modified_time":"2019-11-02T06:54:39+00:00","twitter_card":"summary_large_image","twitter_misc":{"Gesch\u00e4tzte Lesezeit":"2\u00a0Minuten"},"schema":{"@context":"https:\/\/schema.org","@graph":[{"@type":"WebPage","@id":"https:\/\/www.aesthetik-team-oldenburg.de\/index.php\/bauchstraffung\/","url":"https:\/\/www.aesthetik-team-oldenburg.de\/index.php\/bauchstraffung\/","name":"Bauchstraffung\u00a0 - AESTHETIK TEAM OLDENBURG","isPartOf":{"@id":"https:\/\/www.aesthetik-team-oldenburg.de\/#website"},"datePublished":"2019-09-06T11:59:08+00:00","dateModified":"2019-11-02T06:54:39+00:00","description":"Bauchstraffung nach Schwangerschaft und starker Gewichtsabnahme. Ambulant. F\u00fcr eine attraktive Mitte und neues Selbstvertrauen.","breadcrumb":{"@id":"https:\/\/www.aesthetik-team-oldenburg.de\/index.php\/bauchstraffung\/#breadcrumb"},"inLanguage":"de","potentialAction":[{"@type":"ReadAction","target":["https:\/\/www.aesthetik-team-oldenburg.de\/index.php\/bauchstraffung\/"]}]},{"@type":"BreadcrumbList","@id":"https:\/\/www.aesthetik-team-oldenburg.de\/index.php\/bauchstraffung\/#breadcrumb","itemListElement":[{"@type":"ListItem","position":1,"name":"Home","item":"https:\/\/www.aesthetik-team-oldenburg.de\/"},{"@type":"ListItem","position":2,"name":"Bauchstraffung\u00a0"}]},{"@type":"WebSite","@id":"https:\/\/www.aesthetik-team-oldenburg.de\/#website","url":"https:\/\/www.aesthetik-team-oldenburg.de\/","name":"AESTHETIK TEAM OLDENBURG","description":"\u00c4STHETISCHE CHIRURIGE","potentialAction":[{"@type":"SearchAction","target":{"@type":"EntryPoint","urlTemplate":"https:\/\/www.aesthetik-team-oldenburg.de\/?s={search_term_string}"},"query-input":{"@type":"PropertyValueSpecification","valueRequired":true,"valueName":"search_term_string"}}],"inLanguage":"de"}]}},"_links":{"self":[{"href":"https:\/\/www.aesthetik-team-oldenburg.de\/index.php\/wp-json\/wp\/v2\/pages\/152","targetHints":{"allow":["GET"]}}],"collection":[{"href":"https:\/\/www.aesthetik-team-oldenburg.de\/index.php\/wp-json\/wp\/v2\/pages"}],"about":[{"href":"https:\/\/www.aesthetik-team-oldenburg.de\/index.php\/wp-json\/wp\/v2\/types\/page"}],"author":[{"embeddable":true,"href":"https:\/\/www.aesthetik-team-oldenburg.de\/index.php\/wp-json\/wp\/v2\/users\/1"}],"replies":[{"embeddable":true,"href":"https:\/\/www.aesthetik-team-oldenburg.de\/index.php\/wp-json\/wp\/v2\/comments?post=152"}],"version-history":[{"count":3,"href":"https:\/\/www.aesthetik-team-oldenburg.de\/index.php\/wp-json\/wp\/v2\/pages\/152\/revisions"}],"predecessor-version":[{"id":326,"href":"https:\/\/www.aesthetik-team-oldenburg.de\/index.php\/wp-json\/wp\/v2\/pages\/152\/revisions\/326"}],"wp:attachment":[{"href":"https:\/\/www.aesthetik-team-oldenburg.de\/index.php\/wp-json\/wp\/v2\/media?parent=152"}],"curies":[{"name":"wp","href":"https:\/\/api.w.org\/{rel}","templated":true}]}}