{"id":154,"date":"2019-09-06T12:00:01","date_gmt":"2019-09-06T12:00:01","guid":{"rendered":"http:\/\/www.aesthetik-team-oldenburg.de\/?page_id=154"},"modified":"2023-11-08T13:31:32","modified_gmt":"2023-11-08T13:31:32","slug":"fettabsaugung-liposuktion","status":"publish","type":"page","link":"https:\/\/www.aesthetik-team-oldenburg.de\/index.php\/fettabsaugung-liposuktion\/","title":{"rendered":"Fettabsaugung (Liposuktion)"},"content":{"rendered":"<div class=\"wpb-content-wrapper\"><p>[vc_row padding_top=&#8220;0&#8243; padding_bottom=&#8220;0&#8243;][vc_column width=&#8220;1\/2&#8243;][vc_column_text]<\/p>\n<h1>Fettabsaugung (Liposuktion)<\/h1>\n<p><strong>Gegen hartn\u00e4ckige Fettp\u00f6lsterchen, die sich Sport und Di\u00e4ten dauerhaft widersetzen, z. B. an den H\u00fcften, am Bauch oder am Kinn \u2026 <\/strong><\/p>\n<p>\u2026 am Po, am Hals, an den Oberarmen oder im Bereich der Oberschenkel (Reiterhosen), kann eine Fettabsaugung (Liposuktion) durchgef\u00fchrt werden. Der Eingriff kann ambulant durchgef\u00fchrt werden, ist jedoch keine Ma\u00dfnahme zur Gewichtsreduzierung!<\/p>\n<h3>Behandlunsgablauf Fettabsaugung<\/h3>\n<p>[\/vc_column_text][vc_tta_accordion active_section=&#8220;0&#8243; collapsible_all=&#8220;true&#8220;][vc_tta_section title=&#8220;Was passiert bei einer Fettabsaugung?&#8220; tab_id=&#8220;1547739341054-931152c1-1561&#8243;][vc_column_text]Das abzusaugende Fettgewebe, beispielsweise bei Reiterhosen, wird durch Injektion mit einer speziellen L\u00f6sung, welche Blutungen verhindert, prall aufgef\u00fcllt. Auf diese Weise wird erreicht, dass das Fett &#8222;breiig&#8220; bzw. fl\u00fcssig abgesaugt werden kann. Dies geschieht in unserer Praxis in Oldenburg mit speziellen, sehr feinen Absaugkan\u00fclen und Unterdruck mittels Spritze oder Pumpe. Im Anschluss erfolgt das Anlegen einer Kompressionshose oder Bandage, um ein optimales Ergebnis zu erreichen.<\/p>\n<p>Die Dauer der Operation ist abh\u00e4ngig vom Ausma\u00df und der Anzahl der Polster, die entfernt werden sollen.[\/vc_column_text][\/vc_tta_section][vc_tta_section title=&#8220;Welche An\u00e4sthesieform?&#8220; tab_id=&#8220;1547739341054-fa849c94-8681&#8243;][vc_column_text]Entgegen Behauptungen in manchen Werbungen ist die Fettabsaugung in \u00f6rtlicher Bet\u00e4ubung nicht schmerzlos. In der Regel f\u00fchren wir Absaugungen deshalb in einer D\u00e4mmerschlafnarkose durch. Dadurch ist garantiert, dass Sie keinerlei Schmerzen empfinden.[\/vc_column_text][\/vc_tta_section][vc_tta_section title=&#8220;Wie ist der Verlauf nach der Fettabsaugung?&#8220; tab_id=&#8220;1547739404539-3c48bdd1-395b&#8220;][vc_column_text]Sie sollten direkt nach der Liposuktion eine Ruhephase von ein bis zwei Tagen einhalten. Je nach Umfang des Eingriffs k\u00f6nnen Sie zwei bis f\u00fcnf Tage nach der Liposuktion wieder zu ihren gewohnten Alltagst\u00e4tigkeiten (ohne besondere Belastungen) zur\u00fcckkehren.\u00a0 Auf sportliche Bet\u00e4tigung sollten Sie nach Ma\u00dfgabe des behandelnden Arztes einige Wochen lang verzichten, und Sie sollten f\u00fcr ca. drei Wochen Ihre straffe Kompressionsw\u00e4sche tragen.<\/p>\n<p>Eingebrachte Hautf\u00e4den werden nach ca. zwei Wochen bei der fach\u00e4rztlichen Kontrolluntersuchung entfernt. Das endg\u00fcltige Ergebnis einer Fettabsaugung l\u00e4sst sich erst nach ca. sechs Monaten beurteilen,\u00a0da die Schwellung nach der Operation etwas anh\u00e4lt und das Gewerbe noch l\u00e4ngere Zeit nach der Operation schrumpft.[\/vc_column_text][\/vc_tta_section][vc_tta_section title=&#8220;Risiken und Komplikationen bei einer Fettabsaugung?&#8220; tab_id=&#8220;1547739428682-a9450495-7c9c&#8220;][vc_column_text]<\/p>\n<ul>\n<li>Taubheitsgef\u00fchl im Bereich der abgesaugten Areale (h\u00e4ufig, verschwindet nach einigen Wochen)<\/li>\n<li>Blutergussbildung (st\u00e4rkere Blutergussbildung ist selten, bildet sich immer zur\u00fcck)<\/li>\n<li>Unregelm\u00e4\u00dfigkeiten oder Dellenbildung (durch die Tumeszenztechnik sehr selten, falls st\u00f6rend erfolgt eine kostenlose Korrektur)<\/li>\n<li>kleine Asymmetrien im Seitenvergleich (h\u00e4ufiger, meistens kaum auffallend)<\/li>\n<\/ul>\n<p>[\/vc_column_text][\/vc_tta_section][\/vc_tta_accordion][\/vc_column][vc_column width=&#8220;1\/2&#8243;]<div class=\"grve-element grve-box-icon grve-align-left grve-small grve-animated-item grve-fadeInRight\" style=\"\" data-delay=\"600\">  <div class=\"grve-wrapper-icon grve-no-shape grve-text-grey\"><i class=\"smp-icon-info grve-text-primary-1\"><\/i><\/div>  <div class=\"grve-box-content\">      <h3 class=\"grve-box-title grve-h2\">Wasserstrahl-assistierte Liposuktion (WAL) in Oldenburg<\/h3>    <p class=\"\">Unterschiedlichste Indikationen k\u00f6nnen in unserer Praxis in Oldenburg sehr schonend mit der wasserstrahl-assistierten Liposuktion (WAL) behandelt werden. Im Unterschied zu herk\u00f6mmlichen Verfahren zur Fettabsaugung wird dem K\u00f6rper hierbei vor dem Eingriff deutlich weniger Tumeszenzfl\u00fcssigkeit zugef\u00fchrt, und das Fett wird mit erheblich geringerem Kraftaufwand herausgel\u00f6st. Der K\u00f6rper wird bei dieser Art der der Fettabsaugung nicht mit \u00fcbersch\u00fcssiger Tumeszenzfl\u00fcssigkeit belastet, und das umliegende Gewebe wird deutlich weniger strapaziert. Daraus resultiert ein deutlich reduziertes Risiko von Nebenwirkungen.<\/p>  <\/div><\/div>[\/vc_column][\/vc_row]<\/p>\n<\/div>","protected":false},"excerpt":{"rendered":"<p>[vc_row padding_top=&#8220;0&#8243; padding_bottom=&#8220;0&#8243;][vc_column width=&#8220;1\/2&#8243;][vc_column_text] Fettabsaugung (Liposuktion) Gegen hartn\u00e4ckige Fettp\u00f6lsterchen, die sich Sport und Di\u00e4ten dauerhaft widersetzen, z. B. an den H\u00fcften, am Bauch oder am Kinn \u2026 \u2026 am Po, am Hals, an den Oberarmen oder im Bereich der Oberschenkel (Reiterhosen), kann eine Fettabsaugung (Liposuktion) durchgef\u00fchrt werden. Der Eingriff kann ambulant durchgef\u00fchrt werden, ist jedoch [&hellip;]<\/p>\n","protected":false},"author":1,"featured_media":0,"parent":0,"menu_order":0,"comment_status":"closed","ping_status":"closed","template":"","meta":{"footnotes":""},"class_list":["post-154","page","type-page","status-publish","hentry"],"yoast_head":"<!-- This site is optimized with the Yoast SEO plugin v27.2 - https:\/\/yoast.com\/product\/yoast-seo-wordpress\/ -->\n<title>Fettabsaugung (Liposuktion) K\u00f6rper - AESTHETIK TEAM OLDENBURG<\/title>\n<meta name=\"description\" content=\"Fettabsaugung (Liposuktion) an H\u00fcften, Bauch, Kinn, Po, Hals, Oberarmen oder Oberschenkeln. Ambulant beim Facharzt in Oldenburg. Schonende WAL Methode.\" \/>\n<meta name=\"robots\" content=\"index, follow, max-snippet:-1, max-image-preview:large, max-video-preview:-1\" \/>\n<link rel=\"canonical\" href=\"https:\/\/www.aesthetik-team-oldenburg.de\/index.php\/fettabsaugung-liposuktion\/\" \/>\n<meta property=\"og:locale\" content=\"de_DE\" \/>\n<meta property=\"og:type\" content=\"article\" \/>\n<meta property=\"og:title\" content=\"Fettabsaugung (Liposuktion) K\u00f6rper - AESTHETIK TEAM OLDENBURG\" \/>\n<meta property=\"og:description\" content=\"Fettabsaugung (Liposuktion) an H\u00fcften, Bauch, Kinn, Po, Hals, Oberarmen oder Oberschenkeln. Ambulant beim Facharzt in Oldenburg. Schonende WAL Methode.\" \/>\n<meta property=\"og:url\" content=\"https:\/\/www.aesthetik-team-oldenburg.de\/index.php\/fettabsaugung-liposuktion\/\" \/>\n<meta property=\"og:site_name\" content=\"AESTHETIK TEAM OLDENBURG\" \/>\n<meta property=\"article:modified_time\" content=\"2023-11-08T13:31:32+00:00\" \/>\n<meta name=\"twitter:card\" content=\"summary_large_image\" \/>\n<meta name=\"twitter:label1\" content=\"Gesch\u00e4tzte Lesezeit\" \/>\n\t<meta name=\"twitter:data1\" content=\"2\u00a0Minuten\" \/>\n<script type=\"application\/ld+json\" class=\"yoast-schema-graph\">{\"@context\":\"https:\/\/schema.org\",\"@graph\":[{\"@type\":\"WebPage\",\"@id\":\"https:\/\/www.aesthetik-team-oldenburg.de\/index.php\/fettabsaugung-liposuktion\/\",\"url\":\"https:\/\/www.aesthetik-team-oldenburg.de\/index.php\/fettabsaugung-liposuktion\/\",\"name\":\"Fettabsaugung (Liposuktion) K\u00f6rper - AESTHETIK TEAM OLDENBURG\",\"isPartOf\":{\"@id\":\"https:\/\/www.aesthetik-team-oldenburg.de\/#website\"},\"datePublished\":\"2019-09-06T12:00:01+00:00\",\"dateModified\":\"2023-11-08T13:31:32+00:00\",\"description\":\"Fettabsaugung (Liposuktion) an H\u00fcften, Bauch, Kinn, Po, Hals, Oberarmen oder Oberschenkeln. Ambulant beim Facharzt in Oldenburg. Schonende WAL Methode.\",\"breadcrumb\":{\"@id\":\"https:\/\/www.aesthetik-team-oldenburg.de\/index.php\/fettabsaugung-liposuktion\/#breadcrumb\"},\"inLanguage\":\"de\",\"potentialAction\":[{\"@type\":\"ReadAction\",\"target\":[\"https:\/\/www.aesthetik-team-oldenburg.de\/index.php\/fettabsaugung-liposuktion\/\"]}]},{\"@type\":\"BreadcrumbList\",\"@id\":\"https:\/\/www.aesthetik-team-oldenburg.de\/index.php\/fettabsaugung-liposuktion\/#breadcrumb\",\"itemListElement\":[{\"@type\":\"ListItem\",\"position\":1,\"name\":\"Home\",\"item\":\"https:\/\/www.aesthetik-team-oldenburg.de\/\"},{\"@type\":\"ListItem\",\"position\":2,\"name\":\"Fettabsaugung (Liposuktion)\"}]},{\"@type\":\"WebSite\",\"@id\":\"https:\/\/www.aesthetik-team-oldenburg.de\/#website\",\"url\":\"https:\/\/www.aesthetik-team-oldenburg.de\/\",\"name\":\"AESTHETIK TEAM OLDENBURG\",\"description\":\"\u00c4STHETISCHE CHIRURIGE\",\"potentialAction\":[{\"@type\":\"SearchAction\",\"target\":{\"@type\":\"EntryPoint\",\"urlTemplate\":\"https:\/\/www.aesthetik-team-oldenburg.de\/?s={search_term_string}\"},\"query-input\":{\"@type\":\"PropertyValueSpecification\",\"valueRequired\":true,\"valueName\":\"search_term_string\"}}],\"inLanguage\":\"de\"}]}<\/script>\n<!-- \/ Yoast SEO plugin. -->","yoast_head_json":{"title":"Fettabsaugung (Liposuktion) K\u00f6rper - AESTHETIK TEAM OLDENBURG","description":"Fettabsaugung (Liposuktion) an H\u00fcften, Bauch, Kinn, Po, Hals, Oberarmen oder Oberschenkeln. Ambulant beim Facharzt in Oldenburg. Schonende WAL Methode.","robots":{"index":"index","follow":"follow","max-snippet":"max-snippet:-1","max-image-preview":"max-image-preview:large","max-video-preview":"max-video-preview:-1"},"canonical":"https:\/\/www.aesthetik-team-oldenburg.de\/index.php\/fettabsaugung-liposuktion\/","og_locale":"de_DE","og_type":"article","og_title":"Fettabsaugung (Liposuktion) K\u00f6rper - AESTHETIK TEAM OLDENBURG","og_description":"Fettabsaugung (Liposuktion) an H\u00fcften, Bauch, Kinn, Po, Hals, Oberarmen oder Oberschenkeln. Ambulant beim Facharzt in Oldenburg. Schonende WAL Methode.","og_url":"https:\/\/www.aesthetik-team-oldenburg.de\/index.php\/fettabsaugung-liposuktion\/","og_site_name":"AESTHETIK TEAM OLDENBURG","article_modified_time":"2023-11-08T13:31:32+00:00","twitter_card":"summary_large_image","twitter_misc":{"Gesch\u00e4tzte Lesezeit":"2\u00a0Minuten"},"schema":{"@context":"https:\/\/schema.org","@graph":[{"@type":"WebPage","@id":"https:\/\/www.aesthetik-team-oldenburg.de\/index.php\/fettabsaugung-liposuktion\/","url":"https:\/\/www.aesthetik-team-oldenburg.de\/index.php\/fettabsaugung-liposuktion\/","name":"Fettabsaugung (Liposuktion) K\u00f6rper - AESTHETIK TEAM OLDENBURG","isPartOf":{"@id":"https:\/\/www.aesthetik-team-oldenburg.de\/#website"},"datePublished":"2019-09-06T12:00:01+00:00","dateModified":"2023-11-08T13:31:32+00:00","description":"Fettabsaugung (Liposuktion) an H\u00fcften, Bauch, Kinn, Po, Hals, Oberarmen oder Oberschenkeln. Ambulant beim Facharzt in Oldenburg. Schonende WAL Methode.","breadcrumb":{"@id":"https:\/\/www.aesthetik-team-oldenburg.de\/index.php\/fettabsaugung-liposuktion\/#breadcrumb"},"inLanguage":"de","potentialAction":[{"@type":"ReadAction","target":["https:\/\/www.aesthetik-team-oldenburg.de\/index.php\/fettabsaugung-liposuktion\/"]}]},{"@type":"BreadcrumbList","@id":"https:\/\/www.aesthetik-team-oldenburg.de\/index.php\/fettabsaugung-liposuktion\/#breadcrumb","itemListElement":[{"@type":"ListItem","position":1,"name":"Home","item":"https:\/\/www.aesthetik-team-oldenburg.de\/"},{"@type":"ListItem","position":2,"name":"Fettabsaugung (Liposuktion)"}]},{"@type":"WebSite","@id":"https:\/\/www.aesthetik-team-oldenburg.de\/#website","url":"https:\/\/www.aesthetik-team-oldenburg.de\/","name":"AESTHETIK TEAM OLDENBURG","description":"\u00c4STHETISCHE CHIRURIGE","potentialAction":[{"@type":"SearchAction","target":{"@type":"EntryPoint","urlTemplate":"https:\/\/www.aesthetik-team-oldenburg.de\/?s={search_term_string}"},"query-input":{"@type":"PropertyValueSpecification","valueRequired":true,"valueName":"search_term_string"}}],"inLanguage":"de"}]}},"_links":{"self":[{"href":"https:\/\/www.aesthetik-team-oldenburg.de\/index.php\/wp-json\/wp\/v2\/pages\/154","targetHints":{"allow":["GET"]}}],"collection":[{"href":"https:\/\/www.aesthetik-team-oldenburg.de\/index.php\/wp-json\/wp\/v2\/pages"}],"about":[{"href":"https:\/\/www.aesthetik-team-oldenburg.de\/index.php\/wp-json\/wp\/v2\/types\/page"}],"author":[{"embeddable":true,"href":"https:\/\/www.aesthetik-team-oldenburg.de\/index.php\/wp-json\/wp\/v2\/users\/1"}],"replies":[{"embeddable":true,"href":"https:\/\/www.aesthetik-team-oldenburg.de\/index.php\/wp-json\/wp\/v2\/comments?post=154"}],"version-history":[{"count":9,"href":"https:\/\/www.aesthetik-team-oldenburg.de\/index.php\/wp-json\/wp\/v2\/pages\/154\/revisions"}],"predecessor-version":[{"id":630,"href":"https:\/\/www.aesthetik-team-oldenburg.de\/index.php\/wp-json\/wp\/v2\/pages\/154\/revisions\/630"}],"wp:attachment":[{"href":"https:\/\/www.aesthetik-team-oldenburg.de\/index.php\/wp-json\/wp\/v2\/media?parent=154"}],"curies":[{"name":"wp","href":"https:\/\/api.w.org\/{rel}","templated":true}]}}