{"id":158,"date":"2019-09-06T12:01:50","date_gmt":"2019-09-06T12:01:50","guid":{"rendered":"http:\/\/www.aesthetik-team-oldenburg.de\/?page_id=158"},"modified":"2019-11-02T06:56:35","modified_gmt":"2019-11-02T06:56:35","slug":"oberschenkelstraffung-oberarmstraffung","status":"publish","type":"page","link":"https:\/\/www.aesthetik-team-oldenburg.de\/index.php\/oberschenkelstraffung-oberarmstraffung\/","title":{"rendered":"Oberschenkelstraffung &#038; Oberarmstraffung"},"content":{"rendered":"<div class=\"wpb-content-wrapper\"><p>[vc_row padding_top=&#8220;0&#8243; padding_bottom=&#8220;0&#8243;][vc_column][vc_column_text]<\/p>\n<h1>Oberschenkelstraffung &amp; Oberarmstraffung<\/h1>\n<p><strong>Wenn schlaffe Oberarme und -schenkel Sie belasten, zum Beispiel nach starker Gewichtsabnahme, \u2026 <\/strong><\/p>\n<p>\u2026 und das Tragen von kurz\u00e4rmeliger Oberbekleidung und kurzen R\u00f6cken aufgrund der Erschlaffung f\u00fcr Sie zum seelischen Problem wird, kann eine Straffungsoperation Ihnen neues Selbstvertrauen geben. Auch im Zusammenhang mit einer Fettabsaugung an der Oberschenkel- bzw. Oberarminnenseite, wenn eine ausreichende Schrumpfung durch die Saugung nicht zu erwarten ist, kann eine operative Straffung sinnvoll sein.<\/p>\n<p>Eine Oberarmstraffung wird in der Regel ambulant durchgef\u00fchrt, eine Oberschenkelstraffung mit einer \u00dcbernachtung. Beide Operationen erfolgen entsprechend Ihrem individuellen Ausgangsbefund in Vollnarkose oder D\u00e4mmerschlafbet\u00e4ubung.<\/p>\n<h2>Behandlungsablauf Straffungsoperationen<\/h2>\n<p>[\/vc_column_text][vc_tta_accordion active_section=&#8220;0&#8243; collapsible_all=&#8220;true&#8220;][vc_tta_section title=&#8220;Was passiert bei einer Oberschenkelstraffung oder Oberarmstraffung?&#8220; tab_id=&#8220;1547739665825-2f6ed7f3-3f84&#8243;][vc_column_text]Das \u00fcbersch\u00fcssige Haut-Weichteilgewebe wird nach genauer Ausmessung entfernt, die Oberschenkel- bzw. Oberarmhaut wird gestrafft und stabil fixiert. In extremen F\u00e4llen wird auch Haut auf der Oberschenkelinnenseite bis fast zur Knieh\u00f6he entfernt und die Haut straff vern\u00e4ht.[\/vc_column_text][\/vc_tta_section][vc_tta_section title=&#8220;Wie ist der Verlauf nach der Straffungsoperation?&#8220; tab_id=&#8220;1547739665826-72f657eb-7011&#8243;][vc_column_text]Nach einer Oberschenkelstraffung erfolgt die Wundbehandlung ohne gro\u00dfe Verb\u00e4nde. Die Wunden in Leiste und Schritt sollten sauber gehalten werden. Nach wenigen Tagen sind Sie wieder mobilisiert, die Abheilung kann allerdings bis zu vierzehn Tagen dauern.<\/p>\n<p>Nach einer Oberarmstraffung werden Verb\u00e4nde angelegt, die die Beweglichkeit nur unwesentlich beeintr\u00e4chtigen. Zur Narbenprophylaxe k\u00f6nnen nach Abschluss der Wundheilung Silikonpflaster verwendet werden.[\/vc_column_text][\/vc_tta_section][vc_tta_section title=&#8220;Risiken und Komplikationen?&#8220; tab_id=&#8220;1547739732172-228b2c54-cd52&#8243;][vc_column_text]Selten kommt es zu Heilungsst\u00f6rungen. Die Narben in der Leiste und im Schritt k\u00f6nnen bei sehr knapp sitzendem Slip oder Bikini etwas sichtbar sein. L\u00e4ngere Narben erm\u00f6glichen jedoch im Allgemeinen ein noch besseres Straffungsergebnis. An der Innenseite der Arme k\u00f6nnen die Narben wulstig werden. Diese Komplikation ist jedoch selten![\/vc_column_text][\/vc_tta_section][\/vc_tta_accordion][\/vc_column][\/vc_row]<\/p>\n<\/div>","protected":false},"excerpt":{"rendered":"<p>[vc_row padding_top=&#8220;0&#8243; padding_bottom=&#8220;0&#8243;][vc_column][vc_column_text] Oberschenkelstraffung &amp; Oberarmstraffung Wenn schlaffe Oberarme und -schenkel Sie belasten, zum Beispiel nach starker Gewichtsabnahme, \u2026 \u2026 und das Tragen von kurz\u00e4rmeliger Oberbekleidung und kurzen R\u00f6cken aufgrund der Erschlaffung f\u00fcr Sie zum seelischen Problem wird, kann eine Straffungsoperation Ihnen neues Selbstvertrauen geben. Auch im Zusammenhang mit einer Fettabsaugung an der Oberschenkel- bzw. [&hellip;]<\/p>\n","protected":false},"author":1,"featured_media":0,"parent":0,"menu_order":0,"comment_status":"closed","ping_status":"closed","template":"","meta":{"footnotes":""},"class_list":["post-158","page","type-page","status-publish","hentry"],"yoast_head":"<!-- This site is optimized with the Yoast SEO plugin v27.4 - https:\/\/yoast.com\/product\/yoast-seo-wordpress\/ -->\n<title>Oberschenkelstraffung &amp; Oberarmstraffung - AESTHETIK TEAM OLDENBURG<\/title>\n<meta name=\"description\" content=\"Oberschenkelstraffung und Oberarmstraffung in Oldenburg. Auch in Kombination mit Fettabsaugung. Vollnarkose oder D\u00e4mmerschlaf.\" \/>\n<meta name=\"robots\" content=\"index, follow, max-snippet:-1, max-image-preview:large, max-video-preview:-1\" \/>\n<link rel=\"canonical\" href=\"https:\/\/www.aesthetik-team-oldenburg.de\/index.php\/oberschenkelstraffung-oberarmstraffung\/\" \/>\n<meta property=\"og:locale\" content=\"de_DE\" \/>\n<meta property=\"og:type\" content=\"article\" \/>\n<meta property=\"og:title\" content=\"Oberschenkelstraffung &amp; Oberarmstraffung - AESTHETIK TEAM OLDENBURG\" \/>\n<meta property=\"og:description\" content=\"Oberschenkelstraffung und Oberarmstraffung in Oldenburg. Auch in Kombination mit Fettabsaugung. Vollnarkose oder D\u00e4mmerschlaf.\" \/>\n<meta property=\"og:url\" content=\"https:\/\/www.aesthetik-team-oldenburg.de\/index.php\/oberschenkelstraffung-oberarmstraffung\/\" \/>\n<meta property=\"og:site_name\" content=\"AESTHETIK TEAM OLDENBURG\" \/>\n<meta property=\"article:modified_time\" content=\"2019-11-02T06:56:35+00:00\" \/>\n<meta name=\"twitter:card\" content=\"summary_large_image\" \/>\n<meta name=\"twitter:label1\" content=\"Gesch\u00e4tzte Lesezeit\" \/>\n\t<meta name=\"twitter:data1\" content=\"2\u00a0Minuten\" \/>\n<script type=\"application\/ld+json\" class=\"yoast-schema-graph\">{\"@context\":\"https:\\\/\\\/schema.org\",\"@graph\":[{\"@type\":\"WebPage\",\"@id\":\"https:\\\/\\\/www.aesthetik-team-oldenburg.de\\\/index.php\\\/oberschenkelstraffung-oberarmstraffung\\\/\",\"url\":\"https:\\\/\\\/www.aesthetik-team-oldenburg.de\\\/index.php\\\/oberschenkelstraffung-oberarmstraffung\\\/\",\"name\":\"Oberschenkelstraffung & Oberarmstraffung - AESTHETIK TEAM OLDENBURG\",\"isPartOf\":{\"@id\":\"https:\\\/\\\/www.aesthetik-team-oldenburg.de\\\/#website\"},\"datePublished\":\"2019-09-06T12:01:50+00:00\",\"dateModified\":\"2019-11-02T06:56:35+00:00\",\"description\":\"Oberschenkelstraffung und Oberarmstraffung in Oldenburg. Auch in Kombination mit Fettabsaugung. Vollnarkose oder D\u00e4mmerschlaf.\",\"breadcrumb\":{\"@id\":\"https:\\\/\\\/www.aesthetik-team-oldenburg.de\\\/index.php\\\/oberschenkelstraffung-oberarmstraffung\\\/#breadcrumb\"},\"inLanguage\":\"de\",\"potentialAction\":[{\"@type\":\"ReadAction\",\"target\":[\"https:\\\/\\\/www.aesthetik-team-oldenburg.de\\\/index.php\\\/oberschenkelstraffung-oberarmstraffung\\\/\"]}]},{\"@type\":\"BreadcrumbList\",\"@id\":\"https:\\\/\\\/www.aesthetik-team-oldenburg.de\\\/index.php\\\/oberschenkelstraffung-oberarmstraffung\\\/#breadcrumb\",\"itemListElement\":[{\"@type\":\"ListItem\",\"position\":1,\"name\":\"Home\",\"item\":\"https:\\\/\\\/www.aesthetik-team-oldenburg.de\\\/\"},{\"@type\":\"ListItem\",\"position\":2,\"name\":\"Oberschenkelstraffung &#038; Oberarmstraffung\"}]},{\"@type\":\"WebSite\",\"@id\":\"https:\\\/\\\/www.aesthetik-team-oldenburg.de\\\/#website\",\"url\":\"https:\\\/\\\/www.aesthetik-team-oldenburg.de\\\/\",\"name\":\"AESTHETIK TEAM OLDENBURG\",\"description\":\"\u00c4STHETISCHE CHIRURIGE\",\"potentialAction\":[{\"@type\":\"SearchAction\",\"target\":{\"@type\":\"EntryPoint\",\"urlTemplate\":\"https:\\\/\\\/www.aesthetik-team-oldenburg.de\\\/?s={search_term_string}\"},\"query-input\":{\"@type\":\"PropertyValueSpecification\",\"valueRequired\":true,\"valueName\":\"search_term_string\"}}],\"inLanguage\":\"de\"}]}<\/script>\n<!-- \/ Yoast SEO plugin. -->","yoast_head_json":{"title":"Oberschenkelstraffung & Oberarmstraffung - AESTHETIK TEAM OLDENBURG","description":"Oberschenkelstraffung und Oberarmstraffung in Oldenburg. Auch in Kombination mit Fettabsaugung. Vollnarkose oder D\u00e4mmerschlaf.","robots":{"index":"index","follow":"follow","max-snippet":"max-snippet:-1","max-image-preview":"max-image-preview:large","max-video-preview":"max-video-preview:-1"},"canonical":"https:\/\/www.aesthetik-team-oldenburg.de\/index.php\/oberschenkelstraffung-oberarmstraffung\/","og_locale":"de_DE","og_type":"article","og_title":"Oberschenkelstraffung & Oberarmstraffung - AESTHETIK TEAM OLDENBURG","og_description":"Oberschenkelstraffung und Oberarmstraffung in Oldenburg. Auch in Kombination mit Fettabsaugung. Vollnarkose oder D\u00e4mmerschlaf.","og_url":"https:\/\/www.aesthetik-team-oldenburg.de\/index.php\/oberschenkelstraffung-oberarmstraffung\/","og_site_name":"AESTHETIK TEAM OLDENBURG","article_modified_time":"2019-11-02T06:56:35+00:00","twitter_card":"summary_large_image","twitter_misc":{"Gesch\u00e4tzte Lesezeit":"2\u00a0Minuten"},"schema":{"@context":"https:\/\/schema.org","@graph":[{"@type":"WebPage","@id":"https:\/\/www.aesthetik-team-oldenburg.de\/index.php\/oberschenkelstraffung-oberarmstraffung\/","url":"https:\/\/www.aesthetik-team-oldenburg.de\/index.php\/oberschenkelstraffung-oberarmstraffung\/","name":"Oberschenkelstraffung & Oberarmstraffung - AESTHETIK TEAM OLDENBURG","isPartOf":{"@id":"https:\/\/www.aesthetik-team-oldenburg.de\/#website"},"datePublished":"2019-09-06T12:01:50+00:00","dateModified":"2019-11-02T06:56:35+00:00","description":"Oberschenkelstraffung und Oberarmstraffung in Oldenburg. Auch in Kombination mit Fettabsaugung. Vollnarkose oder D\u00e4mmerschlaf.","breadcrumb":{"@id":"https:\/\/www.aesthetik-team-oldenburg.de\/index.php\/oberschenkelstraffung-oberarmstraffung\/#breadcrumb"},"inLanguage":"de","potentialAction":[{"@type":"ReadAction","target":["https:\/\/www.aesthetik-team-oldenburg.de\/index.php\/oberschenkelstraffung-oberarmstraffung\/"]}]},{"@type":"BreadcrumbList","@id":"https:\/\/www.aesthetik-team-oldenburg.de\/index.php\/oberschenkelstraffung-oberarmstraffung\/#breadcrumb","itemListElement":[{"@type":"ListItem","position":1,"name":"Home","item":"https:\/\/www.aesthetik-team-oldenburg.de\/"},{"@type":"ListItem","position":2,"name":"Oberschenkelstraffung &#038; Oberarmstraffung"}]},{"@type":"WebSite","@id":"https:\/\/www.aesthetik-team-oldenburg.de\/#website","url":"https:\/\/www.aesthetik-team-oldenburg.de\/","name":"AESTHETIK TEAM OLDENBURG","description":"\u00c4STHETISCHE CHIRURIGE","potentialAction":[{"@type":"SearchAction","target":{"@type":"EntryPoint","urlTemplate":"https:\/\/www.aesthetik-team-oldenburg.de\/?s={search_term_string}"},"query-input":{"@type":"PropertyValueSpecification","valueRequired":true,"valueName":"search_term_string"}}],"inLanguage":"de"}]}},"_links":{"self":[{"href":"https:\/\/www.aesthetik-team-oldenburg.de\/index.php\/wp-json\/wp\/v2\/pages\/158","targetHints":{"allow":["GET"]}}],"collection":[{"href":"https:\/\/www.aesthetik-team-oldenburg.de\/index.php\/wp-json\/wp\/v2\/pages"}],"about":[{"href":"https:\/\/www.aesthetik-team-oldenburg.de\/index.php\/wp-json\/wp\/v2\/types\/page"}],"author":[{"embeddable":true,"href":"https:\/\/www.aesthetik-team-oldenburg.de\/index.php\/wp-json\/wp\/v2\/users\/1"}],"replies":[{"embeddable":true,"href":"https:\/\/www.aesthetik-team-oldenburg.de\/index.php\/wp-json\/wp\/v2\/comments?post=158"}],"version-history":[{"count":3,"href":"https:\/\/www.aesthetik-team-oldenburg.de\/index.php\/wp-json\/wp\/v2\/pages\/158\/revisions"}],"predecessor-version":[{"id":329,"href":"https:\/\/www.aesthetik-team-oldenburg.de\/index.php\/wp-json\/wp\/v2\/pages\/158\/revisions\/329"}],"wp:attachment":[{"href":"https:\/\/www.aesthetik-team-oldenburg.de\/index.php\/wp-json\/wp\/v2\/media?parent=158"}],"curies":[{"name":"wp","href":"https:\/\/api.w.org\/{rel}","templated":true}]}}