{"id":168,"date":"2019-09-06T12:09:26","date_gmt":"2019-09-06T12:09:26","guid":{"rendered":"http:\/\/www.aesthetik-team-oldenburg.de\/?page_id=168"},"modified":"2022-01-21T16:29:14","modified_gmt":"2022-01-21T16:29:14","slug":"partner","status":"publish","type":"page","link":"https:\/\/www.aesthetik-team-oldenburg.de\/index.php\/partner\/","title":{"rendered":"Partner"},"content":{"rendered":"<div class=\"wpb-content-wrapper\"><p>[vc_row padding_top=&#8220;0&#8243; padding_bottom=&#8220;0&#8243; margin_bottom=&#8220;30&#8243;][vc_column][vc_column_text]<\/p>\n<h1>Auch unsere Partner sind mit Sicherheit f\u00fcr Sie da<\/h1>\n<p>Viele Eingriffe der Plastischen und \u00c4sthetischen Chirurgie k\u00f6nnen wir ambulant in unseren Praxisr\u00e4umen in Oldenburg oder in unserer Partnerpraxis in Wilhelmshaven ausf\u00fchren. Bei all unserem \u00e4rztlichen Tun steht Ihr Wohlergehen an oberster Stelle. Ein erfahrenes An\u00e4sthesieteam, ein Aufwachraum, Rufbereitschaft des Operateurs und modernste technische Voraussetzungen sorgen f\u00fcr ein H\u00f6chstma\u00df an Sicherheit. Nach Hause geht es f\u00fcr Sie erst, wenn alles in Ordnung und f\u00fcr eine geeignete h\u00e4usliche Betreuung gesorgt ist.<\/p>\n<p>Haben wir bez\u00fcglich einer ambulanten Versorgung dennoch medizinische Bedenken, oder planen wir gemeinsam mit Ihnen einen gr\u00f6\u00dferen Eingriff, dann ist es das Beste f\u00fcr Sie, wenn wir Ihre OP station\u00e4r in einer unserer Partnerkliniken durchf\u00fchren.<\/p>\n<p>Auch bei unseren Kooperationspartnern f\u00fcr Brustimplantate hat Ihre Sicherheit oberste Priorit\u00e4t. Wir kooperieren ausschlie\u00dflich mit Herstellern, die uns eine gepr\u00fcfte \u201eMade in Germany\u201c Qualit\u00e4t garantieren.<\/p>\n<p>Wir engagieren uns f\u00fcr Ihre bestm\u00f6gliche psychosoziale Begleitung im Falle einer Krebserkrankung.<\/p>\n<p>Und auch f\u00fcr die Finanzierung von Behandlungskosten bieten wir Ihnen komfortable, sichere L\u00f6sungen.[\/vc_column_text][\/vc_column][\/vc_row][vc_row padding_top=&#8220;20 px&#8220;][vc_column width=&#8220;1\/3&#8243;]<div class=\"grve-element grve-image grve-animated-item grve-fadeInRight grve-align-center\" style=\"\" data-delay=\"600\"><img loading=\"lazy\" decoding=\"async\" width=\"320\" height=\"137\" src=\"https:\/\/www.aesthetik-team-oldenburg.de\/wp-content\/uploads\/2019\/09\/logo-a-t-o_2.png\" class=\"attachment-full size-full\" alt=\"\" srcset=\"https:\/\/www.aesthetik-team-oldenburg.de\/wp-content\/uploads\/2019\/09\/logo-a-t-o_2.png 320w, https:\/\/www.aesthetik-team-oldenburg.de\/wp-content\/uploads\/2019\/09\/logo-a-t-o_2-300x128.png 300w\" sizes=\"auto, (max-width: 320px) 100vw, 320px\" \/><\/div>[\/vc_column][vc_column width=&#8220;1\/3&#8243;]<div class=\"grve-element grve-image grve-animated-item grve-fadeInRight grve-align-center\" style=\"\" data-delay=\"600\"><a href=\"https:\/\/www.ammerland-klinik.de\/leistungsspektrum\/kooperationspartner\/hand-und-plastische-chirurgie-hpc\/\" target=\"_blank\" class=\" \"><img loading=\"lazy\" decoding=\"async\" width=\"254\" height=\"204\" src=\"https:\/\/www.aesthetik-team-oldenburg.de\/wp-content\/uploads\/2019\/09\/ak_wsdlogo.png\" class=\"attachment-full size-full\" alt=\"\" \/><\/a><\/div>[\/vc_column][vc_column width=&#8220;1\/3&#8243;]<div class=\"grve-element grve-image grve-animated-item grve-fadeInRight grve-align-center\" style=\"\" data-delay=\"600\"><a href=\"https:\/\/westerstede.bwkrankenhaus.de\/startseite\/medizinische-kliniken-abteilungen\/klinik-xiv-unfallchirurgie-orthopaedie\/leistungsspektrum.html\" target=\"_blank\" class=\" \"><img loading=\"lazy\" decoding=\"async\" width=\"198\" height=\"228\" src=\"https:\/\/www.aesthetik-team-oldenburg.de\/wp-content\/uploads\/2019\/09\/bundeswehrkrankenhaus.png\" class=\"attachment-full size-full\" alt=\"\" \/><\/a><\/div>[\/vc_column][\/vc_row][vc_row][vc_column width=&#8220;1\/3&#8243;]<div class=\"grve-element grve-image grve-animated-item grve-fadeInRight grve-align-center\" style=\"\" data-delay=\"600\"><a href=\"https:\/\/orthopaedie-im-zentrum.net\" target=\"_blank\" class=\" \"><img loading=\"lazy\" decoding=\"async\" width=\"935\" height=\"330\" src=\"https:\/\/www.aesthetik-team-oldenburg.de\/wp-content\/uploads\/2022\/01\/Logo-Praxis-13102021.png\" class=\"attachment-full size-full\" alt=\"\" srcset=\"https:\/\/www.aesthetik-team-oldenburg.de\/wp-content\/uploads\/2022\/01\/Logo-Praxis-13102021.png 935w, https:\/\/www.aesthetik-team-oldenburg.de\/wp-content\/uploads\/2022\/01\/Logo-Praxis-13102021-300x106.png 300w, https:\/\/www.aesthetik-team-oldenburg.de\/wp-content\/uploads\/2022\/01\/Logo-Praxis-13102021-768x271.png 768w\" sizes=\"auto, (max-width: 935px) 100vw, 935px\" \/><\/a><\/div>[\/vc_column][vc_column width=&#8220;1\/3&#8243;]<div class=\"grve-element grve-image grve-animated-item grve-fadeInRight grve-align-center\" style=\"\" data-delay=\"600\"><a href=\"https:\/\/www.krankenhaus-varel.de\/de\/home\/\" target=\"_blank\" class=\" \"><img loading=\"lazy\" decoding=\"async\" width=\"1113\" height=\"312\" src=\"https:\/\/www.aesthetik-team-oldenburg.de\/wp-content\/uploads\/2019\/11\/Logo_LK-FRI_SJH-Varel_RGB.jpg\" class=\"attachment-full size-full\" alt=\"\" srcset=\"https:\/\/www.aesthetik-team-oldenburg.de\/wp-content\/uploads\/2019\/11\/Logo_LK-FRI_SJH-Varel_RGB.jpg 1113w, https:\/\/www.aesthetik-team-oldenburg.de\/wp-content\/uploads\/2019\/11\/Logo_LK-FRI_SJH-Varel_RGB-300x84.jpg 300w, https:\/\/www.aesthetik-team-oldenburg.de\/wp-content\/uploads\/2019\/11\/Logo_LK-FRI_SJH-Varel_RGB-768x215.jpg 768w, https:\/\/www.aesthetik-team-oldenburg.de\/wp-content\/uploads\/2019\/11\/Logo_LK-FRI_SJH-Varel_RGB-1024x287.jpg 1024w\" sizes=\"auto, (max-width: 1113px) 100vw, 1113px\" \/><\/a><\/div>[\/vc_column][vc_column width=&#8220;1\/3&#8243;]<div class=\"grve-element grve-image grve-animated-item grve-fadeInRight grve-align-center\" style=\"\" data-delay=\"600\"><a href=\"https:\/\/polytech-health-aesthetics.com\/de\/produkte\/brustimplantate\/\" target=\"_blank\" class=\" \"><img loading=\"lazy\" decoding=\"async\" width=\"350\" height=\"59\" src=\"https:\/\/www.aesthetik-team-oldenburg.de\/wp-content\/uploads\/2019\/09\/polytech_logo_rgb_gr.png\" class=\"attachment-full size-full\" alt=\"\" srcset=\"https:\/\/www.aesthetik-team-oldenburg.de\/wp-content\/uploads\/2019\/09\/polytech_logo_rgb_gr.png 350w, https:\/\/www.aesthetik-team-oldenburg.de\/wp-content\/uploads\/2019\/09\/polytech_logo_rgb_gr-300x51.png 300w\" sizes=\"auto, (max-width: 350px) 100vw, 350px\" \/><\/a><\/div>[\/vc_column][\/vc_row][vc_row][vc_column width=&#8220;1\/3&#8243;][\/vc_column][vc_column width=&#8220;1\/3&#8243;]<div class=\"grve-element grve-image grve-animated-item grve-fadeInRight grve-align-center\" style=\"\" data-delay=\"600\"><a href=\"http:\/\/www.freundeskreis-brustgesundheit.de\" target=\"_blank\" class=\" \"><img loading=\"lazy\" decoding=\"async\" width=\"266\" height=\"89\" src=\"https:\/\/www.aesthetik-team-oldenburg.de\/wp-content\/uploads\/2019\/09\/logo_brustgesundheit_bradley2.png\" class=\"attachment-full size-full\" alt=\"\" \/><\/a><\/div>[\/vc_column][vc_column width=&#8220;1\/3&#8243;][\/vc_column][\/vc_row]<\/p>\n<\/div>","protected":false},"excerpt":{"rendered":"<p>[vc_row padding_top=&#8220;0&#8243; padding_bottom=&#8220;0&#8243; margin_bottom=&#8220;30&#8243;][vc_column][vc_column_text] Auch unsere Partner sind mit Sicherheit f\u00fcr Sie da Viele Eingriffe der Plastischen und \u00c4sthetischen Chirurgie k\u00f6nnen wir ambulant in unseren Praxisr\u00e4umen in Oldenburg oder in unserer Partnerpraxis in Wilhelmshaven ausf\u00fchren. Bei all unserem \u00e4rztlichen Tun steht Ihr Wohlergehen an oberster Stelle. Ein erfahrenes An\u00e4sthesieteam, ein Aufwachraum, Rufbereitschaft des Operateurs und [&hellip;]<\/p>\n","protected":false},"author":1,"featured_media":0,"parent":0,"menu_order":0,"comment_status":"closed","ping_status":"closed","template":"","meta":{"footnotes":""},"class_list":["post-168","page","type-page","status-publish","hentry"],"yoast_head":"<!-- This site is optimized with the Yoast SEO plugin v27.2 - https:\/\/yoast.com\/product\/yoast-seo-wordpress\/ -->\n<title>Partner - AESTHETIK TEAM OLDENBURG<\/title>\n<meta name=\"description\" content=\"Ambulante Operationen. Plastische und \u00c4sthetische Chirurgie in Oldenburg Erfahrenes An\u00e4sthesieteam, H\u00f6chstma\u00df an Sicherheit.\" \/>\n<meta name=\"robots\" content=\"index, follow, max-snippet:-1, max-image-preview:large, max-video-preview:-1\" \/>\n<link rel=\"canonical\" href=\"https:\/\/www.aesthetik-team-oldenburg.de\/index.php\/partner\/\" \/>\n<meta property=\"og:locale\" content=\"de_DE\" \/>\n<meta property=\"og:type\" content=\"article\" \/>\n<meta property=\"og:title\" content=\"Partner - AESTHETIK TEAM OLDENBURG\" \/>\n<meta property=\"og:description\" content=\"Ambulante Operationen. Plastische und \u00c4sthetische Chirurgie in Oldenburg Erfahrenes An\u00e4sthesieteam, H\u00f6chstma\u00df an Sicherheit.\" \/>\n<meta property=\"og:url\" content=\"https:\/\/www.aesthetik-team-oldenburg.de\/index.php\/partner\/\" \/>\n<meta property=\"og:site_name\" content=\"AESTHETIK TEAM OLDENBURG\" \/>\n<meta property=\"article:modified_time\" content=\"2022-01-21T16:29:14+00:00\" \/>\n<meta name=\"twitter:card\" content=\"summary_large_image\" \/>\n<meta name=\"twitter:label1\" content=\"Gesch\u00e4tzte Lesezeit\" \/>\n\t<meta name=\"twitter:data1\" content=\"2\u00a0Minuten\" \/>\n<script type=\"application\/ld+json\" class=\"yoast-schema-graph\">{\"@context\":\"https:\/\/schema.org\",\"@graph\":[{\"@type\":\"WebPage\",\"@id\":\"https:\/\/www.aesthetik-team-oldenburg.de\/index.php\/partner\/\",\"url\":\"https:\/\/www.aesthetik-team-oldenburg.de\/index.php\/partner\/\",\"name\":\"Partner - AESTHETIK TEAM OLDENBURG\",\"isPartOf\":{\"@id\":\"https:\/\/www.aesthetik-team-oldenburg.de\/#website\"},\"datePublished\":\"2019-09-06T12:09:26+00:00\",\"dateModified\":\"2022-01-21T16:29:14+00:00\",\"description\":\"Ambulante Operationen. Plastische und \u00c4sthetische Chirurgie in Oldenburg Erfahrenes An\u00e4sthesieteam, H\u00f6chstma\u00df an Sicherheit.\",\"breadcrumb\":{\"@id\":\"https:\/\/www.aesthetik-team-oldenburg.de\/index.php\/partner\/#breadcrumb\"},\"inLanguage\":\"de\",\"potentialAction\":[{\"@type\":\"ReadAction\",\"target\":[\"https:\/\/www.aesthetik-team-oldenburg.de\/index.php\/partner\/\"]}]},{\"@type\":\"BreadcrumbList\",\"@id\":\"https:\/\/www.aesthetik-team-oldenburg.de\/index.php\/partner\/#breadcrumb\",\"itemListElement\":[{\"@type\":\"ListItem\",\"position\":1,\"name\":\"Home\",\"item\":\"https:\/\/www.aesthetik-team-oldenburg.de\/\"},{\"@type\":\"ListItem\",\"position\":2,\"name\":\"Partner\"}]},{\"@type\":\"WebSite\",\"@id\":\"https:\/\/www.aesthetik-team-oldenburg.de\/#website\",\"url\":\"https:\/\/www.aesthetik-team-oldenburg.de\/\",\"name\":\"AESTHETIK TEAM OLDENBURG\",\"description\":\"\u00c4STHETISCHE CHIRURIGE\",\"potentialAction\":[{\"@type\":\"SearchAction\",\"target\":{\"@type\":\"EntryPoint\",\"urlTemplate\":\"https:\/\/www.aesthetik-team-oldenburg.de\/?s={search_term_string}\"},\"query-input\":{\"@type\":\"PropertyValueSpecification\",\"valueRequired\":true,\"valueName\":\"search_term_string\"}}],\"inLanguage\":\"de\"}]}<\/script>\n<!-- \/ Yoast SEO plugin. -->","yoast_head_json":{"title":"Partner - AESTHETIK TEAM OLDENBURG","description":"Ambulante Operationen. Plastische und \u00c4sthetische Chirurgie in Oldenburg Erfahrenes An\u00e4sthesieteam, H\u00f6chstma\u00df an Sicherheit.","robots":{"index":"index","follow":"follow","max-snippet":"max-snippet:-1","max-image-preview":"max-image-preview:large","max-video-preview":"max-video-preview:-1"},"canonical":"https:\/\/www.aesthetik-team-oldenburg.de\/index.php\/partner\/","og_locale":"de_DE","og_type":"article","og_title":"Partner - AESTHETIK TEAM OLDENBURG","og_description":"Ambulante Operationen. Plastische und \u00c4sthetische Chirurgie in Oldenburg Erfahrenes An\u00e4sthesieteam, H\u00f6chstma\u00df an Sicherheit.","og_url":"https:\/\/www.aesthetik-team-oldenburg.de\/index.php\/partner\/","og_site_name":"AESTHETIK TEAM OLDENBURG","article_modified_time":"2022-01-21T16:29:14+00:00","twitter_card":"summary_large_image","twitter_misc":{"Gesch\u00e4tzte Lesezeit":"2\u00a0Minuten"},"schema":{"@context":"https:\/\/schema.org","@graph":[{"@type":"WebPage","@id":"https:\/\/www.aesthetik-team-oldenburg.de\/index.php\/partner\/","url":"https:\/\/www.aesthetik-team-oldenburg.de\/index.php\/partner\/","name":"Partner - AESTHETIK TEAM OLDENBURG","isPartOf":{"@id":"https:\/\/www.aesthetik-team-oldenburg.de\/#website"},"datePublished":"2019-09-06T12:09:26+00:00","dateModified":"2022-01-21T16:29:14+00:00","description":"Ambulante Operationen. Plastische und \u00c4sthetische Chirurgie in Oldenburg Erfahrenes An\u00e4sthesieteam, H\u00f6chstma\u00df an Sicherheit.","breadcrumb":{"@id":"https:\/\/www.aesthetik-team-oldenburg.de\/index.php\/partner\/#breadcrumb"},"inLanguage":"de","potentialAction":[{"@type":"ReadAction","target":["https:\/\/www.aesthetik-team-oldenburg.de\/index.php\/partner\/"]}]},{"@type":"BreadcrumbList","@id":"https:\/\/www.aesthetik-team-oldenburg.de\/index.php\/partner\/#breadcrumb","itemListElement":[{"@type":"ListItem","position":1,"name":"Home","item":"https:\/\/www.aesthetik-team-oldenburg.de\/"},{"@type":"ListItem","position":2,"name":"Partner"}]},{"@type":"WebSite","@id":"https:\/\/www.aesthetik-team-oldenburg.de\/#website","url":"https:\/\/www.aesthetik-team-oldenburg.de\/","name":"AESTHETIK TEAM OLDENBURG","description":"\u00c4STHETISCHE CHIRURIGE","potentialAction":[{"@type":"SearchAction","target":{"@type":"EntryPoint","urlTemplate":"https:\/\/www.aesthetik-team-oldenburg.de\/?s={search_term_string}"},"query-input":{"@type":"PropertyValueSpecification","valueRequired":true,"valueName":"search_term_string"}}],"inLanguage":"de"}]}},"_links":{"self":[{"href":"https:\/\/www.aesthetik-team-oldenburg.de\/index.php\/wp-json\/wp\/v2\/pages\/168","targetHints":{"allow":["GET"]}}],"collection":[{"href":"https:\/\/www.aesthetik-team-oldenburg.de\/index.php\/wp-json\/wp\/v2\/pages"}],"about":[{"href":"https:\/\/www.aesthetik-team-oldenburg.de\/index.php\/wp-json\/wp\/v2\/types\/page"}],"author":[{"embeddable":true,"href":"https:\/\/www.aesthetik-team-oldenburg.de\/index.php\/wp-json\/wp\/v2\/users\/1"}],"replies":[{"embeddable":true,"href":"https:\/\/www.aesthetik-team-oldenburg.de\/index.php\/wp-json\/wp\/v2\/comments?post=168"}],"version-history":[{"count":6,"href":"https:\/\/www.aesthetik-team-oldenburg.de\/index.php\/wp-json\/wp\/v2\/pages\/168\/revisions"}],"predecessor-version":[{"id":526,"href":"https:\/\/www.aesthetik-team-oldenburg.de\/index.php\/wp-json\/wp\/v2\/pages\/168\/revisions\/526"}],"wp:attachment":[{"href":"https:\/\/www.aesthetik-team-oldenburg.de\/index.php\/wp-json\/wp\/v2\/media?parent=168"}],"curies":[{"name":"wp","href":"https:\/\/api.w.org\/{rel}","templated":true}]}}