{"id":178,"date":"2019-09-06T12:10:36","date_gmt":"2019-09-06T12:10:36","guid":{"rendered":"http:\/\/www.aesthetik-team-oldenburg.de\/?page_id=178"},"modified":"2025-06-22T19:22:54","modified_gmt":"2025-06-22T19:22:54","slug":"leistungen","status":"publish","type":"page","link":"https:\/\/www.aesthetik-team-oldenburg.de\/index.php\/leistungen\/","title":{"rendered":"Leistungen"},"content":{"rendered":"<div class=\"wpb-content-wrapper\"><p>[vc_row margin_bottom=&#8220;0&#8243;][vc_column][vc_column_text]<\/p>\n<h1>Leistungen<\/h1>\n<p>Unsere Leistungen zeichnen sich durch ein breites Behandlungsspektrum aus. Alle Fach\u00e4rzte aus unserem Team verf\u00fcgen \u00fcber umfassende Expertise und exzellente Reputationen. Ganz gleich, ob Sie lediglich eine minimale \u00e4sthetische Optimierung Ihres Aussehens w\u00fcnschen, oder sich mit der Frage nach einem umfangreichen Eingriff an uns wenden:\u00a0 immer profitieren Sie von individueller Beratung, modernsten medizinischen Verfahren und weitreichenden Erfahrungen Ihres Behandlers.<\/p>\n<h2>Faltenbehandlung, Facelift, Fettabsaugung und mehr<\/h2>\n<p>Unsere Praxis in Oldenburg verf\u00fcgt \u00fcber eine hochmoderne technische OP-Ausstattung. Wir behandeln Sie auf h\u00f6chstem medizinischem Niveau nach dem aktuellen Stand der Wissenschaft.\u00a0Je nach Befund und Patientenwunsch f\u00fchren wir Ihre Behandlung ambulant oder station\u00e4r, in Lokalan\u00e4sthesie oder Vollnarkose, durch.<\/p>\n<p>Die Praxis-Kooperation mit dem An\u00e4sthesie Zentrum Oldenburg gew\u00e4hrleistet h\u00f6chste medizinische Standards und erspart Ihnen nach M\u00f6glichkeit station\u00e4re Klinikaufenthalte. Ein Mini Facelift, ein Fadenlift, eine Nasenkorrektur oder eine Fettabsaugung sind der Regel ambulant m\u00f6glich.<\/p>\n<p>Ist zu Ihrer Sicherheit ein Klinikaufenthalt unumg\u00e4nglich, wie zum Beispiel bei einer Bauchdeckenstraffung, kooperieren wir mit\u00a0 gro\u00dfen Kliniken in Westerstede, Varel, Wilhelmshaven und Brake. Selbstverst\u00e4ndlich operiert Sie Ihr Behandler aus dem Aesthetik Team Oldenburg auch dort pers\u00f6nlich![\/vc_column_text][vc_empty_space height=&#8220;50px&#8220;][\/vc_column][\/vc_row][vc_row section_type=&#8220;fullwidth&#8220; bg_type=&#8220;color&#8220; equal_column_height=&#8220;middle-content&#8220; bg_color=&#8220;#b10050&#8243;][vc_column width=&#8220;1\/2&#8243; css=&#8220;.vc_custom_1750620170737{background-image: url(https:\/\/www.aesthetik-team-oldenburg.de\/wp-content\/uploads\/2025\/06\/HPC2-049-scaled.jpg?id=758) !important;background-position: center !important;background-repeat: no-repeat !important;background-size: cover !important;}&#8220;][vc_empty_space height=&#8220;360&#8243;][\/vc_column][vc_column width=&#8220;1\/2&#8243; heading_color=&#8220;light&#8220; css=&#8220;.vc_custom_1546618441816{margin-bottom: 0px !important;padding-right: 8% !important;padding-left: 8% !important;}&#8220; font_color=&#8220;rgba(255,255,255,0.9)&#8220;][vc_empty_space height=&#8220;140&#8243;]<div class=\"grve-element grve-slogan grve-align-center grve-animated-item grve-fadeInRight\" style=\"margin-bottom: 0px;\" data-delay=\"600\"><h2 class=\"grve-slogan-title grve-align-center grve-h3\"><span>Wussten Sie schon?<span class=\"grve-title-line grve-bg-white\" style=\"width: 50px;height: 2px;\"><\/span><\/span><\/h2>  <p class=\"\">Wir sind nicht nur f\u00fcr Sie da, wenn Sie sich kompetente Behandler im Bereich \u00c4sthetische Chirurgie w\u00fcnschen. Alle \u00c4rzte aus dem Aesthetik Team Oldenburg sind auch hoch qualifizierte, erfahrene Fach\u00e4rzte f\u00fcr Plastische Chirurgie mit der Zusatzbezeichnung Handchirurgie, und wir stehen f\u00fcr gro\u00dfe Expertise auf diesem Gebiet! Das Leistungsspektrum der Hand- und Plastische Chirurgie Oldenburg (HPC) beinhaltet Hand- und Nervenchirurgie sowie Plastische &#8211; und Rekonstruktive Chirurgie. Unser Spezialgebiet sind minimal invasive und endoskopische Verfahren. Sie m\u00f6chten mehr erfahren?<\/p><div class=\"grve-btn-wrapper\"><a href=\"http:\/\/www.hpc-oldenburg.de\" class=\"grve-btn grve-btn-medium grve-round grve-bg-white grve-bg-hover-white grve-btn-line\"><span>Hier gelangen Sie zur HPC Oldenburg-Webseite<\/span><\/a><\/div><\/div>[vc_empty_space height=&#8220;140&#8243;][\/vc_column][\/vc_row][vc_row][vc_column][vc_empty_space height=&#8220;70px&#8220;]<div class=\"grve-element grve-box-icon grve-align-left grve-medium grve-animated-item grve-fadeInRight\" style=\"\" data-delay=\"600\">  <div class=\"grve-wrapper-icon grve-no-shape grve-text-grey\"><i class=\"smp-icon-info grve-text-primary-1\"><\/i><\/div>  <div class=\"grve-box-content\">      <h3 class=\"grve-box-title grve-h3\">ZWEITMEINUNG: Weil vier Augen mehr sehen als zwei<\/h3>    <p class=\"\">Sie m\u00f6chten eine zweite Meinung? Vor einer so wichtigen Entscheidung wie einer \u00e4sthetischen Operation, wird Ihnen ein verantwortungsbewusster Behandler niemals \u00fcbelnehmen, wenn Sie eine zweite, fachlich fundierte Einsch\u00e4tzung einholen. Schlie\u00dflich geht es dabei um Ihre Attraktivit\u00e4t, Sicherheit und Lebensqualit\u00e4t. Sie haben die bestm\u00f6gliche Behandlung verdient, und vier Augen sehen nun einmal mehr als zwei! Wir sind Ihr kompetenter Ansprechpartner, wenn Sie eine z\u00fcgige, unverbindliche und fachkompetente Zweitmeinung w\u00fcnschen!<\/p>  <\/div><\/div>[\/vc_column][\/vc_row]<\/p>\n<\/div>","protected":false},"excerpt":{"rendered":"<p>[vc_row margin_bottom=&#8220;0&#8243;][vc_column][vc_column_text] Leistungen Unsere Leistungen zeichnen sich durch ein breites Behandlungsspektrum aus. Alle Fach\u00e4rzte aus unserem Team verf\u00fcgen \u00fcber umfassende Expertise und exzellente Reputationen. Ganz gleich, ob Sie lediglich eine minimale \u00e4sthetische Optimierung Ihres Aussehens w\u00fcnschen, oder sich mit der Frage nach einem umfangreichen Eingriff an uns wenden:\u00a0 immer profitieren Sie von individueller Beratung, modernsten [&hellip;]<\/p>\n","protected":false},"author":1,"featured_media":0,"parent":0,"menu_order":0,"comment_status":"closed","ping_status":"closed","template":"","meta":{"footnotes":""},"class_list":["post-178","page","type-page","status-publish","hentry"],"yoast_head":"<!-- This site is optimized with the Yoast SEO plugin v27.2 - https:\/\/yoast.com\/product\/yoast-seo-wordpress\/ -->\n<title>Leistungen - AESTHETIK TEAM OLDENBURG<\/title>\n<meta name=\"description\" content=\"Faltenbehandlung, Facelift, Fettabsaugung in Oldenburg. Hochmoderne technische OP-Ausstattung. H\u00f6chstes medizinisches Niveau.\" \/>\n<meta name=\"robots\" content=\"index, follow, max-snippet:-1, max-image-preview:large, max-video-preview:-1\" \/>\n<link rel=\"canonical\" href=\"https:\/\/www.aesthetik-team-oldenburg.de\/index.php\/leistungen\/\" \/>\n<meta property=\"og:locale\" content=\"de_DE\" \/>\n<meta property=\"og:type\" content=\"article\" \/>\n<meta property=\"og:title\" content=\"Leistungen - AESTHETIK TEAM OLDENBURG\" \/>\n<meta property=\"og:description\" content=\"Faltenbehandlung, Facelift, Fettabsaugung in Oldenburg. Hochmoderne technische OP-Ausstattung. H\u00f6chstes medizinisches Niveau.\" \/>\n<meta property=\"og:url\" content=\"https:\/\/www.aesthetik-team-oldenburg.de\/index.php\/leistungen\/\" \/>\n<meta property=\"og:site_name\" content=\"AESTHETIK TEAM OLDENBURG\" \/>\n<meta property=\"article:modified_time\" content=\"2025-06-22T19:22:54+00:00\" \/>\n<meta name=\"twitter:card\" content=\"summary_large_image\" \/>\n<meta name=\"twitter:label1\" content=\"Gesch\u00e4tzte Lesezeit\" \/>\n\t<meta name=\"twitter:data1\" content=\"3\u00a0Minuten\" \/>\n<script type=\"application\/ld+json\" class=\"yoast-schema-graph\">{\"@context\":\"https:\/\/schema.org\",\"@graph\":[{\"@type\":\"WebPage\",\"@id\":\"https:\/\/www.aesthetik-team-oldenburg.de\/index.php\/leistungen\/\",\"url\":\"https:\/\/www.aesthetik-team-oldenburg.de\/index.php\/leistungen\/\",\"name\":\"Leistungen - AESTHETIK TEAM OLDENBURG\",\"isPartOf\":{\"@id\":\"https:\/\/www.aesthetik-team-oldenburg.de\/#website\"},\"datePublished\":\"2019-09-06T12:10:36+00:00\",\"dateModified\":\"2025-06-22T19:22:54+00:00\",\"description\":\"Faltenbehandlung, Facelift, Fettabsaugung in Oldenburg. Hochmoderne technische OP-Ausstattung. H\u00f6chstes medizinisches Niveau.\",\"breadcrumb\":{\"@id\":\"https:\/\/www.aesthetik-team-oldenburg.de\/index.php\/leistungen\/#breadcrumb\"},\"inLanguage\":\"de\",\"potentialAction\":[{\"@type\":\"ReadAction\",\"target\":[\"https:\/\/www.aesthetik-team-oldenburg.de\/index.php\/leistungen\/\"]}]},{\"@type\":\"BreadcrumbList\",\"@id\":\"https:\/\/www.aesthetik-team-oldenburg.de\/index.php\/leistungen\/#breadcrumb\",\"itemListElement\":[{\"@type\":\"ListItem\",\"position\":1,\"name\":\"Home\",\"item\":\"https:\/\/www.aesthetik-team-oldenburg.de\/\"},{\"@type\":\"ListItem\",\"position\":2,\"name\":\"Leistungen\"}]},{\"@type\":\"WebSite\",\"@id\":\"https:\/\/www.aesthetik-team-oldenburg.de\/#website\",\"url\":\"https:\/\/www.aesthetik-team-oldenburg.de\/\",\"name\":\"AESTHETIK TEAM OLDENBURG\",\"description\":\"\u00c4STHETISCHE CHIRURIGE\",\"potentialAction\":[{\"@type\":\"SearchAction\",\"target\":{\"@type\":\"EntryPoint\",\"urlTemplate\":\"https:\/\/www.aesthetik-team-oldenburg.de\/?s={search_term_string}\"},\"query-input\":{\"@type\":\"PropertyValueSpecification\",\"valueRequired\":true,\"valueName\":\"search_term_string\"}}],\"inLanguage\":\"de\"}]}<\/script>\n<!-- \/ Yoast SEO plugin. -->","yoast_head_json":{"title":"Leistungen - AESTHETIK TEAM OLDENBURG","description":"Faltenbehandlung, Facelift, Fettabsaugung in Oldenburg. Hochmoderne technische OP-Ausstattung. H\u00f6chstes medizinisches Niveau.","robots":{"index":"index","follow":"follow","max-snippet":"max-snippet:-1","max-image-preview":"max-image-preview:large","max-video-preview":"max-video-preview:-1"},"canonical":"https:\/\/www.aesthetik-team-oldenburg.de\/index.php\/leistungen\/","og_locale":"de_DE","og_type":"article","og_title":"Leistungen - AESTHETIK TEAM OLDENBURG","og_description":"Faltenbehandlung, Facelift, Fettabsaugung in Oldenburg. Hochmoderne technische OP-Ausstattung. H\u00f6chstes medizinisches Niveau.","og_url":"https:\/\/www.aesthetik-team-oldenburg.de\/index.php\/leistungen\/","og_site_name":"AESTHETIK TEAM OLDENBURG","article_modified_time":"2025-06-22T19:22:54+00:00","twitter_card":"summary_large_image","twitter_misc":{"Gesch\u00e4tzte Lesezeit":"3\u00a0Minuten"},"schema":{"@context":"https:\/\/schema.org","@graph":[{"@type":"WebPage","@id":"https:\/\/www.aesthetik-team-oldenburg.de\/index.php\/leistungen\/","url":"https:\/\/www.aesthetik-team-oldenburg.de\/index.php\/leistungen\/","name":"Leistungen - AESTHETIK TEAM OLDENBURG","isPartOf":{"@id":"https:\/\/www.aesthetik-team-oldenburg.de\/#website"},"datePublished":"2019-09-06T12:10:36+00:00","dateModified":"2025-06-22T19:22:54+00:00","description":"Faltenbehandlung, Facelift, Fettabsaugung in Oldenburg. Hochmoderne technische OP-Ausstattung. H\u00f6chstes medizinisches Niveau.","breadcrumb":{"@id":"https:\/\/www.aesthetik-team-oldenburg.de\/index.php\/leistungen\/#breadcrumb"},"inLanguage":"de","potentialAction":[{"@type":"ReadAction","target":["https:\/\/www.aesthetik-team-oldenburg.de\/index.php\/leistungen\/"]}]},{"@type":"BreadcrumbList","@id":"https:\/\/www.aesthetik-team-oldenburg.de\/index.php\/leistungen\/#breadcrumb","itemListElement":[{"@type":"ListItem","position":1,"name":"Home","item":"https:\/\/www.aesthetik-team-oldenburg.de\/"},{"@type":"ListItem","position":2,"name":"Leistungen"}]},{"@type":"WebSite","@id":"https:\/\/www.aesthetik-team-oldenburg.de\/#website","url":"https:\/\/www.aesthetik-team-oldenburg.de\/","name":"AESTHETIK TEAM OLDENBURG","description":"\u00c4STHETISCHE CHIRURIGE","potentialAction":[{"@type":"SearchAction","target":{"@type":"EntryPoint","urlTemplate":"https:\/\/www.aesthetik-team-oldenburg.de\/?s={search_term_string}"},"query-input":{"@type":"PropertyValueSpecification","valueRequired":true,"valueName":"search_term_string"}}],"inLanguage":"de"}]}},"_links":{"self":[{"href":"https:\/\/www.aesthetik-team-oldenburg.de\/index.php\/wp-json\/wp\/v2\/pages\/178","targetHints":{"allow":["GET"]}}],"collection":[{"href":"https:\/\/www.aesthetik-team-oldenburg.de\/index.php\/wp-json\/wp\/v2\/pages"}],"about":[{"href":"https:\/\/www.aesthetik-team-oldenburg.de\/index.php\/wp-json\/wp\/v2\/types\/page"}],"author":[{"embeddable":true,"href":"https:\/\/www.aesthetik-team-oldenburg.de\/index.php\/wp-json\/wp\/v2\/users\/1"}],"replies":[{"embeddable":true,"href":"https:\/\/www.aesthetik-team-oldenburg.de\/index.php\/wp-json\/wp\/v2\/comments?post=178"}],"version-history":[{"count":5,"href":"https:\/\/www.aesthetik-team-oldenburg.de\/index.php\/wp-json\/wp\/v2\/pages\/178\/revisions"}],"predecessor-version":[{"id":759,"href":"https:\/\/www.aesthetik-team-oldenburg.de\/index.php\/wp-json\/wp\/v2\/pages\/178\/revisions\/759"}],"wp:attachment":[{"href":"https:\/\/www.aesthetik-team-oldenburg.de\/index.php\/wp-json\/wp\/v2\/media?parent=178"}],"curies":[{"name":"wp","href":"https:\/\/api.w.org\/{rel}","templated":true}]}}