{"id":25,"date":"2019-09-06T08:30:49","date_gmt":"2019-09-06T08:30:49","guid":{"rendered":"http:\/\/www.aesthetik-team-oldenburg.de\/?page_id=25"},"modified":"2025-06-22T19:15:06","modified_gmt":"2025-06-22T19:15:06","slug":"willkommen","status":"publish","type":"page","link":"https:\/\/www.aesthetik-team-oldenburg.de\/","title":{"rendered":"Willkommen"},"content":{"rendered":"<div class=\"wpb-content-wrapper\"><p>[vc_row padding_bottom=&#8220;60&#8243;][vc_column][vc_column_text css=&#8220;&#8220;]<\/p>\n<h1>Herzlich willkommen beim Aesthetik Team Oldenburg!<\/h1>\n<p>Sie m\u00f6chten mehr \u00fcber sichere Sch\u00f6nheitschirurgie erfahren oder planen einen konkreten Eingriff? Dann sind Sie hier richtig! Auf diesen Seiten k\u00f6nnen Sie sich \u00fcber die M\u00f6glichkeiten verantwortungsbewusster plastisch-\u00e4sthetischer Chirurgie informieren und erhalten einen \u00dcberblick \u00fcber unsere \u00e4rztlichen Qualifikationen.<\/p>\n<p><strong>Das Aesthetik Team Oldenburg bietet Ihnen hervorragende Bedingungen daf\u00fcr, dass Sie sich mit dem Ergebnis Ihrer Sch\u00f6nheitsoperation rundum wohlf\u00fchlen k\u00f6nnen.<\/strong><\/p>\n<h2>Sch\u00f6nheitschirurgie aus kompetenter Hand<\/h2>\n<p>Unser Aesthetik Team besteht aus vier renommierten Fach\u00e4rzten f\u00fcr Plastische und \u00c4sthetische Chirurgie. Jeder Arzt im Team verf\u00fcgt \u00fcber umfangreiche Operationserfahrung und ist in international anerkannten Fachverb\u00e4nden vertreten. Ziel jedes Eingriffs ist die Optimierung und Harmonisierung Ihrer nat\u00fcrlichen Sch\u00f6nheit. Ihre Sicherheit und nachhaltige Zufriedenheit haben dabei absolute Priorit\u00e4t!<\/p>\n<p>Unser \u00e4rztliches Handeln folgt h\u00f6chsten Anspr\u00fcchen, &#8211; \u00e4sthetisch, medizinisch und menschlich! Individuelle Beratung, l\u00fcckenlose Aufkl\u00e4rung \u00fcber m\u00f6gliche Risiken, schonende Operationsverfahren und die Verwendung hochwertiger, vertr\u00e4glicher Materialien sind f\u00fcr uns selbstverst\u00e4ndlich. Ein gutes Einf\u00fchlungsverm\u00f6gen und eine vertrauensvolle Arzt\/Patientenbeziehung sind uns sehr wichtig!<\/p>\n<h2>Modernste R\u00e4umlichkeiten im Herzen der Oldenburger Innenstadt<\/h2>\n<p>Unsere lichtdurchflutete Praxis liegt zentral mitten in Oldenburg. Die gro\u00dfz\u00fcgigen, barrierefreien R\u00e4umlichkeiten sind technisch auf dem neuesten Stand ausgestattet.<\/p>\n<p>Im eigenen OP-Bereich in unserer Praxis k\u00f6nnen wir viele Eingriffe, die fr\u00fcher nur im Krankenhaus m\u00f6glich waren, heute ambulant und schonend durchf\u00fchren. Die Patienten k\u00f6nnen in unserer Praxis \u00fcbernachten und werden rund um die Uhr betreut. OPs, die einer Betreuung im Krankenhaus bed\u00fcrfen, f\u00fchren wir in einer unserer<a href=\"http:\/\/www.aesthetik-team-oldenburg.de\/index.php\/partner\/\"> Partnerkliniken<\/a> durch.<\/p>\n<p>Wir bieten Ihnen kurze Wartezeiten durch sorgf\u00e4ltige Terminkoordinierung sowie patientenfreundliche Finanzierungsmodelle. Gern beraten wir Sie nach Terminvereinbarung unverbindlich.<\/p>\n<p>Ihre<\/p>\n<p>Dr. Andreas Settje \u2013 Dr. Thomas Wermter \u2013 Dr. Mike Ruettermann[\/vc_column_text][\/vc_column][\/vc_row][vc_row equal_column_height=&#8220;middle-content&#8220; padding_top=&#8220;0&#8243; padding_bottom=&#8220;20&#8243;][vc_column vertical_content_position=&#8220;middle&#8220; width=&#8220;1\/2&#8243;]<h3 class=\"grve-element grve-title grve-align-left grve-h4\" style=\"\"><span>SO ERREICHEN SIE UNS:<span class=\"grve-title-line grve-bg-primary-3\" style=\"width: 80px;height: 4px;\"><\/span><\/span><\/h3>[vc_column_text css=&#8220;&#8220;]Sie erreichen das Aesthetik Team Oldenburg \u00fcber den Haupteingang der Kaiserlichen Post, Poststra\u00dfe 1. Dort gehen Sie die gro\u00dfe Treppe im Foyer hinauf und dann weiter auf der rechten Seite durch die Glast\u00fcr.<\/p>\n<p>Dort empf\u00e4ngt Sie unser freundliches Team: Kristina Kling, Merve \u00d6zt\u00fcrk, Julia Ivlev, Marion Wagener, Petra Fischer, Selina Eilers, Dilara T\u00fcrkyilmaz und Nicole Nebel.<\/p>\n<p style=\"text-align: justify;\">F\u00fcr weitere Informationen zu Lage, Anfahrt und Terminvergabe wechseln Sie bitte zum Men\u00fcpunkt <a href=\"http:\/\/www.aesthetik-team-oldenburg.de\/index.php\/kontakt-oldenburg\/\">Kontakt &amp; Infos<\/a>.<\/p>\n<p>[\/vc_column_text][\/vc_column][vc_column vertical_content_position=&#8220;middle&#8220; width=&#8220;1\/2&#8243;]<div class=\"grve-element grve-image grve-animated-item grve-fadeInRight grve-align-center\" style=\"\" data-delay=\"200\"><img loading=\"lazy\" decoding=\"async\" width=\"1024\" height=\"830\" src=\"https:\/\/www.aesthetik-team-oldenburg.de\/wp-content\/uploads\/2024\/08\/KisteHPC24neu-8060-1-scaled-1-1024x830.jpg\" class=\"grve-full-image attachment-large size-large\" alt=\"\" srcset=\"https:\/\/www.aesthetik-team-oldenburg.de\/wp-content\/uploads\/2024\/08\/KisteHPC24neu-8060-1-scaled-1-1024x830.jpg 1024w, https:\/\/www.aesthetik-team-oldenburg.de\/wp-content\/uploads\/2024\/08\/KisteHPC24neu-8060-1-scaled-1-300x243.jpg 300w, https:\/\/www.aesthetik-team-oldenburg.de\/wp-content\/uploads\/2024\/08\/KisteHPC24neu-8060-1-scaled-1-768x623.jpg 768w, https:\/\/www.aesthetik-team-oldenburg.de\/wp-content\/uploads\/2024\/08\/KisteHPC24neu-8060-1-scaled-1-1536x1245.jpg 1536w, https:\/\/www.aesthetik-team-oldenburg.de\/wp-content\/uploads\/2024\/08\/KisteHPC24neu-8060-1-scaled-1-1920x1556.jpg 1920w\" sizes=\"auto, (max-width: 1024px) 100vw, 1024px\" \/><\/div>[\/vc_column][\/vc_row][vc_row section_type=&#8220;fullwidth&#8220; bg_type=&#8220;color&#8220; equal_column_height=&#8220;middle-content&#8220; bg_color=&#8220;#b10050&#8243;][vc_column width=&#8220;1\/2&#8243; css=&#8220;.vc_custom_1750619701922{background-image: url(https:\/\/www.aesthetik-team-oldenburg.de\/wp-content\/uploads\/2025\/06\/HPC2-076-scaled.jpg?id=752) !important;background-position: center !important;background-repeat: no-repeat !important;background-size: cover !important;}&#8220;][vc_empty_space height=&#8220;360&#8243;][\/vc_column][vc_column width=&#8220;1\/2&#8243; heading_color=&#8220;light&#8220; css=&#8220;.vc_custom_1546618441816{margin-bottom: 0px !important;padding-right: 8% !important;padding-left: 8% !important;}&#8220; font_color=&#8220;rgba(255,255,255,0.9)&#8220;][vc_empty_space height=&#8220;140&#8243;]<div class=\"grve-element grve-slogan grve-align-center grve-animated-item grve-fadeInRight\" style=\"margin-bottom: 0px;\" data-delay=\"600\"><h2 class=\"grve-slogan-title grve-align-center grve-h3\"><span>Erfahrene Fach\u00e4rzte f\u00fcr Plastische und \u00c4sthetische Chirurgie<span class=\"grve-title-line grve-bg-white\" style=\"width: 50px;height: 2px;\"><\/span><\/span><\/h2>  <p class=\"\">Wenn es um eine \u00e4sthetische Ver\u00e4nderung Ihres Aussehens geht, d\u00fcrfen Sie das Beste erwarten. Im Vorfeld eines m\u00f6glichen Eingriffs sollten Sie sich sehr genau dar\u00fcber informieren, in wessen H\u00e4nde Sie sich begeben.<\/p><div class=\"grve-btn-wrapper\"><a href=\"https:\/\/www.aesthetik-team-oldenburg.de\/index.php\/unser-arzte-team\/\" title=\"Unser \u00c4rzte-Team\" class=\"grve-btn grve-btn-medium grve-round grve-bg-white grve-bg-hover-white grve-btn-line\"><span>Mehr Informationen<\/span><\/a><\/div><\/div>[vc_empty_space height=&#8220;140&#8243;][\/vc_column][\/vc_row][vc_row padding_top=&#8220;50px&#8220;][vc_column]<h3 class=\"grve-element grve-title grve-align-left grve-h4\" style=\"\"><span>AKTUELLES<span class=\"grve-title-line grve-bg-primary-3\" style=\"width: 80px;height: 4px;\"><\/span><\/span><\/h3>[\/vc_column][\/vc_row][vc_row margin_bottom=&#8220;50px&#8220;][vc_column width=&#8220;1\/2&#8243;]<div class=\"grve-element grve-image grve-animated-item grve-fadeInRight grve-align-center\" style=\"\" data-delay=\"600\"><img loading=\"lazy\" decoding=\"async\" width=\"1080\" height=\"1080\" src=\"https:\/\/www.aesthetik-team-oldenburg.de\/wp-content\/uploads\/2024\/11\/Qualifikation-77.png\" class=\"attachment-full size-full\" alt=\"\" srcset=\"https:\/\/www.aesthetik-team-oldenburg.de\/wp-content\/uploads\/2024\/11\/Qualifikation-77.png 1080w, https:\/\/www.aesthetik-team-oldenburg.de\/wp-content\/uploads\/2024\/11\/Qualifikation-77-300x300.png 300w, https:\/\/www.aesthetik-team-oldenburg.de\/wp-content\/uploads\/2024\/11\/Qualifikation-77-1024x1024.png 1024w, https:\/\/www.aesthetik-team-oldenburg.de\/wp-content\/uploads\/2024\/11\/Qualifikation-77-150x150.png 150w, https:\/\/www.aesthetik-team-oldenburg.de\/wp-content\/uploads\/2024\/11\/Qualifikation-77-768x768.png 768w, https:\/\/www.aesthetik-team-oldenburg.de\/wp-content\/uploads\/2024\/11\/Qualifikation-77-600x600.png 600w\" sizes=\"auto, (max-width: 1080px) 100vw, 1080px\" \/><\/div>[vc_column_text css=&#8220;&#8220; animation=&#8220;fadeInRight&#8220; animation_delay=&#8220;600&#8243;]<\/p>\n<h6>November 2024<\/h6>\n<h3>Wir fahren nach Peru und bitten Sie von Herzen um Ihre Unterst\u00fctzung!<\/h3>\n<div class=\"x11i5rnm xat24cr x1mh8g0r x1vvkbs xtlvy1s x126k92a\">\n<div dir=\"auto\">\n<p>Helfen Sie mit, Kindern, die mit einer Lippen-Kiefer-Gaumenspalte geboren wurden, eine bessere Zukunft zu geben! Spenden Sie jetzt \u2013 ganz ohne Reibungsverluste!<\/p>\n<p>Im Januar 2025 f\u00e4hrt Dr. Mike R\u00fcttermann aus unserem Team zusammen mit Kollegen aus Groningen nach Peru in die Clinica PAZHolandesa in Arequipa, um dort Kinder mit Lippen-Kiefer-Gaumenspalten zu operieren.<\/p>\n<p><strong><a href=\"https:\/\/hpc-oldenburg.de\/news\/\">Hier<\/a><\/strong> erfahren Sie mehr.<\/p>\n<\/div>\n<\/div>\n<p>[\/vc_column_text][\/vc_column][vc_column width=&#8220;1\/2&#8243;]<div class=\"grve-element grve-image grve-animated-item grve-fadeInRight grve-align-center\" style=\"\" data-delay=\"600\"><img loading=\"lazy\" decoding=\"async\" width=\"600\" height=\"600\" src=\"https:\/\/www.aesthetik-team-oldenburg.de\/wp-content\/uploads\/2023\/11\/WhatsApp-Image-2023-11-18-at-13.37.37-7-600x600.jpeg\" class=\"attachment-blade-grve-small-square size-blade-grve-small-square\" alt=\"\" srcset=\"https:\/\/www.aesthetik-team-oldenburg.de\/wp-content\/uploads\/2023\/11\/WhatsApp-Image-2023-11-18-at-13.37.37-7-600x600.jpeg 600w, https:\/\/www.aesthetik-team-oldenburg.de\/wp-content\/uploads\/2023\/11\/WhatsApp-Image-2023-11-18-at-13.37.37-7-150x150.jpeg 150w, https:\/\/www.aesthetik-team-oldenburg.de\/wp-content\/uploads\/2023\/11\/WhatsApp-Image-2023-11-18-at-13.37.37-7-1120x1120.jpeg 1120w\" sizes=\"auto, (max-width: 600px) 100vw, 600px\" \/><\/div>[vc_column_text animation=&#8220;fadeInRight&#8220; animation_delay=&#8220;600&#8243;]<\/p>\n<h6>NOVEMBER 2023<\/h6>\n<h3>Verleihung Bundesverdienstkreuz an Dr. Andreas Settje<\/h3>\n<div class=\"x11i5rnm xat24cr x1mh8g0r x1vvkbs xtlvy1s x126k92a\">\n<div dir=\"auto\">\n<p><strong><a href=\"https:\/\/www.aesthetik-team-oldenburg.de\/index.php\/news\/\">Hier<\/a> <\/strong>mehr erfahren.<\/p>\n<div class=\"x11i5rnm xat24cr x1mh8g0r x1vvkbs xtlvy1s x126k92a\">\n<p dir=\"auto\"><\/div>\n<\/div>\n<\/div>\n<p>[\/vc_column_text][\/vc_column][\/vc_row]<\/p>\n<\/div>","protected":false},"excerpt":{"rendered":"<p>[vc_row padding_bottom=&#8220;60&#8243;][vc_column][vc_column_text css=&#8220;&#8220;] Herzlich willkommen beim Aesthetik Team Oldenburg! Sie m\u00f6chten mehr \u00fcber sichere Sch\u00f6nheitschirurgie erfahren oder planen einen konkreten Eingriff? Dann sind Sie hier richtig! Auf diesen Seiten k\u00f6nnen Sie sich \u00fcber die M\u00f6glichkeiten verantwortungsbewusster plastisch-\u00e4sthetischer Chirurgie informieren und erhalten einen \u00dcberblick \u00fcber unsere \u00e4rztlichen Qualifikationen. Das Aesthetik Team Oldenburg bietet Ihnen hervorragende Bedingungen [&hellip;]<\/p>\n","protected":false},"author":1,"featured_media":0,"parent":0,"menu_order":0,"comment_status":"closed","ping_status":"closed","template":"","meta":{"footnotes":""},"class_list":["post-25","page","type-page","status-publish","hentry"],"yoast_head":"<!-- This site is optimized with the Yoast SEO plugin v27.2 - https:\/\/yoast.com\/product\/yoast-seo-wordpress\/ -->\n<title>AESTHETIK TEAM OLDENBURG \u2013 Sch\u00f6nheitschirurgie in Oldenburg<\/title>\n<meta name=\"description\" content=\"Sch\u00f6nheitschirurgie in Oldenburg. Erfahrene Fach\u00e4rzte f\u00fcr Plastische und \u00c4sthetische Chirurgie. Schonende Operationsverfahren.\" \/>\n<meta name=\"robots\" content=\"index, follow, max-snippet:-1, max-image-preview:large, max-video-preview:-1\" \/>\n<link rel=\"canonical\" href=\"https:\/\/www.aesthetik-team-oldenburg.de\/\" \/>\n<meta property=\"og:locale\" content=\"de_DE\" \/>\n<meta property=\"og:type\" content=\"article\" \/>\n<meta property=\"og:title\" content=\"AESTHETIK TEAM OLDENBURG \u2013 Sch\u00f6nheitschirurgie in Oldenburg\" \/>\n<meta property=\"og:description\" content=\"Sch\u00f6nheitschirurgie in Oldenburg. Erfahrene Fach\u00e4rzte f\u00fcr Plastische und \u00c4sthetische Chirurgie. Schonende Operationsverfahren.\" \/>\n<meta property=\"og:url\" content=\"https:\/\/www.aesthetik-team-oldenburg.de\/\" \/>\n<meta property=\"og:site_name\" content=\"AESTHETIK TEAM OLDENBURG\" \/>\n<meta property=\"article:modified_time\" content=\"2025-06-22T19:15:06+00:00\" \/>\n<meta name=\"twitter:card\" content=\"summary_large_image\" \/>\n<meta name=\"twitter:label1\" content=\"Gesch\u00e4tzte Lesezeit\" \/>\n\t<meta name=\"twitter:data1\" content=\"4\u00a0Minuten\" \/>\n<script type=\"application\/ld+json\" class=\"yoast-schema-graph\">{\"@context\":\"https:\/\/schema.org\",\"@graph\":[{\"@type\":\"WebPage\",\"@id\":\"https:\/\/www.aesthetik-team-oldenburg.de\/\",\"url\":\"https:\/\/www.aesthetik-team-oldenburg.de\/\",\"name\":\"AESTHETIK TEAM OLDENBURG \u2013 Sch\u00f6nheitschirurgie in Oldenburg\",\"isPartOf\":{\"@id\":\"https:\/\/www.aesthetik-team-oldenburg.de\/#website\"},\"datePublished\":\"2019-09-06T08:30:49+00:00\",\"dateModified\":\"2025-06-22T19:15:06+00:00\",\"description\":\"Sch\u00f6nheitschirurgie in Oldenburg. Erfahrene Fach\u00e4rzte f\u00fcr Plastische und \u00c4sthetische Chirurgie. Schonende Operationsverfahren.\",\"breadcrumb\":{\"@id\":\"https:\/\/www.aesthetik-team-oldenburg.de\/#breadcrumb\"},\"inLanguage\":\"de\",\"potentialAction\":[{\"@type\":\"ReadAction\",\"target\":[\"https:\/\/www.aesthetik-team-oldenburg.de\/\"]}]},{\"@type\":\"BreadcrumbList\",\"@id\":\"https:\/\/www.aesthetik-team-oldenburg.de\/#breadcrumb\",\"itemListElement\":[{\"@type\":\"ListItem\",\"position\":1,\"name\":\"Home\",\"item\":\"https:\/\/www.aesthetik-team-oldenburg.de\/\"},{\"@type\":\"ListItem\",\"position\":2,\"name\":\"Willkommen\"}]},{\"@type\":\"WebSite\",\"@id\":\"https:\/\/www.aesthetik-team-oldenburg.de\/#website\",\"url\":\"https:\/\/www.aesthetik-team-oldenburg.de\/\",\"name\":\"AESTHETIK TEAM OLDENBURG\",\"description\":\"\u00c4STHETISCHE CHIRURIGE\",\"potentialAction\":[{\"@type\":\"SearchAction\",\"target\":{\"@type\":\"EntryPoint\",\"urlTemplate\":\"https:\/\/www.aesthetik-team-oldenburg.de\/?s={search_term_string}\"},\"query-input\":{\"@type\":\"PropertyValueSpecification\",\"valueRequired\":true,\"valueName\":\"search_term_string\"}}],\"inLanguage\":\"de\"}]}<\/script>\n<!-- \/ Yoast SEO plugin. -->","yoast_head_json":{"title":"AESTHETIK TEAM OLDENBURG \u2013 Sch\u00f6nheitschirurgie in Oldenburg","description":"Sch\u00f6nheitschirurgie in Oldenburg. Erfahrene Fach\u00e4rzte f\u00fcr Plastische und \u00c4sthetische Chirurgie. Schonende Operationsverfahren.","robots":{"index":"index","follow":"follow","max-snippet":"max-snippet:-1","max-image-preview":"max-image-preview:large","max-video-preview":"max-video-preview:-1"},"canonical":"https:\/\/www.aesthetik-team-oldenburg.de\/","og_locale":"de_DE","og_type":"article","og_title":"AESTHETIK TEAM OLDENBURG \u2013 Sch\u00f6nheitschirurgie in Oldenburg","og_description":"Sch\u00f6nheitschirurgie in Oldenburg. Erfahrene Fach\u00e4rzte f\u00fcr Plastische und \u00c4sthetische Chirurgie. Schonende Operationsverfahren.","og_url":"https:\/\/www.aesthetik-team-oldenburg.de\/","og_site_name":"AESTHETIK TEAM OLDENBURG","article_modified_time":"2025-06-22T19:15:06+00:00","twitter_card":"summary_large_image","twitter_misc":{"Gesch\u00e4tzte Lesezeit":"4\u00a0Minuten"},"schema":{"@context":"https:\/\/schema.org","@graph":[{"@type":"WebPage","@id":"https:\/\/www.aesthetik-team-oldenburg.de\/","url":"https:\/\/www.aesthetik-team-oldenburg.de\/","name":"AESTHETIK TEAM OLDENBURG \u2013 Sch\u00f6nheitschirurgie in Oldenburg","isPartOf":{"@id":"https:\/\/www.aesthetik-team-oldenburg.de\/#website"},"datePublished":"2019-09-06T08:30:49+00:00","dateModified":"2025-06-22T19:15:06+00:00","description":"Sch\u00f6nheitschirurgie in Oldenburg. Erfahrene Fach\u00e4rzte f\u00fcr Plastische und \u00c4sthetische Chirurgie. Schonende Operationsverfahren.","breadcrumb":{"@id":"https:\/\/www.aesthetik-team-oldenburg.de\/#breadcrumb"},"inLanguage":"de","potentialAction":[{"@type":"ReadAction","target":["https:\/\/www.aesthetik-team-oldenburg.de\/"]}]},{"@type":"BreadcrumbList","@id":"https:\/\/www.aesthetik-team-oldenburg.de\/#breadcrumb","itemListElement":[{"@type":"ListItem","position":1,"name":"Home","item":"https:\/\/www.aesthetik-team-oldenburg.de\/"},{"@type":"ListItem","position":2,"name":"Willkommen"}]},{"@type":"WebSite","@id":"https:\/\/www.aesthetik-team-oldenburg.de\/#website","url":"https:\/\/www.aesthetik-team-oldenburg.de\/","name":"AESTHETIK TEAM OLDENBURG","description":"\u00c4STHETISCHE CHIRURIGE","potentialAction":[{"@type":"SearchAction","target":{"@type":"EntryPoint","urlTemplate":"https:\/\/www.aesthetik-team-oldenburg.de\/?s={search_term_string}"},"query-input":{"@type":"PropertyValueSpecification","valueRequired":true,"valueName":"search_term_string"}}],"inLanguage":"de"}]}},"_links":{"self":[{"href":"https:\/\/www.aesthetik-team-oldenburg.de\/index.php\/wp-json\/wp\/v2\/pages\/25","targetHints":{"allow":["GET"]}}],"collection":[{"href":"https:\/\/www.aesthetik-team-oldenburg.de\/index.php\/wp-json\/wp\/v2\/pages"}],"about":[{"href":"https:\/\/www.aesthetik-team-oldenburg.de\/index.php\/wp-json\/wp\/v2\/types\/page"}],"author":[{"embeddable":true,"href":"https:\/\/www.aesthetik-team-oldenburg.de\/index.php\/wp-json\/wp\/v2\/users\/1"}],"replies":[{"embeddable":true,"href":"https:\/\/www.aesthetik-team-oldenburg.de\/index.php\/wp-json\/wp\/v2\/comments?post=25"}],"version-history":[{"count":58,"href":"https:\/\/www.aesthetik-team-oldenburg.de\/index.php\/wp-json\/wp\/v2\/pages\/25\/revisions"}],"predecessor-version":[{"id":754,"href":"https:\/\/www.aesthetik-team-oldenburg.de\/index.php\/wp-json\/wp\/v2\/pages\/25\/revisions\/754"}],"wp:attachment":[{"href":"https:\/\/www.aesthetik-team-oldenburg.de\/index.php\/wp-json\/wp\/v2\/media?parent=25"}],"curies":[{"name":"wp","href":"https:\/\/api.w.org\/{rel}","templated":true}]}}