{"id":408,"date":"2020-09-04T10:58:28","date_gmt":"2020-09-04T10:58:28","guid":{"rendered":"https:\/\/www.aesthetik-team-oldenburg.de\/?page_id=408"},"modified":"2020-09-04T10:58:28","modified_gmt":"2020-09-04T10:58:28","slug":"brazilian-butt-lift","status":"publish","type":"page","link":"https:\/\/www.aesthetik-team-oldenburg.de\/index.php\/brazilian-butt-lift\/","title":{"rendered":"Brazilian Butt Lift"},"content":{"rendered":"<div class=\"wpb-content-wrapper\"><p>[vc_row padding_top=&#8220;0&#8243; padding_bottom=&#8220;0&#8243;][vc_column][vc_column_text]<\/p>\n<h1>Brazilian Butt Lift \u2013 Lipofilling zum Po-Lifting<\/h1>\n<h2>Mit Eigenfetttransfer zu einem attraktiven Po<\/h2>\n<p>Am Sch\u00f6nheitsideal brasilianischer Frauen orientiert sich ein Trend, der immer mehr Frauen auch in Deutschland begeistert: Das Brazillian Butt Lift durch Eigenfetttransfer. Ein solches Po-Lifting unterstreicht die typisch weiblichen Konturen, kann den Po ohne Einsatz von Implantaten effektvoll hervorheben und harmonisiert die gesamte untere Rumpfpartie. Dabei geht es keineswegs immer um die Vergr\u00f6\u00dferung eines kleinen Pos. Das Brazillian Butt Lift ist auch f\u00fcr gr\u00f6\u00dfere Pos sehr gut geeignet. Der Eingriff erm\u00f6glicht es, ein f\u00fclliges, aber zum Beispiel h\u00e4ngendes oder plattes Ges\u00e4\u00df, durch eine geschickte Fett-Umverteilung proportional deutlich harmonischer zu gestalten.<\/p>\n<h3>Was geschieht bei einem Brazilian Butt Lift?<\/h3>\n<p>Um die erw\u00fcnschten Effekte zu erreichen, wird \u00fcbersch\u00fcssiges Eigenfett, das an einer anderen K\u00f6rperstelle der Patientin entnommen wird, z. B. am Bauch und\/oder an den Oberschenkeln, schonend aufbereitet und dann gezielt injiziert. Die Korrektur-Methode erlaubt es, das Ges\u00e4\u00df individuell aufzuf\u00fcllen, zu modellieren und\/oder st\u00e4rker zu betonen, abgesackte Po-Partien zu harmonisieren und eine nat\u00fcrliche, abgerundete Kurve auf dem Po zu erreichen. Das Endresultat eines solchen Eigenfetttransfers ist bleibend.<\/p>\n<h3>Was ist entscheidend f\u00fcr ein gutes Ergebnis beim Po-Lifting?<\/h3>\n<p>Das K\u00f6nnen des Operateurs beim Po-Lifting entscheidet \u00fcber das \u00e4sthetische Ergebnis. Der Brazilian Butt erfordert ein hohes Ma\u00df an K\u00f6nnen und \u00e4sthetischem Feinempfinden vom operierenden Chirurgen, denn es geht dabei immer um nat\u00fcrliche Effekte und feine proportionale Nuancen hin zu einer verbesserten Gesamt\u00e4sthetik, mit der sich die operierte Patientin dauerhaft gut f\u00fchlen kann. Unter anderem muss das Eigenfett mehrschichtig injiziert werden, damit es der K\u00f6rper optimal ins Gewebe einbindet. Mit sehr feinen Spezial-Kan\u00fclen wird das Eigenfett ganz gezielt etagenweise in das Ges\u00e4\u00df eingebracht. Ferner kann f\u00fcr ein gutes Ergebnis nach einigen Monaten auch mal eine erneute Behandlung erforderlich sein, da ein Teil des Fettes vom K\u00f6rper selbst abgebaut wird.<\/p>\n<h3>F\u00fcr wen ist ein Brazilian Butt Lift (Po-Straffung) geeignet?<\/h3>\n<p>Bei extrem schlanken Personen kann mangels Volumen durch eine reine Eigenfetttransplantation oft nicht der gew\u00fcnschte Effekt am Po erzielt werden. Dies gilt im \u00dcbrigen auch f\u00fcr eine gew\u00fcnschte Brustvergr\u00f6\u00dferung. An der Brust wird man dann \u00fcber das Einsetzen eines Implantats nachdenken m\u00fcssen. Am Ges\u00e4\u00df sollte man m\u00f6glichst auf ein Implantat verzichten, da diese hier mehr Probleme verursachen k\u00f6nnen.<\/p>\n<h3>Was muss vor einem Po-Lifting beachtet werden?<\/h3>\n<p>In jedem Fall ist eine eingehende Voruntersuchung und medizinische Beratung der Patientin notwendig, in der diese \u00fcber alle Risiken und die zu erwartenden realistischen Effekte eines Eigenfetttransfers bzw. eines Implantat-Einsatzes l\u00fcckenlos aufgekl\u00e4rt wird. Ein sehr sorgsames Abw\u00e4gen zwischen dem Patientenwunsch, dem operativen Risiko und dem realisierbarem Ergebnis ist hier zwingend erforderlich.[\/vc_column_text][\/vc_column][\/vc_row]<\/p>\n<\/div>","protected":false},"excerpt":{"rendered":"<p>[vc_row padding_top=&#8220;0&#8243; padding_bottom=&#8220;0&#8243;][vc_column][vc_column_text] Brazilian Butt Lift \u2013 Lipofilling zum Po-Lifting Mit Eigenfetttransfer zu einem attraktiven Po Am Sch\u00f6nheitsideal brasilianischer Frauen orientiert sich ein Trend, der immer mehr Frauen auch in Deutschland begeistert: Das Brazillian Butt Lift durch Eigenfetttransfer. Ein solches Po-Lifting unterstreicht die typisch weiblichen Konturen, kann den Po ohne Einsatz von Implantaten effektvoll hervorheben [&hellip;]<\/p>\n","protected":false},"author":1,"featured_media":0,"parent":0,"menu_order":0,"comment_status":"closed","ping_status":"closed","template":"","meta":{"footnotes":""},"class_list":["post-408","page","type-page","status-publish","hentry"],"yoast_head":"<!-- This site is optimized with the Yoast SEO plugin v27.2 - https:\/\/yoast.com\/product\/yoast-seo-wordpress\/ -->\n<title>Brazilian Butt Lift - AESTHETIK TEAM OLDENBURG<\/title>\n<meta name=\"description\" content=\"Schamlippenkorrektur von erfahrenem Facharzt in Oldenburg. Bei Veranlagung, Schwangerschaftsfolgen oder nach Gewichtsabnahme.\" \/>\n<meta name=\"robots\" content=\"index, follow, max-snippet:-1, max-image-preview:large, max-video-preview:-1\" \/>\n<link rel=\"canonical\" href=\"https:\/\/www.aesthetik-team-oldenburg.de\/index.php\/brazilian-butt-lift\/\" \/>\n<meta property=\"og:locale\" content=\"de_DE\" \/>\n<meta property=\"og:type\" content=\"article\" \/>\n<meta property=\"og:title\" content=\"Brazilian Butt Lift - AESTHETIK TEAM OLDENBURG\" \/>\n<meta property=\"og:description\" content=\"Schamlippenkorrektur von erfahrenem Facharzt in Oldenburg. Bei Veranlagung, Schwangerschaftsfolgen oder nach Gewichtsabnahme.\" \/>\n<meta property=\"og:url\" content=\"https:\/\/www.aesthetik-team-oldenburg.de\/index.php\/brazilian-butt-lift\/\" \/>\n<meta property=\"og:site_name\" content=\"AESTHETIK TEAM OLDENBURG\" \/>\n<meta name=\"twitter:card\" content=\"summary_large_image\" \/>\n<meta name=\"twitter:label1\" content=\"Gesch\u00e4tzte Lesezeit\" \/>\n\t<meta name=\"twitter:data1\" content=\"2\u00a0Minuten\" \/>\n<script type=\"application\/ld+json\" class=\"yoast-schema-graph\">{\"@context\":\"https:\/\/schema.org\",\"@graph\":[{\"@type\":\"WebPage\",\"@id\":\"https:\/\/www.aesthetik-team-oldenburg.de\/index.php\/brazilian-butt-lift\/\",\"url\":\"https:\/\/www.aesthetik-team-oldenburg.de\/index.php\/brazilian-butt-lift\/\",\"name\":\"Brazilian Butt Lift - AESTHETIK TEAM OLDENBURG\",\"isPartOf\":{\"@id\":\"https:\/\/www.aesthetik-team-oldenburg.de\/#website\"},\"datePublished\":\"2020-09-04T10:58:28+00:00\",\"description\":\"Schamlippenkorrektur von erfahrenem Facharzt in Oldenburg. Bei Veranlagung, Schwangerschaftsfolgen oder nach Gewichtsabnahme.\",\"breadcrumb\":{\"@id\":\"https:\/\/www.aesthetik-team-oldenburg.de\/index.php\/brazilian-butt-lift\/#breadcrumb\"},\"inLanguage\":\"de\",\"potentialAction\":[{\"@type\":\"ReadAction\",\"target\":[\"https:\/\/www.aesthetik-team-oldenburg.de\/index.php\/brazilian-butt-lift\/\"]}]},{\"@type\":\"BreadcrumbList\",\"@id\":\"https:\/\/www.aesthetik-team-oldenburg.de\/index.php\/brazilian-butt-lift\/#breadcrumb\",\"itemListElement\":[{\"@type\":\"ListItem\",\"position\":1,\"name\":\"Home\",\"item\":\"https:\/\/www.aesthetik-team-oldenburg.de\/\"},{\"@type\":\"ListItem\",\"position\":2,\"name\":\"Brazilian Butt Lift\"}]},{\"@type\":\"WebSite\",\"@id\":\"https:\/\/www.aesthetik-team-oldenburg.de\/#website\",\"url\":\"https:\/\/www.aesthetik-team-oldenburg.de\/\",\"name\":\"AESTHETIK TEAM OLDENBURG\",\"description\":\"\u00c4STHETISCHE CHIRURIGE\",\"potentialAction\":[{\"@type\":\"SearchAction\",\"target\":{\"@type\":\"EntryPoint\",\"urlTemplate\":\"https:\/\/www.aesthetik-team-oldenburg.de\/?s={search_term_string}\"},\"query-input\":{\"@type\":\"PropertyValueSpecification\",\"valueRequired\":true,\"valueName\":\"search_term_string\"}}],\"inLanguage\":\"de\"}]}<\/script>\n<!-- \/ Yoast SEO plugin. -->","yoast_head_json":{"title":"Brazilian Butt Lift - AESTHETIK TEAM OLDENBURG","description":"Schamlippenkorrektur von erfahrenem Facharzt in Oldenburg. Bei Veranlagung, Schwangerschaftsfolgen oder nach Gewichtsabnahme.","robots":{"index":"index","follow":"follow","max-snippet":"max-snippet:-1","max-image-preview":"max-image-preview:large","max-video-preview":"max-video-preview:-1"},"canonical":"https:\/\/www.aesthetik-team-oldenburg.de\/index.php\/brazilian-butt-lift\/","og_locale":"de_DE","og_type":"article","og_title":"Brazilian Butt Lift - AESTHETIK TEAM OLDENBURG","og_description":"Schamlippenkorrektur von erfahrenem Facharzt in Oldenburg. Bei Veranlagung, Schwangerschaftsfolgen oder nach Gewichtsabnahme.","og_url":"https:\/\/www.aesthetik-team-oldenburg.de\/index.php\/brazilian-butt-lift\/","og_site_name":"AESTHETIK TEAM OLDENBURG","twitter_card":"summary_large_image","twitter_misc":{"Gesch\u00e4tzte Lesezeit":"2\u00a0Minuten"},"schema":{"@context":"https:\/\/schema.org","@graph":[{"@type":"WebPage","@id":"https:\/\/www.aesthetik-team-oldenburg.de\/index.php\/brazilian-butt-lift\/","url":"https:\/\/www.aesthetik-team-oldenburg.de\/index.php\/brazilian-butt-lift\/","name":"Brazilian Butt Lift - AESTHETIK TEAM OLDENBURG","isPartOf":{"@id":"https:\/\/www.aesthetik-team-oldenburg.de\/#website"},"datePublished":"2020-09-04T10:58:28+00:00","description":"Schamlippenkorrektur von erfahrenem Facharzt in Oldenburg. Bei Veranlagung, Schwangerschaftsfolgen oder nach Gewichtsabnahme.","breadcrumb":{"@id":"https:\/\/www.aesthetik-team-oldenburg.de\/index.php\/brazilian-butt-lift\/#breadcrumb"},"inLanguage":"de","potentialAction":[{"@type":"ReadAction","target":["https:\/\/www.aesthetik-team-oldenburg.de\/index.php\/brazilian-butt-lift\/"]}]},{"@type":"BreadcrumbList","@id":"https:\/\/www.aesthetik-team-oldenburg.de\/index.php\/brazilian-butt-lift\/#breadcrumb","itemListElement":[{"@type":"ListItem","position":1,"name":"Home","item":"https:\/\/www.aesthetik-team-oldenburg.de\/"},{"@type":"ListItem","position":2,"name":"Brazilian Butt Lift"}]},{"@type":"WebSite","@id":"https:\/\/www.aesthetik-team-oldenburg.de\/#website","url":"https:\/\/www.aesthetik-team-oldenburg.de\/","name":"AESTHETIK TEAM OLDENBURG","description":"\u00c4STHETISCHE CHIRURIGE","potentialAction":[{"@type":"SearchAction","target":{"@type":"EntryPoint","urlTemplate":"https:\/\/www.aesthetik-team-oldenburg.de\/?s={search_term_string}"},"query-input":{"@type":"PropertyValueSpecification","valueRequired":true,"valueName":"search_term_string"}}],"inLanguage":"de"}]}},"_links":{"self":[{"href":"https:\/\/www.aesthetik-team-oldenburg.de\/index.php\/wp-json\/wp\/v2\/pages\/408","targetHints":{"allow":["GET"]}}],"collection":[{"href":"https:\/\/www.aesthetik-team-oldenburg.de\/index.php\/wp-json\/wp\/v2\/pages"}],"about":[{"href":"https:\/\/www.aesthetik-team-oldenburg.de\/index.php\/wp-json\/wp\/v2\/types\/page"}],"author":[{"embeddable":true,"href":"https:\/\/www.aesthetik-team-oldenburg.de\/index.php\/wp-json\/wp\/v2\/users\/1"}],"replies":[{"embeddable":true,"href":"https:\/\/www.aesthetik-team-oldenburg.de\/index.php\/wp-json\/wp\/v2\/comments?post=408"}],"version-history":[{"count":1,"href":"https:\/\/www.aesthetik-team-oldenburg.de\/index.php\/wp-json\/wp\/v2\/pages\/408\/revisions"}],"predecessor-version":[{"id":413,"href":"https:\/\/www.aesthetik-team-oldenburg.de\/index.php\/wp-json\/wp\/v2\/pages\/408\/revisions\/413"}],"wp:attachment":[{"href":"https:\/\/www.aesthetik-team-oldenburg.de\/index.php\/wp-json\/wp\/v2\/media?parent=408"}],"curies":[{"name":"wp","href":"https:\/\/api.w.org\/{rel}","templated":true}]}}