{"id":437,"date":"2020-09-24T07:51:11","date_gmt":"2020-09-24T07:51:11","guid":{"rendered":"https:\/\/www.aesthetik-team-oldenburg.de\/?page_id=437"},"modified":"2020-09-24T08:03:30","modified_gmt":"2020-09-24T08:03:30","slug":"prp-plasmalifting","status":"publish","type":"page","link":"https:\/\/www.aesthetik-team-oldenburg.de\/index.php\/prp-plasmalifting\/","title":{"rendered":"PRP Plasmalifting"},"content":{"rendered":"<div class=\"wpb-content-wrapper\"><p>[vc_row padding_top=&#8220;0&#8243; padding_bottom=&#8220;0&#8243;][vc_column][vc_column_text]<\/p>\n<h1>PRP Plasmalifting \u2013 Vampirlifting \u2013 Draculalifting<\/h1>\n<p><strong>\u2026 wenn Sie sich eine schnelle Versch\u00f6nerung und Stimulierung der Haut mit k\u00f6rpereigenem Material w\u00fcnschen, kann ein Plasmalifting die geeignete Methode f\u00fcr Sie sein. PRP bedeutet \u201ePl\u00e4ttchen reiches Plasma\u201c \/ englisch \u201ePlatelet-Rich-Plasma\u201c). Dieses schmerzarme und risikoarme Verfahren wird auch Vampirlifting oder Draculalifting genannt. <\/strong>[\/vc_column_text][vc_tta_accordion active_section=&#8220;0&#8243; collapsible_all=&#8220;true&#8220;][vc_tta_section title=&#8220;Welches sind die Anwendungsgebiete f\u00fcr ein Vampirlifting \/ PRP Plasmalifting?&#8220; tab_id=&#8220;1547738095526-2a008f95-68d9&#8243;][vc_column_text]Die Hautvitalisierung mit Eigenblut eignet sich bei entsprechendem Befund zur Hautgl\u00e4ttung, -straffung, Zellregeneration und zum Volumenaufbau im Gesicht, am Hals und am Dekollet\u00e9 sowie auf den Handr\u00fccken. Mithilfe des Draculaliftings k\u00f6nnen ebenfalls Narben behandelt werden. Ein besonderer Stellenwert kommt dem PRP Plasmalifting in der Behandlung von Haarausfall, zur Regeneration und Anregung des Haarwachstums sowie als begleitende Therapie bei Haartransplantationen zu.[\/vc_column_text][\/vc_tta_section][vc_tta_section title=&#8220;Wie funktionieren Herstellung und Anwendung bei einem PRP Plasmalifting?&#8220; tab_id=&#8220;1547738095527-aa5c26b3-d544&#8243;][vc_column_text]F\u00fcr die Herstellung Ihrer individuellen Injektion f\u00fcr ein PRP Plasmalifting ben\u00f6tigt der Facharzt nur wenige Milliliter Blut, das Ihnen in unserer Praxis in Oldenburg aus der Vene entnommen wird. Im Anschluss wir in einem geschlossenen System unter sterilen Bedingungen konzentriertes Blutplasma (Blut ohne rote Blutk\u00f6rperchen) gewonnen, das u. a. besonders hohe Anteile an Blutpl\u00e4ttchen und Proteinen enth\u00e4lt. Vor der Injektion kann das Blutplasma beim Vampirlifting mit Medikamenten, z. B. einem Hyalurons\u00e4ure-Pr\u00e4parat angereichert werden, um die auffrischende Wirkung zu intensivieren.[\/vc_column_text][\/vc_tta_section][vc_tta_section title=&#8220;Wie sind die Chancen und Risiken beim PRP Plasmalifting bzw. Vampirlifting?&#8220; tab_id=&#8220;1547738160093-9fe5a7c8-e02c&#8220;][vc_column_text]Da die Injektion mit k\u00f6rpereigenem Material erfolgt, sind die Risiken beim Plasmalifting sehr gering. PRP wird in der Orthop\u00e4die und in der Sportmedizin schon seit vielen Jahren erfolgreich zur Revitalisierung angewendet. Auch ist das Verfahren bis auf den Pieks der Einstichstellen f\u00fcr die Nadeln schmerzfrei. Um auch dies Unannehmlichkeit zu vermeiden, k\u00f6nnen wir Ihnen vor der Behandlung lokal ein leichtes Bet\u00e4ubungsgel auf die Haut auftragen. M\u00f6glich sind kleine Bluterg\u00fcsse oder Schwellungen direkt nach der Behandlung, die jedoch regelhaft sehr schnell abklingen. Es gibt einigen Gegenanzeigen \u00fcber die wir Sie im Beratungsgespr\u00e4ch eingehend aufkl\u00e4ren. Beispielsweise sollten Schwangere sowie Patientinnen und Patienten mit Blutgerinnungsst\u00f6rungen nicht mit einem PRP Plasmalifting behandelt werden.[\/vc_column_text][\/vc_tta_section][\/vc_tta_accordion][\/vc_column][\/vc_row]<\/p>\n<\/div>","protected":false},"excerpt":{"rendered":"<p>[vc_row padding_top=&#8220;0&#8243; padding_bottom=&#8220;0&#8243;][vc_column][vc_column_text] PRP Plasmalifting \u2013 Vampirlifting \u2013 Draculalifting \u2026 wenn Sie sich eine schnelle Versch\u00f6nerung und Stimulierung der Haut mit k\u00f6rpereigenem Material w\u00fcnschen, kann ein Plasmalifting die geeignete Methode f\u00fcr Sie sein. PRP bedeutet \u201ePl\u00e4ttchen reiches Plasma\u201c \/ englisch \u201ePlatelet-Rich-Plasma\u201c). Dieses schmerzarme und risikoarme Verfahren wird auch Vampirlifting oder Draculalifting genannt. [\/vc_column_text][vc_tta_accordion active_section=&#8220;0&#8243; collapsible_all=&#8220;true&#8220;][vc_tta_section [&hellip;]<\/p>\n","protected":false},"author":1,"featured_media":0,"parent":0,"menu_order":0,"comment_status":"closed","ping_status":"closed","template":"","meta":{"footnotes":""},"class_list":["post-437","page","type-page","status-publish","hentry"],"yoast_head":"<!-- This site is optimized with the Yoast SEO plugin v27.4 - https:\/\/yoast.com\/product\/yoast-seo-wordpress\/ -->\n<title>PRP Plasmalifting - AESTHETIK TEAM OLDENBURG<\/title>\n<meta name=\"description\" content=\"Plasmalifting (Vampirlifting \/ Draculalifting) in Oldenburg. Schnelle Versch\u00f6nerung und Stimulierung der Haut mit k\u00f6rpereigenem Material.\" \/>\n<meta name=\"robots\" content=\"index, follow, max-snippet:-1, max-image-preview:large, max-video-preview:-1\" \/>\n<link rel=\"canonical\" href=\"https:\/\/www.aesthetik-team-oldenburg.de\/index.php\/prp-plasmalifting\/\" \/>\n<meta property=\"og:locale\" content=\"de_DE\" \/>\n<meta property=\"og:type\" content=\"article\" \/>\n<meta property=\"og:title\" content=\"PRP Plasmalifting - AESTHETIK TEAM OLDENBURG\" \/>\n<meta property=\"og:description\" content=\"Plasmalifting (Vampirlifting \/ Draculalifting) in Oldenburg. Schnelle Versch\u00f6nerung und Stimulierung der Haut mit k\u00f6rpereigenem Material.\" \/>\n<meta property=\"og:url\" content=\"https:\/\/www.aesthetik-team-oldenburg.de\/index.php\/prp-plasmalifting\/\" \/>\n<meta property=\"og:site_name\" content=\"AESTHETIK TEAM OLDENBURG\" \/>\n<meta property=\"article:modified_time\" content=\"2020-09-24T08:03:30+00:00\" \/>\n<meta name=\"twitter:card\" content=\"summary_large_image\" \/>\n<meta name=\"twitter:label1\" content=\"Gesch\u00e4tzte Lesezeit\" \/>\n\t<meta name=\"twitter:data1\" content=\"2\u00a0Minuten\" \/>\n<script type=\"application\/ld+json\" class=\"yoast-schema-graph\">{\"@context\":\"https:\\\/\\\/schema.org\",\"@graph\":[{\"@type\":\"WebPage\",\"@id\":\"https:\\\/\\\/www.aesthetik-team-oldenburg.de\\\/index.php\\\/prp-plasmalifting\\\/\",\"url\":\"https:\\\/\\\/www.aesthetik-team-oldenburg.de\\\/index.php\\\/prp-plasmalifting\\\/\",\"name\":\"PRP Plasmalifting - AESTHETIK TEAM OLDENBURG\",\"isPartOf\":{\"@id\":\"https:\\\/\\\/www.aesthetik-team-oldenburg.de\\\/#website\"},\"datePublished\":\"2020-09-24T07:51:11+00:00\",\"dateModified\":\"2020-09-24T08:03:30+00:00\",\"description\":\"Plasmalifting (Vampirlifting \\\/ Draculalifting) in Oldenburg. Schnelle Versch\u00f6nerung und Stimulierung der Haut mit k\u00f6rpereigenem Material.\",\"breadcrumb\":{\"@id\":\"https:\\\/\\\/www.aesthetik-team-oldenburg.de\\\/index.php\\\/prp-plasmalifting\\\/#breadcrumb\"},\"inLanguage\":\"de\",\"potentialAction\":[{\"@type\":\"ReadAction\",\"target\":[\"https:\\\/\\\/www.aesthetik-team-oldenburg.de\\\/index.php\\\/prp-plasmalifting\\\/\"]}]},{\"@type\":\"BreadcrumbList\",\"@id\":\"https:\\\/\\\/www.aesthetik-team-oldenburg.de\\\/index.php\\\/prp-plasmalifting\\\/#breadcrumb\",\"itemListElement\":[{\"@type\":\"ListItem\",\"position\":1,\"name\":\"Home\",\"item\":\"https:\\\/\\\/www.aesthetik-team-oldenburg.de\\\/\"},{\"@type\":\"ListItem\",\"position\":2,\"name\":\"PRP Plasmalifting\"}]},{\"@type\":\"WebSite\",\"@id\":\"https:\\\/\\\/www.aesthetik-team-oldenburg.de\\\/#website\",\"url\":\"https:\\\/\\\/www.aesthetik-team-oldenburg.de\\\/\",\"name\":\"AESTHETIK TEAM OLDENBURG\",\"description\":\"\u00c4STHETISCHE CHIRURIGE\",\"potentialAction\":[{\"@type\":\"SearchAction\",\"target\":{\"@type\":\"EntryPoint\",\"urlTemplate\":\"https:\\\/\\\/www.aesthetik-team-oldenburg.de\\\/?s={search_term_string}\"},\"query-input\":{\"@type\":\"PropertyValueSpecification\",\"valueRequired\":true,\"valueName\":\"search_term_string\"}}],\"inLanguage\":\"de\"}]}<\/script>\n<!-- \/ Yoast SEO plugin. -->","yoast_head_json":{"title":"PRP Plasmalifting - AESTHETIK TEAM OLDENBURG","description":"Plasmalifting (Vampirlifting \/ Draculalifting) in Oldenburg. Schnelle Versch\u00f6nerung und Stimulierung der Haut mit k\u00f6rpereigenem Material.","robots":{"index":"index","follow":"follow","max-snippet":"max-snippet:-1","max-image-preview":"max-image-preview:large","max-video-preview":"max-video-preview:-1"},"canonical":"https:\/\/www.aesthetik-team-oldenburg.de\/index.php\/prp-plasmalifting\/","og_locale":"de_DE","og_type":"article","og_title":"PRP Plasmalifting - AESTHETIK TEAM OLDENBURG","og_description":"Plasmalifting (Vampirlifting \/ Draculalifting) in Oldenburg. Schnelle Versch\u00f6nerung und Stimulierung der Haut mit k\u00f6rpereigenem Material.","og_url":"https:\/\/www.aesthetik-team-oldenburg.de\/index.php\/prp-plasmalifting\/","og_site_name":"AESTHETIK TEAM OLDENBURG","article_modified_time":"2020-09-24T08:03:30+00:00","twitter_card":"summary_large_image","twitter_misc":{"Gesch\u00e4tzte Lesezeit":"2\u00a0Minuten"},"schema":{"@context":"https:\/\/schema.org","@graph":[{"@type":"WebPage","@id":"https:\/\/www.aesthetik-team-oldenburg.de\/index.php\/prp-plasmalifting\/","url":"https:\/\/www.aesthetik-team-oldenburg.de\/index.php\/prp-plasmalifting\/","name":"PRP Plasmalifting - AESTHETIK TEAM OLDENBURG","isPartOf":{"@id":"https:\/\/www.aesthetik-team-oldenburg.de\/#website"},"datePublished":"2020-09-24T07:51:11+00:00","dateModified":"2020-09-24T08:03:30+00:00","description":"Plasmalifting (Vampirlifting \/ Draculalifting) in Oldenburg. Schnelle Versch\u00f6nerung und Stimulierung der Haut mit k\u00f6rpereigenem Material.","breadcrumb":{"@id":"https:\/\/www.aesthetik-team-oldenburg.de\/index.php\/prp-plasmalifting\/#breadcrumb"},"inLanguage":"de","potentialAction":[{"@type":"ReadAction","target":["https:\/\/www.aesthetik-team-oldenburg.de\/index.php\/prp-plasmalifting\/"]}]},{"@type":"BreadcrumbList","@id":"https:\/\/www.aesthetik-team-oldenburg.de\/index.php\/prp-plasmalifting\/#breadcrumb","itemListElement":[{"@type":"ListItem","position":1,"name":"Home","item":"https:\/\/www.aesthetik-team-oldenburg.de\/"},{"@type":"ListItem","position":2,"name":"PRP Plasmalifting"}]},{"@type":"WebSite","@id":"https:\/\/www.aesthetik-team-oldenburg.de\/#website","url":"https:\/\/www.aesthetik-team-oldenburg.de\/","name":"AESTHETIK TEAM OLDENBURG","description":"\u00c4STHETISCHE CHIRURIGE","potentialAction":[{"@type":"SearchAction","target":{"@type":"EntryPoint","urlTemplate":"https:\/\/www.aesthetik-team-oldenburg.de\/?s={search_term_string}"},"query-input":{"@type":"PropertyValueSpecification","valueRequired":true,"valueName":"search_term_string"}}],"inLanguage":"de"}]}},"_links":{"self":[{"href":"https:\/\/www.aesthetik-team-oldenburg.de\/index.php\/wp-json\/wp\/v2\/pages\/437","targetHints":{"allow":["GET"]}}],"collection":[{"href":"https:\/\/www.aesthetik-team-oldenburg.de\/index.php\/wp-json\/wp\/v2\/pages"}],"about":[{"href":"https:\/\/www.aesthetik-team-oldenburg.de\/index.php\/wp-json\/wp\/v2\/types\/page"}],"author":[{"embeddable":true,"href":"https:\/\/www.aesthetik-team-oldenburg.de\/index.php\/wp-json\/wp\/v2\/users\/1"}],"replies":[{"embeddable":true,"href":"https:\/\/www.aesthetik-team-oldenburg.de\/index.php\/wp-json\/wp\/v2\/comments?post=437"}],"version-history":[{"count":4,"href":"https:\/\/www.aesthetik-team-oldenburg.de\/index.php\/wp-json\/wp\/v2\/pages\/437\/revisions"}],"predecessor-version":[{"id":441,"href":"https:\/\/www.aesthetik-team-oldenburg.de\/index.php\/wp-json\/wp\/v2\/pages\/437\/revisions\/441"}],"wp:attachment":[{"href":"https:\/\/www.aesthetik-team-oldenburg.de\/index.php\/wp-json\/wp\/v2\/media?parent=437"}],"curies":[{"name":"wp","href":"https:\/\/api.w.org\/{rel}","templated":true}]}}