{"id":451,"date":"2020-09-24T08:27:10","date_gmt":"2020-09-24T08:27:10","guid":{"rendered":"https:\/\/www.aesthetik-team-oldenburg.de\/?page_id=451"},"modified":"2020-09-24T09:34:36","modified_gmt":"2020-09-24T09:34:36","slug":"bruststraffung","status":"publish","type":"page","link":"https:\/\/www.aesthetik-team-oldenburg.de\/index.php\/bruststraffung\/","title":{"rendered":"Bruststraffung"},"content":{"rendered":"<div class=\"wpb-content-wrapper\"><p>[vc_row padding_top=&#8220;0&#8243; padding_bottom=&#8220;0&#8243; margin_bottom=&#8220;0&#8243;][vc_column][vc_column_text]<\/p>\n<h1>BRUSTSTRAFFUNG (Mastopexie)<\/h1>\n<h2>WENN F\u00dcLLE UND ELASTIZIT\u00c4T DER BRUST ABGENOMMEN HABEN<\/h2>\n<p>\u2026 kann eine Bruststraffung geeignet sein, damit Patientinnen sich wieder in ihrem K\u00f6rper wohlf\u00fchlen. Die OP ist zum Beispiel sinnvoll, wenn die Straffheit der Br\u00fcste im Alterungsverlauf stark abgenommen hat, oft auch nach Schwangerschaft, Stillzeit oder gro\u00dfem Gewichtsverlust, und wenn die betroffenen Frauen unter dieser Ver\u00e4nderung ihres K\u00f6rpers sehr leiden.<\/p>\n<h3>BEHANDLUNGSABLAUF BRUSTSTRAFFUNG<\/h3>\n<p>[\/vc_column_text][vc_tta_accordion active_section=&#8220;0&#8243; collapsible_all=&#8220;true&#8220; css=&#8220;.vc_custom_1567667433189{margin-bottom: 0px !important;}&#8220;][vc_tta_section title=&#8220;Erfolgt eine Bruststraffung ambulant oder mit \u00dcbernachtung?&#8220; tab_id=&#8220;1547112968073-ff0c90dc-dc23&#8243;][vc_column_text]Beide Varianten sind, je nach Befund und h\u00e4uslicher Betreuungsm\u00f6glichkeit m\u00f6glich. Die beste Option f\u00fcr Sie pers\u00f6nlich wird individuell mit dem operierenden Arzt besprochen.[\/vc_column_text][\/vc_tta_section][vc_tta_section title=&#8220;Was passiert bei einer Bruststraffung?&#8220; tab_id=&#8220;1547112968074-4fb05bb8-32a1&#8243;][vc_column_text]Die Brust wird genau ausgemessen und der Schnittverlauf auf der Haut markiert. Das Gewebe wird nach oben verlagert und \u2013 sofern n\u00f6tig \u2013 \u00fcbersch\u00fcssiges Gewebe entfernt. Die Brustwarze verbleibt auf dem verkleinerten und in sich gestrafften Brustk\u00f6rper. Der verkleinerte Hautmantel wird kosmetisch vern\u00e4ht. Bei einer Neuformung der Brust wird der Warzenhof wieder nach oben gebracht. Dr\u00fcsen, Nerven und Blutgef\u00e4\u00dfe liegen dahinter, sodass auch nach einer Bruststraffung noch gestillt und gef\u00fchlt werden kann.[\/vc_column_text][\/vc_tta_section][vc_tta_section title=&#8220;Welche An\u00e4sthesieform bei einer Bruststraffung?&#8220; tab_id=&#8220;1547113041895-55870789-c9b2&#8243;][vc_column_text]Vollnarkose ist bei einer Bruststraffung der Regelfall. Eine Kombination aus Lokalbet\u00e4ubung und Sedierung, sogenannte D\u00e4mmerschlafbet\u00e4ubung, ist je nach individuellem Befund jedoch auch m\u00f6glich.[\/vc_column_text][\/vc_tta_section][vc_tta_section title=&#8220;Wie ist der Verlauf nach einer Bruststraffung?&#8220; tab_id=&#8220;1547113091283-618271b0-52af&#8220;][vc_column_text]Saugdrainagen sorgen f\u00fcr ca. 24 Stunden nach der Bruststraffung f\u00fcr das Abflie\u00dfen des Wundwassers, und es wird ein Kompressionsverband angelegt. Dieser kann nach zwei bis drei Tagen durch einen fest sitzenden Sport-BH ersetzt werden. Schwellungen und Bluterg\u00fcsse nach dem Eingriff sind normal, doch es sind nur geringe Schmerzen zu erwarten. Eine R\u00fcckkehr in den gewohnten Alltag ist nach zwei bis drei Wochen m\u00f6glich.[\/vc_column_text][\/vc_tta_section][vc_tta_section title=&#8220;Bruststraffung&#8220; tab_id=&#8220;1547113132691-ebaf94d1-15f8&#8243;][vc_column_text]Alle folgend genannten Risiken sind bei einer Bruststraffung sehr selten: Bluterguss- oder Sekretbildung in der Wundh\u00f6hle, Minderung des Gef\u00fchls an der Brustwarze, Wundheilungsst\u00f6rung, Infektion, wulstige Narbenbildung, Asymmetrien, Beeintr\u00e4chtigung der Stillf\u00e4higkeit, Thrombosen, Embolien.[\/vc_column_text][\/vc_tta_section][\/vc_tta_accordion][\/vc_column][\/vc_row]<\/p>\n<\/div>","protected":false},"excerpt":{"rendered":"<p>[vc_row padding_top=&#8220;0&#8243; padding_bottom=&#8220;0&#8243; margin_bottom=&#8220;0&#8243;][vc_column][vc_column_text] BRUSTSTRAFFUNG (Mastopexie) WENN F\u00dcLLE UND ELASTIZIT\u00c4T DER BRUST ABGENOMMEN HABEN \u2026 kann eine Bruststraffung geeignet sein, damit Patientinnen sich wieder in ihrem K\u00f6rper wohlf\u00fchlen. Die OP ist zum Beispiel sinnvoll, wenn die Straffheit der Br\u00fcste im Alterungsverlauf stark abgenommen hat, oft auch nach Schwangerschaft, Stillzeit oder gro\u00dfem Gewichtsverlust, und wenn die [&hellip;]<\/p>\n","protected":false},"author":1,"featured_media":0,"parent":0,"menu_order":0,"comment_status":"closed","ping_status":"closed","template":"","meta":{"footnotes":""},"class_list":["post-451","page","type-page","status-publish","hentry"],"yoast_head":"<!-- This site is optimized with the Yoast SEO plugin v27.2 - https:\/\/yoast.com\/product\/yoast-seo-wordpress\/ -->\n<title>Bruststraffung - AESTHETIK TEAM OLDENBURG<\/title>\n<meta name=\"description\" content=\"Bruststraffung in Oldenburg, z. B. nach starker Gewichtsabnahme, bei gesundheitlichen Problemen oder nach einer Schwangerschaft. Ambulante OPs.\" \/>\n<meta name=\"robots\" content=\"index, follow, max-snippet:-1, max-image-preview:large, max-video-preview:-1\" \/>\n<link rel=\"canonical\" href=\"https:\/\/www.aesthetik-team-oldenburg.de\/index.php\/bruststraffung\/\" \/>\n<meta property=\"og:locale\" content=\"de_DE\" \/>\n<meta property=\"og:type\" content=\"article\" \/>\n<meta property=\"og:title\" content=\"Bruststraffung - AESTHETIK TEAM OLDENBURG\" \/>\n<meta property=\"og:description\" content=\"Bruststraffung in Oldenburg, z. B. nach starker Gewichtsabnahme, bei gesundheitlichen Problemen oder nach einer Schwangerschaft. Ambulante OPs.\" \/>\n<meta property=\"og:url\" content=\"https:\/\/www.aesthetik-team-oldenburg.de\/index.php\/bruststraffung\/\" \/>\n<meta property=\"og:site_name\" content=\"AESTHETIK TEAM OLDENBURG\" \/>\n<meta property=\"article:modified_time\" content=\"2020-09-24T09:34:36+00:00\" \/>\n<meta name=\"twitter:card\" content=\"summary_large_image\" \/>\n<meta name=\"twitter:label1\" content=\"Gesch\u00e4tzte Lesezeit\" \/>\n\t<meta name=\"twitter:data1\" content=\"2\u00a0Minuten\" \/>\n<script type=\"application\/ld+json\" class=\"yoast-schema-graph\">{\"@context\":\"https:\/\/schema.org\",\"@graph\":[{\"@type\":\"WebPage\",\"@id\":\"https:\/\/www.aesthetik-team-oldenburg.de\/index.php\/bruststraffung\/\",\"url\":\"https:\/\/www.aesthetik-team-oldenburg.de\/index.php\/bruststraffung\/\",\"name\":\"Bruststraffung - AESTHETIK TEAM OLDENBURG\",\"isPartOf\":{\"@id\":\"https:\/\/www.aesthetik-team-oldenburg.de\/#website\"},\"datePublished\":\"2020-09-24T08:27:10+00:00\",\"dateModified\":\"2020-09-24T09:34:36+00:00\",\"description\":\"Bruststraffung in Oldenburg, z. B. nach starker Gewichtsabnahme, bei gesundheitlichen Problemen oder nach einer Schwangerschaft. Ambulante OPs.\",\"breadcrumb\":{\"@id\":\"https:\/\/www.aesthetik-team-oldenburg.de\/index.php\/bruststraffung\/#breadcrumb\"},\"inLanguage\":\"de\",\"potentialAction\":[{\"@type\":\"ReadAction\",\"target\":[\"https:\/\/www.aesthetik-team-oldenburg.de\/index.php\/bruststraffung\/\"]}]},{\"@type\":\"BreadcrumbList\",\"@id\":\"https:\/\/www.aesthetik-team-oldenburg.de\/index.php\/bruststraffung\/#breadcrumb\",\"itemListElement\":[{\"@type\":\"ListItem\",\"position\":1,\"name\":\"Home\",\"item\":\"https:\/\/www.aesthetik-team-oldenburg.de\/\"},{\"@type\":\"ListItem\",\"position\":2,\"name\":\"Bruststraffung\"}]},{\"@type\":\"WebSite\",\"@id\":\"https:\/\/www.aesthetik-team-oldenburg.de\/#website\",\"url\":\"https:\/\/www.aesthetik-team-oldenburg.de\/\",\"name\":\"AESTHETIK TEAM OLDENBURG\",\"description\":\"\u00c4STHETISCHE CHIRURIGE\",\"potentialAction\":[{\"@type\":\"SearchAction\",\"target\":{\"@type\":\"EntryPoint\",\"urlTemplate\":\"https:\/\/www.aesthetik-team-oldenburg.de\/?s={search_term_string}\"},\"query-input\":{\"@type\":\"PropertyValueSpecification\",\"valueRequired\":true,\"valueName\":\"search_term_string\"}}],\"inLanguage\":\"de\"}]}<\/script>\n<!-- \/ Yoast SEO plugin. -->","yoast_head_json":{"title":"Bruststraffung - AESTHETIK TEAM OLDENBURG","description":"Bruststraffung in Oldenburg, z. B. nach starker Gewichtsabnahme, bei gesundheitlichen Problemen oder nach einer Schwangerschaft. Ambulante OPs.","robots":{"index":"index","follow":"follow","max-snippet":"max-snippet:-1","max-image-preview":"max-image-preview:large","max-video-preview":"max-video-preview:-1"},"canonical":"https:\/\/www.aesthetik-team-oldenburg.de\/index.php\/bruststraffung\/","og_locale":"de_DE","og_type":"article","og_title":"Bruststraffung - AESTHETIK TEAM OLDENBURG","og_description":"Bruststraffung in Oldenburg, z. B. nach starker Gewichtsabnahme, bei gesundheitlichen Problemen oder nach einer Schwangerschaft. Ambulante OPs.","og_url":"https:\/\/www.aesthetik-team-oldenburg.de\/index.php\/bruststraffung\/","og_site_name":"AESTHETIK TEAM OLDENBURG","article_modified_time":"2020-09-24T09:34:36+00:00","twitter_card":"summary_large_image","twitter_misc":{"Gesch\u00e4tzte Lesezeit":"2\u00a0Minuten"},"schema":{"@context":"https:\/\/schema.org","@graph":[{"@type":"WebPage","@id":"https:\/\/www.aesthetik-team-oldenburg.de\/index.php\/bruststraffung\/","url":"https:\/\/www.aesthetik-team-oldenburg.de\/index.php\/bruststraffung\/","name":"Bruststraffung - AESTHETIK TEAM OLDENBURG","isPartOf":{"@id":"https:\/\/www.aesthetik-team-oldenburg.de\/#website"},"datePublished":"2020-09-24T08:27:10+00:00","dateModified":"2020-09-24T09:34:36+00:00","description":"Bruststraffung in Oldenburg, z. B. nach starker Gewichtsabnahme, bei gesundheitlichen Problemen oder nach einer Schwangerschaft. Ambulante OPs.","breadcrumb":{"@id":"https:\/\/www.aesthetik-team-oldenburg.de\/index.php\/bruststraffung\/#breadcrumb"},"inLanguage":"de","potentialAction":[{"@type":"ReadAction","target":["https:\/\/www.aesthetik-team-oldenburg.de\/index.php\/bruststraffung\/"]}]},{"@type":"BreadcrumbList","@id":"https:\/\/www.aesthetik-team-oldenburg.de\/index.php\/bruststraffung\/#breadcrumb","itemListElement":[{"@type":"ListItem","position":1,"name":"Home","item":"https:\/\/www.aesthetik-team-oldenburg.de\/"},{"@type":"ListItem","position":2,"name":"Bruststraffung"}]},{"@type":"WebSite","@id":"https:\/\/www.aesthetik-team-oldenburg.de\/#website","url":"https:\/\/www.aesthetik-team-oldenburg.de\/","name":"AESTHETIK TEAM OLDENBURG","description":"\u00c4STHETISCHE CHIRURIGE","potentialAction":[{"@type":"SearchAction","target":{"@type":"EntryPoint","urlTemplate":"https:\/\/www.aesthetik-team-oldenburg.de\/?s={search_term_string}"},"query-input":{"@type":"PropertyValueSpecification","valueRequired":true,"valueName":"search_term_string"}}],"inLanguage":"de"}]}},"_links":{"self":[{"href":"https:\/\/www.aesthetik-team-oldenburg.de\/index.php\/wp-json\/wp\/v2\/pages\/451","targetHints":{"allow":["GET"]}}],"collection":[{"href":"https:\/\/www.aesthetik-team-oldenburg.de\/index.php\/wp-json\/wp\/v2\/pages"}],"about":[{"href":"https:\/\/www.aesthetik-team-oldenburg.de\/index.php\/wp-json\/wp\/v2\/types\/page"}],"author":[{"embeddable":true,"href":"https:\/\/www.aesthetik-team-oldenburg.de\/index.php\/wp-json\/wp\/v2\/users\/1"}],"replies":[{"embeddable":true,"href":"https:\/\/www.aesthetik-team-oldenburg.de\/index.php\/wp-json\/wp\/v2\/comments?post=451"}],"version-history":[{"count":2,"href":"https:\/\/www.aesthetik-team-oldenburg.de\/index.php\/wp-json\/wp\/v2\/pages\/451\/revisions"}],"predecessor-version":[{"id":460,"href":"https:\/\/www.aesthetik-team-oldenburg.de\/index.php\/wp-json\/wp\/v2\/pages\/451\/revisions\/460"}],"wp:attachment":[{"href":"https:\/\/www.aesthetik-team-oldenburg.de\/index.php\/wp-json\/wp\/v2\/media?parent=451"}],"curies":[{"name":"wp","href":"https:\/\/api.w.org\/{rel}","templated":true}]}}