{"id":68,"date":"2019-09-06T10:10:13","date_gmt":"2019-09-06T10:10:13","guid":{"rendered":"http:\/\/www.aesthetik-team-oldenburg.de\/?page_id=68"},"modified":"2025-05-16T10:45:42","modified_gmt":"2025-05-16T10:45:42","slug":"unser-arzte-team","status":"publish","type":"page","link":"https:\/\/www.aesthetik-team-oldenburg.de\/index.php\/unser-arzte-team\/","title":{"rendered":"Unser \u00c4rzte-Team"},"content":{"rendered":"<div class=\"wpb-content-wrapper\"><p>[vc_row padding_top=&#8220;0&#8243; padding_bottom=&#8220;0&#8243;][vc_column][vc_column_text]<\/p>\n<h1>Erfahrene Fach\u00e4rzte f\u00fcr Plastische und \u00c4sthetische Chirurgie<\/h1>\n<p>Wenn es um eine \u00e4sthetische Ver\u00e4nderung Ihres Aussehens geht, d\u00fcrfen Sie das Beste erwarten. Im Vorfeld eines m\u00f6glichen Eingriffs sollten Sie sich sehr genau dar\u00fcber informieren, in wessen H\u00e4nde Sie sich begeben.<\/p>\n<p>Bitte beachten Sie: Der Begriff Sch\u00f6nheitschirurgie ist nicht gesch\u00fctzt, entsprechend gibt es leider einen gro\u00dfen Graubereich bei den Behandlern, insbesondere im Bereich Faltenbehandlung und Lidstraffung (siehe PATIENTENINFORMATION Faltenunterspritzung)![\/vc_column_text][vc_tta_accordion active_section=&#8220;0&#8243; collapsible_all=&#8220;true&#8220;][vc_tta_section title=&#8220;PATIENTENINFORMATION: Wer darf Falten unterspritzen?&#8220; tab_id=&#8220;1547200694163-86846025-1414&#8243;][vc_column_text]Fachkundige Behandlung mit Hyaluron, Botox &amp; Co.<\/p>\n<p><strong>Faltenunterspritzungen mit Dermalfillern boomen. Doch eine Faltenunterspritzung ist keine kosmetische Ma\u00dfnahme, sondern<\/strong> eine erlaubnispflichtige Aus\u00fcbung der Heilkunde. Patienten sollten deshalb immer auf fach\u00e4rztliche Qualit\u00e4tsstandards achten!<\/p>\n<p><strong>Grunds\u00e4tzlich hat der Gesetzgeber wie folgt entschieden: <\/strong><\/p>\n<p>Faltenunterspritzungen d\u00fcrfen in Deutschland von jedem approbierten Arzt vorgenommen werden. Theoretisch ist es also z. B. auch Kinder\u00e4rzten, Urologen oder Gyn\u00e4kologen, die das Unterspritzen in Wochenendkursen erlernt haben, erlaubt, Falten mit Hyalurons\u00e4ure, Botulinum Toxin A (\u201eBotox\u201c) und anderen Fillern zu behandeln.<\/p>\n<p>Auch Zahn\u00e4rzten ist es gestattet, Faltenunterspritzungen im \u201aLippenrotbereich\u2018 durchzuf\u00fchren. Dar\u00fcber hinaus jedoch nicht!<\/p>\n<p>Injektionen mit Hyalurons\u00e4ure d\u00fcrfen au\u00dferdem von Heilpraktikern vorgenommen werden. Lediglich die Injektion\u00a0 von \u201eBotox\u201c ist dieser Berufsgruppe untersagt, weil es sich hierbei um ein verschreibungspflichtiges Medikament handelt!<\/p>\n<p>Anders als spezialisierten Fach\u00e4rzten f\u00fcr Plastische und \u00c4sthetische Chirurgie und spezialisierten Dermatologen fehlen diesen Medizinern und Heilkundlern allerdings meistens sowohl detaillierte Kenntnisse der feinen Gesichtsanatomie als auch praktische Erfahrungen im Umgang mit den entsprechenden Wirkstoffen. Dies birgt hohe Risiken f\u00fcr die Patienten:<\/p>\n<p>Bei der Injektion von \u201eBotox\u201c k\u00f6nnen beispielsweise schon geringste Ungenauigkeiten zu Asymmetrien oder Gesichtsl\u00e4hmungen f\u00fchren. Bei einer unsachgem\u00e4\u00dfen Behandlung mit Hyalurons\u00e4ure drohen Durchblutungsst\u00f6rungen, irreversible Gewebesch\u00e4den und Embolien. Nicht abbaubare Filler k\u00f6nnen bei unsachgem\u00e4\u00dfer Anwendung zu gravierenden, auch chronischen, Infektionen (Eiterungen) f\u00fchren.<\/p>\n<p>Au\u00dferdem: Kommt es beim Facharzt trotz qualifizierter Aus\u00fcbung der Faltenbehandlung dennoch einmal zu Nebenwirkungen oder Komplikationen, sind eine umgehende Diagnose und schnelle, fachkundige Behandlung unerl\u00e4sslich! Auch diese kann wiederum nur der erfahrene Spezialist erkennen und durchf\u00fchren.<\/p>\n<p>Patienten sollten zu ihrer eigenen Sicherheit von Botox-Partys, Dumpingpreisen und verlockenden Zusatzangeboten in fachfremden Praxen Abstand nehmen.<\/p>\n<p>Kosmetikerinnen ist die Unterspritzung von Falten seit 2012 verboten!<\/p>\n<p>Mehr zur Faltenbehandlung im Aesthetik Team Oldenburg erfahren Sie <a href=\"http:\/\/laura-dopp.de\/faltenbehandlung\/\">hier<\/a>.[\/vc_column_text][\/vc_tta_section][\/vc_tta_accordion][vc_column_text css=&#8220;.vc_custom_1565185352021{margin-bottom: -30px !important;}&#8220;]<\/p>\n<h2>Wir erf\u00fcllen h\u00f6chste Qualit\u00e4tskriterien in der \u00c4sthetischen Chirurgie<\/h2>\n<p>Bei Ihrer erfolgreichen Suche nach dem bestm\u00f6glichen Behandler sind drei Qualit\u00e4tskriterien wesentlich: Der Chirurg Ihrer Wahl sollte eine anerkannte, vollumf\u00e4ngliche Facharztausbildung haben, also Facharzt f\u00fcr Plastische und \u00c4sthetische Chirurgie sein. Er sollte \u00fcber umfangreiche Operationserfahrung verf\u00fcgen, und er sollte Sie vor einem Eingriff l\u00fcckenlos aufkl\u00e4ren. &#8211; Jeder Arzt im Aesthetik Team Oldenburg erf\u00fcllt diese Kriterien!<\/p>\n<p>Als erfahrene Fach\u00e4rzte f\u00fcr Plastische und \u00c4sthetische Chirurgie unterst\u00fctzen wir Sie gern mit unserem ganzen Wissen und K\u00f6nnen. Dennoch erf\u00fcllen wir Ihre W\u00fcnsche nicht um jeden Preis: Wir behandeln Sie nur, wenn wir die von Ihnen gew\u00fcnschte Operation sowohl aus medizinischer als auch aus \u00e4sthetischer Sicht voll verantworten k\u00f6nnen.<\/p>\n<h2>Auch bei Vollnarkosen sind Sie bei uns in den besten H\u00e4nden<\/h2>\n<p><strong>Wir arbeiten seit vielen Jahren zu unserer vollsten Zufriedenheit mit dem An\u00e4sthesie Team Oldenburg zusammen.<\/strong> Alle kooperierenden An\u00e4sthesisten sind erfahrene Fach\u00e4rzte mit unterschiedlichen Schwerpunkten. S\u00e4mtliche medizinische Leistungen werden auf h\u00f6chstem Niveau durchgef\u00fchrt. Die angebotenen Narkoseverfahren und Sicherheitsstandards unterscheiden sich nicht von den Standards in gro\u00dfen modernsten Kliniken.[\/vc_column_text][\/vc_column][\/vc_row][vc_row padding_top=&#8220;30&#8243;][vc_column][vc_column_text]<\/p>\n<h2>Unser \u00c4rzte-Team<\/h2>\n<p>[\/vc_column_text][\/vc_column][\/vc_row][vc_row][vc_column width=&#8220;1\/2&#8243;]\r\n\t\t\t\t<div class=\"grve-team grve-element grve-style-1\" style=\"\">\r\n\t\t\t<figure class=\"grve-image-hover\">\r\n\t\t\t\t<div class=\"grve-team-person grve-media\">\r\n\t\t\t\t\t\t\t\t\t<a href=\"http:\/\/www.aesthetik-team-oldenburg.de\/index.php\/dr-med-mike-ruttermann\/\" target=\"_self\">\r\n\t\t\t\t\t\t\t\t\t<img loading=\"lazy\" decoding=\"async\" width=\"600\" height=\"600\" src=\"https:\/\/www.aesthetik-team-oldenburg.de\/wp-content\/uploads\/2025\/02\/HPCDr24-093a-600x600.jpg\" class=\"attachment-blade-grve-small-square size-blade-grve-small-square\" alt=\"Dr. med. Mike R\u00fcttermann, Facharzt f\u00fcr Plastische und \u00c4sthetische Chirurgie, Handchirurg (Zusatzbezeichnung)\" srcset=\"https:\/\/www.aesthetik-team-oldenburg.de\/wp-content\/uploads\/2025\/02\/HPCDr24-093a-600x600.jpg 600w, https:\/\/www.aesthetik-team-oldenburg.de\/wp-content\/uploads\/2025\/02\/HPCDr24-093a-300x300.jpg 300w, https:\/\/www.aesthetik-team-oldenburg.de\/wp-content\/uploads\/2025\/02\/HPCDr24-093a-1024x1024.jpg 1024w, https:\/\/www.aesthetik-team-oldenburg.de\/wp-content\/uploads\/2025\/02\/HPCDr24-093a-150x150.jpg 150w, https:\/\/www.aesthetik-team-oldenburg.de\/wp-content\/uploads\/2025\/02\/HPCDr24-093a-768x768.jpg 768w, https:\/\/www.aesthetik-team-oldenburg.de\/wp-content\/uploads\/2025\/02\/HPCDr24-093a-1120x1120.jpg 1120w, https:\/\/www.aesthetik-team-oldenburg.de\/wp-content\/uploads\/2025\/02\/HPCDr24-093a.jpg 1200w\" sizes=\"auto, (max-width: 600px) 100vw, 600px\" \/>\t\t\t\t\t\t\t\t\t<\/a>\r\n\t\t\t\t\t\t\t\t<\/div>\r\n\t\t\t\t<figcaption>\r\n\t\t\t\t\t<div class=\"grve-team-content\">\r\n\t\t\t\t\t\t<div class=\"grve-team-description grve-align-left\">\r\n\t\t\t\t\t\t\t<div class=\"grve-team-identity grve-subtitle\"><\/div>\r\n\t\t\t\t\t\t\t\t\t\t\t\t\t\t<a href=\"http:\/\/www.aesthetik-team-oldenburg.de\/index.php\/dr-med-mike-ruttermann\/\" target=\"_self\">\r\n\t\t\t\t\t\t\t\t\t\t\t\t\t\t<h3 class=\"grve-team-name grve-text-hover-primary-1 grve-h3\">Dr. med. Mike R\u00fcttermann<\/h3>\r\n\t\t\t\t\t\t\t\t\t\t\t\t\t\t<\/a>\r\n\t\t\t\t\t\t\t\t\t\t\t\t\t\t\t\t\t\t\t\t<\/div>\r\n\t\t\t\t\t\t\t\t\t\t\t<\/div>\r\n\t\t\t\t<\/figcaption>\r\n\t\t\t<\/figure>\r\n\t\t<\/div>\r\n\t\t\r\n\t\t[\/vc_column][vc_column width=&#8220;1\/2&#8243;]\r\n\t\t\t\t<div class=\"grve-team grve-element grve-style-1\" style=\"\">\r\n\t\t\t<figure class=\"grve-image-hover\">\r\n\t\t\t\t<div class=\"grve-team-person grve-media\">\r\n\t\t\t\t\t\t\t\t\t<a href=\"http:\/\/www.aesthetik-team-oldenburg.de\/index.php\/dr-med-thomas-wermter\/\" target=\"_self\">\r\n\t\t\t\t\t\t\t\t\t<img loading=\"lazy\" decoding=\"async\" width=\"600\" height=\"600\" src=\"https:\/\/www.aesthetik-team-oldenburg.de\/wp-content\/uploads\/2025\/02\/HPCDr24-029a-600x600.jpg\" class=\"attachment-blade-grve-small-square size-blade-grve-small-square\" alt=\"Dr. Thomas Wertmer, Facharzt f\u00fcr Plastische und \u00c4sthetische Chirurgie, Handchirurg (Zusatzbezeichnung)\" srcset=\"https:\/\/www.aesthetik-team-oldenburg.de\/wp-content\/uploads\/2025\/02\/HPCDr24-029a-600x600.jpg 600w, https:\/\/www.aesthetik-team-oldenburg.de\/wp-content\/uploads\/2025\/02\/HPCDr24-029a-300x300.jpg 300w, https:\/\/www.aesthetik-team-oldenburg.de\/wp-content\/uploads\/2025\/02\/HPCDr24-029a-1024x1024.jpg 1024w, https:\/\/www.aesthetik-team-oldenburg.de\/wp-content\/uploads\/2025\/02\/HPCDr24-029a-150x150.jpg 150w, https:\/\/www.aesthetik-team-oldenburg.de\/wp-content\/uploads\/2025\/02\/HPCDr24-029a-768x768.jpg 768w, https:\/\/www.aesthetik-team-oldenburg.de\/wp-content\/uploads\/2025\/02\/HPCDr24-029a-1120x1120.jpg 1120w, https:\/\/www.aesthetik-team-oldenburg.de\/wp-content\/uploads\/2025\/02\/HPCDr24-029a.jpg 1200w\" sizes=\"auto, (max-width: 600px) 100vw, 600px\" \/>\t\t\t\t\t\t\t\t\t<\/a>\r\n\t\t\t\t\t\t\t\t<\/div>\r\n\t\t\t\t<figcaption>\r\n\t\t\t\t\t<div class=\"grve-team-content\">\r\n\t\t\t\t\t\t<div class=\"grve-team-description grve-align-left\">\r\n\t\t\t\t\t\t\t<div class=\"grve-team-identity grve-subtitle\"><\/div>\r\n\t\t\t\t\t\t\t\t\t\t\t\t\t\t<a href=\"http:\/\/www.aesthetik-team-oldenburg.de\/index.php\/dr-med-thomas-wermter\/\" target=\"_self\">\r\n\t\t\t\t\t\t\t\t\t\t\t\t\t\t<h3 class=\"grve-team-name grve-text-hover-primary-1 grve-h3\">Dr. med. Thomas Wermter<\/h3>\r\n\t\t\t\t\t\t\t\t\t\t\t\t\t\t<\/a>\r\n\t\t\t\t\t\t\t\t\t\t\t\t\t\t\t\t\t\t\t\t<\/div>\r\n\t\t\t\t\t\t\t\t\t\t\t<\/div>\r\n\t\t\t\t<\/figcaption>\r\n\t\t\t<\/figure>\r\n\t\t<\/div>\r\n\t\t\r\n\t\t[\/vc_column][\/vc_row][vc_row][vc_column width=&#8220;1\/2&#8243;]\r\n\t\t\t\t<div class=\"grve-team grve-element grve-style-1\" style=\"\">\r\n\t\t\t<figure class=\"grve-image-hover\">\r\n\t\t\t\t<div class=\"grve-team-person grve-media\">\r\n\t\t\t\t\t\t\t\t\t<a href=\"http:\/\/www.aesthetik-team-oldenburg.de\/index.php\/dr-med-andreas-settje\/\" target=\"_self\">\r\n\t\t\t\t\t\t\t\t\t<img loading=\"lazy\" decoding=\"async\" width=\"600\" height=\"600\" src=\"https:\/\/www.aesthetik-team-oldenburg.de\/wp-content\/uploads\/2025\/02\/Quadrat-1-600x600.jpg\" class=\"attachment-blade-grve-small-square size-blade-grve-small-square\" alt=\"Dr. Andreas Settje, Facharzt f\u00fcr Plastische und \u00c4sthetische Chirurgie, Handchirurg (Zusatzbezeichnung)\" srcset=\"https:\/\/www.aesthetik-team-oldenburg.de\/wp-content\/uploads\/2025\/02\/Quadrat-1-600x600.jpg 600w, https:\/\/www.aesthetik-team-oldenburg.de\/wp-content\/uploads\/2025\/02\/Quadrat-1-300x300.jpg 300w, https:\/\/www.aesthetik-team-oldenburg.de\/wp-content\/uploads\/2025\/02\/Quadrat-1-150x150.jpg 150w, https:\/\/www.aesthetik-team-oldenburg.de\/wp-content\/uploads\/2025\/02\/Quadrat-1-768x768.jpg 768w, https:\/\/www.aesthetik-team-oldenburg.de\/wp-content\/uploads\/2025\/02\/Quadrat-1.jpg 803w\" sizes=\"auto, (max-width: 600px) 100vw, 600px\" \/>\t\t\t\t\t\t\t\t\t<\/a>\r\n\t\t\t\t\t\t\t\t<\/div>\r\n\t\t\t\t<figcaption>\r\n\t\t\t\t\t<div class=\"grve-team-content\">\r\n\t\t\t\t\t\t<div class=\"grve-team-description grve-align-left\">\r\n\t\t\t\t\t\t\t<div class=\"grve-team-identity grve-subtitle\"><\/div>\r\n\t\t\t\t\t\t\t\t\t\t\t\t\t\t<a href=\"http:\/\/www.aesthetik-team-oldenburg.de\/index.php\/dr-med-andreas-settje\/\" target=\"_self\">\r\n\t\t\t\t\t\t\t\t\t\t\t\t\t\t<h3 class=\"grve-team-name grve-text-hover-primary-1 grve-h3\">Dr. med. Andreas Settje<\/h3>\r\n\t\t\t\t\t\t\t\t\t\t\t\t\t\t<\/a>\r\n\t\t\t\t\t\t\t\t\t\t\t\t\t\t\t\t\t\t\t\t<\/div>\r\n\t\t\t\t\t\t\t\t\t\t\t<\/div>\r\n\t\t\t\t<\/figcaption>\r\n\t\t\t<\/figure>\r\n\t\t<\/div>\r\n\t\t\r\n\t\t[\/vc_column][vc_column width=&#8220;1\/2&#8243;][\/vc_column][\/vc_row]<\/p>\n<\/div>","protected":false},"excerpt":{"rendered":"<p>[vc_row padding_top=&#8220;0&#8243; padding_bottom=&#8220;0&#8243;][vc_column][vc_column_text] Erfahrene Fach\u00e4rzte f\u00fcr Plastische und \u00c4sthetische Chirurgie Wenn es um eine \u00e4sthetische Ver\u00e4nderung Ihres Aussehens geht, d\u00fcrfen Sie das Beste erwarten. Im Vorfeld eines m\u00f6glichen Eingriffs sollten Sie sich sehr genau dar\u00fcber informieren, in wessen H\u00e4nde Sie sich begeben. Bitte beachten Sie: Der Begriff Sch\u00f6nheitschirurgie ist nicht gesch\u00fctzt, entsprechend gibt es leider [&hellip;]<\/p>\n","protected":false},"author":1,"featured_media":0,"parent":0,"menu_order":0,"comment_status":"closed","ping_status":"closed","template":"","meta":{"footnotes":""},"class_list":["post-68","page","type-page","status-publish","hentry"],"yoast_head":"<!-- This site is optimized with the Yoast SEO plugin v27.2 - https:\/\/yoast.com\/product\/yoast-seo-wordpress\/ -->\n<title>Unser \u00c4rzte-Team - AESTHETIK TEAM OLDENBURG<\/title>\n<meta name=\"description\" content=\"\u00c4sthetische Chirurgie in Oldenburg. H\u00f6chste Qualit\u00e4tskriterien. Umfangreiche Operationserfahrung, ambulante OPs, Vollnarkose.\" \/>\n<meta name=\"robots\" content=\"index, follow, max-snippet:-1, max-image-preview:large, max-video-preview:-1\" \/>\n<link rel=\"canonical\" href=\"https:\/\/www.aesthetik-team-oldenburg.de\/index.php\/unser-arzte-team\/\" \/>\n<meta property=\"og:locale\" content=\"de_DE\" \/>\n<meta property=\"og:type\" content=\"article\" \/>\n<meta property=\"og:title\" content=\"Unser \u00c4rzte-Team - AESTHETIK TEAM OLDENBURG\" \/>\n<meta property=\"og:description\" content=\"\u00c4sthetische Chirurgie in Oldenburg. H\u00f6chste Qualit\u00e4tskriterien. Umfangreiche Operationserfahrung, ambulante OPs, Vollnarkose.\" \/>\n<meta property=\"og:url\" content=\"https:\/\/www.aesthetik-team-oldenburg.de\/index.php\/unser-arzte-team\/\" \/>\n<meta property=\"og:site_name\" content=\"AESTHETIK TEAM OLDENBURG\" \/>\n<meta property=\"article:modified_time\" content=\"2025-05-16T10:45:42+00:00\" \/>\n<meta name=\"twitter:card\" content=\"summary_large_image\" \/>\n<meta name=\"twitter:label1\" content=\"Gesch\u00e4tzte Lesezeit\" \/>\n\t<meta name=\"twitter:data1\" content=\"4\u00a0Minuten\" \/>\n<script type=\"application\/ld+json\" class=\"yoast-schema-graph\">{\"@context\":\"https:\/\/schema.org\",\"@graph\":[{\"@type\":\"WebPage\",\"@id\":\"https:\/\/www.aesthetik-team-oldenburg.de\/index.php\/unser-arzte-team\/\",\"url\":\"https:\/\/www.aesthetik-team-oldenburg.de\/index.php\/unser-arzte-team\/\",\"name\":\"Unser \u00c4rzte-Team - AESTHETIK TEAM OLDENBURG\",\"isPartOf\":{\"@id\":\"https:\/\/www.aesthetik-team-oldenburg.de\/#website\"},\"datePublished\":\"2019-09-06T10:10:13+00:00\",\"dateModified\":\"2025-05-16T10:45:42+00:00\",\"description\":\"\u00c4sthetische Chirurgie in Oldenburg. H\u00f6chste Qualit\u00e4tskriterien. Umfangreiche Operationserfahrung, ambulante OPs, Vollnarkose.\",\"breadcrumb\":{\"@id\":\"https:\/\/www.aesthetik-team-oldenburg.de\/index.php\/unser-arzte-team\/#breadcrumb\"},\"inLanguage\":\"de\",\"potentialAction\":[{\"@type\":\"ReadAction\",\"target\":[\"https:\/\/www.aesthetik-team-oldenburg.de\/index.php\/unser-arzte-team\/\"]}]},{\"@type\":\"BreadcrumbList\",\"@id\":\"https:\/\/www.aesthetik-team-oldenburg.de\/index.php\/unser-arzte-team\/#breadcrumb\",\"itemListElement\":[{\"@type\":\"ListItem\",\"position\":1,\"name\":\"Home\",\"item\":\"https:\/\/www.aesthetik-team-oldenburg.de\/\"},{\"@type\":\"ListItem\",\"position\":2,\"name\":\"Unser \u00c4rzte-Team\"}]},{\"@type\":\"WebSite\",\"@id\":\"https:\/\/www.aesthetik-team-oldenburg.de\/#website\",\"url\":\"https:\/\/www.aesthetik-team-oldenburg.de\/\",\"name\":\"AESTHETIK TEAM OLDENBURG\",\"description\":\"\u00c4STHETISCHE CHIRURIGE\",\"potentialAction\":[{\"@type\":\"SearchAction\",\"target\":{\"@type\":\"EntryPoint\",\"urlTemplate\":\"https:\/\/www.aesthetik-team-oldenburg.de\/?s={search_term_string}\"},\"query-input\":{\"@type\":\"PropertyValueSpecification\",\"valueRequired\":true,\"valueName\":\"search_term_string\"}}],\"inLanguage\":\"de\"}]}<\/script>\n<!-- \/ Yoast SEO plugin. -->","yoast_head_json":{"title":"Unser \u00c4rzte-Team - AESTHETIK TEAM OLDENBURG","description":"\u00c4sthetische Chirurgie in Oldenburg. H\u00f6chste Qualit\u00e4tskriterien. Umfangreiche Operationserfahrung, ambulante OPs, Vollnarkose.","robots":{"index":"index","follow":"follow","max-snippet":"max-snippet:-1","max-image-preview":"max-image-preview:large","max-video-preview":"max-video-preview:-1"},"canonical":"https:\/\/www.aesthetik-team-oldenburg.de\/index.php\/unser-arzte-team\/","og_locale":"de_DE","og_type":"article","og_title":"Unser \u00c4rzte-Team - AESTHETIK TEAM OLDENBURG","og_description":"\u00c4sthetische Chirurgie in Oldenburg. H\u00f6chste Qualit\u00e4tskriterien. Umfangreiche Operationserfahrung, ambulante OPs, Vollnarkose.","og_url":"https:\/\/www.aesthetik-team-oldenburg.de\/index.php\/unser-arzte-team\/","og_site_name":"AESTHETIK TEAM OLDENBURG","article_modified_time":"2025-05-16T10:45:42+00:00","twitter_card":"summary_large_image","twitter_misc":{"Gesch\u00e4tzte Lesezeit":"4\u00a0Minuten"},"schema":{"@context":"https:\/\/schema.org","@graph":[{"@type":"WebPage","@id":"https:\/\/www.aesthetik-team-oldenburg.de\/index.php\/unser-arzte-team\/","url":"https:\/\/www.aesthetik-team-oldenburg.de\/index.php\/unser-arzte-team\/","name":"Unser \u00c4rzte-Team - AESTHETIK TEAM OLDENBURG","isPartOf":{"@id":"https:\/\/www.aesthetik-team-oldenburg.de\/#website"},"datePublished":"2019-09-06T10:10:13+00:00","dateModified":"2025-05-16T10:45:42+00:00","description":"\u00c4sthetische Chirurgie in Oldenburg. H\u00f6chste Qualit\u00e4tskriterien. Umfangreiche Operationserfahrung, ambulante OPs, Vollnarkose.","breadcrumb":{"@id":"https:\/\/www.aesthetik-team-oldenburg.de\/index.php\/unser-arzte-team\/#breadcrumb"},"inLanguage":"de","potentialAction":[{"@type":"ReadAction","target":["https:\/\/www.aesthetik-team-oldenburg.de\/index.php\/unser-arzte-team\/"]}]},{"@type":"BreadcrumbList","@id":"https:\/\/www.aesthetik-team-oldenburg.de\/index.php\/unser-arzte-team\/#breadcrumb","itemListElement":[{"@type":"ListItem","position":1,"name":"Home","item":"https:\/\/www.aesthetik-team-oldenburg.de\/"},{"@type":"ListItem","position":2,"name":"Unser \u00c4rzte-Team"}]},{"@type":"WebSite","@id":"https:\/\/www.aesthetik-team-oldenburg.de\/#website","url":"https:\/\/www.aesthetik-team-oldenburg.de\/","name":"AESTHETIK TEAM OLDENBURG","description":"\u00c4STHETISCHE CHIRURIGE","potentialAction":[{"@type":"SearchAction","target":{"@type":"EntryPoint","urlTemplate":"https:\/\/www.aesthetik-team-oldenburg.de\/?s={search_term_string}"},"query-input":{"@type":"PropertyValueSpecification","valueRequired":true,"valueName":"search_term_string"}}],"inLanguage":"de"}]}},"_links":{"self":[{"href":"https:\/\/www.aesthetik-team-oldenburg.de\/index.php\/wp-json\/wp\/v2\/pages\/68","targetHints":{"allow":["GET"]}}],"collection":[{"href":"https:\/\/www.aesthetik-team-oldenburg.de\/index.php\/wp-json\/wp\/v2\/pages"}],"about":[{"href":"https:\/\/www.aesthetik-team-oldenburg.de\/index.php\/wp-json\/wp\/v2\/types\/page"}],"author":[{"embeddable":true,"href":"https:\/\/www.aesthetik-team-oldenburg.de\/index.php\/wp-json\/wp\/v2\/users\/1"}],"replies":[{"embeddable":true,"href":"https:\/\/www.aesthetik-team-oldenburg.de\/index.php\/wp-json\/wp\/v2\/comments?post=68"}],"version-history":[{"count":12,"href":"https:\/\/www.aesthetik-team-oldenburg.de\/index.php\/wp-json\/wp\/v2\/pages\/68\/revisions"}],"predecessor-version":[{"id":743,"href":"https:\/\/www.aesthetik-team-oldenburg.de\/index.php\/wp-json\/wp\/v2\/pages\/68\/revisions\/743"}],"wp:attachment":[{"href":"https:\/\/www.aesthetik-team-oldenburg.de\/index.php\/wp-json\/wp\/v2\/media?parent=68"}],"curies":[{"name":"wp","href":"https:\/\/api.w.org\/{rel}","templated":true}]}}