{"id":80,"date":"2019-09-06T10:31:38","date_gmt":"2019-09-06T10:31:38","guid":{"rendered":"http:\/\/www.aesthetik-team-oldenburg.de\/?page_id=80"},"modified":"2025-07-14T15:21:12","modified_gmt":"2025-07-14T15:21:12","slug":"kontakt-oldenburg","status":"publish","type":"page","link":"https:\/\/www.aesthetik-team-oldenburg.de\/index.php\/kontakt-oldenburg\/","title":{"rendered":"Kontakt-Oldenburg"},"content":{"rendered":"<div class=\"wpb-content-wrapper\"><p>[vc_row padding_bottom=&#8220;60&#8243;][vc_column width=&#8220;1\/2&#8243;][vc_column_text css=&#8220;&#8220;]<\/p>\n<h1>Kontakt &amp; Info<\/h1>\n<h3>ADRESSE:<\/h3>\n<p>Aesthetik Team Oldenburg<br \/>\nKaiserliche Post<br \/>\nPoststra\u00dfe 1<br \/>\nTelefon: 0441 99843414<br \/>\nMail: <a href=\"mailto:info@aesthetik-team-oldenburg.de\">info@aesthetik-team-oldenburg.de<\/a><\/p>\n<p>Beratungsgespr\u00e4che und Eingriffe erfolgen nach M\u00f6glichkeit zeitnah und <u>ausschlie\u00dflich<\/u> nach individueller Terminvereinbarung.[\/vc_column_text][vc_tta_accordion active_section=&#8220;0&#8243; collapsible_all=&#8220;true&#8220;][vc_tta_section title=&#8220;ANMELDUNG\/TERMINE&#8220; tab_id=&#8220;1548075487661-035ca8b9-ee3a&#8220;][vc_column_text]<strong><a href=\"https:\/\/www.aesthetik-team-oldenburg.de\/index.php\/onlineterminvereinbarung\/\">Hier<\/a> k\u00f6nnen Sie jederzeit online Termine vereinbaren.\u00a0<\/strong><strong>Sie k\u00f6nnen uns zudem zu folgenden Zeiten telefonisch unter 0441 99843414 erreichen:<\/strong><br \/>\nmontags, dienstags und donnerstags 8 bis 12 Uhr sowie von 13 bis 16 Uhr<br \/>\nsowie mittwochs und freitags von 8 bis 12:30 Uhr<\/p>\n<p>Sie rufen au\u00dferhalb unserer Telefonzeiten an? Auch das ist kein Problem! Wenn Sie uns eine Nachricht hinterlassen, rufen wir Sie gern zu einer f\u00fcr Sie passenden Zeit zur\u00fcck. Sie k\u00f6nnen auch direkt per E-Mail mit uns in Kontakt treten an <a href=\"mailto:info@aesthetik-team-oldenburg.de\">info@aesthetik-team-oldenburg.de<\/a>. Eine medizinische Beratung kann per E-Mail jedoch aus juristischen Gr\u00fcnden nicht erfolgen.[\/vc_column_text][\/vc_tta_section][vc_tta_section title=&#8220;Anfahrt&#8220; tab_id=&#8220;1548075487661-98943a56-6069&#8243;][vc_column_text]Die Praxis f\u00fcr Plastische und \u00c4sthetische Chirurgie sowie Handchirurgie befindet sich im Herzen der Oldenburger Innenstadt. Sie erreichen uns \u00fcber den Haupteingang der Kaiserlichen Post. Dort gehen Sie die gro\u00dfe Treppe im Foyer hinauf. Aus dieser Ebene gehen Sie bitte auf der rechten Seite durch die Glast\u00fcr.\u00a0 Auch ein Personenaufzug innerhalb des Geb\u00e4udes ist selbstverst\u00e4ndlich vorhanden.<strong>\u00a0<\/strong><\/p>\n<p><strong>Anreise mit dem Taxi oder Ihrem PKW:<\/strong><\/p>\n<p>Taxi-Haltepl\u00e4tze und zwei gro\u00dfe Parkh\u00e4user (Schlossh\u00f6fe und Galeria Kaufhof) finden Sie in unmittelbarer N\u00e4he der Praxis. An den Taxi-Pl\u00e4tzen d\u00fcrfen Patienten auch in PKWs ein- bzw. aussteigen. Ihre Begleitungen k\u00f6nnen Sie also mit dem PKW direkt bis vor das Geb\u00e4ude bringen oder dort abholen!<\/p>\n<p><strong>Anreise mit dem Bus:<\/strong><\/p>\n<p>Mit den Bussen der VWG erreichen Sie uns nach nur wenigen Metern von den Bushaltestellen Staustra\u00dfe und Schlossplatz, Stadt-Linien 301 bis 307, 309, 312, 314, 317 und 324. Der Oldenburger Hauptbahnhof und der Zentrale Omnibusbahnhof ZOB sind in wenigen Minuten zu Fu\u00df erreichbar.[\/vc_column_text]<div class=\"grve-element grve-image grve-align-center\" style=\"\"><img loading=\"lazy\" decoding=\"async\" width=\"640\" height=\"567\" src=\"https:\/\/www.aesthetik-team-oldenburg.de\/wp-content\/uploads\/2019\/09\/image_manager__content-image_skizze_20-07.png\" class=\"attachment-full size-full\" alt=\"\" srcset=\"https:\/\/www.aesthetik-team-oldenburg.de\/wp-content\/uploads\/2019\/09\/image_manager__content-image_skizze_20-07.png 640w, https:\/\/www.aesthetik-team-oldenburg.de\/wp-content\/uploads\/2019\/09\/image_manager__content-image_skizze_20-07-300x266.png 300w\" sizes=\"auto, (max-width: 640px) 100vw, 640px\" \/><\/div>[\/vc_tta_section][vc_tta_section title=&#8220;Kosten&#8220; tab_id=&#8220;1572677089375-6fc9b1ca-d92f&#8220;][vc_column_text]Informationen zu unseren Preisen finden Sie <a href=\"https:\/\/www.aesthetik-team-oldenburg.de\/index.php\/finanzierung\/\">hier.<\/a>[\/vc_column_text][\/vc_tta_section][\/vc_tta_accordion][\/vc_column][vc_column width=&#8220;1\/2&#8243;]<div class=\"grve-element grve-image grve-align-center\" style=\"\"><img loading=\"lazy\" decoding=\"async\" width=\"2200\" height=\"1214\" src=\"https:\/\/www.aesthetik-team-oldenburg.de\/wp-content\/uploads\/2024\/08\/Kaiserliche-Post-in-guter-Auflsung.jpg\" class=\"attachment-full size-full\" alt=\"\" srcset=\"https:\/\/www.aesthetik-team-oldenburg.de\/wp-content\/uploads\/2024\/08\/Kaiserliche-Post-in-guter-Auflsung.jpg 1x,https:\/\/www.aesthetik-team-oldenburg.de\/wp-content\/uploads\/2024\/08\/Kaiserliche-Post-in-guter-Auflsung.jpg 2x\" \/><\/div>[\/vc_column][\/vc_row]<\/p>\n<\/div>","protected":false},"excerpt":{"rendered":"<p>[vc_row padding_bottom=&#8220;60&#8243;][vc_column width=&#8220;1\/2&#8243;][vc_column_text css=&#8220;&#8220;] Kontakt &amp; Info ADRESSE: Aesthetik Team Oldenburg Kaiserliche Post Poststra\u00dfe 1 Telefon: 0441 99843414 Mail: info@aesthetik-team-oldenburg.de Beratungsgespr\u00e4che und Eingriffe erfolgen nach M\u00f6glichkeit zeitnah und ausschlie\u00dflich nach individueller Terminvereinbarung.[\/vc_column_text][vc_tta_accordion active_section=&#8220;0&#8243; collapsible_all=&#8220;true&#8220;][vc_tta_section title=&#8220;ANMELDUNG\/TERMINE&#8220; tab_id=&#8220;1548075487661-035ca8b9-ee3a&#8220;][vc_column_text]Hier k\u00f6nnen Sie jederzeit online Termine vereinbaren.\u00a0Sie k\u00f6nnen uns zudem zu folgenden Zeiten telefonisch unter 0441 99843414 erreichen: montags, dienstags [&hellip;]<\/p>\n","protected":false},"author":1,"featured_media":0,"parent":0,"menu_order":0,"comment_status":"closed","ping_status":"closed","template":"","meta":{"footnotes":""},"class_list":["post-80","page","type-page","status-publish","hentry"],"yoast_head":"<!-- This site is optimized with the Yoast SEO plugin v27.4 - https:\/\/yoast.com\/product\/yoast-seo-wordpress\/ -->\n<title>Kontakt-Oldenburg - AESTHETIK TEAM OLDENBURG<\/title>\n<meta name=\"description\" content=\"Aesthetik Team Oldenburg. Beratungsgespr\u00e4che und Eingriffe von erfahrenem Facharzt-Team. Zeitnah. Individuelle Terminvereinbarung.\" \/>\n<meta name=\"robots\" content=\"index, follow, max-snippet:-1, max-image-preview:large, max-video-preview:-1\" \/>\n<link rel=\"canonical\" href=\"https:\/\/www.aesthetik-team-oldenburg.de\/index.php\/kontakt-oldenburg\/\" \/>\n<meta property=\"og:locale\" content=\"de_DE\" \/>\n<meta property=\"og:type\" content=\"article\" \/>\n<meta property=\"og:title\" content=\"Kontakt-Oldenburg - AESTHETIK TEAM OLDENBURG\" \/>\n<meta property=\"og:description\" content=\"Aesthetik Team Oldenburg. Beratungsgespr\u00e4che und Eingriffe von erfahrenem Facharzt-Team. Zeitnah. Individuelle Terminvereinbarung.\" \/>\n<meta property=\"og:url\" content=\"https:\/\/www.aesthetik-team-oldenburg.de\/index.php\/kontakt-oldenburg\/\" \/>\n<meta property=\"og:site_name\" content=\"AESTHETIK TEAM OLDENBURG\" \/>\n<meta property=\"article:modified_time\" content=\"2025-07-14T15:21:12+00:00\" \/>\n<meta name=\"twitter:card\" content=\"summary_large_image\" \/>\n<meta name=\"twitter:label1\" content=\"Gesch\u00e4tzte Lesezeit\" \/>\n\t<meta name=\"twitter:data1\" content=\"2\u00a0Minuten\" \/>\n<script type=\"application\/ld+json\" class=\"yoast-schema-graph\">{\"@context\":\"https:\\\/\\\/schema.org\",\"@graph\":[{\"@type\":\"WebPage\",\"@id\":\"https:\\\/\\\/www.aesthetik-team-oldenburg.de\\\/index.php\\\/kontakt-oldenburg\\\/\",\"url\":\"https:\\\/\\\/www.aesthetik-team-oldenburg.de\\\/index.php\\\/kontakt-oldenburg\\\/\",\"name\":\"Kontakt-Oldenburg - AESTHETIK TEAM OLDENBURG\",\"isPartOf\":{\"@id\":\"https:\\\/\\\/www.aesthetik-team-oldenburg.de\\\/#website\"},\"datePublished\":\"2019-09-06T10:31:38+00:00\",\"dateModified\":\"2025-07-14T15:21:12+00:00\",\"description\":\"Aesthetik Team Oldenburg. Beratungsgespr\u00e4che und Eingriffe von erfahrenem Facharzt-Team. Zeitnah. Individuelle Terminvereinbarung.\",\"breadcrumb\":{\"@id\":\"https:\\\/\\\/www.aesthetik-team-oldenburg.de\\\/index.php\\\/kontakt-oldenburg\\\/#breadcrumb\"},\"inLanguage\":\"de\",\"potentialAction\":[{\"@type\":\"ReadAction\",\"target\":[\"https:\\\/\\\/www.aesthetik-team-oldenburg.de\\\/index.php\\\/kontakt-oldenburg\\\/\"]}]},{\"@type\":\"BreadcrumbList\",\"@id\":\"https:\\\/\\\/www.aesthetik-team-oldenburg.de\\\/index.php\\\/kontakt-oldenburg\\\/#breadcrumb\",\"itemListElement\":[{\"@type\":\"ListItem\",\"position\":1,\"name\":\"Home\",\"item\":\"https:\\\/\\\/www.aesthetik-team-oldenburg.de\\\/\"},{\"@type\":\"ListItem\",\"position\":2,\"name\":\"Kontakt-Oldenburg\"}]},{\"@type\":\"WebSite\",\"@id\":\"https:\\\/\\\/www.aesthetik-team-oldenburg.de\\\/#website\",\"url\":\"https:\\\/\\\/www.aesthetik-team-oldenburg.de\\\/\",\"name\":\"AESTHETIK TEAM OLDENBURG\",\"description\":\"\u00c4STHETISCHE CHIRURIGE\",\"potentialAction\":[{\"@type\":\"SearchAction\",\"target\":{\"@type\":\"EntryPoint\",\"urlTemplate\":\"https:\\\/\\\/www.aesthetik-team-oldenburg.de\\\/?s={search_term_string}\"},\"query-input\":{\"@type\":\"PropertyValueSpecification\",\"valueRequired\":true,\"valueName\":\"search_term_string\"}}],\"inLanguage\":\"de\"}]}<\/script>\n<!-- \/ Yoast SEO plugin. -->","yoast_head_json":{"title":"Kontakt-Oldenburg - AESTHETIK TEAM OLDENBURG","description":"Aesthetik Team Oldenburg. Beratungsgespr\u00e4che und Eingriffe von erfahrenem Facharzt-Team. Zeitnah. Individuelle Terminvereinbarung.","robots":{"index":"index","follow":"follow","max-snippet":"max-snippet:-1","max-image-preview":"max-image-preview:large","max-video-preview":"max-video-preview:-1"},"canonical":"https:\/\/www.aesthetik-team-oldenburg.de\/index.php\/kontakt-oldenburg\/","og_locale":"de_DE","og_type":"article","og_title":"Kontakt-Oldenburg - AESTHETIK TEAM OLDENBURG","og_description":"Aesthetik Team Oldenburg. Beratungsgespr\u00e4che und Eingriffe von erfahrenem Facharzt-Team. Zeitnah. Individuelle Terminvereinbarung.","og_url":"https:\/\/www.aesthetik-team-oldenburg.de\/index.php\/kontakt-oldenburg\/","og_site_name":"AESTHETIK TEAM OLDENBURG","article_modified_time":"2025-07-14T15:21:12+00:00","twitter_card":"summary_large_image","twitter_misc":{"Gesch\u00e4tzte Lesezeit":"2\u00a0Minuten"},"schema":{"@context":"https:\/\/schema.org","@graph":[{"@type":"WebPage","@id":"https:\/\/www.aesthetik-team-oldenburg.de\/index.php\/kontakt-oldenburg\/","url":"https:\/\/www.aesthetik-team-oldenburg.de\/index.php\/kontakt-oldenburg\/","name":"Kontakt-Oldenburg - AESTHETIK TEAM OLDENBURG","isPartOf":{"@id":"https:\/\/www.aesthetik-team-oldenburg.de\/#website"},"datePublished":"2019-09-06T10:31:38+00:00","dateModified":"2025-07-14T15:21:12+00:00","description":"Aesthetik Team Oldenburg. Beratungsgespr\u00e4che und Eingriffe von erfahrenem Facharzt-Team. Zeitnah. Individuelle Terminvereinbarung.","breadcrumb":{"@id":"https:\/\/www.aesthetik-team-oldenburg.de\/index.php\/kontakt-oldenburg\/#breadcrumb"},"inLanguage":"de","potentialAction":[{"@type":"ReadAction","target":["https:\/\/www.aesthetik-team-oldenburg.de\/index.php\/kontakt-oldenburg\/"]}]},{"@type":"BreadcrumbList","@id":"https:\/\/www.aesthetik-team-oldenburg.de\/index.php\/kontakt-oldenburg\/#breadcrumb","itemListElement":[{"@type":"ListItem","position":1,"name":"Home","item":"https:\/\/www.aesthetik-team-oldenburg.de\/"},{"@type":"ListItem","position":2,"name":"Kontakt-Oldenburg"}]},{"@type":"WebSite","@id":"https:\/\/www.aesthetik-team-oldenburg.de\/#website","url":"https:\/\/www.aesthetik-team-oldenburg.de\/","name":"AESTHETIK TEAM OLDENBURG","description":"\u00c4STHETISCHE CHIRURIGE","potentialAction":[{"@type":"SearchAction","target":{"@type":"EntryPoint","urlTemplate":"https:\/\/www.aesthetik-team-oldenburg.de\/?s={search_term_string}"},"query-input":{"@type":"PropertyValueSpecification","valueRequired":true,"valueName":"search_term_string"}}],"inLanguage":"de"}]}},"_links":{"self":[{"href":"https:\/\/www.aesthetik-team-oldenburg.de\/index.php\/wp-json\/wp\/v2\/pages\/80","targetHints":{"allow":["GET"]}}],"collection":[{"href":"https:\/\/www.aesthetik-team-oldenburg.de\/index.php\/wp-json\/wp\/v2\/pages"}],"about":[{"href":"https:\/\/www.aesthetik-team-oldenburg.de\/index.php\/wp-json\/wp\/v2\/types\/page"}],"author":[{"embeddable":true,"href":"https:\/\/www.aesthetik-team-oldenburg.de\/index.php\/wp-json\/wp\/v2\/users\/1"}],"replies":[{"embeddable":true,"href":"https:\/\/www.aesthetik-team-oldenburg.de\/index.php\/wp-json\/wp\/v2\/comments?post=80"}],"version-history":[{"count":13,"href":"https:\/\/www.aesthetik-team-oldenburg.de\/index.php\/wp-json\/wp\/v2\/pages\/80\/revisions"}],"predecessor-version":[{"id":783,"href":"https:\/\/www.aesthetik-team-oldenburg.de\/index.php\/wp-json\/wp\/v2\/pages\/80\/revisions\/783"}],"wp:attachment":[{"href":"https:\/\/www.aesthetik-team-oldenburg.de\/index.php\/wp-json\/wp\/v2\/media?parent=80"}],"curies":[{"name":"wp","href":"https:\/\/api.w.org\/{rel}","templated":true}]}}