{"id":833,"date":"2026-04-23T14:57:34","date_gmt":"2026-04-23T14:57:34","guid":{"rendered":"https:\/\/www.aesthetik-team-oldenburg.de\/?page_id=833"},"modified":"2026-04-23T14:58:31","modified_gmt":"2026-04-23T14:58:31","slug":"karriere-mfa","status":"publish","type":"page","link":"https:\/\/www.aesthetik-team-oldenburg.de\/index.php\/karriere-mfa\/","title":{"rendered":"Karriere"},"content":{"rendered":"<div class=\"wpb-content-wrapper\"><p>[vc_row padding_bottom=&#8220;60&#8243;][vc_column]<h1 class=\"grve-element grve-title grve-align-center grve-h2\" style=\"\"><span>Medizinische Fachangestellte (m\/w\/d) in Teil- oder Vollzeit gesucht!<\/span><\/h1>[vc_row_inner css=&#8220;.vc_custom_1711529452109{margin-top: 50px !important;}&#8220;][vc_column_inner width=&#8220;1\/2&#8243;][vc_column_text]Werde Teil unseres Teams in unserer Privatpraxis f\u00fcr Plastische \u00c4sthetische Chirurgie und Handchirurgie in Oldenburg! Wir suchen motivierte Medizinische Fachangestellte in Teil- oder Vollzeit, die sich in einem modernen, famili\u00e4ren Arbeitsumfeld wohlf\u00fchlen und gerne vielseitige Aufgaben im OP, in der Verwaltung und am Empfang \u00fcbernehmen.<\/p>\n<p>Wenn du ein Teamplayer mit hoher Motivation bist und neben deinen fachlichen F\u00e4higkeiten \u00fcber hohe Sozialkompetenz verf\u00fcgst, dann bist du bei uns genau richtig![\/vc_column_text][vc_column_text css=&#8220;.vc_custom_1776956306722{padding-top: 20px !important;padding-right: 20px !important;padding-bottom: 20px !important;padding-left: 20px !important;background-color: #b10050 !important;}&#8220;]<span style=\"color: #ffffff;\">Wir freuen uns auf deine Bewerbung \u2013 per Post oder E-Mail \u2013 an:<\/span><\/p>\n<p><span style=\"color: #ffffff;\">HPC und Aesthetik Team Oldenburg<\/span><br \/>\n<span style=\"color: #ffffff;\">Kaiserlich Post \u2022 Poststra\u00dfe 1<\/span><br \/>\n<span style=\"color: #ffffff;\">26122 Oldenburg<\/span><br \/>\n<span style=\"color: #ffffff;\">E-Mail: <a style=\"color: #ffffff;\" href=\"mailto:info@hpc-oldenburg.de\">info@hpc-oldenburg.de<\/a><\/span><\/p>\n<p><span style=\"color: #ffffff;\">Deine Ansprechpartnerin ist Frau Eilers. <\/span>[\/vc_column_text][\/vc_column_inner][vc_column_inner width=&#8220;1\/2&#8243;]<div class=\"grve-element grve-image grve-align-center\" style=\"\"><img loading=\"lazy\" decoding=\"async\" width=\"2000\" height=\"1103\" src=\"https:\/\/www.aesthetik-team-oldenburg.de\/wp-content\/uploads\/revslider\/Kaiserliche-Post.jpg\" class=\"attachment-full size-full\" alt=\"\" srcset=\"https:\/\/www.aesthetik-team-oldenburg.de\/wp-content\/uploads\/revslider\/Kaiserliche-Post.jpg 2000w, https:\/\/www.aesthetik-team-oldenburg.de\/wp-content\/uploads\/revslider\/Kaiserliche-Post-300x165.jpg 300w, https:\/\/www.aesthetik-team-oldenburg.de\/wp-content\/uploads\/revslider\/Kaiserliche-Post-768x424.jpg 768w, https:\/\/www.aesthetik-team-oldenburg.de\/wp-content\/uploads\/revslider\/Kaiserliche-Post-1024x565.jpg 1024w, https:\/\/www.aesthetik-team-oldenburg.de\/wp-content\/uploads\/revslider\/Kaiserliche-Post-1920x1059.jpg 1920w\" sizes=\"auto, (max-width: 2000px) 100vw, 2000px\" \/><\/div>[\/vc_column_inner][\/vc_row_inner][\/vc_column][\/vc_row]<\/p>\n<\/div>","protected":false},"excerpt":{"rendered":"<p>[vc_row padding_bottom=&#8220;60&#8243;][vc_column][vc_row_inner css=&#8220;.vc_custom_1711529452109{margin-top: 50px !important;}&#8220;][vc_column_inner width=&#8220;1\/2&#8243;][vc_column_text]Werde Teil unseres Teams in unserer Privatpraxis f\u00fcr Plastische \u00c4sthetische Chirurgie und Handchirurgie in Oldenburg! Wir suchen motivierte Medizinische Fachangestellte in Teil- oder Vollzeit, die sich in einem modernen, famili\u00e4ren Arbeitsumfeld wohlf\u00fchlen und gerne vielseitige Aufgaben im OP, in der Verwaltung und am Empfang \u00fcbernehmen. Wenn du ein Teamplayer mit [&hellip;]<\/p>\n","protected":false},"author":1,"featured_media":0,"parent":0,"menu_order":0,"comment_status":"closed","ping_status":"closed","template":"","meta":{"footnotes":""},"class_list":["post-833","page","type-page","status-publish","hentry"],"yoast_head":"<!-- This site is optimized with the Yoast SEO plugin v27.4 - https:\/\/yoast.com\/product\/yoast-seo-wordpress\/ -->\n<title>Pflegefachkraft (m\/w\/d) f\u00fcr den Nachtdienst (Minijob) gesucht<\/title>\n<meta name=\"description\" content=\"Werde Teil unseres Teams in unserer Privatpraxis f\u00fcr \u00c4sthetische Chirurgie in Oldenburg. Wir suchen eine Pflegefachkraft f\u00fcr den Nachtdienst.\" \/>\n<meta name=\"robots\" content=\"index, follow, max-snippet:-1, max-image-preview:large, max-video-preview:-1\" \/>\n<link rel=\"canonical\" href=\"https:\/\/www.aesthetik-team-oldenburg.de\/index.php\/karriere-mfa\/\" \/>\n<meta property=\"og:locale\" content=\"de_DE\" \/>\n<meta property=\"og:type\" content=\"article\" \/>\n<meta property=\"og:title\" content=\"Pflegefachkraft (m\/w\/d) f\u00fcr den Nachtdienst (Minijob) gesucht\" \/>\n<meta property=\"og:description\" content=\"Werde Teil unseres Teams in unserer Privatpraxis f\u00fcr \u00c4sthetische Chirurgie in Oldenburg. Wir suchen eine Pflegefachkraft f\u00fcr den Nachtdienst.\" \/>\n<meta property=\"og:url\" content=\"https:\/\/www.aesthetik-team-oldenburg.de\/index.php\/karriere-mfa\/\" \/>\n<meta property=\"og:site_name\" content=\"AESTHETIK TEAM OLDENBURG\" \/>\n<meta property=\"article:modified_time\" content=\"2026-04-23T14:58:31+00:00\" \/>\n<meta name=\"twitter:card\" content=\"summary_large_image\" \/>\n<meta name=\"twitter:label1\" content=\"Gesch\u00e4tzte Lesezeit\" \/>\n\t<meta name=\"twitter:data1\" content=\"1\u00a0Minute\" \/>\n<script type=\"application\/ld+json\" class=\"yoast-schema-graph\">{\"@context\":\"https:\\\/\\\/schema.org\",\"@graph\":[{\"@type\":\"WebPage\",\"@id\":\"https:\\\/\\\/www.aesthetik-team-oldenburg.de\\\/index.php\\\/karriere-mfa\\\/\",\"url\":\"https:\\\/\\\/www.aesthetik-team-oldenburg.de\\\/index.php\\\/karriere-mfa\\\/\",\"name\":\"Pflegefachkraft (m\\\/w\\\/d) f\u00fcr den Nachtdienst (Minijob) gesucht\",\"isPartOf\":{\"@id\":\"https:\\\/\\\/www.aesthetik-team-oldenburg.de\\\/#website\"},\"datePublished\":\"2026-04-23T14:57:34+00:00\",\"dateModified\":\"2026-04-23T14:58:31+00:00\",\"description\":\"Werde Teil unseres Teams in unserer Privatpraxis f\u00fcr \u00c4sthetische Chirurgie in Oldenburg. Wir suchen eine Pflegefachkraft f\u00fcr den Nachtdienst.\",\"breadcrumb\":{\"@id\":\"https:\\\/\\\/www.aesthetik-team-oldenburg.de\\\/index.php\\\/karriere-mfa\\\/#breadcrumb\"},\"inLanguage\":\"de\",\"potentialAction\":[{\"@type\":\"ReadAction\",\"target\":[\"https:\\\/\\\/www.aesthetik-team-oldenburg.de\\\/index.php\\\/karriere-mfa\\\/\"]}]},{\"@type\":\"BreadcrumbList\",\"@id\":\"https:\\\/\\\/www.aesthetik-team-oldenburg.de\\\/index.php\\\/karriere-mfa\\\/#breadcrumb\",\"itemListElement\":[{\"@type\":\"ListItem\",\"position\":1,\"name\":\"Home\",\"item\":\"https:\\\/\\\/www.aesthetik-team-oldenburg.de\\\/\"},{\"@type\":\"ListItem\",\"position\":2,\"name\":\"Karriere\"}]},{\"@type\":\"WebSite\",\"@id\":\"https:\\\/\\\/www.aesthetik-team-oldenburg.de\\\/#website\",\"url\":\"https:\\\/\\\/www.aesthetik-team-oldenburg.de\\\/\",\"name\":\"AESTHETIK TEAM OLDENBURG\",\"description\":\"\u00c4STHETISCHE CHIRURIGE\",\"potentialAction\":[{\"@type\":\"SearchAction\",\"target\":{\"@type\":\"EntryPoint\",\"urlTemplate\":\"https:\\\/\\\/www.aesthetik-team-oldenburg.de\\\/?s={search_term_string}\"},\"query-input\":{\"@type\":\"PropertyValueSpecification\",\"valueRequired\":true,\"valueName\":\"search_term_string\"}}],\"inLanguage\":\"de\"}]}<\/script>\n<!-- \/ Yoast SEO plugin. -->","yoast_head_json":{"title":"Pflegefachkraft (m\/w\/d) f\u00fcr den Nachtdienst (Minijob) gesucht","description":"Werde Teil unseres Teams in unserer Privatpraxis f\u00fcr \u00c4sthetische Chirurgie in Oldenburg. Wir suchen eine Pflegefachkraft f\u00fcr den Nachtdienst.","robots":{"index":"index","follow":"follow","max-snippet":"max-snippet:-1","max-image-preview":"max-image-preview:large","max-video-preview":"max-video-preview:-1"},"canonical":"https:\/\/www.aesthetik-team-oldenburg.de\/index.php\/karriere-mfa\/","og_locale":"de_DE","og_type":"article","og_title":"Pflegefachkraft (m\/w\/d) f\u00fcr den Nachtdienst (Minijob) gesucht","og_description":"Werde Teil unseres Teams in unserer Privatpraxis f\u00fcr \u00c4sthetische Chirurgie in Oldenburg. Wir suchen eine Pflegefachkraft f\u00fcr den Nachtdienst.","og_url":"https:\/\/www.aesthetik-team-oldenburg.de\/index.php\/karriere-mfa\/","og_site_name":"AESTHETIK TEAM OLDENBURG","article_modified_time":"2026-04-23T14:58:31+00:00","twitter_card":"summary_large_image","twitter_misc":{"Gesch\u00e4tzte Lesezeit":"1\u00a0Minute"},"schema":{"@context":"https:\/\/schema.org","@graph":[{"@type":"WebPage","@id":"https:\/\/www.aesthetik-team-oldenburg.de\/index.php\/karriere-mfa\/","url":"https:\/\/www.aesthetik-team-oldenburg.de\/index.php\/karriere-mfa\/","name":"Pflegefachkraft (m\/w\/d) f\u00fcr den Nachtdienst (Minijob) gesucht","isPartOf":{"@id":"https:\/\/www.aesthetik-team-oldenburg.de\/#website"},"datePublished":"2026-04-23T14:57:34+00:00","dateModified":"2026-04-23T14:58:31+00:00","description":"Werde Teil unseres Teams in unserer Privatpraxis f\u00fcr \u00c4sthetische Chirurgie in Oldenburg. Wir suchen eine Pflegefachkraft f\u00fcr den Nachtdienst.","breadcrumb":{"@id":"https:\/\/www.aesthetik-team-oldenburg.de\/index.php\/karriere-mfa\/#breadcrumb"},"inLanguage":"de","potentialAction":[{"@type":"ReadAction","target":["https:\/\/www.aesthetik-team-oldenburg.de\/index.php\/karriere-mfa\/"]}]},{"@type":"BreadcrumbList","@id":"https:\/\/www.aesthetik-team-oldenburg.de\/index.php\/karriere-mfa\/#breadcrumb","itemListElement":[{"@type":"ListItem","position":1,"name":"Home","item":"https:\/\/www.aesthetik-team-oldenburg.de\/"},{"@type":"ListItem","position":2,"name":"Karriere"}]},{"@type":"WebSite","@id":"https:\/\/www.aesthetik-team-oldenburg.de\/#website","url":"https:\/\/www.aesthetik-team-oldenburg.de\/","name":"AESTHETIK TEAM OLDENBURG","description":"\u00c4STHETISCHE CHIRURIGE","potentialAction":[{"@type":"SearchAction","target":{"@type":"EntryPoint","urlTemplate":"https:\/\/www.aesthetik-team-oldenburg.de\/?s={search_term_string}"},"query-input":{"@type":"PropertyValueSpecification","valueRequired":true,"valueName":"search_term_string"}}],"inLanguage":"de"}]}},"_links":{"self":[{"href":"https:\/\/www.aesthetik-team-oldenburg.de\/index.php\/wp-json\/wp\/v2\/pages\/833","targetHints":{"allow":["GET"]}}],"collection":[{"href":"https:\/\/www.aesthetik-team-oldenburg.de\/index.php\/wp-json\/wp\/v2\/pages"}],"about":[{"href":"https:\/\/www.aesthetik-team-oldenburg.de\/index.php\/wp-json\/wp\/v2\/types\/page"}],"author":[{"embeddable":true,"href":"https:\/\/www.aesthetik-team-oldenburg.de\/index.php\/wp-json\/wp\/v2\/users\/1"}],"replies":[{"embeddable":true,"href":"https:\/\/www.aesthetik-team-oldenburg.de\/index.php\/wp-json\/wp\/v2\/comments?post=833"}],"version-history":[{"count":3,"href":"https:\/\/www.aesthetik-team-oldenburg.de\/index.php\/wp-json\/wp\/v2\/pages\/833\/revisions"}],"predecessor-version":[{"id":836,"href":"https:\/\/www.aesthetik-team-oldenburg.de\/index.php\/wp-json\/wp\/v2\/pages\/833\/revisions\/836"}],"wp:attachment":[{"href":"https:\/\/www.aesthetik-team-oldenburg.de\/index.php\/wp-json\/wp\/v2\/media?parent=833"}],"curies":[{"name":"wp","href":"https:\/\/api.w.org\/{rel}","templated":true}]}}