{"id":88,"date":"2019-09-06T10:49:22","date_gmt":"2019-09-06T10:49:22","guid":{"rendered":"http:\/\/www.aesthetik-team-oldenburg.de\/?page_id=88"},"modified":"2025-02-21T09:09:53","modified_gmt":"2025-02-21T09:09:53","slug":"dr-med-thomas-wermter","status":"publish","type":"page","link":"https:\/\/www.aesthetik-team-oldenburg.de\/index.php\/dr-med-thomas-wermter\/","title":{"rendered":"Dr. med. Thomas Wermter"},"content":{"rendered":"<div class=\"wpb-content-wrapper\"><p>[vc_row section_type=&#8220;fullwidth&#8220; header_feature=&#8220;yes&#8220; footer_feature=&#8220;yes&#8220; equal_column_height=&#8220;middle-content&#8220; mobile_visibility=&#8220;hide&#8220; padding_bottom=&#8220;0&#8243; margin_bottom=&#8220;0&#8243;][vc_column width=&#8220;1\/2&#8243; tablet_width=&#8220;1&#8243; tablet_sm_width=&#8220;1&#8243; css=&#8220;.vc_custom_1453801883257{padding-right: 5% !important;padding-left: 5% !important;}&#8220;][vc_empty_space height=&#8220;30&#8243;]<div class=\"grve-element grve-slogan grve-align-left\" style=\"\"><h2 class=\"grve-slogan-title grve-align-left grve-h2\"><span>Dr. med. Thomas Wermter<\/span><\/h2><\/div>[vc_column_text]Dr. med. Thomas Wermter geh\u00f6rte u. a. von 2007 bis 2011 zum Spezialisten-Team der Universit\u00e4tsklinik Groningen in der Brust-, Hand-, \u00c4sthetischen sowie Genitalchirurgie \/ Genderchirurgie. Er ist Mitbegr\u00fcnder des ersten europ\u00e4ischen universit\u00e4ren Ausbildungsinstituts f\u00fcr \u00c4sthetische Chirurgie begleitend zur Rekonstruktiven Plastischen Chirurgie. Seine Schwerpunkte sind Brust- und Gesichtschirurgie, Faltenbehandlungen, K\u00f6rperstraffungen und Intimchirurgie (Schamlippenverkleinerung u.a.). <strong>Dr. med. Thomas Wermter wurde in 2018 mit dem MOOCI-Siegel f\u00fcr herausragende Qualit\u00e4t in der Rekonstruktiven und \u00c4sthetischen Chirurgie ausgezeichnet.<\/strong><\/p>\n<p><strong>Mitgliedschaften:<\/strong><\/p>\n<ul>\n<li>Deutsche Gesellschaft der Plastischen, Rekonstruktiven und \u00c4sthetischen Chirurgen (DGPR\u00c4C)<\/li>\n<li>American Society of Plastic Surgeons (ASPS)<\/li>\n<li>Niederl\u00e4ndische Vereinigung der \u00c4sthetischen Plastischen Chirurgen (NVEPC)<\/li>\n<li>International Society of Plastic &amp; Regenerative Surgeons (ISPRES )<\/li>\n<\/ul>\n<p>[\/vc_column_text][vc_row_inner][vc_column_inner width=&#8220;1\/2&#8243;]<div class=\"grve-element grve-image grve-align-center\" style=\"\"><a href=\"https:\/\/www.dgpraec.de\" target=\"_blank\" class=\" \"><img loading=\"lazy\" decoding=\"async\" width=\"150\" height=\"150\" src=\"https:\/\/www.aesthetik-team-oldenburg.de\/wp-content\/uploads\/2019\/09\/dgpraec.jpg\" class=\"attachment-medium size-medium\" alt=\"\" \/><\/a><\/div>[\/vc_column_inner][vc_column_inner width=&#8220;1\/2&#8243;][vc_raw_html]JTNDc2NyaXB0JTIwc3JjJTNEJTIyaHR0cHMlM0ElMkYlMkZjZG4xLmphbWVkYS1lbGVtZW50cy5kZSUyRndpZGdldHMlMkZzaWVnZWwlMkY4MTI5MzAyNl8xJTJGNDQxNzU0JTJGJTIyJTIwdHlwZSUzRCUyMnRleHQlMkZqYXZhc2NyaXB0JTIyJTIwYXN5bmMlM0UlM0MlMkZzY3JpcHQlM0UlM0NkaXYlMjBpZCUzRCUyMmphbWVkYS13aWRnZXQtY29udGFpbmVyNDQxNzU0JTIyJTIwc3R5bGUlM0QlMjJwb3NpdGlvbiUzQXJlbGF0aXZlJTNCJTIwd2lkdGglM0E5N3B4JTNCJTIwaGVpZ2h0JTNBMTQ1cHglM0IlMjBtYXJnaW4lM0EwcHglMjAwcHglM0IlMjBiYWNrZ3JvdW5kLWltYWdlJTNBdXJsJTI4aHR0cHMlM0ElMkYlMkZjZG4xLmphbWVkYS1lbGVtZW50cy5kZSUyRnByZW1pdW0lMkZ3aWRnZXRzJTJGX2ltYWdlcyUyRmJ3LXNtYWxsLWJnLnBuZyUyOSUzQiUyMGJhY2tncm91bmQtcmVwZWF0JTNBbm8tcmVwZWF0JTNCJTIwZm9udC1mYW1pbHklM0FBcmlhbCUyQyUyMEhlbHZldGljYSUyQyUyMHNhbnMtc2VyaWYlM0IlMjBmb250LXNpemUlM0ExMnB4JTNCJTIwbGluZS1oZWlnaHQlM0ExNXB4JTNCJTIyJTNFJTNDYSUyMGhyZWYlM0QlMjJodHRwcyUzQSUyRiUyRnd3dy5qYW1lZGEuZGUlMkZ3aWxoZWxtc2hhdmVuJTJGYWVyenRlJTJGcGxhc3Rpc2NoZS11LWFlc3RoZXRpc2NoZS1jaGlydXJnZW4lMkZmYWNoZ2ViaWV0JTJGJTNGdXRtX2NvbnRlbnQlM0RCV25vdGUlMjZhbXAlM0J1dG1fc291cmNlJTNES3VuZGVuLUhvbWVwYWdlcyUyNmFtcCUzQnV0bV9tZWRpdW0lM0RCYWRnZXMlMjZhbXAlM0J1dG1fdGVybSUzRDgxMjkzMDI2JTI2YW1wJTNCdXRtX2NhbXBhaWduJTNEQmFkZ2VzJTIyJTIwY2xhc3MlM0QlMjJqYW1fbGlua19jaGVjayUyMiUyMHN0eWxlJTNEJTIyZGlzcGxheSUzQWJsb2NrJTNCJTIwcG9zaXRpb24lM0FhYnNvbHV0ZSUzQiUyMHRvcCUzQTEwMHB4JTNCJTIwbGVmdCUzQTEwcHglM0IlMjB3aWR0aCUzQTcwcHglM0IlMjBoZWlnaHQlM0EyMHB4JTNCJTIwYmFja2dyb3VuZC1jb2xvciUzQXRyYW5zcGFyZW50JTIwJTIxaW1wb3J0YW50JTNCJTIyJTIwdGFyZ2V0JTNEJTIyX2JsYW5rJTIyJTNFJTNDJTJGYSUzRSUzQyUyRmRpdiUzRQ==[\/vc_raw_html][\/vc_column_inner][\/vc_row_inner][vc_empty_space height=&#8220;5&#8243;][\/vc_column][vc_column vertical_content_position=&#8220;bottom&#8220; width=&#8220;1\/2&#8243; tablet_width=&#8220;1&#8243; tablet_sm_width=&#8220;1&#8243; css=&#8220;.vc_custom_1551343103358{margin-bottom: 0px !important;background-position: center !important;background-repeat: no-repeat !important;background-size: cover !important;}&#8220;]<div class=\"grve-element grve-image grve-align-center\" style=\"margin-bottom: 0px;\"><img loading=\"lazy\" decoding=\"async\" width=\"1200\" height=\"1684\" src=\"https:\/\/www.aesthetik-team-oldenburg.de\/wp-content\/uploads\/2025\/02\/HPCDr24-029.jpg\" class=\"grve-full-image attachment-full size-full\" alt=\"Dr. Thomas Wertmer, Facharzt f\u00fcr Plastische und \u00c4sthetische Chirurgie, Handchirurg (Zusatzbezeichnung)\" srcset=\"https:\/\/www.aesthetik-team-oldenburg.de\/wp-content\/uploads\/2025\/02\/HPCDr24-029.jpg 1200w, https:\/\/www.aesthetik-team-oldenburg.de\/wp-content\/uploads\/2025\/02\/HPCDr24-029-214x300.jpg 214w, https:\/\/www.aesthetik-team-oldenburg.de\/wp-content\/uploads\/2025\/02\/HPCDr24-029-730x1024.jpg 730w, https:\/\/www.aesthetik-team-oldenburg.de\/wp-content\/uploads\/2025\/02\/HPCDr24-029-768x1078.jpg 768w, https:\/\/www.aesthetik-team-oldenburg.de\/wp-content\/uploads\/2025\/02\/HPCDr24-029-1095x1536.jpg 1095w\" sizes=\"auto, (max-width: 1200px) 100vw, 1200px\" \/><\/div>[\/vc_column][\/vc_row][vc_row section_type=&#8220;fullwidth&#8220; header_feature=&#8220;yes&#8220; footer_feature=&#8220;yes&#8220; equal_column_height=&#8220;middle-content&#8220; desktop_visibility=&#8220;hide&#8220; padding_bottom=&#8220;0&#8243; margin_bottom=&#8220;0&#8243;][vc_column vertical_content_position=&#8220;bottom&#8220; width=&#8220;1\/2&#8243; tablet_width=&#8220;1&#8243; tablet_sm_width=&#8220;1&#8243; css=&#8220;.vc_custom_1551343103358{margin-bottom: 0px !important;background-position: center !important;background-repeat: no-repeat !important;background-size: cover !important;}&#8220;]<div class=\"grve-element grve-image grve-align-center\" style=\"margin-bottom: 0px;\"><img loading=\"lazy\" decoding=\"async\" width=\"1200\" height=\"1684\" src=\"https:\/\/www.aesthetik-team-oldenburg.de\/wp-content\/uploads\/2025\/02\/HPCDr24-029.jpg\" class=\"grve-full-image attachment-full size-full\" alt=\"Dr. Thomas Wertmer, Facharzt f\u00fcr Plastische und \u00c4sthetische Chirurgie, Handchirurg (Zusatzbezeichnung)\" srcset=\"https:\/\/www.aesthetik-team-oldenburg.de\/wp-content\/uploads\/2025\/02\/HPCDr24-029.jpg 1200w, https:\/\/www.aesthetik-team-oldenburg.de\/wp-content\/uploads\/2025\/02\/HPCDr24-029-214x300.jpg 214w, https:\/\/www.aesthetik-team-oldenburg.de\/wp-content\/uploads\/2025\/02\/HPCDr24-029-730x1024.jpg 730w, https:\/\/www.aesthetik-team-oldenburg.de\/wp-content\/uploads\/2025\/02\/HPCDr24-029-768x1078.jpg 768w, https:\/\/www.aesthetik-team-oldenburg.de\/wp-content\/uploads\/2025\/02\/HPCDr24-029-1095x1536.jpg 1095w\" sizes=\"auto, (max-width: 1200px) 100vw, 1200px\" \/><\/div>[\/vc_column][vc_column width=&#8220;1\/2&#8243; tablet_width=&#8220;1&#8243; tablet_sm_width=&#8220;1&#8243; css=&#8220;.vc_custom_1453801883257{padding-right: 5% !important;padding-left: 5% !important;}&#8220;][vc_empty_space height=&#8220;30&#8243;]<div class=\"grve-element grve-slogan grve-align-left\" style=\"\"><h2 class=\"grve-slogan-title grve-align-left grve-h2\"><span>Dr. med. Thomas Wermter<\/span><\/h2><\/div>[vc_column_text]Dr. med. Thomas Wermter geh\u00f6rte u. a. von 2007 bis 2011 zum Spezialisten-Team der Universit\u00e4tsklinik Groningen in der Brust-, Hand-, \u00c4sthetischen sowie Genitalchirurgie \/ Genderchirurgie. Er ist Mitbegr\u00fcnder des ersten europ\u00e4ischen universit\u00e4ren Ausbildungsinstituts f\u00fcr \u00c4sthetische Chirurgie begleitend zur Rekonstruktiven Plastischen Chirurgie. Seine Schwerpunkte sind Brust- und Gesichtschirurgie, Faltenbehandlungen, K\u00f6rperstraffungen und Intimchirurgie (Schamlippenverkleinerung u.a.). <strong>Dr. med. Thomas Wermter wurde in 2018 mit dem MOOCI-Siegel f\u00fcr herausragende Qualit\u00e4t in der Rekonstruktiven und \u00c4sthetischen Chirurgie ausgezeichnet.<\/strong><\/p>\n<p><strong>Mitgliedschaften:<\/strong><\/p>\n<ul>\n<li>Deutsche Gesellschaft der Plastischen, Rekonstruktiven und \u00c4sthetischen Chirurgen (DGPR\u00c4C)<\/li>\n<li>American Society of Plastic Surgeons (ASPS)<\/li>\n<li>Niederl\u00e4ndische Vereinigung der \u00c4sthetischen Plastischen Chirurgen (NVEPC)<\/li>\n<li>International Society of Plastic &amp; Regenerative Surgeons (ISPRES )<\/li>\n<\/ul>\n<p>[\/vc_column_text][vc_row_inner][vc_column_inner width=&#8220;1\/2&#8243;]<div class=\"grve-element grve-image grve-align-center\" style=\"\"><a href=\"https:\/\/www.dgpraec.de\" target=\"_blank\" class=\" \"><img loading=\"lazy\" decoding=\"async\" width=\"150\" height=\"150\" src=\"https:\/\/www.aesthetik-team-oldenburg.de\/wp-content\/uploads\/2019\/09\/dgpraec.jpg\" class=\"attachment-medium size-medium\" alt=\"\" \/><\/a><\/div>[\/vc_column_inner][vc_column_inner width=&#8220;1\/2&#8243;][vc_raw_html]JTNDc2NyaXB0JTIwc3JjJTNEJTIyaHR0cHMlM0ElMkYlMkZjZG4xLmphbWVkYS1lbGVtZW50cy5kZSUyRndpZGdldHMlMkZzaWVnZWwlMkY4MTI5MzAyNl8xJTJGNDQxNzU0JTJGJTIyJTIwdHlwZSUzRCUyMnRleHQlMkZqYXZhc2NyaXB0JTIyJTIwYXN5bmMlM0UlM0MlMkZzY3JpcHQlM0UlM0NkaXYlMjBpZCUzRCUyMmphbWVkYS13aWRnZXQtY29udGFpbmVyNDQxNzU0JTIyJTIwc3R5bGUlM0QlMjJwb3NpdGlvbiUzQXJlbGF0aXZlJTNCJTIwd2lkdGglM0E5N3B4JTNCJTIwaGVpZ2h0JTNBMTQ1cHglM0IlMjBtYXJnaW4lM0EwcHglMjAwcHglM0IlMjBiYWNrZ3JvdW5kLWltYWdlJTNBdXJsJTI4aHR0cHMlM0ElMkYlMkZjZG4xLmphbWVkYS1lbGVtZW50cy5kZSUyRnByZW1pdW0lMkZ3aWRnZXRzJTJGX2ltYWdlcyUyRmJ3LXNtYWxsLWJnLnBuZyUyOSUzQiUyMGJhY2tncm91bmQtcmVwZWF0JTNBbm8tcmVwZWF0JTNCJTIwZm9udC1mYW1pbHklM0FBcmlhbCUyQyUyMEhlbHZldGljYSUyQyUyMHNhbnMtc2VyaWYlM0IlMjBmb250LXNpemUlM0ExMnB4JTNCJTIwbGluZS1oZWlnaHQlM0ExNXB4JTNCJTIyJTNFJTNDYSUyMGhyZWYlM0QlMjJodHRwcyUzQSUyRiUyRnd3dy5qYW1lZGEuZGUlMkZ3aWxoZWxtc2hhdmVuJTJGYWVyenRlJTJGcGxhc3Rpc2NoZS11LWFlc3RoZXRpc2NoZS1jaGlydXJnZW4lMkZmYWNoZ2ViaWV0JTJGJTNGdXRtX2NvbnRlbnQlM0RCV25vdGUlMjZhbXAlM0J1dG1fc291cmNlJTNES3VuZGVuLUhvbWVwYWdlcyUyNmFtcCUzQnV0bV9tZWRpdW0lM0RCYWRnZXMlMjZhbXAlM0J1dG1fdGVybSUzRDgxMjkzMDI2JTI2YW1wJTNCdXRtX2NhbXBhaWduJTNEQmFkZ2VzJTIyJTIwY2xhc3MlM0QlMjJqYW1fbGlua19jaGVjayUyMiUyMHN0eWxlJTNEJTIyZGlzcGxheSUzQWJsb2NrJTNCJTIwcG9zaXRpb24lM0FhYnNvbHV0ZSUzQiUyMHRvcCUzQTEwMHB4JTNCJTIwbGVmdCUzQTEwcHglM0IlMjB3aWR0aCUzQTcwcHglM0IlMjBoZWlnaHQlM0EyMHB4JTNCJTIwYmFja2dyb3VuZC1jb2xvciUzQXRyYW5zcGFyZW50JTIwJTIxaW1wb3J0YW50JTNCJTIyJTIwdGFyZ2V0JTNEJTIyX2JsYW5rJTIyJTNFJTNDJTJGYSUzRSUzQyUyRmRpdiUzRQ==[\/vc_raw_html][\/vc_column_inner][\/vc_row_inner][vc_empty_space height=&#8220;5&#8243;][\/vc_column][\/vc_row]<\/p>\n<\/div>","protected":false},"excerpt":{"rendered":"<p>[vc_row section_type=&#8220;fullwidth&#8220; header_feature=&#8220;yes&#8220; footer_feature=&#8220;yes&#8220; equal_column_height=&#8220;middle-content&#8220; mobile_visibility=&#8220;hide&#8220; padding_bottom=&#8220;0&#8243; margin_bottom=&#8220;0&#8243;][vc_column width=&#8220;1\/2&#8243; tablet_width=&#8220;1&#8243; tablet_sm_width=&#8220;1&#8243; css=&#8220;.vc_custom_1453801883257{padding-right: 5% !important;padding-left: 5% !important;}&#8220;][vc_empty_space height=&#8220;30&#8243;][vc_column_text]Dr. med. Thomas Wermter geh\u00f6rte u. a. von 2007 bis 2011 zum Spezialisten-Team der Universit\u00e4tsklinik Groningen in der Brust-, Hand-, \u00c4sthetischen sowie Genitalchirurgie \/ Genderchirurgie. Er ist Mitbegr\u00fcnder des ersten europ\u00e4ischen universit\u00e4ren Ausbildungsinstituts f\u00fcr \u00c4sthetische Chirurgie begleitend zur Rekonstruktiven [&hellip;]<\/p>\n","protected":false},"author":1,"featured_media":0,"parent":0,"menu_order":0,"comment_status":"closed","ping_status":"closed","template":"","meta":{"footnotes":""},"class_list":["post-88","page","type-page","status-publish","hentry"],"yoast_head":"<!-- This site is optimized with the Yoast SEO plugin v27.2 - https:\/\/yoast.com\/product\/yoast-seo-wordpress\/ -->\n<title>Dr. med. Thomas Wermter - AESTHETIK TEAM OLDENBURG<\/title>\n<meta name=\"description\" content=\"Plastische und \u00c4sthetische Chirurgie. Brustchirurgie. Gesichtschirurgie. Faltenbehandlung. K\u00f6rperstraffung. Intimchirurgie.\" \/>\n<meta name=\"robots\" content=\"index, follow, max-snippet:-1, max-image-preview:large, max-video-preview:-1\" \/>\n<link rel=\"canonical\" href=\"https:\/\/www.aesthetik-team-oldenburg.de\/index.php\/dr-med-thomas-wermter\/\" \/>\n<meta property=\"og:locale\" content=\"de_DE\" \/>\n<meta property=\"og:type\" content=\"article\" \/>\n<meta property=\"og:title\" content=\"Dr. med. Thomas Wermter - AESTHETIK TEAM OLDENBURG\" \/>\n<meta property=\"og:description\" content=\"Plastische und \u00c4sthetische Chirurgie. Brustchirurgie. Gesichtschirurgie. Faltenbehandlung. K\u00f6rperstraffung. Intimchirurgie.\" \/>\n<meta property=\"og:url\" content=\"https:\/\/www.aesthetik-team-oldenburg.de\/index.php\/dr-med-thomas-wermter\/\" \/>\n<meta property=\"og:site_name\" content=\"AESTHETIK TEAM OLDENBURG\" \/>\n<meta property=\"article:modified_time\" content=\"2025-02-21T09:09:53+00:00\" \/>\n<meta name=\"twitter:card\" content=\"summary_large_image\" \/>\n<meta name=\"twitter:label1\" content=\"Gesch\u00e4tzte Lesezeit\" \/>\n\t<meta name=\"twitter:data1\" content=\"1\u00a0Minute\" \/>\n<script type=\"application\/ld+json\" class=\"yoast-schema-graph\">{\"@context\":\"https:\/\/schema.org\",\"@graph\":[{\"@type\":\"WebPage\",\"@id\":\"https:\/\/www.aesthetik-team-oldenburg.de\/index.php\/dr-med-thomas-wermter\/\",\"url\":\"https:\/\/www.aesthetik-team-oldenburg.de\/index.php\/dr-med-thomas-wermter\/\",\"name\":\"Dr. med. Thomas Wermter - AESTHETIK TEAM OLDENBURG\",\"isPartOf\":{\"@id\":\"https:\/\/www.aesthetik-team-oldenburg.de\/#website\"},\"datePublished\":\"2019-09-06T10:49:22+00:00\",\"dateModified\":\"2025-02-21T09:09:53+00:00\",\"description\":\"Plastische und \u00c4sthetische Chirurgie. Brustchirurgie. Gesichtschirurgie. Faltenbehandlung. K\u00f6rperstraffung. Intimchirurgie.\",\"breadcrumb\":{\"@id\":\"https:\/\/www.aesthetik-team-oldenburg.de\/index.php\/dr-med-thomas-wermter\/#breadcrumb\"},\"inLanguage\":\"de\",\"potentialAction\":[{\"@type\":\"ReadAction\",\"target\":[\"https:\/\/www.aesthetik-team-oldenburg.de\/index.php\/dr-med-thomas-wermter\/\"]}]},{\"@type\":\"BreadcrumbList\",\"@id\":\"https:\/\/www.aesthetik-team-oldenburg.de\/index.php\/dr-med-thomas-wermter\/#breadcrumb\",\"itemListElement\":[{\"@type\":\"ListItem\",\"position\":1,\"name\":\"Home\",\"item\":\"https:\/\/www.aesthetik-team-oldenburg.de\/\"},{\"@type\":\"ListItem\",\"position\":2,\"name\":\"Dr. med. Thomas Wermter\"}]},{\"@type\":\"WebSite\",\"@id\":\"https:\/\/www.aesthetik-team-oldenburg.de\/#website\",\"url\":\"https:\/\/www.aesthetik-team-oldenburg.de\/\",\"name\":\"AESTHETIK TEAM OLDENBURG\",\"description\":\"\u00c4STHETISCHE CHIRURIGE\",\"potentialAction\":[{\"@type\":\"SearchAction\",\"target\":{\"@type\":\"EntryPoint\",\"urlTemplate\":\"https:\/\/www.aesthetik-team-oldenburg.de\/?s={search_term_string}\"},\"query-input\":{\"@type\":\"PropertyValueSpecification\",\"valueRequired\":true,\"valueName\":\"search_term_string\"}}],\"inLanguage\":\"de\"}]}<\/script>\n<!-- \/ Yoast SEO plugin. -->","yoast_head_json":{"title":"Dr. med. Thomas Wermter - AESTHETIK TEAM OLDENBURG","description":"Plastische und \u00c4sthetische Chirurgie. Brustchirurgie. Gesichtschirurgie. Faltenbehandlung. K\u00f6rperstraffung. Intimchirurgie.","robots":{"index":"index","follow":"follow","max-snippet":"max-snippet:-1","max-image-preview":"max-image-preview:large","max-video-preview":"max-video-preview:-1"},"canonical":"https:\/\/www.aesthetik-team-oldenburg.de\/index.php\/dr-med-thomas-wermter\/","og_locale":"de_DE","og_type":"article","og_title":"Dr. med. Thomas Wermter - AESTHETIK TEAM OLDENBURG","og_description":"Plastische und \u00c4sthetische Chirurgie. Brustchirurgie. Gesichtschirurgie. Faltenbehandlung. K\u00f6rperstraffung. Intimchirurgie.","og_url":"https:\/\/www.aesthetik-team-oldenburg.de\/index.php\/dr-med-thomas-wermter\/","og_site_name":"AESTHETIK TEAM OLDENBURG","article_modified_time":"2025-02-21T09:09:53+00:00","twitter_card":"summary_large_image","twitter_misc":{"Gesch\u00e4tzte Lesezeit":"1\u00a0Minute"},"schema":{"@context":"https:\/\/schema.org","@graph":[{"@type":"WebPage","@id":"https:\/\/www.aesthetik-team-oldenburg.de\/index.php\/dr-med-thomas-wermter\/","url":"https:\/\/www.aesthetik-team-oldenburg.de\/index.php\/dr-med-thomas-wermter\/","name":"Dr. med. Thomas Wermter - AESTHETIK TEAM OLDENBURG","isPartOf":{"@id":"https:\/\/www.aesthetik-team-oldenburg.de\/#website"},"datePublished":"2019-09-06T10:49:22+00:00","dateModified":"2025-02-21T09:09:53+00:00","description":"Plastische und \u00c4sthetische Chirurgie. Brustchirurgie. Gesichtschirurgie. Faltenbehandlung. K\u00f6rperstraffung. Intimchirurgie.","breadcrumb":{"@id":"https:\/\/www.aesthetik-team-oldenburg.de\/index.php\/dr-med-thomas-wermter\/#breadcrumb"},"inLanguage":"de","potentialAction":[{"@type":"ReadAction","target":["https:\/\/www.aesthetik-team-oldenburg.de\/index.php\/dr-med-thomas-wermter\/"]}]},{"@type":"BreadcrumbList","@id":"https:\/\/www.aesthetik-team-oldenburg.de\/index.php\/dr-med-thomas-wermter\/#breadcrumb","itemListElement":[{"@type":"ListItem","position":1,"name":"Home","item":"https:\/\/www.aesthetik-team-oldenburg.de\/"},{"@type":"ListItem","position":2,"name":"Dr. med. Thomas Wermter"}]},{"@type":"WebSite","@id":"https:\/\/www.aesthetik-team-oldenburg.de\/#website","url":"https:\/\/www.aesthetik-team-oldenburg.de\/","name":"AESTHETIK TEAM OLDENBURG","description":"\u00c4STHETISCHE CHIRURIGE","potentialAction":[{"@type":"SearchAction","target":{"@type":"EntryPoint","urlTemplate":"https:\/\/www.aesthetik-team-oldenburg.de\/?s={search_term_string}"},"query-input":{"@type":"PropertyValueSpecification","valueRequired":true,"valueName":"search_term_string"}}],"inLanguage":"de"}]}},"_links":{"self":[{"href":"https:\/\/www.aesthetik-team-oldenburg.de\/index.php\/wp-json\/wp\/v2\/pages\/88","targetHints":{"allow":["GET"]}}],"collection":[{"href":"https:\/\/www.aesthetik-team-oldenburg.de\/index.php\/wp-json\/wp\/v2\/pages"}],"about":[{"href":"https:\/\/www.aesthetik-team-oldenburg.de\/index.php\/wp-json\/wp\/v2\/types\/page"}],"author":[{"embeddable":true,"href":"https:\/\/www.aesthetik-team-oldenburg.de\/index.php\/wp-json\/wp\/v2\/users\/1"}],"replies":[{"embeddable":true,"href":"https:\/\/www.aesthetik-team-oldenburg.de\/index.php\/wp-json\/wp\/v2\/comments?post=88"}],"version-history":[{"count":6,"href":"https:\/\/www.aesthetik-team-oldenburg.de\/index.php\/wp-json\/wp\/v2\/pages\/88\/revisions"}],"predecessor-version":[{"id":728,"href":"https:\/\/www.aesthetik-team-oldenburg.de\/index.php\/wp-json\/wp\/v2\/pages\/88\/revisions\/728"}],"wp:attachment":[{"href":"https:\/\/www.aesthetik-team-oldenburg.de\/index.php\/wp-json\/wp\/v2\/media?parent=88"}],"curies":[{"name":"wp","href":"https:\/\/api.w.org\/{rel}","templated":true}]}}